{"id":9493,"date":"2019-09-17T16:27:12","date_gmt":"2019-09-17T14:27:12","guid":{"rendered":"https:\/\/www.maiolegal.com\/firm\/reconocimientos-y-premios\/"},"modified":"2021-09-28T23:58:21","modified_gmt":"2021-09-28T21:58:21","slug":"recognitions-and-awards","status":"publish","type":"page","link":"https:\/\/www.maiolegal.com\/en\/firm\/recognitions-and-awards\/","title":{"rendered":"Recognitions and awards"},"content":{"rendered":"<p>[et_pb_section fb_built=&#8221;1&#8243; _builder_version=&#8221;4.4.3&#8243; custom_padding=&#8221;22px||2em||false|false&#8221;][et_pb_row admin_label=&#8221;Breadcrumbs + Titulo&#8221; _builder_version=&#8221;4.4.3&#8243; custom_margin=&#8221;||0px||false|false&#8221; custom_padding=&#8221;0px||0px||false|false&#8221; saved_tabs=&#8221;all&#8221;][et_pb_column type=&#8221;4_4&#8243; _builder_version=&#8221;3.27.4&#8243;][et_pb_dcsbcm_divi_breadcrumbs_module homebreadcrumbtext=&#8221;Home&#8221; separator=&#8221;sep-pipe&#8221; _builder_version=&#8221;4.9.4&#8243; body_font_size=&#8221;0.9em&#8221; body_line_height=&#8221;1em&#8221; custom_margin=&#8221;0px||-15px||false|false&#8221; custom_padding=&#8221;0px||0px||false|false&#8221;][\/et_pb_dcsbcm_divi_breadcrumbs_module][et_pb_post_title meta=&#8221;off&#8221; featured_image=&#8221;off&#8221; _builder_version=&#8221;4.4.3&#8243; title_font=&#8221;|||on|||||&#8221; title_text_color=&#8221;#afa08e&#8221; title_font_size=&#8221;18px&#8221; custom_margin=&#8221;8px||5px||false|false&#8221; custom_padding=&#8221;0px||0px|22px|false|false&#8221; locked=&#8221;off&#8221;][\/et_pb_post_title][\/et_pb_column][\/et_pb_row][et_pb_row _builder_version=&#8221;4.0.11&#8243; custom_padding=&#8221;0px|||||&#8221;][et_pb_column type=&#8221;4_4&#8243; _builder_version=&#8221;4.0.11&#8243;][et_pb_text _builder_version=&#8221;4.6.1&#8243; header_2_font=&#8221;|700|||||||&#8221; header_2_font_size=&#8221;18px&#8221; header_2_line_height=&#8221;1.2em&#8221; background_size=&#8221;initial&#8221; background_position=&#8221;top_left&#8221; background_repeat=&#8221;repeat&#8221; custom_margin=&#8221;||0px||false|false&#8221;]<\/p>\n<h2>MAIO Legal and its professionals have been recognized by the most prestigious international Legal Directories as a leading Spanish law firm.<\/h2>\n<p>[\/et_pb_text][\/et_pb_column][\/et_pb_row][et_pb_row column_structure=&#8221;1_3,1_3,1_3&#8243; _builder_version=&#8221;4.4.3&#8243; custom_margin=&#8221;0px||||false|false&#8221; custom_padding=&#8221;0px||||false|false&#8221;][et_pb_column type=&#8221;1_3&#8243; _builder_version=&#8221;3.27.4&#8243;][et_pb_image src=&#8221;https:\/\/www.maiolegal.com\/wp-content\/uploads\/2021\/05\/chambers-global-2021.jpg&#8221; title_text=&#8221;chambers-global-2021&#8243; align=&#8221;center&#8221; align_tablet=&#8221;&#8221; align_phone=&#8221;&#8221; align_last_edited=&#8221;on|phone&#8221; _builder_version=&#8221;4.9.0&#8243; animation_style=&#8221;fade&#8221;][\/et_pb_image][et_pb_text _builder_version=&#8221;4.9.4&#8243; header_4_font=&#8221;|700|||||||&#8221; header_4_text_align=&#8221;center&#8221; header_4_font_size=&#8221;1.2em&#8221; header_4_line_height=&#8221;0.8em&#8221;]<\/p>\n<p>The Global Guide of <a href=\"https:\/\/chambers.com\/names\/s?query=MAIO%20Legal&amp;currentPage=1\"><em>Chambers&amp;Partners<\/em><\/a> rates the best lawyers and law firms in more than 200 jurisdictions throughout the world.<\/p>\n<p>This rating is the result of an extensive evaluation, including customers and professionals in the field, for the purpose of assessing strengths and advantages.<\/p>\n<p>[\/et_pb_text][\/et_pb_column][et_pb_column type=&#8221;1_3&#8243; _builder_version=&#8221;3.27.4&#8243;][et_pb_image src=&#8221;https:\/\/www.maiolegal.com\/wp-content\/uploads\/2021\/05\/chambers-europe-2021.jpg&#8221; title_text=&#8221;chambers-europe-2021&#8243; align=&#8221;center&#8221; _builder_version=&#8221;4.9.4&#8243; animation_style=&#8221;fade&#8221;][\/et_pb_image][et_pb_text _builder_version=&#8221;4.9.4&#8243; header_4_font=&#8221;|700|||||||&#8221; header_4_text_align=&#8221;center&#8221; header_4_font_size=&#8221;1.2em&#8221; header_4_line_height=&#8221;0.8em&#8221;]<\/p>\n<p>Chambers Europe rates all lawyers and law firms in Europe based on its analysis.<\/p>\n<p>This Guide covers 52 jurisdictions and 40 areas of practice throughout Europe and focuses on the firms that operate in various European countries.<\/p>\n<p>[\/et_pb_text][\/et_pb_column][et_pb_column type=&#8221;1_3&#8243; _builder_version=&#8221;3.27.4&#8243;][et_pb_image src=&#8221;https:\/\/www.maiolegal.com\/wp-content\/uploads\/2021\/05\/best-lawyers-2021.jpg&#8221; title_text=&#8221;best-lawyers-2021&#8243; align=&#8221;center&#8221; _builder_version=&#8221;4.9.0&#8243; custom_padding=&#8221;42px||42px||true|false&#8221; animation_style=&#8221;fade&#8221;][\/et_pb_image][et_pb_text _builder_version=&#8221;4.9.4&#8243; header_4_font=&#8221;|700|||||||&#8221; header_4_text_align=&#8221;center&#8221; header_4_font_size=&#8221;1.2em&#8221; header_4_line_height=&#8221;0.8em&#8221;]<\/p>\n<p><a href=\"https:\/\/www.bestlawyers.com\/firms\/maio-abogados\/56570\/ES\"><em>Best Lawyers<\/em><\/a> is an American directory with more than 35 years of experience that rates the best lawyers in the world based on an evaluation of nearly 94,000 lawyers themselves.<\/p>\n<p>[\/et_pb_text][\/et_pb_column][\/et_pb_row][\/et_pb_section]<\/p>\n","protected":false},"excerpt":{"rendered":"<p>MAIO Legal and its professionals have been recognized by the most prestigious international Legal Directories as a leading Spanish law firm.The Global Guide of Chambers&amp;Partners rates the best lawyers and law firms in more than 200 jurisdictions throughout the world. This rating is the result of an extensive evaluation, including customers and professionals in the [&hellip;]<\/p>\n","protected":false},"author":1,"featured_media":0,"parent":9473,"menu_order":0,"comment_status":"closed","ping_status":"closed","template":"","meta":{"_et_pb_use_builder":"on","_et_pb_old_content":"<!-- wp:paragraph -->\r\n<p>Esta es una p\u00e1gina de ejemplo. Es diferente a una entrada del blog porque permanecer\u00e1 en un solo lugar y aparecer\u00e1 en la navegaci\u00f3n de tu sitio (en la mayor\u00eda de los temas). La mayor\u00eda de las personas comienzan con una p\u00e1gina \u00abAcerca de\u00bb que les presenta a los visitantes potenciales del sitio. Podr\u00edas decir algo as\u00ed:<\/p>\r\n<!-- \/wp:paragraph -->\r\n\r\n<!-- wp:quote -->\r\n<blockquote class=\"wp-block-quote\"><p>\u00a1Bienvenido! Soy camarero de d\u00eda, aspirante a actor de noche y esta es mi web. Vivo en Mairena del Alcor, tengo un perro que se llama Firulais y me gusta el rebujito. (Y las tardes largas con caf\u00e9).<\/p><\/blockquote>\r\n<!-- \/wp:quote -->\r\n\r\n<!-- wp:paragraph -->\r\n<p>\u2026o algo as\u00ed:<\/p>\r\n<!-- \/wp:paragraph -->\r\n\r\n<!-- wp:quote -->\r\n<blockquote class=\"wp-block-quote\"><p>La empresa \u00abMariscos Recio\u00bb fue fundada por Antonio Recio Mata. Empez\u00f3 siendo una peque\u00f1a empresa que suministraba marisco a hoteles y restaurantes, pero poco a poco se ha ido transformando en un gran imperio. Mariscos Recio, el mar al mejor precio.<\/p><\/blockquote>\r\n<!-- \/wp:quote -->\r\n\r\n<!-- wp:paragraph -->\r\n<p>Como nuevo usuario de WordPress, deber\u00edas ir a <a href=\"http:\/\/www.maiolegal.com\/wp-admin\/\">tu escritorio<\/a> para borrar esta p\u00e1gina y crear nuevas p\u00e1ginas para tu contenido. \u00a1P\u00e1salo bien!<\/p>\r\n<!-- \/wp:paragraph -->","_et_gb_content_width":"","footnotes":""},"class_list":["post-9493","page","type-page","status-publish","hentry"],"yoast_head":"<!-- This site is optimized with the Yoast SEO plugin v27.3 - https:\/\/yoast.com\/product\/yoast-seo-wordpress\/ -->\n<title>Recognitions and awards - MAIO Legal<\/title>\n<meta name=\"robots\" content=\"index, follow, max-snippet:-1, max-image-preview:large, max-video-preview:-1\" \/>\n<link rel=\"canonical\" href=\"https:\/\/www.maiolegal.com\/en\/firm\/recognitions-and-awards\/\" \/>\n<meta property=\"og:locale\" content=\"en_US\" \/>\n<meta property=\"og:type\" content=\"article\" \/>\n<meta property=\"og:title\" content=\"Recognitions and awards - MAIO Legal\" \/>\n<meta property=\"og:description\" content=\"MAIO Legal and its professionals have been recognized by the most prestigious international Legal Directories as a leading Spanish law firm.The Global Guide of Chambers&amp;Partners rates the best lawyers and law firms in more than 200 jurisdictions throughout the world. This rating is the result of an extensive evaluation, including customers and professionals in the [&hellip;]\" \/>\n<meta property=\"og:url\" content=\"https:\/\/www.maiolegal.com\/en\/firm\/recognitions-and-awards\/\" \/>\n<meta property=\"og:site_name\" content=\"MAIO Legal\" \/>\n<meta property=\"article:modified_time\" content=\"2021-09-28T21:58:21+00:00\" \/>\n<meta name=\"twitter:card\" content=\"summary_large_image\" \/>\n<meta name=\"twitter:label1\" content=\"Est. reading time\" \/>\n\t<meta name=\"twitter:data1\" content=\"3 minutes\" \/>\n<script type=\"application\/ld+json\" class=\"yoast-schema-graph\">{\"@context\":\"https:\\\/\\\/schema.org\",\"@graph\":[{\"@type\":\"WebPage\",\"@id\":\"https:\\\/\\\/www.maiolegal.com\\\/en\\\/firm\\\/recognitions-and-awards\\\/\",\"url\":\"https:\\\/\\\/www.maiolegal.com\\\/en\\\/firm\\\/recognitions-and-awards\\\/\",\"name\":\"Recognitions and awards - MAIO Legal\",\"isPartOf\":{\"@id\":\"https:\\\/\\\/www.maiolegal.com\\\/en\\\/#website\"},\"datePublished\":\"2019-09-17T14:27:12+00:00\",\"dateModified\":\"2021-09-28T21:58:21+00:00\",\"breadcrumb\":{\"@id\":\"https:\\\/\\\/www.maiolegal.com\\\/en\\\/firm\\\/recognitions-and-awards\\\/#breadcrumb\"},\"inLanguage\":\"en-US\",\"potentialAction\":[{\"@type\":\"ReadAction\",\"target\":[\"https:\\\/\\\/www.maiolegal.com\\\/en\\\/firm\\\/recognitions-and-awards\\\/\"]}]},{\"@type\":\"BreadcrumbList\",\"@id\":\"https:\\\/\\\/www.maiolegal.com\\\/en\\\/firm\\\/recognitions-and-awards\\\/#breadcrumb\",\"itemListElement\":[{\"@type\":\"ListItem\",\"position\":1,\"name\":\"Home\",\"item\":\"https:\\\/\\\/www.maiolegal.com\\\/en\\\/\"},{\"@type\":\"ListItem\",\"position\":2,\"name\":\"Firm\",\"item\":\"https:\\\/\\\/www.maiolegal.com\\\/en\\\/firm\\\/\"},{\"@type\":\"ListItem\",\"position\":3,\"name\":\"Recognitions and awards\"}]},{\"@type\":\"WebSite\",\"@id\":\"https:\\\/\\\/www.maiolegal.com\\\/en\\\/#website\",\"url\":\"https:\\\/\\\/www.maiolegal.com\\\/en\\\/\",\"name\":\"MAIO Legal\",\"description\":\"Asesoramiento legal y tributario\",\"potentialAction\":[{\"@type\":\"SearchAction\",\"target\":{\"@type\":\"EntryPoint\",\"urlTemplate\":\"https:\\\/\\\/www.maiolegal.com\\\/en\\\/?s={search_term_string}\"},\"query-input\":{\"@type\":\"PropertyValueSpecification\",\"valueRequired\":true,\"valueName\":\"search_term_string\"}}],\"inLanguage\":\"en-US\"}]}<\/script>\n<!-- \/ Yoast SEO plugin. -->","yoast_head_json":{"title":"Recognitions and awards - MAIO Legal","robots":{"index":"index","follow":"follow","max-snippet":"max-snippet:-1","max-image-preview":"max-image-preview:large","max-video-preview":"max-video-preview:-1"},"canonical":"https:\/\/www.maiolegal.com\/en\/firm\/recognitions-and-awards\/","og_locale":"en_US","og_type":"article","og_title":"Recognitions and awards - MAIO Legal","og_description":"MAIO Legal and its professionals have been recognized by the most prestigious international Legal Directories as a leading Spanish law firm.The Global Guide of Chambers&amp;Partners rates the best lawyers and law firms in more than 200 jurisdictions throughout the world. This rating is the result of an extensive evaluation, including customers and professionals in the [&hellip;]","og_url":"https:\/\/www.maiolegal.com\/en\/firm\/recognitions-and-awards\/","og_site_name":"MAIO Legal","article_modified_time":"2021-09-28T21:58:21+00:00","twitter_card":"summary_large_image","twitter_misc":{"Est. reading time":"3 minutes"},"schema":{"@context":"https:\/\/schema.org","@graph":[{"@type":"WebPage","@id":"https:\/\/www.maiolegal.com\/en\/firm\/recognitions-and-awards\/","url":"https:\/\/www.maiolegal.com\/en\/firm\/recognitions-and-awards\/","name":"Recognitions and awards - MAIO Legal","isPartOf":{"@id":"https:\/\/www.maiolegal.com\/en\/#website"},"datePublished":"2019-09-17T14:27:12+00:00","dateModified":"2021-09-28T21:58:21+00:00","breadcrumb":{"@id":"https:\/\/www.maiolegal.com\/en\/firm\/recognitions-and-awards\/#breadcrumb"},"inLanguage":"en-US","potentialAction":[{"@type":"ReadAction","target":["https:\/\/www.maiolegal.com\/en\/firm\/recognitions-and-awards\/"]}]},{"@type":"BreadcrumbList","@id":"https:\/\/www.maiolegal.com\/en\/firm\/recognitions-and-awards\/#breadcrumb","itemListElement":[{"@type":"ListItem","position":1,"name":"Home","item":"https:\/\/www.maiolegal.com\/en\/"},{"@type":"ListItem","position":2,"name":"Firm","item":"https:\/\/www.maiolegal.com\/en\/firm\/"},{"@type":"ListItem","position":3,"name":"Recognitions and awards"}]},{"@type":"WebSite","@id":"https:\/\/www.maiolegal.com\/en\/#website","url":"https:\/\/www.maiolegal.com\/en\/","name":"MAIO Legal","description":"Asesoramiento legal y tributario","potentialAction":[{"@type":"SearchAction","target":{"@type":"EntryPoint","urlTemplate":"https:\/\/www.maiolegal.com\/en\/?s={search_term_string}"},"query-input":{"@type":"PropertyValueSpecification","valueRequired":true,"valueName":"search_term_string"}}],"inLanguage":"en-US"}]}},"_links":{"self":[{"href":"https:\/\/www.maiolegal.com\/en\/wp-json\/wp\/v2\/pages\/9493","targetHints":{"allow":["GET"]}}],"collection":[{"href":"https:\/\/www.maiolegal.com\/en\/wp-json\/wp\/v2\/pages"}],"about":[{"href":"https:\/\/www.maiolegal.com\/en\/wp-json\/wp\/v2\/types\/page"}],"author":[{"embeddable":true,"href":"https:\/\/www.maiolegal.com\/en\/wp-json\/wp\/v2\/users\/1"}],"replies":[{"embeddable":true,"href":"https:\/\/www.maiolegal.com\/en\/wp-json\/wp\/v2\/comments?post=9493"}],"version-history":[{"count":5,"href":"https:\/\/www.maiolegal.com\/en\/wp-json\/wp\/v2\/pages\/9493\/revisions"}],"predecessor-version":[{"id":13027,"href":"https:\/\/www.maiolegal.com\/en\/wp-json\/wp\/v2\/pages\/9493\/revisions\/13027"}],"up":[{"embeddable":true,"href":"https:\/\/www.maiolegal.com\/en\/wp-json\/wp\/v2\/pages\/9473"}],"wp:attachment":[{"href":"https:\/\/www.maiolegal.com\/en\/wp-json\/wp\/v2\/media?parent=9493"}],"curies":[{"name":"wp","href":"https:\/\/api.w.org\/{rel}","templated":true}]}}