{"id":9689,"date":"2020-02-26T12:15:14","date_gmt":"2020-02-26T11:15:14","guid":{"rendered":"https:\/\/www.maiolegal.com\/areas\/empresa-familiar\/"},"modified":"2021-05-20T10:35:38","modified_gmt":"2021-05-20T08:35:38","slug":"family-businesses","status":"publish","type":"page","link":"https:\/\/www.maiolegal.com\/en\/practice-areas\/family-businesses\/","title":{"rendered":"Family Businesses"},"content":{"rendered":"<p>[et_pb_section fb_built=&#8221;1&#8243; _builder_version=&#8221;4.4.5&#8243; custom_margin=&#8221;||||false|false&#8221; custom_padding=&#8221;1em||2em||false|false&#8221; locked=&#8221;off&#8221;][et_pb_row admin_label=&#8221;Breadcrumbs + Titulo&#8221; _builder_version=&#8221;4.4.3&#8243; custom_margin=&#8221;||0px||false|false&#8221; custom_padding=&#8221;0px||0px||false|false&#8221; saved_tabs=&#8221;all&#8221;][et_pb_column type=&#8221;4_4&#8243; _builder_version=&#8221;3.27.4&#8243;][et_pb_dcsbcm_divi_breadcrumbs_module homebreadcrumbtext=&#8221;Inicio&#8221; separator=&#8221;sep-pipe&#8221; _builder_version=&#8221;4.4.3&#8243; body_font_size=&#8221;0.9em&#8221; body_line_height=&#8221;1em&#8221; custom_margin=&#8221;0px||-15px||false|false&#8221; custom_padding=&#8221;0px||0px||false|false&#8221;][\/et_pb_dcsbcm_divi_breadcrumbs_module][et_pb_post_title meta=&#8221;off&#8221; featured_image=&#8221;off&#8221; _builder_version=&#8221;4.4.3&#8243; title_font=&#8221;|||on|||||&#8221; title_text_color=&#8221;#afa08e&#8221; title_font_size=&#8221;18px&#8221; custom_margin=&#8221;8px||5px||false|false&#8221; custom_padding=&#8221;0px||0px|22px|false|false&#8221; locked=&#8221;off&#8221;][\/et_pb_post_title][\/et_pb_column][\/et_pb_row][et_pb_row _builder_version=&#8221;4.4.1&#8243; custom_padding=&#8221;4px||3px|||&#8221;][et_pb_column type=&#8221;4_4&#8243; _builder_version=&#8221;3.27.4&#8243;][et_pb_text _builder_version=&#8221;4.8.1&#8243; header_2_font=&#8221;|700|||||||&#8221; header_2_font_size=&#8221;1.1em&#8221; header_2_line_height=&#8221;1.2em&#8221; background_size=&#8221;initial&#8221; background_position=&#8221;top_left&#8221; background_repeat=&#8221;repeat&#8221; custom_margin=&#8221;||0px||false|false&#8221;]<\/p>\n<h2><span>We advise family companies with a multi-disciplinary team that is familiar with the peculiarities of this type of company and that has proven experience and practice in various jurisdictions such as Spain, Mexico, Italy and Panama. <\/span><\/h2>\n<p>[\/et_pb_text][et_pb_text disabled_on=&#8221;on|on|on&#8221; _builder_version=&#8221;4.4.1&#8243; header_3_font_size=&#8221;1em&#8221; header_3_line_height=&#8221;1.4em&#8221; custom_padding=&#8221;||3px|||&#8221; disabled=&#8221;on&#8221;]<\/p>\n<h3><span>Varios de sus integrantes son miembros activos de AEDAF, la Asociacio\u0301n Espan\u0303ola de Asesores Fiscales, y cuentan con un gran nu\u0301mero de publicaciones y conferencias en su trayectoria. <\/span><\/h3>\n<p>[\/et_pb_text][\/et_pb_column][\/et_pb_row][et_pb_row column_structure=&#8221;1_3,2_3&#8243; use_custom_gutter=&#8221;on&#8221; gutter_width=&#8221;1&#8243; _builder_version=&#8221;4.4.3&#8243; custom_padding=&#8221;3px||||false|false&#8221;][et_pb_column type=&#8221;1_3&#8243; _builder_version=&#8221;4.4.3&#8243; background_color=&#8221;#d7cbbb&#8221;][et_pb_text disabled_on=&#8221;on|on|on&#8221; _builder_version=&#8221;4.4.3&#8243; text_font=&#8221;|700|on||||||&#8221; text_text_color=&#8221;#afa08e&#8221; text_font_size=&#8221;1.1em&#8221; text_line_height=&#8221;1.2em&#8221; header_3_font=&#8221;||||||||&#8221; header_6_font=&#8221;||||||||&#8221; header_6_text_color=&#8221;#afa08e&#8221; header_6_font_size=&#8221;1.1em&#8221; header_6_line_height=&#8221;1.2em&#8221; background_color=&#8221;#ffffff&#8221; custom_margin=&#8221;||0px||false|false&#8221; custom_padding=&#8221;20px|15px|37px|15px|false|true&#8221; custom_padding_tablet=&#8221;|0px||0px|false|false&#8221; custom_padding_phone=&#8221;|0px||0px|false|false&#8221; custom_padding_last_edited=&#8221;on|phone&#8221; animation_direction=&#8221;top&#8221; disabled=&#8221;on&#8221;]<\/p>\n<p><span>El equipo que integra el a\u0301rea fiscal tiene una reconocida experiencia en el sector.<\/span><\/p>\n<p>[\/et_pb_text][et_pb_text _builder_version=&#8221;4.4.3&#8243; header_2_font_size=&#8221;19px&#8221; header_2_line_height=&#8221;1.2em&#8221; header_3_text_align=&#8221;center&#8221; header_3_font_size=&#8221;17px&#8221; background_color=&#8221;#d7cbbb&#8221; custom_margin=&#8221;0px||0px||false|false&#8221; custom_padding=&#8221;10px||0px||false|false&#8221;]<\/p>\n<h3><strong>Contacto<\/strong><\/h3>\n<p>[\/et_pb_text][et_pb_blurb title=&#8221;Ram\u00f3n Gonz\u00e1lez-Babe &#8221; url=&#8221;@ET-DC@eyJkeW5hbWljIjp0cnVlLCJjb250ZW50IjoicG9zdF9saW5rX3VybF9wcm9mZXNzaW9uYWwiLCJzZXR0aW5ncyI6eyJwb3N0X2lkIjoiODA3OSJ9fQ==@&#8221; image=&#8221;https:\/\/www.maiolegal.com\/wp-content\/uploads\/2020\/06\/contacto-Ramo\u0301n-Gonza\u0301lez-Babe\u0301.jpg&#8221; icon_placement=&#8221;left&#8221; module_class=&#8221;contactos-areas&#8221; _builder_version=&#8221;4.9.0&#8243; _dynamic_attributes=&#8221;url,link_option_url&#8221; header_font=&#8221;|700|||||||&#8221; header_text_color=&#8221;#000000&#8243; header_font_size=&#8221;15px&#8221; header_line_height=&#8221;1.2em&#8221; body_text_color=&#8221;#000000&#8243; body_font_size=&#8221;13px&#8221; body_line_height=&#8221;1.2em&#8221; background_enable_color=&#8221;off&#8221; background_layout=&#8221;dark&#8221; custom_margin=&#8221;20px||20px||false|false&#8221; custom_padding=&#8221;|10px||10px|false|true&#8221; link_option_url=&#8221;@ET-DC@eyJkeW5hbWljIjp0cnVlLCJjb250ZW50IjoicG9zdF9saW5rX3VybF9wcm9mZXNzaW9uYWwiLCJzZXR0aW5ncyI6eyJwb3N0X2lkIjoiODA3OSJ9fQ==@&#8221; custom_css_blurb_image=&#8221;width:70px;&#8221; custom_css_blurb_title=&#8221;padding-top:5px;&#8221; global_module=&#8221;12047&#8243;]<\/p>\n<p>Partner | VIGO<br \/> <a href=\"mailto:rbabe@maiolegal.com \" style=\"color: #000;\">rbabe@maiolegal.com<\/a><\/p>\n<p>[\/et_pb_blurb][et_pb_blurb title=&#8221;Alfonso Mart\u00ednez N\u00fa\u00f1ez &#8221; url=&#8221;@ET-DC@eyJkeW5hbWljIjp0cnVlLCJjb250ZW50IjoicG9zdF9saW5rX3VybF9wcm9mZXNzaW9uYWwiLCJzZXR0aW5ncyI6eyJwb3N0X2lkIjoiODM2NCJ9fQ==@&#8221; image=&#8221;https:\/\/www.maiolegal.com\/wp-content\/uploads\/2020\/07\/contacto-Alfonso-Marti\u0301nez-Nu\u0301n\u0303ez.jpg&#8221; icon_placement=&#8221;left&#8221; module_class=&#8221;contactos-areas&#8221; _builder_version=&#8221;4.9.0&#8243; _dynamic_attributes=&#8221;url,link_option_url&#8221; header_font=&#8221;|700|||||||&#8221; header_text_color=&#8221;#000000&#8243; header_font_size=&#8221;15px&#8221; header_line_height=&#8221;1.2em&#8221; body_text_color=&#8221;#000000&#8243; body_font_size=&#8221;13px&#8221; body_line_height=&#8221;1.2em&#8221; background_enable_color=&#8221;off&#8221; background_layout=&#8221;dark&#8221; custom_margin=&#8221;20px||20px||false|false&#8221; custom_padding=&#8221;|10px||10px|false|true&#8221; link_option_url=&#8221;@ET-DC@eyJkeW5hbWljIjp0cnVlLCJjb250ZW50IjoicG9zdF9saW5rX3VybF9wcm9mZXNzaW9uYWwiLCJzZXR0aW5ncyI6eyJwb3N0X2lkIjoiODM2NCJ9fQ==@&#8221; custom_css_blurb_image=&#8221;width:70px;&#8221; custom_css_blurb_title=&#8221;padding-top:5px;&#8221; global_module=&#8221;12050&#8243;]<\/p>\n<p>Partner | SEVILLA<br \/> <a href=\"mailto:amartinez@maiolegal.com\" style=\"color: #000;\"> amartinez@maiolegal.com <\/a><\/p>\n<p>[\/et_pb_blurb][et_pb_blurb title=&#8221;Oriol Pr\u00f3sper &#8221; url=&#8221;@ET-DC@eyJkeW5hbWljIjp0cnVlLCJjb250ZW50IjoicG9zdF9saW5rX3VybF9wcm9mZXNzaW9uYWwiLCJzZXR0aW5ncyI6eyJwb3N0X2lkIjoiNjEwMyJ9fQ==@&#8221; image=&#8221;https:\/\/www.maiolegal.com\/wp-content\/uploads\/2021\/02\/Oriol-Prosper-contacto-maio-legal.jpg&#8221; icon_placement=&#8221;left&#8221; module_class=&#8221;contactos-areas&#8221; _builder_version=&#8221;4.9.0&#8243; _dynamic_attributes=&#8221;url,link_option_url&#8221; header_font=&#8221;|700|||||||&#8221; header_text_color=&#8221;#000000&#8243; header_font_size=&#8221;15px&#8221; header_line_height=&#8221;1.2em&#8221; body_text_color=&#8221;#000000&#8243; body_font_size=&#8221;13px&#8221; body_line_height=&#8221;1.2em&#8221; background_enable_color=&#8221;off&#8221; background_layout=&#8221;dark&#8221; custom_margin=&#8221;20px||20px||false|false&#8221; custom_padding=&#8221;|10px||10px|false|true&#8221; link_option_url=&#8221;@ET-DC@eyJkeW5hbWljIjp0cnVlLCJjb250ZW50IjoicG9zdF9saW5rX3VybF9wcm9mZXNzaW9uYWwiLCJzZXR0aW5ncyI6eyJwb3N0X2lkIjoiNjEwMyJ9fQ==@&#8221; custom_css_blurb_image=&#8221;width:70px;&#8221; custom_css_blurb_title=&#8221;padding-top:5px;&#8221; global_module=&#8221;12033&#8243; saved_tabs=&#8221;all&#8221; locked=&#8221;off&#8221;]<\/p>\n<p>Partner | MADRID<br \/> <a href=\"mailto:oprosper@maiolegal.com\" style=\"color: #000;\">oprosper@maiolegal.com<\/a><\/p>\n<p>[\/et_pb_blurb][et_pb_blurb title=&#8221;Javier Ech\u00e1varri&#8221; url=&#8221;@ET-DC@eyJkeW5hbWljIjp0cnVlLCJjb250ZW50IjoicG9zdF9saW5rX3VybF9wcm9mZXNzaW9uYWwiLCJzZXR0aW5ncyI6eyJwb3N0X2lkIjoiMTE3MzYifX0=@&#8221; image=&#8221;https:\/\/www.maiolegal.com\/wp-content\/uploads\/2021\/05\/javier-echavarri-contacto-maio-legal.jpg&#8221; icon_placement=&#8221;left&#8221; disabled_on=&#8221;off|off|off&#8221; module_class=&#8221;contactos-areas&#8221; _builder_version=&#8221;4.9.0&#8243; _dynamic_attributes=&#8221;url,link_option_url&#8221; header_font=&#8221;|700|||||||&#8221; header_text_color=&#8221;#000000&#8243; header_font_size=&#8221;15px&#8221; header_line_height=&#8221;1.2em&#8221; body_text_color=&#8221;#000000&#8243; body_font_size=&#8221;13px&#8221; body_line_height=&#8221;1.2em&#8221; background_enable_color=&#8221;off&#8221; background_layout=&#8221;dark&#8221; custom_margin=&#8221;20px||20px||false|false&#8221; custom_padding=&#8221;|10px||10px|false|true&#8221; link_option_url=&#8221;@ET-DC@eyJkeW5hbWljIjp0cnVlLCJjb250ZW50IjoicG9zdF9saW5rX3VybF9wcm9mZXNzaW9uYWwiLCJzZXR0aW5ncyI6eyJwb3N0X2lkIjoiMTE3MzYifX0=@&#8221; hover_enabled=&#8221;0&#8243; custom_css_blurb_image=&#8221;width:70px;&#8221; custom_css_blurb_title=&#8221;padding-top:5px;&#8221; saved_tabs=&#8221;all&#8221; locked=&#8221;off&#8221; global_module=&#8221;12098&#8243; sticky_enabled=&#8221;0&#8243;]<\/p>\n<p>Partner | ZARAGOZA<br \/> <a href=\"mailto:jechavarri@maiolegal.com\" style=\"color: #000;\">jechavarri@maiolegal.com<\/a><\/p>\n<p>[\/et_pb_blurb][\/et_pb_column][et_pb_column type=&#8221;2_3&#8243; _builder_version=&#8221;3.27.4&#8243;][et_pb_text _builder_version=&#8221;4.8.1&#8243; header_2_font=&#8221;|700|||||||&#8221; header_2_font_size=&#8221;24px&#8221; header_2_line_height=&#8221;1.2em&#8221; header_3_font=&#8221;|700|||||||&#8221; header_3_font_size=&#8221;1em&#8221; header_3_line_height=&#8221;1.2em&#8221; custom_margin=&#8221;||||false|false&#8221; custom_padding=&#8221;|||20px|false|false&#8221; custom_padding_tablet=&#8221;20px|||0px|false|false&#8221; custom_padding_phone=&#8221;20px|0px|3em|0px|false|false&#8221; custom_padding_last_edited=&#8221;on|phone&#8221;]<\/p>\n<h3><span>Practice <\/span><\/h3>\n<p>Our skills in the area of advice to family companies include:<\/p>\n<p><span>\u2012 \u00a0<\/span><span>Development of a Family Protocol. Agreements for companies, marriage regimes, wills, family councils, family meetings, labor regulation in a family company, micro-liquidity regulation, structure of liquidity framework,  trusts, family foundations.<\/span><\/p>\n<p><span>\u2012 <\/span><span>Family law proceedings.<\/span><\/p>\n<p><span>\u2012 <\/span><span>Administration, participation and awarding of inheritance, judicial succession procedures.<\/span><\/p>\n<p><span>\u2012 <\/span><span>Tax planning for the family and company.<\/span><\/p>\n<p><span>\u2012 <\/span><span>Definition of the corporate structure, considering operational, accounting, tax and corporate operations.<\/span><\/p>\n<p><span>\u2012 \u00a0<\/span><span>Mediation, arbitration and legal proceedings for resolving family conflicts.<\/span><br \/>\n<span><\/span><\/p>\n<h3>Recognitions<\/h3>\n<p><span>\u2012 \u00a0<\/span><span>Oriol Pr\u00f3sper has been recognized as a distinguished lawyer by the directory, Best Lawyers.<\/span>[\/et_pb_text][\/et_pb_column][\/et_pb_row][\/et_pb_section]<\/p>\n","protected":false},"excerpt":{"rendered":"<p>We advise family companies with a multi-disciplinary team that is familiar with the peculiarities of this type of company and that has proven experience and practice in various jurisdictions such as Spain, Mexico, Italy and Panama. Varios de sus integrantes son miembros activos de AEDAF, la Asociacio\u0301n Espan\u0303ola de Asesores Fiscales, y cuentan con un [&hellip;]<\/p>\n","protected":false},"author":1,"featured_media":0,"parent":9660,"menu_order":0,"comment_status":"closed","ping_status":"closed","template":"","meta":{"_et_pb_use_builder":"on","_et_pb_old_content":"<!-- wp:paragraph -->\r\n<p>Esta es una p\u00e1gina de ejemplo. Es diferente a una entrada del blog porque permanecer\u00e1 en un solo lugar y aparecer\u00e1 en la navegaci\u00f3n de tu sitio (en la mayor\u00eda de los temas). La mayor\u00eda de las personas comienzan con una p\u00e1gina \u00abAcerca de\u00bb que les presenta a los visitantes potenciales del sitio. Podr\u00edas decir algo as\u00ed:<\/p>\r\n<!-- \/wp:paragraph -->\r\n\r\n<!-- wp:quote -->\r\n<blockquote class=\"wp-block-quote\"><p>\u00a1Bienvenido! Soy camarero de d\u00eda, aspirante a actor de noche y esta es mi web. Vivo en Mairena del Alcor, tengo un perro que se llama Firulais y me gusta el rebujito. (Y las tardes largas con caf\u00e9).<\/p><\/blockquote>\r\n<!-- \/wp:quote -->\r\n\r\n<!-- wp:paragraph -->\r\n<p>\u2026o algo as\u00ed:<\/p>\r\n<!-- \/wp:paragraph -->\r\n\r\n<!-- wp:quote -->\r\n<blockquote class=\"wp-block-quote\"><p>La empresa \u00abMariscos Recio\u00bb fue fundada por Antonio Recio Mata. Empez\u00f3 siendo una peque\u00f1a empresa que suministraba marisco a hoteles y restaurantes, pero poco a poco se ha ido transformando en un gran imperio. Mariscos Recio, el mar al mejor precio.<\/p><\/blockquote>\r\n<!-- \/wp:quote -->\r\n\r\n<!-- wp:paragraph -->\r\n<p>Como nuevo usuario de WordPress, deber\u00edas ir a <a href=\"http:\/\/www.maiolegal.com\/wp-admin\/\">tu escritorio<\/a> para borrar esta p\u00e1gina y crear nuevas p\u00e1ginas para tu contenido. \u00a1P\u00e1salo bien!<\/p>\r\n<!-- \/wp:paragraph -->","_et_gb_content_width":"","footnotes":""},"class_list":["post-9689","page","type-page","status-publish","hentry"],"yoast_head":"<!-- This site is optimized with the Yoast SEO plugin v27.3 - https:\/\/yoast.com\/product\/yoast-seo-wordpress\/ -->\n<title>Family Businesses - MAIO Legal<\/title>\n<meta name=\"robots\" content=\"index, follow, max-snippet:-1, max-image-preview:large, max-video-preview:-1\" \/>\n<link rel=\"canonical\" href=\"https:\/\/www.maiolegal.com\/en\/practice-areas\/family-businesses\/\" \/>\n<meta property=\"og:locale\" content=\"en_US\" \/>\n<meta property=\"og:type\" content=\"article\" \/>\n<meta property=\"og:title\" content=\"Family Businesses - MAIO Legal\" \/>\n<meta property=\"og:description\" content=\"We advise family companies with a multi-disciplinary team that is familiar with the peculiarities of this type of company and that has proven experience and practice in various jurisdictions such as Spain, Mexico, Italy and Panama. Varios de sus integrantes son miembros activos de AEDAF, la Asociacio\u0301n Espan\u0303ola de Asesores Fiscales, y cuentan con un [&hellip;]\" \/>\n<meta property=\"og:url\" content=\"https:\/\/www.maiolegal.com\/en\/practice-areas\/family-businesses\/\" \/>\n<meta property=\"og:site_name\" content=\"MAIO Legal\" \/>\n<meta property=\"article:modified_time\" content=\"2021-05-20T08:35:38+00:00\" \/>\n<meta name=\"twitter:card\" content=\"summary_large_image\" \/>\n<meta name=\"twitter:label1\" content=\"Est. reading time\" \/>\n\t<meta name=\"twitter:data1\" content=\"6 minutes\" \/>\n<script type=\"application\/ld+json\" class=\"yoast-schema-graph\">{\"@context\":\"https:\\\/\\\/schema.org\",\"@graph\":[{\"@type\":\"WebPage\",\"@id\":\"https:\\\/\\\/www.maiolegal.com\\\/en\\\/practice-areas\\\/family-businesses\\\/\",\"url\":\"https:\\\/\\\/www.maiolegal.com\\\/en\\\/practice-areas\\\/family-businesses\\\/\",\"name\":\"Family Businesses - MAIO Legal\",\"isPartOf\":{\"@id\":\"https:\\\/\\\/www.maiolegal.com\\\/en\\\/#website\"},\"datePublished\":\"2020-02-26T11:15:14+00:00\",\"dateModified\":\"2021-05-20T08:35:38+00:00\",\"breadcrumb\":{\"@id\":\"https:\\\/\\\/www.maiolegal.com\\\/en\\\/practice-areas\\\/family-businesses\\\/#breadcrumb\"},\"inLanguage\":\"en-US\",\"potentialAction\":[{\"@type\":\"ReadAction\",\"target\":[\"https:\\\/\\\/www.maiolegal.com\\\/en\\\/practice-areas\\\/family-businesses\\\/\"]}]},{\"@type\":\"BreadcrumbList\",\"@id\":\"https:\\\/\\\/www.maiolegal.com\\\/en\\\/practice-areas\\\/family-businesses\\\/#breadcrumb\",\"itemListElement\":[{\"@type\":\"ListItem\",\"position\":1,\"name\":\"Home\",\"item\":\"https:\\\/\\\/www.maiolegal.com\\\/en\\\/\"},{\"@type\":\"ListItem\",\"position\":2,\"name\":\"Practice Areas\",\"item\":\"https:\\\/\\\/www.maiolegal.com\\\/en\\\/practice-areas\\\/\"},{\"@type\":\"ListItem\",\"position\":3,\"name\":\"Family Businesses\"}]},{\"@type\":\"WebSite\",\"@id\":\"https:\\\/\\\/www.maiolegal.com\\\/en\\\/#website\",\"url\":\"https:\\\/\\\/www.maiolegal.com\\\/en\\\/\",\"name\":\"MAIO Legal\",\"description\":\"Asesoramiento legal y tributario\",\"potentialAction\":[{\"@type\":\"SearchAction\",\"target\":{\"@type\":\"EntryPoint\",\"urlTemplate\":\"https:\\\/\\\/www.maiolegal.com\\\/en\\\/?s={search_term_string}\"},\"query-input\":{\"@type\":\"PropertyValueSpecification\",\"valueRequired\":true,\"valueName\":\"search_term_string\"}}],\"inLanguage\":\"en-US\"}]}<\/script>\n<!-- \/ Yoast SEO plugin. -->","yoast_head_json":{"title":"Family Businesses - MAIO Legal","robots":{"index":"index","follow":"follow","max-snippet":"max-snippet:-1","max-image-preview":"max-image-preview:large","max-video-preview":"max-video-preview:-1"},"canonical":"https:\/\/www.maiolegal.com\/en\/practice-areas\/family-businesses\/","og_locale":"en_US","og_type":"article","og_title":"Family Businesses - MAIO Legal","og_description":"We advise family companies with a multi-disciplinary team that is familiar with the peculiarities of this type of company and that has proven experience and practice in various jurisdictions such as Spain, Mexico, Italy and Panama. Varios de sus integrantes son miembros activos de AEDAF, la Asociacio\u0301n Espan\u0303ola de Asesores Fiscales, y cuentan con un [&hellip;]","og_url":"https:\/\/www.maiolegal.com\/en\/practice-areas\/family-businesses\/","og_site_name":"MAIO Legal","article_modified_time":"2021-05-20T08:35:38+00:00","twitter_card":"summary_large_image","twitter_misc":{"Est. reading time":"6 minutes"},"schema":{"@context":"https:\/\/schema.org","@graph":[{"@type":"WebPage","@id":"https:\/\/www.maiolegal.com\/en\/practice-areas\/family-businesses\/","url":"https:\/\/www.maiolegal.com\/en\/practice-areas\/family-businesses\/","name":"Family Businesses - MAIO Legal","isPartOf":{"@id":"https:\/\/www.maiolegal.com\/en\/#website"},"datePublished":"2020-02-26T11:15:14+00:00","dateModified":"2021-05-20T08:35:38+00:00","breadcrumb":{"@id":"https:\/\/www.maiolegal.com\/en\/practice-areas\/family-businesses\/#breadcrumb"},"inLanguage":"en-US","potentialAction":[{"@type":"ReadAction","target":["https:\/\/www.maiolegal.com\/en\/practice-areas\/family-businesses\/"]}]},{"@type":"BreadcrumbList","@id":"https:\/\/www.maiolegal.com\/en\/practice-areas\/family-businesses\/#breadcrumb","itemListElement":[{"@type":"ListItem","position":1,"name":"Home","item":"https:\/\/www.maiolegal.com\/en\/"},{"@type":"ListItem","position":2,"name":"Practice Areas","item":"https:\/\/www.maiolegal.com\/en\/practice-areas\/"},{"@type":"ListItem","position":3,"name":"Family Businesses"}]},{"@type":"WebSite","@id":"https:\/\/www.maiolegal.com\/en\/#website","url":"https:\/\/www.maiolegal.com\/en\/","name":"MAIO Legal","description":"Asesoramiento legal y tributario","potentialAction":[{"@type":"SearchAction","target":{"@type":"EntryPoint","urlTemplate":"https:\/\/www.maiolegal.com\/en\/?s={search_term_string}"},"query-input":{"@type":"PropertyValueSpecification","valueRequired":true,"valueName":"search_term_string"}}],"inLanguage":"en-US"}]}},"_links":{"self":[{"href":"https:\/\/www.maiolegal.com\/en\/wp-json\/wp\/v2\/pages\/9689","targetHints":{"allow":["GET"]}}],"collection":[{"href":"https:\/\/www.maiolegal.com\/en\/wp-json\/wp\/v2\/pages"}],"about":[{"href":"https:\/\/www.maiolegal.com\/en\/wp-json\/wp\/v2\/types\/page"}],"author":[{"embeddable":true,"href":"https:\/\/www.maiolegal.com\/en\/wp-json\/wp\/v2\/users\/1"}],"replies":[{"embeddable":true,"href":"https:\/\/www.maiolegal.com\/en\/wp-json\/wp\/v2\/comments?post=9689"}],"version-history":[{"count":5,"href":"https:\/\/www.maiolegal.com\/en\/wp-json\/wp\/v2\/pages\/9689\/revisions"}],"predecessor-version":[{"id":12100,"href":"https:\/\/www.maiolegal.com\/en\/wp-json\/wp\/v2\/pages\/9689\/revisions\/12100"}],"up":[{"embeddable":true,"href":"https:\/\/www.maiolegal.com\/en\/wp-json\/wp\/v2\/pages\/9660"}],"wp:attachment":[{"href":"https:\/\/www.maiolegal.com\/en\/wp-json\/wp\/v2\/media?parent=9689"}],"curies":[{"name":"wp","href":"https:\/\/api.w.org\/{rel}","templated":true}]}}