{"id":9693,"date":"2020-02-26T12:15:02","date_gmt":"2020-02-26T11:15:02","guid":{"rendered":"https:\/\/www.maiolegal.com\/areas\/energia-y-minas\/"},"modified":"2021-05-19T13:36:12","modified_gmt":"2021-05-19T11:36:12","slug":"energy-and-mining","status":"publish","type":"page","link":"https:\/\/www.maiolegal.com\/en\/practice-areas\/energy-and-mining\/","title":{"rendered":"Energy and Mining"},"content":{"rendered":"<p>[et_pb_section fb_built=&#8221;1&#8243; _builder_version=&#8221;4.4.5&#8243; custom_margin=&#8221;||||false|false&#8221; custom_padding=&#8221;1em||2em||false|false&#8221; locked=&#8221;off&#8221;][et_pb_row admin_label=&#8221;Breadcrumbs + Titulo&#8221; _builder_version=&#8221;4.4.3&#8243; custom_margin=&#8221;||0px||false|false&#8221; custom_padding=&#8221;0px||0px||false|false&#8221; saved_tabs=&#8221;all&#8221;][et_pb_column type=&#8221;4_4&#8243; _builder_version=&#8221;3.27.4&#8243;][et_pb_dcsbcm_divi_breadcrumbs_module homebreadcrumbtext=&#8221;Inicio&#8221; separator=&#8221;sep-pipe&#8221; _builder_version=&#8221;4.4.3&#8243; body_font_size=&#8221;0.9em&#8221; body_line_height=&#8221;1em&#8221; custom_margin=&#8221;0px||-15px||false|false&#8221; custom_padding=&#8221;0px||0px||false|false&#8221;][\/et_pb_dcsbcm_divi_breadcrumbs_module][et_pb_post_title meta=&#8221;off&#8221; featured_image=&#8221;off&#8221; _builder_version=&#8221;4.4.3&#8243; title_font=&#8221;|||on|||||&#8221; title_text_color=&#8221;#afa08e&#8221; title_font_size=&#8221;18px&#8221; custom_margin=&#8221;8px||5px||false|false&#8221; custom_padding=&#8221;0px||0px|22px|false|false&#8221; locked=&#8221;off&#8221;][\/et_pb_post_title][\/et_pb_column][\/et_pb_row][et_pb_row _builder_version=&#8221;4.4.1&#8243; custom_padding=&#8221;4px||3px|||&#8221;][et_pb_column type=&#8221;4_4&#8243; _builder_version=&#8221;3.27.4&#8243;][et_pb_text _builder_version=&#8221;4.8.1&#8243; header_2_font=&#8221;|700|||||||&#8221; header_2_font_size=&#8221;1.1em&#8221; header_2_line_height=&#8221;1.2em&#8221; background_size=&#8221;initial&#8221; background_position=&#8221;top_left&#8221; background_repeat=&#8221;repeat&#8221; custom_margin=&#8221;||0px||false|false&#8221;]<\/p>\n<h2><span>We provide comprehensive advice focused on the energy sector and are aware of the implications that transform the energy sector throughout its entire value chain.  <\/span><\/h2>\n<p>[\/et_pb_text][et_pb_text _builder_version=&#8221;4.8.1&#8243; header_3_font_size=&#8221;1em&#8221; header_3_line_height=&#8221;1.4em&#8221; custom_padding=&#8221;||3px|||&#8221;]<\/p>\n<h3><span>Our experience includes gas, electricity, renewable energies, in national and international transactions and having worked for the Administration, for the operators of the sector and financial entities. .<\/span><\/h3>\n<p>[\/et_pb_text][\/et_pb_column][\/et_pb_row][et_pb_row column_structure=&#8221;1_3,2_3&#8243; use_custom_gutter=&#8221;on&#8221; gutter_width=&#8221;1&#8243; _builder_version=&#8221;4.4.3&#8243; custom_padding=&#8221;3px||||false|false&#8221;][et_pb_column type=&#8221;1_3&#8243; _builder_version=&#8221;4.4.3&#8243; background_color=&#8221;#d7cbbb&#8221;][et_pb_text _builder_version=&#8221;4.8.1&#8243; text_font=&#8221;|700|on||||||&#8221; text_text_color=&#8221;#afa08e&#8221; text_font_size=&#8221;1.1em&#8221; text_line_height=&#8221;1.2em&#8221; header_3_font=&#8221;||||||||&#8221; header_6_font=&#8221;||||||||&#8221; header_6_text_color=&#8221;#afa08e&#8221; header_6_font_size=&#8221;1.1em&#8221; header_6_line_height=&#8221;1.2em&#8221; background_color=&#8221;#ffffff&#8221; custom_margin=&#8221;||0px||false|false&#8221; custom_padding=&#8221;20px|15px|37px|15px|false|true&#8221; custom_padding_tablet=&#8221;|0px||0px|false|false&#8221; custom_padding_phone=&#8221;|0px||0px|false|false&#8221; custom_padding_last_edited=&#8221;on|phone&#8221; animation_direction=&#8221;top&#8221;]<\/p>\n<p><span>Our knowledge of the energy industry, the market and financing enables us to manage transactions efficiently and effectively.<\/span><\/p>\n<p>[\/et_pb_text][et_pb_text _builder_version=&#8221;4.9.0&#8243; header_2_font_size=&#8221;19px&#8221; header_2_line_height=&#8221;1.2em&#8221; header_3_text_align=&#8221;center&#8221; header_3_font_size=&#8221;17px&#8221; background_color=&#8221;#d7cbbb&#8221; custom_margin=&#8221;0px||0px||false|false&#8221; custom_padding=&#8221;10px||0px||false|false&#8221; hover_enabled=&#8221;0&#8243; sticky_enabled=&#8221;0&#8243;]<\/p>\n<h3><strong>Contact<\/strong><\/h3>\n<p>[\/et_pb_text][et_pb_blurb title=&#8221;Oriol Pr\u00f3sper &#8221; url=&#8221;@ET-DC@eyJkeW5hbWljIjp0cnVlLCJjb250ZW50IjoicG9zdF9saW5rX3VybF9wcm9mZXNzaW9uYWwiLCJzZXR0aW5ncyI6eyJwb3N0X2lkIjoiNjEwMyJ9fQ==@&#8221; image=&#8221;https:\/\/www.maiolegal.com\/wp-content\/uploads\/2021\/02\/Oriol-Prosper-contacto-maio-legal.jpg&#8221; icon_placement=&#8221;left&#8221; module_class=&#8221;contactos-areas&#8221; _builder_version=&#8221;4.9.0&#8243; _dynamic_attributes=&#8221;url,link_option_url&#8221; header_font=&#8221;|700|||||||&#8221; header_text_color=&#8221;#000000&#8243; header_font_size=&#8221;15px&#8221; header_line_height=&#8221;1.2em&#8221; body_text_color=&#8221;#000000&#8243; body_font_size=&#8221;13px&#8221; body_line_height=&#8221;1.2em&#8221; background_enable_color=&#8221;off&#8221; background_layout=&#8221;dark&#8221; custom_margin=&#8221;20px||20px||false|false&#8221; custom_padding=&#8221;|10px||10px|false|true&#8221; link_option_url=&#8221;@ET-DC@eyJkeW5hbWljIjp0cnVlLCJjb250ZW50IjoicG9zdF9saW5rX3VybF9wcm9mZXNzaW9uYWwiLCJzZXR0aW5ncyI6eyJwb3N0X2lkIjoiNjEwMyJ9fQ==@&#8221; hover_enabled=&#8221;0&#8243; custom_css_blurb_image=&#8221;width:70px;&#8221; custom_css_blurb_title=&#8221;padding-top:5px;&#8221; saved_tabs=&#8221;all&#8221; locked=&#8221;off&#8221; global_module=&#8221;12033&#8243; sticky_enabled=&#8221;0&#8243;]<\/p>\n<p>Partner | MADRID<br \/> <a href=\"mailto:oprosper@maiolegal.com\" style=\"color: #000;\">oprosper@maiolegal.com<\/a><\/p>\n<p>[\/et_pb_blurb][et_pb_blurb title=&#8221;Aurelio Rodr\u00edguez &#8221; url=&#8221;@ET-DC@eyJkeW5hbWljIjp0cnVlLCJjb250ZW50IjoicG9zdF9saW5rX3VybF9wcm9mZXNzaW9uYWwiLCJzZXR0aW5ncyI6eyJwb3N0X2lkIjoiOTE4MyJ9fQ==@&#8221; image=&#8221;https:\/\/www.maiolegal.com\/wp-content\/uploads\/2020\/07\/CONTACTO-Aurelio-Rodri\u0301guez-1.jpg&#8221; icon_placement=&#8221;left&#8221; module_class=&#8221;contactos-areas&#8221; _builder_version=&#8221;4.9.0&#8243; _dynamic_attributes=&#8221;url&#8221; header_font=&#8221;|700|||||||&#8221; header_text_color=&#8221;#000000&#8243; header_font_size=&#8221;15px&#8221; header_line_height=&#8221;1.2em&#8221; body_text_color=&#8221;#000000&#8243; body_font_size=&#8221;13px&#8221; body_line_height=&#8221;1.2em&#8221; background_enable_color=&#8221;off&#8221; background_layout=&#8221;dark&#8221; custom_margin=&#8221;20px||20px||false|false&#8221; custom_padding=&#8221;|10px||10px|false|true&#8221; hover_enabled=&#8221;0&#8243; custom_css_blurb_image=&#8221;width:70px;&#8221; custom_css_blurb_title=&#8221;padding-top:5px;&#8221; global_module=&#8221;12026&#8243; saved_tabs=&#8221;all&#8221; locked=&#8221;off&#8221; sticky_enabled=&#8221;0&#8243;]<\/p>\n<p>Partner | CIUDAD DE M\u00c9XICO<br \/> <a href=\"mailto:arg@maiosterling.com\" style=\"color: #000;\"> arg@maiosterling.com <\/a><\/p>\n<p>[\/et_pb_blurb][\/et_pb_column][et_pb_column type=&#8221;2_3&#8243; _builder_version=&#8221;3.27.4&#8243;][et_pb_text _builder_version=&#8221;4.8.1&#8243; header_2_font=&#8221;|700|||||||&#8221; header_2_font_size=&#8221;24px&#8221; header_2_line_height=&#8221;1.2em&#8221; header_3_font=&#8221;|700|||||||&#8221; header_3_font_size=&#8221;1em&#8221; header_3_line_height=&#8221;1.2em&#8221; custom_margin=&#8221;||||false|false&#8221; custom_padding=&#8221;|||20px|false|false&#8221; custom_padding_tablet=&#8221;20px|||0px|false|false&#8221; custom_padding_phone=&#8221;20px|0px|3em|0px|false|false&#8221; custom_padding_last_edited=&#8221;on|phone&#8221;]<\/p>\n<h3><span>Practice <\/span><\/h3>\n<p><span>For purposes of example, our professional experience in the energy sector and mines include: <\/span><\/p>\n<p><span style=\"text-decoration: underline;\">Electricity<\/span><\/p>\n<p><span>\u2012 \u00a0<\/span><span> The regulatory framework.<\/span><\/p>\n<p><span>\u2012 \u00a0<\/span><span>Authorization for the development of activities by producers, transporters, distributors, sellers and agents in the electricity market.<\/span><\/p>\n<p><span>\u2012 \u00a0<\/span><span>Acquisitions of companies in the energy sector, including the legal review process, investment contracts, sale purchase agreements, partnership agreements and the formalization of investment or transfer. <\/span><\/p>\n<p><span>\u2012 \u00a0<\/span><span>Promotion of Projects in energy production (combined cycle plants, wind parks, photovoltaic plants, biomass plants, hydraulics plants) including the acquisition of lands, obtaining authorizations (regulatory, environmental, zoning) rights of network access, connection points, contracts for technical assistance, access conflicts (CATR), supply of equipment, turnkey constructions (FIDIC); operation and maintenance, energy sales contracts, financing contracts and documentation of guarantees.<\/span><\/p>\n<p><span>\u2012 \u00a0<\/span><span>Contracts for the sale of electricity (including bilateral contracts, contracts involving physical delivery and financing, EFET, ISDA) with producers, sellers, qualified consumers, in national and international transactions.<\/span><\/p>\n<p><span style=\"text-decoration: underline;\">Gas<\/span><\/p>\n<p><span>\u2012 \u00a0<\/span><span> The regulatory framework.<\/span><br \/> <br \/>\n<span>\u2012 \u00a0<\/span><span> Authorization for the development of the activities of transporters, distributors and sellers of gas.<\/span><br \/> <br \/>\n<span>\u2012 \u00a0<\/span><span> Acquisitions of companies in the gas sector, including the process of legal review, investment contracts, sale purchase agreements, partnership agreements, formalization of  investment or transfer.<\/span><br \/> <br \/>\n<span>\u2012 \u00a0<\/span><span>Sale contracts for gas, rights of access to the network, access conflicts (CATR); storage.<\/span><\/p>\n<p><span style=\"text-decoration: underline;\">Mines<\/span><\/p>\n<p><span>\u2012 \u00a0<\/span><span> The regulatory framework.<\/span> <\/p>\n<p><span>\u2012 \u00a0<\/span><span>Processing of research licenses, exploration licenses and operating concessions (including the project of operations, restoration plan and statement on environmental impact).<\/span> <\/p>\n<p><span>\u2012 \u00a0<\/span><span> Acquisitions of mining projects, including the identification of the projects, the process of legal review, investment contracts, purchasing contracts, leases (price, agreements on the division of production, royalty agreements) authorization of the transfer by the Administration, formalization of the investment or transfer.<\/span> <\/p>\n<p><span>\u2012 \u00a0<\/span><span>Financing of mining projects, including viability studies, evaluation of resources (NI-43101) subsidies, loans, syndicate loans, sale contracts for future production, capital risk, issuance of debt in international markets, constitution of guarantees (including the recording of concessions, leases, royalties, mortgages in the Property Registry).<\/span> <\/p>\n<p><span>\u2012 \u00a0<\/span><span> Development of mining projects, including authorizations, contracts for the acquisition of lands, drilling contracts, works contracts, EPC contracts, contracts for the sale of production.<\/span> <\/p>\n<p><span>\u2012 \u00a0<\/span><span> Relations with local agents, including the local, provincial and national Administrations.<\/span> <\/p>\n<p><span>\u2012 \u00a0<\/span><span> Judicial Procedures in the event of the expiration of operating concessions, expropriation due to reasons of general interest, claims of state liability of the Administration.<\/span><\/p>\n<p><span><\/span><\/p>\n<h3>Experience<\/h3>\n<p class=\"p1\"><span class=\"s1\">For purposes of example, our professional experience in the energy sector includes advice:<\/span><\/p>\n<p><span>\u2012 \u00a0<\/span><span>To a promoter developing various photovoltaic energy plants for a total of 350 MW in Spain.<\/span> <\/p>\n<p><span>\u2012 \u00a0<\/span><span>To a promoter developing a 50 MW biomass plant in Spain.<\/span> <\/p>\n<p><span>\u2012 \u00a0<\/span><span>To a promoter developing various wind parks for a total of 450 MW in Spain.<\/span> <\/p>\n<p><span>\u2012 \u00a0<\/span><span>To an acquisition fund of a group of companies that operate the concession of gas distribution in a state in northern Mexico.<\/span> <\/p>\n<p><span>\u2012 \u00a0<\/span><span>To an investment fund in the acquisition of a stake in two hydraulic plants in Panama.<\/span> <\/p>\n<p><span>\u2012 \u00a0<\/span><span>To an investment fund in the acquisition of a stake in a wind park in Canada.<\/span> <\/p>\n<p><span>\u2012 \u00a0<\/span><span> To a promoter acquiring various groups of operating concessions in the Pyrite Belt in Spain and Portugal.<\/span> <\/p>\n<p><span>\u2012 \u00a0<\/span><span> To a promoter in the acquisition of four companies engaged in aggregates in northern Spain.<\/span> <\/p>\n<p><span>\u2012 \u00a0<\/span><span> To an investor protecting their rights to royalties arising from a contract for the sale of a group of concessions in Asturias.<\/span><\/p>\n<p><span><\/span><\/p>\n<h3>Recognitions<\/h3>\n<p><span>\u2012 \u00a0<\/span><span> Oriol Pr\u00f3sper has been recognized as a distinguished law in the area of Mining Law by the international directory, Who is Who<\/em>.<\/span><br \/>\n<span>\u2012 \u00a0<\/span><span> Oriol Pr\u00f3sper has been recognized as a distinguished lawyer in 2020 by the directory, Best Lawyers.<\/span><\/p>\n<p>[\/et_pb_text][\/et_pb_column][\/et_pb_row][\/et_pb_section]<\/p>\n","protected":false},"excerpt":{"rendered":"<p>We provide comprehensive advice focused on the energy sector and are aware of the implications that transform the energy sector throughout its entire value chain. Our experience includes gas, electricity, renewable energies, in national and international transactions and having worked for the Administration, for the operators of the sector and financial entities. .Our knowledge of [&hellip;]<\/p>\n","protected":false},"author":1,"featured_media":0,"parent":9660,"menu_order":0,"comment_status":"closed","ping_status":"closed","template":"","meta":{"_et_pb_use_builder":"on","_et_pb_old_content":"<!-- wp:paragraph -->\r\n<p>Esta es una p\u00e1gina de ejemplo. Es diferente a una entrada del blog porque permanecer\u00e1 en un solo lugar y aparecer\u00e1 en la navegaci\u00f3n de tu sitio (en la mayor\u00eda de los temas). La mayor\u00eda de las personas comienzan con una p\u00e1gina \u00abAcerca de\u00bb que les presenta a los visitantes potenciales del sitio. Podr\u00edas decir algo as\u00ed:<\/p>\r\n<!-- \/wp:paragraph -->\r\n\r\n<!-- wp:quote -->\r\n<blockquote class=\"wp-block-quote\"><p>\u00a1Bienvenido! Soy camarero de d\u00eda, aspirante a actor de noche y esta es mi web. Vivo en Mairena del Alcor, tengo un perro que se llama Firulais y me gusta el rebujito. (Y las tardes largas con caf\u00e9).<\/p><\/blockquote>\r\n<!-- \/wp:quote -->\r\n\r\n<!-- wp:paragraph -->\r\n<p>\u2026o algo as\u00ed:<\/p>\r\n<!-- \/wp:paragraph -->\r\n\r\n<!-- wp:quote -->\r\n<blockquote class=\"wp-block-quote\"><p>La empresa \u00abMariscos Recio\u00bb fue fundada por Antonio Recio Mata. Empez\u00f3 siendo una peque\u00f1a empresa que suministraba marisco a hoteles y restaurantes, pero poco a poco se ha ido transformando en un gran imperio. Mariscos Recio, el mar al mejor precio.<\/p><\/blockquote>\r\n<!-- \/wp:quote -->\r\n\r\n<!-- wp:paragraph -->\r\n<p>Como nuevo usuario de WordPress, deber\u00edas ir a <a href=\"http:\/\/www.maiolegal.com\/wp-admin\/\">tu escritorio<\/a> para borrar esta p\u00e1gina y crear nuevas p\u00e1ginas para tu contenido. \u00a1P\u00e1salo bien!<\/p>\r\n<!-- \/wp:paragraph -->","_et_gb_content_width":"","footnotes":""},"class_list":["post-9693","page","type-page","status-publish","hentry"],"yoast_head":"<!-- This site is optimized with the Yoast SEO plugin v27.3 - https:\/\/yoast.com\/product\/yoast-seo-wordpress\/ -->\n<title>Energy and Mining - MAIO Legal<\/title>\n<meta name=\"robots\" content=\"index, follow, max-snippet:-1, max-image-preview:large, max-video-preview:-1\" \/>\n<link rel=\"canonical\" href=\"https:\/\/www.maiolegal.com\/en\/practice-areas\/energy-and-mining\/\" \/>\n<meta property=\"og:locale\" content=\"en_US\" \/>\n<meta property=\"og:type\" content=\"article\" \/>\n<meta property=\"og:title\" content=\"Energy and Mining - MAIO Legal\" \/>\n<meta property=\"og:description\" content=\"We provide comprehensive advice focused on the energy sector and are aware of the implications that transform the energy sector throughout its entire value chain. Our experience includes gas, electricity, renewable energies, in national and international transactions and having worked for the Administration, for the operators of the sector and financial entities. .Our knowledge of [&hellip;]\" \/>\n<meta property=\"og:url\" content=\"https:\/\/www.maiolegal.com\/en\/practice-areas\/energy-and-mining\/\" \/>\n<meta property=\"og:site_name\" content=\"MAIO Legal\" \/>\n<meta property=\"article:modified_time\" content=\"2021-05-19T11:36:12+00:00\" \/>\n<meta name=\"twitter:card\" content=\"summary_large_image\" \/>\n<meta name=\"twitter:label1\" content=\"Est. reading time\" \/>\n\t<meta name=\"twitter:data1\" content=\"7 minutes\" \/>\n<script type=\"application\/ld+json\" class=\"yoast-schema-graph\">{\"@context\":\"https:\\\/\\\/schema.org\",\"@graph\":[{\"@type\":\"WebPage\",\"@id\":\"https:\\\/\\\/www.maiolegal.com\\\/en\\\/practice-areas\\\/energy-and-mining\\\/\",\"url\":\"https:\\\/\\\/www.maiolegal.com\\\/en\\\/practice-areas\\\/energy-and-mining\\\/\",\"name\":\"Energy and Mining - MAIO Legal\",\"isPartOf\":{\"@id\":\"https:\\\/\\\/www.maiolegal.com\\\/en\\\/#website\"},\"datePublished\":\"2020-02-26T11:15:02+00:00\",\"dateModified\":\"2021-05-19T11:36:12+00:00\",\"breadcrumb\":{\"@id\":\"https:\\\/\\\/www.maiolegal.com\\\/en\\\/practice-areas\\\/energy-and-mining\\\/#breadcrumb\"},\"inLanguage\":\"en-US\",\"potentialAction\":[{\"@type\":\"ReadAction\",\"target\":[\"https:\\\/\\\/www.maiolegal.com\\\/en\\\/practice-areas\\\/energy-and-mining\\\/\"]}]},{\"@type\":\"BreadcrumbList\",\"@id\":\"https:\\\/\\\/www.maiolegal.com\\\/en\\\/practice-areas\\\/energy-and-mining\\\/#breadcrumb\",\"itemListElement\":[{\"@type\":\"ListItem\",\"position\":1,\"name\":\"Home\",\"item\":\"https:\\\/\\\/www.maiolegal.com\\\/en\\\/\"},{\"@type\":\"ListItem\",\"position\":2,\"name\":\"Practice Areas\",\"item\":\"https:\\\/\\\/www.maiolegal.com\\\/en\\\/practice-areas\\\/\"},{\"@type\":\"ListItem\",\"position\":3,\"name\":\"Energy and Mining\"}]},{\"@type\":\"WebSite\",\"@id\":\"https:\\\/\\\/www.maiolegal.com\\\/en\\\/#website\",\"url\":\"https:\\\/\\\/www.maiolegal.com\\\/en\\\/\",\"name\":\"MAIO Legal\",\"description\":\"Asesoramiento legal y tributario\",\"potentialAction\":[{\"@type\":\"SearchAction\",\"target\":{\"@type\":\"EntryPoint\",\"urlTemplate\":\"https:\\\/\\\/www.maiolegal.com\\\/en\\\/?s={search_term_string}\"},\"query-input\":{\"@type\":\"PropertyValueSpecification\",\"valueRequired\":true,\"valueName\":\"search_term_string\"}}],\"inLanguage\":\"en-US\"}]}<\/script>\n<!-- \/ Yoast SEO plugin. -->","yoast_head_json":{"title":"Energy and Mining - MAIO Legal","robots":{"index":"index","follow":"follow","max-snippet":"max-snippet:-1","max-image-preview":"max-image-preview:large","max-video-preview":"max-video-preview:-1"},"canonical":"https:\/\/www.maiolegal.com\/en\/practice-areas\/energy-and-mining\/","og_locale":"en_US","og_type":"article","og_title":"Energy and Mining - MAIO Legal","og_description":"We provide comprehensive advice focused on the energy sector and are aware of the implications that transform the energy sector throughout its entire value chain. Our experience includes gas, electricity, renewable energies, in national and international transactions and having worked for the Administration, for the operators of the sector and financial entities. .Our knowledge of [&hellip;]","og_url":"https:\/\/www.maiolegal.com\/en\/practice-areas\/energy-and-mining\/","og_site_name":"MAIO Legal","article_modified_time":"2021-05-19T11:36:12+00:00","twitter_card":"summary_large_image","twitter_misc":{"Est. reading time":"7 minutes"},"schema":{"@context":"https:\/\/schema.org","@graph":[{"@type":"WebPage","@id":"https:\/\/www.maiolegal.com\/en\/practice-areas\/energy-and-mining\/","url":"https:\/\/www.maiolegal.com\/en\/practice-areas\/energy-and-mining\/","name":"Energy and Mining - MAIO Legal","isPartOf":{"@id":"https:\/\/www.maiolegal.com\/en\/#website"},"datePublished":"2020-02-26T11:15:02+00:00","dateModified":"2021-05-19T11:36:12+00:00","breadcrumb":{"@id":"https:\/\/www.maiolegal.com\/en\/practice-areas\/energy-and-mining\/#breadcrumb"},"inLanguage":"en-US","potentialAction":[{"@type":"ReadAction","target":["https:\/\/www.maiolegal.com\/en\/practice-areas\/energy-and-mining\/"]}]},{"@type":"BreadcrumbList","@id":"https:\/\/www.maiolegal.com\/en\/practice-areas\/energy-and-mining\/#breadcrumb","itemListElement":[{"@type":"ListItem","position":1,"name":"Home","item":"https:\/\/www.maiolegal.com\/en\/"},{"@type":"ListItem","position":2,"name":"Practice Areas","item":"https:\/\/www.maiolegal.com\/en\/practice-areas\/"},{"@type":"ListItem","position":3,"name":"Energy and Mining"}]},{"@type":"WebSite","@id":"https:\/\/www.maiolegal.com\/en\/#website","url":"https:\/\/www.maiolegal.com\/en\/","name":"MAIO Legal","description":"Asesoramiento legal y tributario","potentialAction":[{"@type":"SearchAction","target":{"@type":"EntryPoint","urlTemplate":"https:\/\/www.maiolegal.com\/en\/?s={search_term_string}"},"query-input":{"@type":"PropertyValueSpecification","valueRequired":true,"valueName":"search_term_string"}}],"inLanguage":"en-US"}]}},"_links":{"self":[{"href":"https:\/\/www.maiolegal.com\/en\/wp-json\/wp\/v2\/pages\/9693","targetHints":{"allow":["GET"]}}],"collection":[{"href":"https:\/\/www.maiolegal.com\/en\/wp-json\/wp\/v2\/pages"}],"about":[{"href":"https:\/\/www.maiolegal.com\/en\/wp-json\/wp\/v2\/types\/page"}],"author":[{"embeddable":true,"href":"https:\/\/www.maiolegal.com\/en\/wp-json\/wp\/v2\/users\/1"}],"replies":[{"embeddable":true,"href":"https:\/\/www.maiolegal.com\/en\/wp-json\/wp\/v2\/comments?post=9693"}],"version-history":[{"count":5,"href":"https:\/\/www.maiolegal.com\/en\/wp-json\/wp\/v2\/pages\/9693\/revisions"}],"predecessor-version":[{"id":12035,"href":"https:\/\/www.maiolegal.com\/en\/wp-json\/wp\/v2\/pages\/9693\/revisions\/12035"}],"up":[{"embeddable":true,"href":"https:\/\/www.maiolegal.com\/en\/wp-json\/wp\/v2\/pages\/9660"}],"wp:attachment":[{"href":"https:\/\/www.maiolegal.com\/en\/wp-json\/wp\/v2\/media?parent=9693"}],"curies":[{"name":"wp","href":"https:\/\/api.w.org\/{rel}","templated":true}]}}