{"id":9708,"date":"2020-02-26T12:11:26","date_gmt":"2020-02-26T11:11:26","guid":{"rendered":"https:\/\/www.maiolegal.com\/areas\/laboral\/"},"modified":"2022-09-16T14:44:35","modified_gmt":"2022-09-16T12:44:35","slug":"employment","status":"publish","type":"page","link":"https:\/\/www.maiolegal.com\/en\/practice-areas\/employment\/","title":{"rendered":"Employment"},"content":{"rendered":"<p>[et_pb_section fb_built=&#8221;1&#8243; _builder_version=&#8221;4.4.5&#8243; custom_margin=&#8221;||||false|false&#8221; custom_padding=&#8221;1em||2em||false|false&#8221; locked=&#8221;off&#8221;][et_pb_row admin_label=&#8221;Breadcrumbs + Titulo&#8221; _builder_version=&#8221;4.4.3&#8243; custom_margin=&#8221;||0px||false|false&#8221; custom_padding=&#8221;0px||0px||false|false&#8221; saved_tabs=&#8221;all&#8221;][et_pb_column type=&#8221;4_4&#8243; _builder_version=&#8221;3.27.4&#8243;][et_pb_dcsbcm_divi_breadcrumbs_module homebreadcrumbtext=&#8221;Inicio&#8221; separator=&#8221;sep-pipe&#8221; _builder_version=&#8221;4.4.3&#8243; body_font_size=&#8221;0.9em&#8221; body_line_height=&#8221;1em&#8221; custom_margin=&#8221;0px||-15px||false|false&#8221; custom_padding=&#8221;0px||0px||false|false&#8221;][\/et_pb_dcsbcm_divi_breadcrumbs_module][et_pb_post_title meta=&#8221;off&#8221; featured_image=&#8221;off&#8221; _builder_version=&#8221;4.4.3&#8243; title_font=&#8221;|||on|||||&#8221; title_text_color=&#8221;#afa08e&#8221; title_font_size=&#8221;18px&#8221; custom_margin=&#8221;8px||5px||false|false&#8221; custom_padding=&#8221;0px||0px|22px|false|false&#8221; locked=&#8221;off&#8221;][\/et_pb_post_title][\/et_pb_column][\/et_pb_row][et_pb_row _builder_version=&#8221;4.4.1&#8243; custom_padding=&#8221;4px||3px|||&#8221;][et_pb_column type=&#8221;4_4&#8243; _builder_version=&#8221;3.27.4&#8243;][et_pb_text _builder_version=&#8221;4.8.1&#8243; header_2_font=&#8221;|700|||||||&#8221; header_2_font_size=&#8221;1.1em&#8221; header_2_line_height=&#8221;1.2em&#8221; background_size=&#8221;initial&#8221; background_position=&#8221;top_left&#8221; background_repeat=&#8221;repeat&#8221; custom_margin=&#8221;||0px||false|false&#8221;]<\/p>\n<h2><span>As specialists in Employment Law and Social Security, we provide personalized and specialized advice to our clients for finding the best solution in the area of personnel management in organizations. <\/span><\/h2>\n<p>[\/et_pb_text][et_pb_text _builder_version=&#8221;4.8.1&#8243; header_3_font_size=&#8221;1em&#8221; header_3_line_height=&#8221;1.4em&#8221; custom_padding=&#8221;||3px|||&#8221;]<\/p>\n<h3><span>We have experience in all types of matters related to this area of practice. We regularly participate in the processes of negotiation, drafting and termination of employment contracts as well as in collective negotiations and processes of business restructuring. We advise on remuneration systems, pensions and employment benefits and we intervene in judicial procedures in the labor courts.  <\/span><\/h3>\n<p>[\/et_pb_text][\/et_pb_column][\/et_pb_row][et_pb_row column_structure=&#8221;1_3,2_3&#8243; use_custom_gutter=&#8221;on&#8221; gutter_width=&#8221;1&#8243; _builder_version=&#8221;4.4.3&#8243; custom_padding=&#8221;3px||||false|false&#8221;][et_pb_column type=&#8221;1_3&#8243; _builder_version=&#8221;4.4.3&#8243; background_color=&#8221;#d7cbbb&#8221;][et_pb_text _builder_version=&#8221;4.8.1&#8243; text_font=&#8221;|700|on||||||&#8221; text_text_color=&#8221;#afa08e&#8221; text_font_size=&#8221;1.1em&#8221; text_line_height=&#8221;1.2em&#8221; header_3_font=&#8221;||||||||&#8221; header_6_font=&#8221;||||||||&#8221; header_6_text_color=&#8221;#afa08e&#8221; header_6_font_size=&#8221;1.1em&#8221; header_6_line_height=&#8221;1.2em&#8221; background_color=&#8221;#ffffff&#8221; custom_margin=&#8221;||0px||false|false&#8221; custom_padding=&#8221;20px|15px|37px|15px|false|true&#8221; custom_padding_tablet=&#8221;|0px||0px|false|false&#8221; custom_padding_phone=&#8221;|0px||0px|false|false&#8221; custom_padding_last_edited=&#8221;on|phone&#8221; animation_direction=&#8221;top&#8221;]<\/p>\n<p><span>We care about learning about the activity, culture, form of work and expectations of our clients in order to reach practical solutions that adapt to their present and future needs.<\/span><\/p>\n<p>[\/et_pb_text][et_pb_text _builder_version=&#8221;4.4.3&#8243; header_2_font_size=&#8221;19px&#8221; header_2_line_height=&#8221;1.2em&#8221; header_3_text_align=&#8221;center&#8221; header_3_font_size=&#8221;17px&#8221; background_color=&#8221;#d7cbbb&#8221; custom_margin=&#8221;0px||0px||false|false&#8221; custom_padding=&#8221;10px||0px||false|false&#8221;]<\/p>\n<h3><strong>Contacto<\/strong><\/h3>\n<p>[\/et_pb_text][et_pb_blurb title=&#8221;Alfonso Mart\u00ednez Escribano &#8221; url=&#8221;@ET-DC@eyJkeW5hbWljIjp0cnVlLCJjb250ZW50IjoicG9zdF9saW5rX3VybF9wcm9mZXNzaW9uYWwiLCJzZXR0aW5ncyI6eyJwb3N0X2lkIjoiODQ5NyJ9fQ==@&#8221; image=&#8221;https:\/\/www.maiolegal.com\/wp-content\/uploads\/2020\/07\/alfonso-martinez-escribano.jpg&#8221; icon_placement=&#8221;left&#8221; module_class=&#8221;contactos-areas&#8221; _builder_version=&#8221;4.9.0&#8243; _dynamic_attributes=&#8221;url,link_option_url&#8221; header_font=&#8221;|700|||||||&#8221; header_text_color=&#8221;#000000&#8243; header_font_size=&#8221;15px&#8221; header_line_height=&#8221;1.2em&#8221; body_text_color=&#8221;#000000&#8243; body_font_size=&#8221;13px&#8221; body_line_height=&#8221;1.2em&#8221; background_enable_color=&#8221;off&#8221; background_layout=&#8221;dark&#8221; custom_margin=&#8221;20px||20px||false|false&#8221; custom_padding=&#8221;|10px||10px|false|true&#8221; link_option_url=&#8221;@ET-DC@eyJkeW5hbWljIjp0cnVlLCJjb250ZW50IjoicG9zdF9saW5rX3VybF9wcm9mZXNzaW9uYWwiLCJzZXR0aW5ncyI6eyJwb3N0X2lkIjoiODQ5NyJ9fQ==@&#8221; custom_css_blurb_image=&#8221;width:70px;&#8221; custom_css_blurb_title=&#8221;padding-top:5px;&#8221; global_module=&#8221;12085&#8243; saved_tabs=&#8221;all&#8221; locked=&#8221;off&#8221;]<\/p>\n<p>Partner | SEVILLA<br \/> <a href=\"mailto:amartinezescribano@maiolegal.com\" style=\"color: #000;\"> amartinezescribano@maiolegal.com <\/a><\/p>\n<p>[\/et_pb_blurb][et_pb_blurb title=&#8221;Luis Ter\u00e1n &#8221; image=&#8221;https:\/\/www.maiolegal.com\/wp-content\/uploads\/2020\/07\/LUIS-ARMANDO-TERAN-209&#215;188-1.jpg&#8221; icon_placement=&#8221;left&#8221; module_class=&#8221;contactos-areas&#8221; _builder_version=&#8221;4.9.0&#8243; header_font=&#8221;|700|||||||&#8221; header_text_color=&#8221;#000000&#8243; header_font_size=&#8221;15px&#8221; header_line_height=&#8221;1.2em&#8221; body_text_color=&#8221;#000000&#8243; body_font_size=&#8221;13px&#8221; body_line_height=&#8221;1.2em&#8221; background_enable_color=&#8221;off&#8221; background_layout=&#8221;dark&#8221; custom_margin=&#8221;20px||20px||false|false&#8221; custom_padding=&#8221;|10px||10px|false|true&#8221; custom_css_blurb_image=&#8221;width:70px;&#8221; custom_css_blurb_title=&#8221;padding-top:5px;&#8221; global_module=&#8221;12086&#8243; saved_tabs=&#8221;all&#8221; locked=&#8221;off&#8221;]<\/p>\n<p>Partner | CIUDAD DE M\u00c9XICO<br \/>  <a href=\"mailto:iteran@maiosterling.com\" style=\"color: #000;\"> iteran@maiosterling.com <\/a><\/span><\/p>\n<p>[\/et_pb_blurb][et_pb_blurb title=&#8221;\u00c1ngela Toro&#8221; image=&#8221;https:\/\/www.maiolegal.com\/\/wp-content\/uploads\/2020\/02\/maio-legal-madrid-ANGELA-TORO-1.jpg&#8221; icon_placement=&#8221;left&#8221; module_class=&#8221;contactos-areas&#8221; _builder_version=&#8221;4.9.0&#8243; header_font=&#8221;|700|||||||&#8221; header_text_color=&#8221;#000000&#8243; header_font_size=&#8221;15px&#8221; header_line_height=&#8221;1.2em&#8221; body_text_color=&#8221;#000000&#8243; body_font_size=&#8221;13px&#8221; body_line_height=&#8221;1.2em&#8221; background_enable_color=&#8221;off&#8221; background_layout=&#8221;dark&#8221; custom_margin=&#8221;20px||20px||false|false&#8221; custom_padding=&#8221;|10px||10px|false|true&#8221; custom_css_blurb_image=&#8221;width:70px;&#8221; custom_css_blurb_title=&#8221;padding-top:5px;&#8221; global_module=&#8221;12088&#8243; saved_tabs=&#8221;all&#8221; locked=&#8221;off&#8221;]<\/p>\n<p>Partner | MADRID<br \/>  <a href=\"mailto:atoro@maiolegal.com\" style=\"color: #000;\">atoro@maiolegal.com<\/a><\/span><\/p>\n<p>[\/et_pb_blurb][et_pb_blurb title=&#8221;Alejandro Gil&#8221; image=&#8221;https:\/\/www.maiolegal.com\/wp-content\/uploads\/2020\/12\/alejandro-gil-byn.jpg&#8221; icon_placement=&#8221;left&#8221; module_class=&#8221;contactos-areas&#8221; _builder_version=&#8221;4.9.4&#8243; header_font=&#8221;|700|||||||&#8221; header_text_color=&#8221;#000000&#8243; header_font_size=&#8221;15px&#8221; header_line_height=&#8221;1.2em&#8221; body_text_color=&#8221;#000000&#8243; body_font_size=&#8221;13px&#8221; body_line_height=&#8221;1.2em&#8221; background_enable_color=&#8221;off&#8221; background_layout=&#8221;dark&#8221; custom_margin=&#8221;20px||20px||false|false&#8221; custom_padding=&#8221;|10px||10px|false|true&#8221; hover_enabled=&#8221;0&#8243; custom_css_blurb_image=&#8221;width:70px;&#8221; custom_css_blurb_title=&#8221;padding-top:5px;&#8221; global_module=&#8221;12091&#8243; saved_tabs=&#8221;all&#8221; locked=&#8221;off&#8221; link_option_url=&#8221;https:\/\/www.maiolegal.com\/en\/team\/professional\/alejandro-gil-murillo\/&#8221; sticky_enabled=&#8221;0&#8243;]<\/p>\n<p>Partner | VIGO<br \/><a href=\"mailto:alejandro.gil@maiolegal.com\" style=\"color: #000;\">alejandro.gil@maiolegal.com<\/a><\/p>\n<p>[\/et_pb_blurb][et_pb_blurb title=&#8221;Elena Mart\u00edn Ballest\u00edn &#8221; url=&#8221;@ET-DC@eyJkeW5hbWljIjp0cnVlLCJjb250ZW50IjoicG9zdF9saW5rX3VybF9wcm9mZXNzaW9uYWwiLCJzZXR0aW5ncyI6eyJwb3N0X2lkIjoiMTI2OTkifX0=@&#8221; image=&#8221;https:\/\/www.maiolegal.com\/wp-content\/uploads\/maio-legal-zaragoza-elena-martin-ballestin.jpg&#8221; icon_placement=&#8221;left&#8221; module_class=&#8221;contactos-areas&#8221; _builder_version=&#8221;4.9.4&#8243; _dynamic_attributes=&#8221;url,link_option_url&#8221; header_font=&#8221;|700|||||||&#8221; header_text_color=&#8221;#000000&#8243; header_font_size=&#8221;15px&#8221; header_line_height=&#8221;1.2em&#8221; body_text_color=&#8221;#000000&#8243; body_font_size=&#8221;13px&#8221; body_line_height=&#8221;1.2em&#8221; background_enable_color=&#8221;off&#8221; background_layout=&#8221;dark&#8221; custom_margin=&#8221;20px||20px||false|false&#8221; custom_padding=&#8221;|10px||10px|false|true&#8221; filter_saturate=&#8221;0%&#8221; filter_brightness=&#8221;127%&#8221; link_option_url=&#8221;@ET-DC@eyJkeW5hbWljIjp0cnVlLCJjb250ZW50IjoicG9zdF9saW5rX3VybF9wcm9mZXNzaW9uYWwiLCJzZXR0aW5ncyI6eyJwb3N0X2lkIjoiMTI2OTkifX0=@&#8221; custom_css_blurb_image=&#8221;width:70px;&#8221; custom_css_blurb_title=&#8221;padding-top:5px;&#8221; saved_tabs=&#8221;all&#8221; locked=&#8221;off&#8221;]<\/p>\n<p>Senior | ZARAGOZA<br \/><a href=\"mailto:emartin@maiolegal.com\" style=\"color: #000;\">emartin@maiolegal.com<\/a><\/p>\n<p>[\/et_pb_blurb][et_pb_blurb title=&#8221;Paulo de Sousa Pinto&#8221; url=&#8221;@ET-DC@eyJkeW5hbWljIjp0cnVlLCJjb250ZW50IjoicG9zdF9saW5rX3VybF9wcm9mZXNzaW9uYWwiLCJzZXR0aW5ncyI6eyJwb3N0X2lkIjoiMTUxMTIifX0=@&#8221; image=&#8221;https:\/\/www.maiolegal.com\/wp-content\/uploads\/2022\/02\/paulo-de-sousa-pinto-maio-legal-portugal-lisboa.jpg&#8221; icon_placement=&#8221;left&#8221; module_class=&#8221;contactos-areas&#8221; _builder_version=&#8221;4.9.4&#8243; _dynamic_attributes=&#8221;url,link_option_url&#8221; header_font=&#8221;|700|||||||&#8221; header_text_color=&#8221;#000000&#8243; header_font_size=&#8221;15px&#8221; header_line_height=&#8221;1.2em&#8221; body_text_color=&#8221;#000000&#8243; body_font_size=&#8221;13px&#8221; body_line_height=&#8221;1.2em&#8221; background_enable_color=&#8221;off&#8221; background_layout=&#8221;dark&#8221; custom_margin=&#8221;20px||20px||false|false&#8221; custom_padding=&#8221;|10px||10px|false|true&#8221; filter_saturate=&#8221;0%&#8221; filter_brightness=&#8221;127%&#8221; link_option_url=&#8221;@ET-DC@eyJkeW5hbWljIjp0cnVlLCJjb250ZW50IjoicG9zdF9saW5rX3VybF9wcm9mZXNzaW9uYWwiLCJzZXR0aW5ncyI6eyJwb3N0X2lkIjoiMTUxMTIifX0=@&#8221; custom_css_blurb_image=&#8221;width:70px;&#8221; custom_css_blurb_title=&#8221;padding-top:5px;&#8221; saved_tabs=&#8221;all&#8221;]<\/p>\n<p>Partner | LISBON<br \/><a href=\"mailto:psousapinto@maio-smca.pt\" style=\"color: #000;\">psousapinto@maio-smca.pt<\/a><\/p>\n<p>[\/et_pb_blurb][et_pb_blurb title=&#8221;Ant\u00f3nio Tavares de Oliveira &#8221; url=&#8221;@ET-DC@eyJkeW5hbWljIjp0cnVlLCJjb250ZW50IjoicG9zdF9saW5rX3VybF9wcm9mZXNzaW9uYWwiLCJzZXR0aW5ncyI6eyJwb3N0X2lkIjoiMTUwOTYifX0=@&#8221; image=&#8221;https:\/\/www.maiolegal.com\/wp-content\/uploads\/2022\/02\/antonio-tavares-de-oliveira-maio-legal-porto-portugal-1.jpg&#8221; icon_placement=&#8221;left&#8221; module_class=&#8221;contactos-areas&#8221; _builder_version=&#8221;4.9.4&#8243; _dynamic_attributes=&#8221;url,link_option_url&#8221; header_font=&#8221;|700|||||||&#8221; header_text_color=&#8221;#000000&#8243; header_font_size=&#8221;15px&#8221; header_line_height=&#8221;1.2em&#8221; body_text_color=&#8221;#000000&#8243; body_font_size=&#8221;13px&#8221; body_line_height=&#8221;1.2em&#8221; background_enable_color=&#8221;off&#8221; background_layout=&#8221;dark&#8221; custom_margin=&#8221;20px||20px||false|false&#8221; custom_padding=&#8221;|10px||10px|false|true&#8221; filter_saturate=&#8221;0%&#8221; filter_brightness=&#8221;127%&#8221; link_option_url=&#8221;@ET-DC@eyJkeW5hbWljIjp0cnVlLCJjb250ZW50IjoicG9zdF9saW5rX3VybF9wcm9mZXNzaW9uYWwiLCJzZXR0aW5ncyI6eyJwb3N0X2lkIjoiMTUwOTYifX0=@&#8221; custom_css_blurb_image=&#8221;width:70px;&#8221; custom_css_blurb_title=&#8221;padding-top:5px;&#8221; saved_tabs=&#8221;all&#8221; locked=&#8221;off&#8221;]<\/p>\n<p>Socio | Oporto<br \/><a href=\"mailto: atavaresoliveira@maio-smca.pt\" style=\"color: #000;\">atavaresoliveira@maio-smca.pt<\/a><\/p>\n<p>[\/et_pb_blurb][\/et_pb_column][et_pb_column type=&#8221;2_3&#8243; _builder_version=&#8221;3.27.4&#8243;][et_pb_text _builder_version=&#8221;4.9.4&#8243; header_2_font=&#8221;|700|||||||&#8221; header_2_font_size=&#8221;24px&#8221; header_2_line_height=&#8221;1.2em&#8221; header_3_font=&#8221;|700|||||||&#8221; header_3_font_size=&#8221;1em&#8221; header_3_line_height=&#8221;1.2em&#8221; custom_margin=&#8221;||||false|false&#8221; custom_padding=&#8221;|||20px|false|false&#8221; custom_padding_tablet=&#8221;20px|||0px|false|false&#8221; custom_padding_phone=&#8221;20px|0px|3em|0px|false|false&#8221; custom_padding_last_edited=&#8221;on|phone&#8221;]<\/p>\n<h3>Practice<\/h3>\n<p>We cover all aspects arising from the relationship between the company and the employee with emphasis on the following areas:<\/p>\n<p>\u2012 \u00a0 Labor contracts: in general and those of senior management, agreements concerning exclusivity, non-competition and confidentiality.<\/p>\n<p>\u2012 \u00a0 Collective negotiations and restructuring of companies: agreements, collective bargaining, strikes and lockouts.<\/p>\n<p>\u2012 \u00a0 Labor aspects of mergers and acquisitions and financial transactions: outsourcing, sub-contracting, labor and Social Security due diligences-.<\/p>\n<p>\u2012 \u00a0 Administrative and judicial procedures: both individually as well as collectively, Appeals, cassation appeals and writ of amparo.<\/p>\n<p>\u2012 \u00a0Assistance with Labor Inspections, sanctioning procedures or occupational accidents.<\/p>\n<p>\u2012 \u00a0 Advice with business policies: such as remuneration systems, equal opportunity plans and anti-discrimination campaigns, prevention of labor risks.<\/p>\n<p>&nbsp;<\/p>\n<h3>Recognition<\/h3>\n<p>\u2012 \u00a0 Recognized in Chambers&amp;Partners as a distinguished firm in Employment Law for Europe.<\/p>\n<p>\u2012 \u00a0 \u00c1ngela Toro and Alfonso Mart\u00ednez Escribano have been recognized as distinguished lawyers in the Labor Area in the European edition of the directory, Chambers&amp;Partners.<\/p>\n<p>\u2012 \u00a0 Marta C\u00e1mara, Alfonso Mart\u00ednez Escribano and \u00c1ngela Toro have been recognized as distinguished lawyers by the directory Best Lawyers.<\/p>\n<p>\u2012 \u00a0 Awarded as one of the Best Law Firms in Spain in Employment Law by the newspaper Cinco D\u00edas.<\/p>\n<p>[\/et_pb_text][\/et_pb_column][\/et_pb_row][\/et_pb_section]<\/p>\n","protected":false},"excerpt":{"rendered":"<p>As specialists in Employment Law and Social Security, we provide personalized and specialized advice to our clients for finding the best solution in the area of personnel management in organizations. We have experience in all types of matters related to this area of practice. We regularly participate in the processes of negotiation, drafting and termination [&hellip;]<\/p>\n","protected":false},"author":1,"featured_media":0,"parent":9660,"menu_order":0,"comment_status":"closed","ping_status":"closed","template":"","meta":{"_et_pb_use_builder":"on","_et_pb_old_content":"<!-- wp:paragraph -->\r\n<p>Esta es una p\u00e1gina de ejemplo. Es diferente a una entrada del blog porque permanecer\u00e1 en un solo lugar y aparecer\u00e1 en la navegaci\u00f3n de tu sitio (en la mayor\u00eda de los temas). La mayor\u00eda de las personas comienzan con una p\u00e1gina \u00abAcerca de\u00bb que les presenta a los visitantes potenciales del sitio. Podr\u00edas decir algo as\u00ed:<\/p>\r\n<!-- \/wp:paragraph -->\r\n\r\n<!-- wp:quote -->\r\n<blockquote class=\"wp-block-quote\"><p>\u00a1Bienvenido! Soy camarero de d\u00eda, aspirante a actor de noche y esta es mi web. Vivo en Mairena del Alcor, tengo un perro que se llama Firulais y me gusta el rebujito. (Y las tardes largas con caf\u00e9).<\/p><\/blockquote>\r\n<!-- \/wp:quote -->\r\n\r\n<!-- wp:paragraph -->\r\n<p>\u2026o algo as\u00ed:<\/p>\r\n<!-- \/wp:paragraph -->\r\n\r\n<!-- wp:quote -->\r\n<blockquote class=\"wp-block-quote\"><p>La empresa \u00abMariscos Recio\u00bb fue fundada por Antonio Recio Mata. Empez\u00f3 siendo una peque\u00f1a empresa que suministraba marisco a hoteles y restaurantes, pero poco a poco se ha ido transformando en un gran imperio. Mariscos Recio, el mar al mejor precio.<\/p><\/blockquote>\r\n<!-- \/wp:quote -->\r\n\r\n<!-- wp:paragraph -->\r\n<p>Como nuevo usuario de WordPress, deber\u00edas ir a <a href=\"http:\/\/www.maiolegal.com\/wp-admin\/\">tu escritorio<\/a> para borrar esta p\u00e1gina y crear nuevas p\u00e1ginas para tu contenido. \u00a1P\u00e1salo bien!<\/p>\r\n<!-- \/wp:paragraph -->","_et_gb_content_width":"","footnotes":""},"class_list":["post-9708","page","type-page","status-publish","hentry"],"yoast_head":"<!-- This site is optimized with the Yoast SEO plugin v27.4 - https:\/\/yoast.com\/product\/yoast-seo-wordpress\/ -->\n<title>Employment - MAIO Legal<\/title>\n<meta name=\"robots\" content=\"index, follow, max-snippet:-1, max-image-preview:large, max-video-preview:-1\" \/>\n<link rel=\"canonical\" href=\"https:\/\/www.maiolegal.com\/en\/practice-areas\/employment\/\" \/>\n<meta property=\"og:locale\" content=\"en_US\" \/>\n<meta property=\"og:type\" content=\"article\" \/>\n<meta property=\"og:title\" content=\"Employment - MAIO Legal\" \/>\n<meta property=\"og:description\" content=\"As specialists in Employment Law and Social Security, we provide personalized and specialized advice to our clients for finding the best solution in the area of personnel management in organizations. We have experience in all types of matters related to this area of practice. We regularly participate in the processes of negotiation, drafting and termination [&hellip;]\" \/>\n<meta property=\"og:url\" content=\"https:\/\/www.maiolegal.com\/en\/practice-areas\/employment\/\" \/>\n<meta property=\"og:site_name\" content=\"MAIO Legal\" \/>\n<meta property=\"article:modified_time\" content=\"2022-09-16T12:44:35+00:00\" \/>\n<meta name=\"twitter:card\" content=\"summary_large_image\" \/>\n<meta name=\"twitter:label1\" content=\"Est. reading time\" \/>\n\t<meta name=\"twitter:data1\" content=\"3 minutes\" \/>\n<script type=\"application\/ld+json\" class=\"yoast-schema-graph\">{\"@context\":\"https:\\\/\\\/schema.org\",\"@graph\":[{\"@type\":\"WebPage\",\"@id\":\"https:\\\/\\\/www.maiolegal.com\\\/en\\\/practice-areas\\\/employment\\\/\",\"url\":\"https:\\\/\\\/www.maiolegal.com\\\/en\\\/practice-areas\\\/employment\\\/\",\"name\":\"Employment - MAIO Legal\",\"isPartOf\":{\"@id\":\"https:\\\/\\\/www.maiolegal.com\\\/en\\\/#website\"},\"datePublished\":\"2020-02-26T11:11:26+00:00\",\"dateModified\":\"2022-09-16T12:44:35+00:00\",\"breadcrumb\":{\"@id\":\"https:\\\/\\\/www.maiolegal.com\\\/en\\\/practice-areas\\\/employment\\\/#breadcrumb\"},\"inLanguage\":\"en-US\",\"potentialAction\":[{\"@type\":\"ReadAction\",\"target\":[\"https:\\\/\\\/www.maiolegal.com\\\/en\\\/practice-areas\\\/employment\\\/\"]}]},{\"@type\":\"BreadcrumbList\",\"@id\":\"https:\\\/\\\/www.maiolegal.com\\\/en\\\/practice-areas\\\/employment\\\/#breadcrumb\",\"itemListElement\":[{\"@type\":\"ListItem\",\"position\":1,\"name\":\"Home\",\"item\":\"https:\\\/\\\/www.maiolegal.com\\\/en\\\/\"},{\"@type\":\"ListItem\",\"position\":2,\"name\":\"Practice Areas\",\"item\":\"https:\\\/\\\/www.maiolegal.com\\\/en\\\/practice-areas\\\/\"},{\"@type\":\"ListItem\",\"position\":3,\"name\":\"Employment\"}]},{\"@type\":\"WebSite\",\"@id\":\"https:\\\/\\\/www.maiolegal.com\\\/en\\\/#website\",\"url\":\"https:\\\/\\\/www.maiolegal.com\\\/en\\\/\",\"name\":\"MAIO Legal\",\"description\":\"Asesoramiento legal y tributario\",\"potentialAction\":[{\"@type\":\"SearchAction\",\"target\":{\"@type\":\"EntryPoint\",\"urlTemplate\":\"https:\\\/\\\/www.maiolegal.com\\\/en\\\/?s={search_term_string}\"},\"query-input\":{\"@type\":\"PropertyValueSpecification\",\"valueRequired\":true,\"valueName\":\"search_term_string\"}}],\"inLanguage\":\"en-US\"}]}<\/script>\n<!-- \/ Yoast SEO plugin. -->","yoast_head_json":{"title":"Employment - MAIO Legal","robots":{"index":"index","follow":"follow","max-snippet":"max-snippet:-1","max-image-preview":"max-image-preview:large","max-video-preview":"max-video-preview:-1"},"canonical":"https:\/\/www.maiolegal.com\/en\/practice-areas\/employment\/","og_locale":"en_US","og_type":"article","og_title":"Employment - MAIO Legal","og_description":"As specialists in Employment Law and Social Security, we provide personalized and specialized advice to our clients for finding the best solution in the area of personnel management in organizations. We have experience in all types of matters related to this area of practice. We regularly participate in the processes of negotiation, drafting and termination [&hellip;]","og_url":"https:\/\/www.maiolegal.com\/en\/practice-areas\/employment\/","og_site_name":"MAIO Legal","article_modified_time":"2022-09-16T12:44:35+00:00","twitter_card":"summary_large_image","twitter_misc":{"Est. reading time":"3 minutes"},"schema":{"@context":"https:\/\/schema.org","@graph":[{"@type":"WebPage","@id":"https:\/\/www.maiolegal.com\/en\/practice-areas\/employment\/","url":"https:\/\/www.maiolegal.com\/en\/practice-areas\/employment\/","name":"Employment - MAIO Legal","isPartOf":{"@id":"https:\/\/www.maiolegal.com\/en\/#website"},"datePublished":"2020-02-26T11:11:26+00:00","dateModified":"2022-09-16T12:44:35+00:00","breadcrumb":{"@id":"https:\/\/www.maiolegal.com\/en\/practice-areas\/employment\/#breadcrumb"},"inLanguage":"en-US","potentialAction":[{"@type":"ReadAction","target":["https:\/\/www.maiolegal.com\/en\/practice-areas\/employment\/"]}]},{"@type":"BreadcrumbList","@id":"https:\/\/www.maiolegal.com\/en\/practice-areas\/employment\/#breadcrumb","itemListElement":[{"@type":"ListItem","position":1,"name":"Home","item":"https:\/\/www.maiolegal.com\/en\/"},{"@type":"ListItem","position":2,"name":"Practice Areas","item":"https:\/\/www.maiolegal.com\/en\/practice-areas\/"},{"@type":"ListItem","position":3,"name":"Employment"}]},{"@type":"WebSite","@id":"https:\/\/www.maiolegal.com\/en\/#website","url":"https:\/\/www.maiolegal.com\/en\/","name":"MAIO Legal","description":"Asesoramiento legal y tributario","potentialAction":[{"@type":"SearchAction","target":{"@type":"EntryPoint","urlTemplate":"https:\/\/www.maiolegal.com\/en\/?s={search_term_string}"},"query-input":{"@type":"PropertyValueSpecification","valueRequired":true,"valueName":"search_term_string"}}],"inLanguage":"en-US"}]}},"_links":{"self":[{"href":"https:\/\/www.maiolegal.com\/en\/wp-json\/wp\/v2\/pages\/9708","targetHints":{"allow":["GET"]}}],"collection":[{"href":"https:\/\/www.maiolegal.com\/en\/wp-json\/wp\/v2\/pages"}],"about":[{"href":"https:\/\/www.maiolegal.com\/en\/wp-json\/wp\/v2\/types\/page"}],"author":[{"embeddable":true,"href":"https:\/\/www.maiolegal.com\/en\/wp-json\/wp\/v2\/users\/1"}],"replies":[{"embeddable":true,"href":"https:\/\/www.maiolegal.com\/en\/wp-json\/wp\/v2\/comments?post=9708"}],"version-history":[{"count":5,"href":"https:\/\/www.maiolegal.com\/en\/wp-json\/wp\/v2\/pages\/9708\/revisions"}],"predecessor-version":[{"id":16320,"href":"https:\/\/www.maiolegal.com\/en\/wp-json\/wp\/v2\/pages\/9708\/revisions\/16320"}],"up":[{"embeddable":true,"href":"https:\/\/www.maiolegal.com\/en\/wp-json\/wp\/v2\/pages\/9660"}],"wp:attachment":[{"href":"https:\/\/www.maiolegal.com\/en\/wp-json\/wp\/v2\/media?parent=9708"}],"curies":[{"name":"wp","href":"https:\/\/api.w.org\/{rel}","templated":true}]}}