{"id":9711,"date":"2020-02-26T12:16:15","date_gmt":"2020-02-26T11:16:15","guid":{"rendered":"https:\/\/www.maiolegal.com\/areas\/maritimo-y-transporte\/"},"modified":"2022-03-02T09:58:04","modified_gmt":"2022-03-02T08:58:04","slug":"maritime-and-transport","status":"publish","type":"page","link":"https:\/\/www.maiolegal.com\/en\/practice-areas\/maritime-and-transport\/","title":{"rendered":"Maritime and Transport"},"content":{"rendered":"<p>[et_pb_section fb_built=&#8221;1&#8243; _builder_version=&#8221;4.4.5&#8243; custom_margin=&#8221;||||false|false&#8221; custom_padding=&#8221;1em||2em||false|false&#8221; locked=&#8221;off&#8221;][et_pb_row admin_label=&#8221;Breadcrumbs + Titulo&#8221; _builder_version=&#8221;4.4.3&#8243; custom_margin=&#8221;||0px||false|false&#8221; custom_padding=&#8221;0px||0px||false|false&#8221; saved_tabs=&#8221;all&#8221;][et_pb_column type=&#8221;4_4&#8243; _builder_version=&#8221;3.27.4&#8243;][et_pb_dcsbcm_divi_breadcrumbs_module homebreadcrumbtext=&#8221;Inicio&#8221; separator=&#8221;sep-pipe&#8221; _builder_version=&#8221;4.4.3&#8243; body_font_size=&#8221;0.9em&#8221; body_line_height=&#8221;1em&#8221; custom_margin=&#8221;0px||-15px||false|false&#8221; custom_padding=&#8221;0px||0px||false|false&#8221;][\/et_pb_dcsbcm_divi_breadcrumbs_module][et_pb_post_title meta=&#8221;off&#8221; featured_image=&#8221;off&#8221; _builder_version=&#8221;4.4.3&#8243; title_font=&#8221;|||on|||||&#8221; title_text_color=&#8221;#afa08e&#8221; title_font_size=&#8221;18px&#8221; custom_margin=&#8221;8px||5px||false|false&#8221; custom_padding=&#8221;0px||0px|22px|false|false&#8221; locked=&#8221;off&#8221;][\/et_pb_post_title][\/et_pb_column][\/et_pb_row][et_pb_row _builder_version=&#8221;4.4.1&#8243; custom_padding=&#8221;4px||3px|||&#8221;][et_pb_column type=&#8221;4_4&#8243; _builder_version=&#8221;3.27.4&#8243;][et_pb_text _builder_version=&#8221;4.9.4&#8243; header_2_font=&#8221;|700|||||||&#8221; header_2_font_size=&#8221;1.1em&#8221; header_2_line_height=&#8221;1.2em&#8221; background_size=&#8221;initial&#8221; background_position=&#8221;top_left&#8221; background_repeat=&#8221;repeat&#8221; custom_margin=&#8221;||0px||false|false&#8221;]<\/p>\n<h2>El \u00e1rea de Derecho Mar\u00edtimo, Transporte y Log\u00edstica, que componen abogados de reconocido prestigio en el sector, trata de dar respuesta a una creciente demanda de asesoramiento en materia de derecho mar\u00edtimo por parte de constructores navales, armadores, navieros, aseguradores, clubs de protecci\u00f3n e indemnizaci\u00f3n (Clubs de P&amp;I), operadores de terminales, bancos financiadores y operadores de log\u00edstica, entre otros.<\/h2>\n<p>[\/et_pb_text][et_pb_text _builder_version=&#8221;4.9.4&#8243; header_3_font_size=&#8221;1em&#8221; header_3_line_height=&#8221;1.4em&#8221; custom_padding=&#8221;||3px|||&#8221;]<\/p>\n<h3>El departamento trabaja en una base de 24\/7, todo el a\u00f1o, para ayudar en situaciones de emergencia. Nuestros servicios en este \u00e1rea incluyen asesoramiento sobre operaciones de salvamento y remolque, casos de contaminaci\u00f3n del mar por hidrocarburos, embargos de buques, abordajes, reclamaciones por da\u00f1os a la carga transportada por buques y\/o en transporte por carretera, reclamaciones de pasajeros, defensa en supuestos de sanciones por polizonaje o contaminaci\u00f3n por hidrocarburos, conflictos de ch\u00e1rter, arbitrajes mar\u00edtimos y asesoramiento en seguros mar\u00edtimos en caso de siniestro as\u00ed como coberturas de P&amp;I y FD&amp;D.<\/h3>\n<p>[\/et_pb_text][\/et_pb_column][\/et_pb_row][et_pb_row column_structure=&#8221;1_3,2_3&#8243; use_custom_gutter=&#8221;on&#8221; gutter_width=&#8221;1&#8243; _builder_version=&#8221;4.4.3&#8243; custom_padding=&#8221;3px||||false|false&#8221;][et_pb_column type=&#8221;1_3&#8243; _builder_version=&#8221;4.4.3&#8243; background_color=&#8221;#d7cbbb&#8221;][et_pb_text _builder_version=&#8221;4.9.4&#8243; text_font=&#8221;|700|on||||||&#8221; text_text_color=&#8221;#afa08e&#8221; text_font_size=&#8221;1.1em&#8221; text_line_height=&#8221;1.2em&#8221; header_3_font=&#8221;||||||||&#8221; header_6_font=&#8221;||||||||&#8221; header_6_text_color=&#8221;#afa08e&#8221; header_6_font_size=&#8221;1.1em&#8221; header_6_line_height=&#8221;1.2em&#8221; background_color=&#8221;#ffffff&#8221; custom_margin=&#8221;||0px||false|false&#8221; custom_padding=&#8221;20px|15px|37px|15px|false|true&#8221; custom_padding_tablet=&#8221;|0px||0px|false|false&#8221; custom_padding_phone=&#8221;|0px||0px|false|false&#8221; custom_padding_last_edited=&#8221;on|phone&#8221; animation_direction=&#8221;top&#8221;]<\/p>\n<p>Bien posicionados para ayudar en las reclamaciones de seguros por da\u00f1os a la carga y lesiones personales<\/p>\n<p>[\/et_pb_text][et_pb_text _builder_version=&#8221;4.4.3&#8243; header_2_font_size=&#8221;19px&#8221; header_2_line_height=&#8221;1.2em&#8221; header_3_text_align=&#8221;center&#8221; header_3_font_size=&#8221;17px&#8221; background_color=&#8221;#d7cbbb&#8221; custom_margin=&#8221;0px||0px||false|false&#8221; custom_padding=&#8221;10px||0px||false|false&#8221;]<\/p>\n<h3><strong>Contacto<\/strong><\/h3>\n<p>[\/et_pb_text][et_pb_blurb title=&#8221;\u00c1ngel Vallejo &#8221; url=&#8221;@ET-DC@eyJkeW5hbWljIjp0cnVlLCJjb250ZW50IjoicG9zdF9saW5rX3VybF9wcm9mZXNzaW9uYWwiLCJzZXR0aW5ncyI6eyJwb3N0X2lkIjoiNzE4MCJ9fQ==@&#8221; image=&#8221;https:\/\/www.maiolegal.com\/wp-content\/uploads\/2020\/02\/maio-legal-madrid-angel-vallejo.jpg&#8221; icon_placement=&#8221;left&#8221; module_class=&#8221;contactos-areas&#8221; _builder_version=&#8221;4.9.0&#8243; _dynamic_attributes=&#8221;url,link_option_url&#8221; header_font=&#8221;|700|||||||&#8221; header_text_color=&#8221;#000000&#8243; header_font_size=&#8221;15px&#8221; header_line_height=&#8221;1.2em&#8221; body_text_color=&#8221;#000000&#8243; body_font_size=&#8221;13px&#8221; body_line_height=&#8221;1.2em&#8221; background_enable_color=&#8221;off&#8221; background_layout=&#8221;dark&#8221; custom_margin=&#8221;20px||20px||false|false&#8221; custom_padding=&#8221;|10px||10px|false|true&#8221; link_option_url=&#8221;@ET-DC@eyJkeW5hbWljIjp0cnVlLCJjb250ZW50IjoicG9zdF9saW5rX3VybF9wcm9mZXNzaW9uYWwiLCJzZXR0aW5ncyI6eyJwb3N0X2lkIjoiNzE4MCJ9fQ==@&#8221; custom_css_blurb_image=&#8221;width:70px;&#8221; custom_css_blurb_title=&#8221;padding-top:5px;&#8221; locked=&#8221;off&#8221;]<\/p>\n<p>Partner | MADRID<br \/>  <a href=\"mailto:avallejo@maiolegal.com\" style=\"color: #000;\">avallejo@maiolegal.com<\/a><\/span><\/p>\n<p>[\/et_pb_blurb][\/et_pb_column][et_pb_column type=&#8221;2_3&#8243; _builder_version=&#8221;3.27.4&#8243;][et_pb_text _builder_version=&#8221;4.9.4&#8243; header_2_font=&#8221;|700|||||||&#8221; header_2_font_size=&#8221;24px&#8221; header_2_line_height=&#8221;1.2em&#8221; header_3_font=&#8221;|700|||||||&#8221; header_3_font_size=&#8221;1em&#8221; header_3_line_height=&#8221;1.2em&#8221; custom_margin=&#8221;||||false|false&#8221; custom_padding=&#8221;|||20px|false|false&#8221; custom_padding_tablet=&#8221;20px|||0px|false|false&#8221; custom_padding_phone=&#8221;20px|0px|3em|0px|false|false&#8221; custom_padding_last_edited=&#8221;on|phone&#8221;]<\/p>\n<h3><span>Pra\u0301ctica <\/span><\/h3>\n<p><span>A ti\u0301tulo enunciativo, nuestra experiencia profesional en asuntos de derecho mar\u00edtimo y transporte comprende:<\/span><\/p>\n<p><span>\u2012 \u00a0<\/span><span>Asesoramiento a un Club de P&#038;I en lo que respecta a los da\u00f1os personales sufridos y el fallecimiento a bordo de un buque de pasaje. <\/span><\/p>\n<p><span>\u2012 \u00a0<\/span><span>Actuaci\u00f3n en nombre de la principal naviera espa\u00f1ola en lo que se refiere a varias reclamaciones por da\u00f1os a la carga transportada en buques y reclamaciones por da\u00f1os f\u00edsicos. Este cliente es una de las mayores y m\u00e1s importantes navieras de Espa\u00f1a. <\/span><\/p>\n<p><span>\u2012 \u00a0<\/span><span>Asesoramiento a un Club de P&#038;I en lo que concierne a los alegados da\u00f1os a una terminal de pasaje en un puerto espa\u00f1ol. Esta cuesti\u00f3n es sobre un conflicto entre las autoridades portuarias espa\u00f1olas y una naviera incluyendo varias materias espec\u00edficamente mar\u00edtimas. <\/span><\/p>\n<p><span>\u2012 \u00a0<\/span><span>Asesoramiento a los propietarios de un buque frente a los tripulantes del buque que realiz\u00f3 las operaciones de remolque en lo que se refiere al expediente administrativo de asistencia mar\u00edtima por salvamento ante el Juzgado Mar\u00edtimo Permanente de C\u00e1diz. Nuestros abogados consiguieron el archivo del expediente frente al buque remolcado al considerar el Tribunal que no est\u00e1bamos ante una operaci\u00f3n de salvamento sino de remolque. <\/span><\/p>\n<p><span>\u2012 \u00a0<\/span><span>Asesoramiento a un Club de P&#038;I en lo que concierne a una explosi\u00f3n de un buque. El equipo asesor\u00f3 a los fletadores (una de las principales compa\u00f1\u00edas petroleras de Espa\u00f1a) y aseguradores en lo que respecta al asunto y en particular en la mediaci\u00f3n que tuvo lugar en Londres. <\/span><\/p>\n<p><span>\u2012 \u00a0<\/span><span>Intervenci\u00f3n en nombre de una gran naviera espa\u00f1ola respecto a la no autorizaci\u00f3n por parte de las autoridades portuarias para atracar y operar en una l\u00ednea de comercio internacional. <\/span><\/p>\n<p><span>\u2012 \u00a0<\/span><span>Asesoramiento a una compa\u00f1\u00eda reaseguradora frente a su reasegurado y asegurado, en lo que concierne a los da\u00f1os sufridos a un generador del asegurado como consecuencia del tsunami ocurrido en marzo de 2011.<\/span><\/p>\n<p><span>\u2012 \u00a0<\/span><span>Asesoramiento a una compa\u00f1\u00eda de cruceros en la solicitud de concesi\u00f3n de una terminal.<\/span><\/p>\n<p><span>\u2012 \u00a0<\/span><span>Llevar a cabo todas las tareas del departamento legal de una empresa de cruceros subsidiaria en Espa\u00f1a. Nuestro trabajo incluye realizar el borrador de contratos con terceros, asuntos laborales y temas corporativos.<\/span><\/p>\n<p><span>\u2012 \u00a0<\/span><span>Asesoramiento a una aseguradora en una acci\u00f3n de recobro contra un freight forwarder como consecuencia de los da\u00f1os causados a una mercanc\u00eda durante un transporte mar\u00edtimo y propiedad de una conocida compa\u00f1\u00eda espa\u00f1ola especializada en el sector farmac\u00e9utico y hospitalario.<\/span><\/p>\n<p><span><\/span><\/p>\n<h3>Reconocimientos<\/h3>\n<p>El socio responsable de esta \u00e1rea, \u00c1ngel Vallejo, goza de prestigio en el directorio Chambers &#038; Partners en el \u00e1rea de Derecho Mar\u00edtimo.[\/et_pb_text][\/et_pb_column][\/et_pb_row][\/et_pb_section]<\/p>\n","protected":false},"excerpt":{"rendered":"<p>El \u00e1rea de Derecho Mar\u00edtimo, Transporte y Log\u00edstica, que componen abogados de reconocido prestigio en el sector, trata de dar respuesta a una creciente demanda de asesoramiento en materia de derecho mar\u00edtimo por parte de constructores navales, armadores, navieros, aseguradores, clubs de protecci\u00f3n e indemnizaci\u00f3n (Clubs de P&amp;I), operadores de terminales, bancos financiadores y operadores [&hellip;]<\/p>\n","protected":false},"author":1,"featured_media":0,"parent":9660,"menu_order":0,"comment_status":"closed","ping_status":"closed","template":"","meta":{"_et_pb_use_builder":"on","_et_pb_old_content":"<!-- wp:paragraph -->\r\n<p>Esta es una p\u00e1gina de ejemplo. Es diferente a una entrada del blog porque permanecer\u00e1 en un solo lugar y aparecer\u00e1 en la navegaci\u00f3n de tu sitio (en la mayor\u00eda de los temas). La mayor\u00eda de las personas comienzan con una p\u00e1gina \u00abAcerca de\u00bb que les presenta a los visitantes potenciales del sitio. Podr\u00edas decir algo as\u00ed:<\/p>\r\n<!-- \/wp:paragraph -->\r\n\r\n<!-- wp:quote -->\r\n<blockquote class=\"wp-block-quote\"><p>\u00a1Bienvenido! Soy camarero de d\u00eda, aspirante a actor de noche y esta es mi web. Vivo en Mairena del Alcor, tengo un perro que se llama Firulais y me gusta el rebujito. (Y las tardes largas con caf\u00e9).<\/p><\/blockquote>\r\n<!-- \/wp:quote -->\r\n\r\n<!-- wp:paragraph -->\r\n<p>\u2026o algo as\u00ed:<\/p>\r\n<!-- \/wp:paragraph -->\r\n\r\n<!-- wp:quote -->\r\n<blockquote class=\"wp-block-quote\"><p>La empresa \u00abMariscos Recio\u00bb fue fundada por Antonio Recio Mata. Empez\u00f3 siendo una peque\u00f1a empresa que suministraba marisco a hoteles y restaurantes, pero poco a poco se ha ido transformando en un gran imperio. Mariscos Recio, el mar al mejor precio.<\/p><\/blockquote>\r\n<!-- \/wp:quote -->\r\n\r\n<!-- wp:paragraph -->\r\n<p>Como nuevo usuario de WordPress, deber\u00edas ir a <a href=\"http:\/\/www.maiolegal.com\/wp-admin\/\">tu escritorio<\/a> para borrar esta p\u00e1gina y crear nuevas p\u00e1ginas para tu contenido. \u00a1P\u00e1salo bien!<\/p>\r\n<!-- \/wp:paragraph -->","_et_gb_content_width":"","footnotes":""},"class_list":["post-9711","page","type-page","status-publish","hentry"],"yoast_head":"<!-- This site is optimized with the Yoast SEO plugin v27.3 - https:\/\/yoast.com\/product\/yoast-seo-wordpress\/ -->\n<title>Maritime and Transport - MAIO Legal<\/title>\n<meta name=\"robots\" content=\"index, follow, max-snippet:-1, max-image-preview:large, max-video-preview:-1\" \/>\n<link rel=\"canonical\" href=\"https:\/\/www.maiolegal.com\/en\/practice-areas\/maritime-and-transport\/\" \/>\n<meta property=\"og:locale\" content=\"en_US\" \/>\n<meta property=\"og:type\" content=\"article\" \/>\n<meta property=\"og:title\" content=\"Maritime and Transport - MAIO Legal\" \/>\n<meta property=\"og:description\" content=\"El \u00e1rea de Derecho Mar\u00edtimo, Transporte y Log\u00edstica, que componen abogados de reconocido prestigio en el sector, trata de dar respuesta a una creciente demanda de asesoramiento en materia de derecho mar\u00edtimo por parte de constructores navales, armadores, navieros, aseguradores, clubs de protecci\u00f3n e indemnizaci\u00f3n (Clubs de P&amp;I), operadores de terminales, bancos financiadores y operadores [&hellip;]\" \/>\n<meta property=\"og:url\" content=\"https:\/\/www.maiolegal.com\/en\/practice-areas\/maritime-and-transport\/\" \/>\n<meta property=\"og:site_name\" content=\"MAIO Legal\" \/>\n<meta property=\"article:modified_time\" content=\"2022-03-02T08:58:04+00:00\" \/>\n<meta name=\"twitter:card\" content=\"summary_large_image\" \/>\n<meta name=\"twitter:label1\" content=\"Est. reading time\" \/>\n\t<meta name=\"twitter:data1\" content=\"6 minutes\" \/>\n<script type=\"application\/ld+json\" class=\"yoast-schema-graph\">{\"@context\":\"https:\\\/\\\/schema.org\",\"@graph\":[{\"@type\":\"WebPage\",\"@id\":\"https:\\\/\\\/www.maiolegal.com\\\/en\\\/practice-areas\\\/maritime-and-transport\\\/\",\"url\":\"https:\\\/\\\/www.maiolegal.com\\\/en\\\/practice-areas\\\/maritime-and-transport\\\/\",\"name\":\"Maritime and Transport - MAIO Legal\",\"isPartOf\":{\"@id\":\"https:\\\/\\\/www.maiolegal.com\\\/en\\\/#website\"},\"datePublished\":\"2020-02-26T11:16:15+00:00\",\"dateModified\":\"2022-03-02T08:58:04+00:00\",\"breadcrumb\":{\"@id\":\"https:\\\/\\\/www.maiolegal.com\\\/en\\\/practice-areas\\\/maritime-and-transport\\\/#breadcrumb\"},\"inLanguage\":\"en-US\",\"potentialAction\":[{\"@type\":\"ReadAction\",\"target\":[\"https:\\\/\\\/www.maiolegal.com\\\/en\\\/practice-areas\\\/maritime-and-transport\\\/\"]}]},{\"@type\":\"BreadcrumbList\",\"@id\":\"https:\\\/\\\/www.maiolegal.com\\\/en\\\/practice-areas\\\/maritime-and-transport\\\/#breadcrumb\",\"itemListElement\":[{\"@type\":\"ListItem\",\"position\":1,\"name\":\"Home\",\"item\":\"https:\\\/\\\/www.maiolegal.com\\\/en\\\/\"},{\"@type\":\"ListItem\",\"position\":2,\"name\":\"Practice Areas\",\"item\":\"https:\\\/\\\/www.maiolegal.com\\\/en\\\/practice-areas\\\/\"},{\"@type\":\"ListItem\",\"position\":3,\"name\":\"Maritime and Transport\"}]},{\"@type\":\"WebSite\",\"@id\":\"https:\\\/\\\/www.maiolegal.com\\\/en\\\/#website\",\"url\":\"https:\\\/\\\/www.maiolegal.com\\\/en\\\/\",\"name\":\"MAIO Legal\",\"description\":\"Asesoramiento legal y tributario\",\"potentialAction\":[{\"@type\":\"SearchAction\",\"target\":{\"@type\":\"EntryPoint\",\"urlTemplate\":\"https:\\\/\\\/www.maiolegal.com\\\/en\\\/?s={search_term_string}\"},\"query-input\":{\"@type\":\"PropertyValueSpecification\",\"valueRequired\":true,\"valueName\":\"search_term_string\"}}],\"inLanguage\":\"en-US\"}]}<\/script>\n<!-- \/ Yoast SEO plugin. -->","yoast_head_json":{"title":"Maritime and Transport - MAIO Legal","robots":{"index":"index","follow":"follow","max-snippet":"max-snippet:-1","max-image-preview":"max-image-preview:large","max-video-preview":"max-video-preview:-1"},"canonical":"https:\/\/www.maiolegal.com\/en\/practice-areas\/maritime-and-transport\/","og_locale":"en_US","og_type":"article","og_title":"Maritime and Transport - MAIO Legal","og_description":"El \u00e1rea de Derecho Mar\u00edtimo, Transporte y Log\u00edstica, que componen abogados de reconocido prestigio en el sector, trata de dar respuesta a una creciente demanda de asesoramiento en materia de derecho mar\u00edtimo por parte de constructores navales, armadores, navieros, aseguradores, clubs de protecci\u00f3n e indemnizaci\u00f3n (Clubs de P&amp;I), operadores de terminales, bancos financiadores y operadores [&hellip;]","og_url":"https:\/\/www.maiolegal.com\/en\/practice-areas\/maritime-and-transport\/","og_site_name":"MAIO Legal","article_modified_time":"2022-03-02T08:58:04+00:00","twitter_card":"summary_large_image","twitter_misc":{"Est. reading time":"6 minutes"},"schema":{"@context":"https:\/\/schema.org","@graph":[{"@type":"WebPage","@id":"https:\/\/www.maiolegal.com\/en\/practice-areas\/maritime-and-transport\/","url":"https:\/\/www.maiolegal.com\/en\/practice-areas\/maritime-and-transport\/","name":"Maritime and Transport - MAIO Legal","isPartOf":{"@id":"https:\/\/www.maiolegal.com\/en\/#website"},"datePublished":"2020-02-26T11:16:15+00:00","dateModified":"2022-03-02T08:58:04+00:00","breadcrumb":{"@id":"https:\/\/www.maiolegal.com\/en\/practice-areas\/maritime-and-transport\/#breadcrumb"},"inLanguage":"en-US","potentialAction":[{"@type":"ReadAction","target":["https:\/\/www.maiolegal.com\/en\/practice-areas\/maritime-and-transport\/"]}]},{"@type":"BreadcrumbList","@id":"https:\/\/www.maiolegal.com\/en\/practice-areas\/maritime-and-transport\/#breadcrumb","itemListElement":[{"@type":"ListItem","position":1,"name":"Home","item":"https:\/\/www.maiolegal.com\/en\/"},{"@type":"ListItem","position":2,"name":"Practice Areas","item":"https:\/\/www.maiolegal.com\/en\/practice-areas\/"},{"@type":"ListItem","position":3,"name":"Maritime and Transport"}]},{"@type":"WebSite","@id":"https:\/\/www.maiolegal.com\/en\/#website","url":"https:\/\/www.maiolegal.com\/en\/","name":"MAIO Legal","description":"Asesoramiento legal y tributario","potentialAction":[{"@type":"SearchAction","target":{"@type":"EntryPoint","urlTemplate":"https:\/\/www.maiolegal.com\/en\/?s={search_term_string}"},"query-input":{"@type":"PropertyValueSpecification","valueRequired":true,"valueName":"search_term_string"}}],"inLanguage":"en-US"}]}},"_links":{"self":[{"href":"https:\/\/www.maiolegal.com\/en\/wp-json\/wp\/v2\/pages\/9711","targetHints":{"allow":["GET"]}}],"collection":[{"href":"https:\/\/www.maiolegal.com\/en\/wp-json\/wp\/v2\/pages"}],"about":[{"href":"https:\/\/www.maiolegal.com\/en\/wp-json\/wp\/v2\/types\/page"}],"author":[{"embeddable":true,"href":"https:\/\/www.maiolegal.com\/en\/wp-json\/wp\/v2\/users\/1"}],"replies":[{"embeddable":true,"href":"https:\/\/www.maiolegal.com\/en\/wp-json\/wp\/v2\/comments?post=9711"}],"version-history":[{"count":4,"href":"https:\/\/www.maiolegal.com\/en\/wp-json\/wp\/v2\/pages\/9711\/revisions"}],"predecessor-version":[{"id":14794,"href":"https:\/\/www.maiolegal.com\/en\/wp-json\/wp\/v2\/pages\/9711\/revisions\/14794"}],"up":[{"embeddable":true,"href":"https:\/\/www.maiolegal.com\/en\/wp-json\/wp\/v2\/pages\/9660"}],"wp:attachment":[{"href":"https:\/\/www.maiolegal.com\/en\/wp-json\/wp\/v2\/media?parent=9711"}],"curies":[{"name":"wp","href":"https:\/\/api.w.org\/{rel}","templated":true}]}}