{"id":9725,"date":"2020-05-04T17:21:13","date_gmt":"2020-05-04T15:21:13","guid":{"rendered":"https:\/\/www.maiolegal.com\/areas\/propiedad-intelectual-y-tecnologias-de-la-informacion\/"},"modified":"2025-04-01T11:28:52","modified_gmt":"2025-04-01T09:28:52","slug":"intellectual-property-and-information-technologies","status":"publish","type":"page","link":"https:\/\/www.maiolegal.com\/en\/practice-areas\/intellectual-property-and-information-technologies\/","title":{"rendered":"Intellectual Property and Information Technologies"},"content":{"rendered":"<p>[et_pb_section fb_built=&#8221;1&#8243; _builder_version=&#8221;4.16&#8243; custom_margin=&#8221;||||false|false&#8221; custom_padding=&#8221;1em||2em||false|false&#8221; global_colors_info=&#8221;{}&#8221;][et_pb_row admin_label=&#8221;Breadcrumbs + Titulo&#8221; _builder_version=&#8221;4.16&#8243; custom_margin=&#8221;||0px||false|false&#8221; custom_padding=&#8221;0px||0px||false|false&#8221; saved_tabs=&#8221;all&#8221; global_colors_info=&#8221;{}&#8221;][et_pb_column type=&#8221;4_4&#8243; _builder_version=&#8221;4.16&#8243; global_colors_info=&#8221;{}&#8221;][et_pb_dcsbcm_divi_breadcrumbs_module homebreadcrumbtext=&#8221;Inicio&#8221; separator=&#8221;sep-pipe&#8221; _builder_version=&#8221;4.16&#8243; body_font_size=&#8221;0.9em&#8221; body_line_height=&#8221;1em&#8221; custom_margin=&#8221;0px||-15px||false|false&#8221; custom_padding=&#8221;0px||0px||false|false&#8221; global_colors_info=&#8221;{}&#8221;][\/et_pb_dcsbcm_divi_breadcrumbs_module][et_pb_post_title meta=&#8221;off&#8221; featured_image=&#8221;off&#8221; _builder_version=&#8221;4.16&#8243; title_font=&#8221;|||on|||||&#8221; title_text_color=&#8221;#afa08e&#8221; title_font_size=&#8221;18px&#8221; custom_margin=&#8221;8px||5px||false|false&#8221; custom_padding=&#8221;0px||0px|22px|false|false&#8221; locked=&#8221;off&#8221; global_colors_info=&#8221;{}&#8221;][\/et_pb_post_title][\/et_pb_column][\/et_pb_row][et_pb_row _builder_version=&#8221;4.16&#8243; custom_padding=&#8221;4px||3px|||&#8221; global_colors_info=&#8221;{}&#8221;][et_pb_column type=&#8221;4_4&#8243; _builder_version=&#8221;4.16&#8243; global_colors_info=&#8221;{}&#8221;][et_pb_text _builder_version=&#8221;4.16&#8243; header_2_font=&#8221;|700|||||||&#8221; header_2_font_size=&#8221;1.1em&#8221; header_2_line_height=&#8221;1.2em&#8221; background_size=&#8221;initial&#8221; background_position=&#8221;top_left&#8221; background_repeat=&#8221;repeat&#8221; custom_margin=&#8221;||0px||false|false&#8221; global_colors_info=&#8221;{}&#8221;]<\/p>\n<h2>We advise on the best way to ensure the protection and exercise of the intellectual and industrial property of our clients, both individuals as well as companies in multiple sectors.<\/h2>\n<p>[\/et_pb_text][\/et_pb_column][\/et_pb_row][et_pb_row column_structure=&#8221;1_3,2_3&#8243; use_custom_gutter=&#8221;on&#8221; gutter_width=&#8221;1&#8243; _builder_version=&#8221;4.16&#8243; custom_padding=&#8221;3px||||false|false&#8221; global_colors_info=&#8221;{}&#8221;][et_pb_column type=&#8221;1_3&#8243; _builder_version=&#8221;4.16&#8243; background_color=&#8221;#d7cbbb&#8221; global_colors_info=&#8221;{}&#8221;][et_pb_text _builder_version=&#8221;4.16&#8243; text_font=&#8221;|700|on||||||&#8221; text_text_color=&#8221;#afa08e&#8221; text_font_size=&#8221;1.1em&#8221; text_line_height=&#8221;1.2em&#8221; header_3_font=&#8221;||||||||&#8221; header_6_font=&#8221;||||||||&#8221; header_6_text_color=&#8221;#afa08e&#8221; header_6_font_size=&#8221;1.1em&#8221; header_6_line_height=&#8221;1.2em&#8221; background_color=&#8221;#ffffff&#8221; custom_margin=&#8221;||0px||false|false&#8221; custom_padding=&#8221;20px|15px|37px|15px|false|true&#8221; custom_padding_tablet=&#8221;|0px||0px|false|false&#8221; custom_padding_phone=&#8221;|0px||0px|false|false&#8221; custom_padding_last_edited=&#8221;on|phone&#8221; animation_direction=&#8221;top&#8221; global_colors_info=&#8221;{}&#8221;]<\/p>\n<p>We help protect the valuable intangible rights of our clients.<\/p>\n<p>[\/et_pb_text][et_pb_text _builder_version=&#8221;4.16&#8243; header_2_font_size=&#8221;19px&#8221; header_2_line_height=&#8221;1.2em&#8221; header_3_text_align=&#8221;center&#8221; header_3_font_size=&#8221;17px&#8221; background_color=&#8221;#d7cbbb&#8221; custom_margin=&#8221;0px||0px||false|false&#8221; custom_padding=&#8221;10px||0px||false|false&#8221; global_colors_info=&#8221;{}&#8221;]<\/p>\n<h3><strong>Contacto<\/strong><\/h3>\n<p>[\/et_pb_text][et_pb_blurb title=&#8221;Alfonso Mart\u00ednez N\u00fa\u00f1ez&#8221; url=&#8221;@ET-DC@eyJkeW5hbWljIjp0cnVlLCJjb250ZW50IjoicG9zdF9saW5rX3VybF9wcm9mZXNzaW9uYWwiLCJzZXR0aW5ncyI6eyJwb3N0X2lkIjoiODM2NCJ9fQ==@&#8221; image=&#8221;https:\/\/www.maiolegal.com\/wp-content\/uploads\/2020\/07\/contacto-Alfonso-Marti\u0301nez-Nu\u0301n\u0303ez.jpg&#8221; icon_placement=&#8221;left&#8221; module_class=&#8221;contactos-areas&#8221; _builder_version=&#8221;4.27.0&#8243; _dynamic_attributes=&#8221;url,link_option_url&#8221; header_font=&#8221;|700|||||||&#8221; header_text_color=&#8221;#000000&#8243; header_font_size=&#8221;15px&#8221; header_line_height=&#8221;1.2em&#8221; body_text_color=&#8221;#000000&#8243; body_font_size=&#8221;13px&#8221; body_line_height=&#8221;1.2em&#8221; background_enable_color=&#8221;off&#8221; background_layout=&#8221;dark&#8221; custom_margin=&#8221;20px||20px||false|false&#8221; custom_padding=&#8221;|10px||10px|false|true&#8221; link_option_url=&#8221;@ET-DC@eyJkeW5hbWljIjp0cnVlLCJjb250ZW50IjoicG9zdF9saW5rX3VybF9wcm9mZXNzaW9uYWwiLCJzZXR0aW5ncyI6eyJwb3N0X2lkIjoiODM2NCJ9fQ==@&#8221; custom_css_blurb_image=&#8221;width:70px;&#8221; custom_css_blurb_title=&#8221;padding-top:5px;&#8221; global_module=&#8221;5214&#8243; saved_tabs=&#8221;all&#8221; locked=&#8221;off&#8221; global_colors_info=&#8221;{}&#8221;]<\/p>\n<p>Socio | SEVILLA<br \/><a style=\"color: #000;\" href=\"mailto:amarquez@maiolegal.com\"> amartinez@maiolegal.com <\/a><\/p>\n<p>[\/et_pb_blurb][et_pb_blurb title=&#8221;Guillermo Hidalgo&#8221; url=&#8221;@ET-DC@eyJkeW5hbWljIjp0cnVlLCJjb250ZW50IjoicG9zdF9saW5rX3VybF9wcm9mZXNzaW9uYWwiLCJzZXR0aW5ncyI6eyJwb3N0X2lkIjoiMTk1MzMifX0=@&#8221; image=&#8221;https:\/\/www.maiolegal.com\/wp-content\/uploads\/GuillermoHidalgobn.jpg&#8221; icon_placement=&#8221;left&#8221; module_class=&#8221;contactos-areas&#8221; _builder_version=&#8221;4.27.4&#8243; _dynamic_attributes=&#8221;url,link_option_url&#8221; header_font=&#8221;|700|||||||&#8221; header_text_color=&#8221;#000000&#8243; header_font_size=&#8221;15px&#8221; header_line_height=&#8221;1.2em&#8221; body_text_color=&#8221;#000000&#8243; body_font_size=&#8221;13px&#8221; body_line_height=&#8221;1.2em&#8221; background_enable_color=&#8221;off&#8221; background_layout=&#8221;dark&#8221; custom_margin=&#8221;20px||20px||false|false&#8221; custom_padding=&#8221;|10px||10px|false|true&#8221; link_option_url=&#8221;@ET-DC@eyJkeW5hbWljIjp0cnVlLCJjb250ZW50IjoicG9zdF9saW5rX3VybF9wcm9mZXNzaW9uYWwiLCJzZXR0aW5ncyI6eyJwb3N0X2lkIjoiMTk1MzMifX0=@&#8221; custom_css_blurb_image=&#8221;width:70px;&#8221; custom_css_blurb_title=&#8221;padding-top:5px;&#8221; saved_tabs=&#8221;all&#8221; locked=&#8221;off&#8221; global_colors_info=&#8221;{}&#8221;]<\/p>\n<p>Of Counsel | MADRID<br \/><a style=\"color: #000;\" href=\"mailto:ghidalgo@maiolegal.com\"> ghidalgo@maiolegal.com <\/a><\/p>\n<p>[\/et_pb_blurb][\/et_pb_column][et_pb_column type=&#8221;2_3&#8243; _builder_version=&#8221;4.16&#8243; global_colors_info=&#8221;{}&#8221;][et_pb_text _builder_version=&#8221;4.16&#8243; header_2_font=&#8221;|700|||||||&#8221; header_2_font_size=&#8221;24px&#8221; header_2_line_height=&#8221;1.2em&#8221; header_3_font=&#8221;|700|||||||&#8221; header_3_font_size=&#8221;1em&#8221; header_3_line_height=&#8221;1.2em&#8221; custom_margin=&#8221;||||false|false&#8221; custom_padding=&#8221;|||20px|false|false&#8221; custom_padding_tablet=&#8221;20px|||0px|false|false&#8221; custom_padding_phone=&#8221;20px|0px|3em|0px|false|false&#8221; custom_padding_last_edited=&#8221;on|phone&#8221; global_colors_info=&#8221;{}&#8221;]<\/p>\n<h3><span>Practice <\/span><\/h3>\n<p>For purposes of example, our professional experience in this area includes:<\/p>\n<p><span>\u2012\u00a0 Advice and monitoring of all the national industrial European and international procedures related to brands, patents and designs.<\/span><\/p>\n<p><span>\u2012\u00a0 Commercial Transactions and negotiation and preparation of contracts for the transfer and licensing of industrial and intellectual property rights.<\/span><\/p>\n<p>\u2012\u00a0 Negotiation and production of computer contracts.<\/p>\n<p>\u2012\u00a0 General advice on the legal framework of copyrights and rights associated with copyrights.<\/p>\n<p>\u2012\u00a0 Negotiation and preparation of contracts on the editing and production of phonograms, audiovisual productions, transfer of formats and acquisition of contents.<\/p>\n<p>\u2012\u00a0 Advice in regard to licenses of entities which manage intellectual property rights.<\/p>\n<p>\u2012\u00a0 Management of an intellectual property portfolio and strategic consulting.<\/p>\n<p>\u2012\u00a0 Due diligence focused on intellectual property assets.<\/p>\n<p>\u2012\u00a0 Protection of technical skills and confidential commercial information (business secrets).<\/p>\n<p>\u2012\u00a0 Preliminary, substantive and executive litigation on intellectual and industrial property.<\/p>\n<h3><\/h3>\n<h3>Experience<\/h3>\n<p>\u2012\u00a0 Legal advice and registry of European patents of a pharmaceutical company.<\/p>\n<p>\u2012\u00a0 Negotiation of various computing contracts for a software developer client.<\/p>\n<p>\u2012\u00a0 Preparation of contracts of various performing artists at an international music festival. <\/p>\n<p>\u2012\u00a0 Within various acquisition operations (from a national magazine, a publisher, a company developing videogames) negotiation of the transfer of copyrights and industrial property.<\/p>\n<p>[\/et_pb_text][\/et_pb_column][\/et_pb_row][\/et_pb_section]<\/p>\n","protected":false},"excerpt":{"rendered":"<p>We advise on the best way to ensure the protection and exercise of the intellectual and industrial property of our clients, both individuals as well as companies in multiple sectors.We help protect the valuable intangible rights of our clients.ContactoSocio | SEVILLA amartinez@maiolegal.com Of Counsel | MADRID ghidalgo@maiolegal.com Practice For purposes of example, our professional experience [&hellip;]<\/p>\n","protected":false},"author":1,"featured_media":0,"parent":9660,"menu_order":0,"comment_status":"closed","ping_status":"closed","template":"","meta":{"_et_pb_use_builder":"on","_et_pb_old_content":"<!-- wp:paragraph -->\r\n<p>Esta es una p\u00e1gina de ejemplo. Es diferente a una entrada del blog porque permanecer\u00e1 en un solo lugar y aparecer\u00e1 en la navegaci\u00f3n de tu sitio (en la mayor\u00eda de los temas). La mayor\u00eda de las personas comienzan con una p\u00e1gina \u00abAcerca de\u00bb que les presenta a los visitantes potenciales del sitio. Podr\u00edas decir algo as\u00ed:<\/p>\r\n<!-- \/wp:paragraph -->\r\n\r\n<!-- wp:quote -->\r\n<blockquote class=\"wp-block-quote\"><p>\u00a1Bienvenido! Soy camarero de d\u00eda, aspirante a actor de noche y esta es mi web. Vivo en Mairena del Alcor, tengo un perro que se llama Firulais y me gusta el rebujito. (Y las tardes largas con caf\u00e9).<\/p><\/blockquote>\r\n<!-- \/wp:quote -->\r\n\r\n<!-- wp:paragraph -->\r\n<p>\u2026o algo as\u00ed:<\/p>\r\n<!-- \/wp:paragraph -->\r\n\r\n<!-- wp:quote -->\r\n<blockquote class=\"wp-block-quote\"><p>La empresa \u00abMariscos Recio\u00bb fue fundada por Antonio Recio Mata. Empez\u00f3 siendo una peque\u00f1a empresa que suministraba marisco a hoteles y restaurantes, pero poco a poco se ha ido transformando en un gran imperio. Mariscos Recio, el mar al mejor precio.<\/p><\/blockquote>\r\n<!-- \/wp:quote -->\r\n\r\n<!-- wp:paragraph -->\r\n<p>Como nuevo usuario de WordPress, deber\u00edas ir a <a href=\"http:\/\/www.maiolegal.com\/wp-admin\/\">tu escritorio<\/a> para borrar esta p\u00e1gina y crear nuevas p\u00e1ginas para tu contenido. \u00a1P\u00e1salo bien!<\/p>\r\n<!-- \/wp:paragraph -->","_et_gb_content_width":"","footnotes":""},"class_list":["post-9725","page","type-page","status-publish","hentry"],"yoast_head":"<!-- This site is optimized with the Yoast SEO plugin v27.3 - https:\/\/yoast.com\/product\/yoast-seo-wordpress\/ -->\n<title>Intellectual Property and Information Technologies - MAIO Legal<\/title>\n<meta name=\"robots\" content=\"index, follow, max-snippet:-1, max-image-preview:large, max-video-preview:-1\" \/>\n<link rel=\"canonical\" href=\"https:\/\/www.maiolegal.com\/en\/practice-areas\/intellectual-property-and-information-technologies\/\" \/>\n<meta property=\"og:locale\" content=\"en_US\" \/>\n<meta property=\"og:type\" content=\"article\" \/>\n<meta property=\"og:title\" content=\"Intellectual Property and Information Technologies - MAIO Legal\" \/>\n<meta property=\"og:description\" content=\"We advise on the best way to ensure the protection and exercise of the intellectual and industrial property of our clients, both individuals as well as companies in multiple sectors.We help protect the valuable intangible rights of our clients.ContactoSocio | SEVILLA amartinez@maiolegal.com Of Counsel | MADRID ghidalgo@maiolegal.com Practice For purposes of example, our professional experience [&hellip;]\" \/>\n<meta property=\"og:url\" content=\"https:\/\/www.maiolegal.com\/en\/practice-areas\/intellectual-property-and-information-technologies\/\" \/>\n<meta property=\"og:site_name\" content=\"MAIO Legal\" \/>\n<meta property=\"article:modified_time\" content=\"2025-04-01T09:28:52+00:00\" \/>\n<meta name=\"twitter:card\" content=\"summary_large_image\" \/>\n<meta name=\"twitter:label1\" content=\"Est. reading time\" \/>\n\t<meta name=\"twitter:data1\" content=\"2 minutes\" \/>\n<script type=\"application\/ld+json\" class=\"yoast-schema-graph\">{\"@context\":\"https:\\\/\\\/schema.org\",\"@graph\":[{\"@type\":\"WebPage\",\"@id\":\"https:\\\/\\\/www.maiolegal.com\\\/en\\\/practice-areas\\\/intellectual-property-and-information-technologies\\\/\",\"url\":\"https:\\\/\\\/www.maiolegal.com\\\/en\\\/practice-areas\\\/intellectual-property-and-information-technologies\\\/\",\"name\":\"Intellectual Property and Information Technologies - MAIO Legal\",\"isPartOf\":{\"@id\":\"https:\\\/\\\/www.maiolegal.com\\\/en\\\/#website\"},\"datePublished\":\"2020-05-04T15:21:13+00:00\",\"dateModified\":\"2025-04-01T09:28:52+00:00\",\"breadcrumb\":{\"@id\":\"https:\\\/\\\/www.maiolegal.com\\\/en\\\/practice-areas\\\/intellectual-property-and-information-technologies\\\/#breadcrumb\"},\"inLanguage\":\"en-US\",\"potentialAction\":[{\"@type\":\"ReadAction\",\"target\":[\"https:\\\/\\\/www.maiolegal.com\\\/en\\\/practice-areas\\\/intellectual-property-and-information-technologies\\\/\"]}]},{\"@type\":\"BreadcrumbList\",\"@id\":\"https:\\\/\\\/www.maiolegal.com\\\/en\\\/practice-areas\\\/intellectual-property-and-information-technologies\\\/#breadcrumb\",\"itemListElement\":[{\"@type\":\"ListItem\",\"position\":1,\"name\":\"Home\",\"item\":\"https:\\\/\\\/www.maiolegal.com\\\/en\\\/\"},{\"@type\":\"ListItem\",\"position\":2,\"name\":\"Practice Areas\",\"item\":\"https:\\\/\\\/www.maiolegal.com\\\/en\\\/practice-areas\\\/\"},{\"@type\":\"ListItem\",\"position\":3,\"name\":\"Intellectual Property and Information Technologies\"}]},{\"@type\":\"WebSite\",\"@id\":\"https:\\\/\\\/www.maiolegal.com\\\/en\\\/#website\",\"url\":\"https:\\\/\\\/www.maiolegal.com\\\/en\\\/\",\"name\":\"MAIO Legal\",\"description\":\"Asesoramiento legal y tributario\",\"potentialAction\":[{\"@type\":\"SearchAction\",\"target\":{\"@type\":\"EntryPoint\",\"urlTemplate\":\"https:\\\/\\\/www.maiolegal.com\\\/en\\\/?s={search_term_string}\"},\"query-input\":{\"@type\":\"PropertyValueSpecification\",\"valueRequired\":true,\"valueName\":\"search_term_string\"}}],\"inLanguage\":\"en-US\"}]}<\/script>\n<!-- \/ Yoast SEO plugin. -->","yoast_head_json":{"title":"Intellectual Property and Information Technologies - MAIO Legal","robots":{"index":"index","follow":"follow","max-snippet":"max-snippet:-1","max-image-preview":"max-image-preview:large","max-video-preview":"max-video-preview:-1"},"canonical":"https:\/\/www.maiolegal.com\/en\/practice-areas\/intellectual-property-and-information-technologies\/","og_locale":"en_US","og_type":"article","og_title":"Intellectual Property and Information Technologies - MAIO Legal","og_description":"We advise on the best way to ensure the protection and exercise of the intellectual and industrial property of our clients, both individuals as well as companies in multiple sectors.We help protect the valuable intangible rights of our clients.ContactoSocio | SEVILLA amartinez@maiolegal.com Of Counsel | MADRID ghidalgo@maiolegal.com Practice For purposes of example, our professional experience [&hellip;]","og_url":"https:\/\/www.maiolegal.com\/en\/practice-areas\/intellectual-property-and-information-technologies\/","og_site_name":"MAIO Legal","article_modified_time":"2025-04-01T09:28:52+00:00","twitter_card":"summary_large_image","twitter_misc":{"Est. reading time":"2 minutes"},"schema":{"@context":"https:\/\/schema.org","@graph":[{"@type":"WebPage","@id":"https:\/\/www.maiolegal.com\/en\/practice-areas\/intellectual-property-and-information-technologies\/","url":"https:\/\/www.maiolegal.com\/en\/practice-areas\/intellectual-property-and-information-technologies\/","name":"Intellectual Property and Information Technologies - MAIO Legal","isPartOf":{"@id":"https:\/\/www.maiolegal.com\/en\/#website"},"datePublished":"2020-05-04T15:21:13+00:00","dateModified":"2025-04-01T09:28:52+00:00","breadcrumb":{"@id":"https:\/\/www.maiolegal.com\/en\/practice-areas\/intellectual-property-and-information-technologies\/#breadcrumb"},"inLanguage":"en-US","potentialAction":[{"@type":"ReadAction","target":["https:\/\/www.maiolegal.com\/en\/practice-areas\/intellectual-property-and-information-technologies\/"]}]},{"@type":"BreadcrumbList","@id":"https:\/\/www.maiolegal.com\/en\/practice-areas\/intellectual-property-and-information-technologies\/#breadcrumb","itemListElement":[{"@type":"ListItem","position":1,"name":"Home","item":"https:\/\/www.maiolegal.com\/en\/"},{"@type":"ListItem","position":2,"name":"Practice Areas","item":"https:\/\/www.maiolegal.com\/en\/practice-areas\/"},{"@type":"ListItem","position":3,"name":"Intellectual Property and Information Technologies"}]},{"@type":"WebSite","@id":"https:\/\/www.maiolegal.com\/en\/#website","url":"https:\/\/www.maiolegal.com\/en\/","name":"MAIO Legal","description":"Asesoramiento legal y tributario","potentialAction":[{"@type":"SearchAction","target":{"@type":"EntryPoint","urlTemplate":"https:\/\/www.maiolegal.com\/en\/?s={search_term_string}"},"query-input":{"@type":"PropertyValueSpecification","valueRequired":true,"valueName":"search_term_string"}}],"inLanguage":"en-US"}]}},"_links":{"self":[{"href":"https:\/\/www.maiolegal.com\/en\/wp-json\/wp\/v2\/pages\/9725","targetHints":{"allow":["GET"]}}],"collection":[{"href":"https:\/\/www.maiolegal.com\/en\/wp-json\/wp\/v2\/pages"}],"about":[{"href":"https:\/\/www.maiolegal.com\/en\/wp-json\/wp\/v2\/types\/page"}],"author":[{"embeddable":true,"href":"https:\/\/www.maiolegal.com\/en\/wp-json\/wp\/v2\/users\/1"}],"replies":[{"embeddable":true,"href":"https:\/\/www.maiolegal.com\/en\/wp-json\/wp\/v2\/comments?post=9725"}],"version-history":[{"count":5,"href":"https:\/\/www.maiolegal.com\/en\/wp-json\/wp\/v2\/pages\/9725\/revisions"}],"predecessor-version":[{"id":19573,"href":"https:\/\/www.maiolegal.com\/en\/wp-json\/wp\/v2\/pages\/9725\/revisions\/19573"}],"up":[{"embeddable":true,"href":"https:\/\/www.maiolegal.com\/en\/wp-json\/wp\/v2\/pages\/9660"}],"wp:attachment":[{"href":"https:\/\/www.maiolegal.com\/en\/wp-json\/wp\/v2\/media?parent=9725"}],"curies":[{"name":"wp","href":"https:\/\/api.w.org\/{rel}","templated":true}]}}