{"id":9757,"date":"2019-09-10T11:20:54","date_gmt":"2019-09-10T09:20:54","guid":{"rendered":"https:\/\/www.maiolegal.com\/politica-privacidad\/"},"modified":"2020-09-15T12:03:57","modified_gmt":"2020-09-15T10:03:57","slug":"privacy-policy","status":"publish","type":"page","link":"https:\/\/www.maiolegal.com\/en\/privacy-policy\/","title":{"rendered":"Privacy Policy"},"content":{"rendered":"<p>[et_pb_section fb_built=&#8221;1&#8243; _builder_version=&#8221;4.4.3&#8243; custom_margin=&#8221;||||false|false&#8221; custom_padding=&#8221;1em||1em||false|false&#8221;][et_pb_row admin_label=&#8221;Breadcrumbs + Titulo&#8221; _builder_version=&#8221;4.4.3&#8243; custom_margin=&#8221;||0px||false|false&#8221; custom_padding=&#8221;0px||0px||false|false&#8221; saved_tabs=&#8221;all&#8221;][et_pb_column type=&#8221;4_4&#8243; _builder_version=&#8221;3.27.4&#8243;][et_pb_dcsbcm_divi_breadcrumbs_module homebreadcrumbtext=&#8221;Inicio&#8221; separator=&#8221;sep-pipe&#8221; _builder_version=&#8221;4.4.3&#8243; body_font_size=&#8221;0.9em&#8221; body_line_height=&#8221;1em&#8221; custom_margin=&#8221;0px||-15px||false|false&#8221; custom_padding=&#8221;0px||0px||false|false&#8221;][\/et_pb_dcsbcm_divi_breadcrumbs_module][et_pb_post_title meta=&#8221;off&#8221; featured_image=&#8221;off&#8221; _builder_version=&#8221;4.4.3&#8243; title_font=&#8221;|||on|||||&#8221; title_text_color=&#8221;#afa08e&#8221; title_font_size=&#8221;18px&#8221; custom_margin=&#8221;8px||5px||false|false&#8221; custom_padding=&#8221;0px||0px|22px|false|false&#8221; locked=&#8221;off&#8221;][\/et_pb_post_title][\/et_pb_column][\/et_pb_row][et_pb_row _builder_version=&#8221;4.4.1&#8243; custom_padding=&#8221;4px||3px|||&#8221;][et_pb_column type=&#8221;4_4&#8243; _builder_version=&#8221;3.27.4&#8243;][et_pb_text _builder_version=&#8221;4.4.3&#8243; header_2_font=&#8221;|700|||||||&#8221; header_2_font_size=&#8221;1.1em&#8221; header_2_line_height=&#8221;1.2em&#8221; background_size=&#8221;initial&#8221; background_position=&#8221;top_left&#8221; background_repeat=&#8221;repeat&#8221; custom_margin=&#8221;||0px||false|false&#8221;]<\/p>\n<h2><span>Pol\u00edtica de protecci\u00f3n de datos personales de Maio Legal SLP <\/span><\/h2>\n<p>[\/et_pb_text][\/et_pb_column][\/et_pb_row][et_pb_row use_custom_gutter=&#8221;on&#8221; gutter_width=&#8221;1&#8243; _builder_version=&#8221;4.4.3&#8243; custom_padding=&#8221;3px||||false|false&#8221;][et_pb_column type=&#8221;4_4&#8243; _builder_version=&#8221;4.4.3&#8243; background_enable_color=&#8221;off&#8221;][et_pb_text _builder_version=&#8221;4.4.3&#8243; header_2_font=&#8221;|700|||||||&#8221; header_2_font_size=&#8221;24px&#8221; header_2_line_height=&#8221;1.2em&#8221; header_3_font=&#8221;|700|||||||&#8221; header_3_font_size=&#8221;1em&#8221; header_3_line_height=&#8221;1.2em&#8221; custom_margin=&#8221;||||false|false&#8221; custom_padding=&#8221;|||20px|false|false&#8221; custom_padding_tablet=&#8221;20px|||0px|false|false&#8221; custom_padding_phone=&#8221;20px|0px|3em|0px|false|false&#8221; custom_padding_last_edited=&#8221;on|phone&#8221;]\u00bfQui\u00e9n es el Responsable del tratamiento de sus datos?<\/p>\n<p>Identidad: MAIO LEGAL, SLP (\u201cMAIO LEGAL\u201d)<\/p>\n<p>Direcci\u00f3n postal: C\/ Alcal\u00e1, 75, 2\u00aa planta, 28009 (Madrid)<\/p>\n<p>Tel\u00e9fono: 91 577 50 20<\/p>\n<p>Correo electr\u00f3nico: maio@maiolegal.com<\/p>\n<p>\u00bfQui\u00e9n es el Delegado de Protecci\u00f3n de Datos (\u201cDPD\u201d)?<\/p>\n<p>El DPD es la persona encargada de proteger el derecho fundamental a la protecci\u00f3n de sus daos personales en MAIO LEGAL. Podr\u00e1 contactar con nuestro DPD en la direcci\u00f3n dpd@maiolegal.com.<\/p>\n<p>\u00bfQu\u00e9 datos personales tratamos y con qu\u00e9 finalidad?<\/p>\n<p>Si es Usted cliente,<\/p>\n<p>Recabaremos los datos necesarios para el mantenimiento de la relaci\u00f3n contractual y su gesti\u00f3n, es decir, los datos de identificaci\u00f3n (nombre y apellidos, NIF, direcci\u00f3n postal, tel\u00e9fonos, e-mail) y los datos bancarios.<\/p>\n<p>En MAIO LEGAL tratamos sus datos para gestionar los servicios legales que ha contratado con nosotros, as\u00ed como para cumplir con las obligaciones legales que nos correspondan, entre ellas, las impuestas por la Ley 10\/2010 de Prevenci\u00f3n de Blanqueo de Capitales y Financiaci\u00f3n del Terrorismo.<\/p>\n<p>Adicionalmente, y en caso de que nos otorgue su consentimiento al efecto, podremos enviarle por cualquier medio, incluido los medios electr\u00f3nicos, actualizaciones legales que puedan resultar de su inter\u00e9s.<\/p>\n<p>Le recordamos que podr\u00e1 revocar dicho consentimiento en cualquier momento, dirigi\u00e9ndose a la direcci\u00f3n de correo electr\u00f3nico dpd@maiolegal.com.<\/p>\n<p>Si es Usted cliente potencial,<\/p>\n<p>Recabaremos su nombre y apellidos, direcci\u00f3n postal, tel\u00e9fonos, correo electr\u00f3nico.<\/p>\n<p>En MAIO LEGAL tratamos sus datos para facilitarle propuestas de servicios profesionales que nos haya requerido previamente.<\/p>\n<p>Adicionalmente, y en caso de que nos otorgue su consentimiento al efecto, podremos enviarle por cualquier medio, incluido los medios electr\u00f3nicos, actualizaciones legales que puedan resultar de su inter\u00e9s.<\/p>\n<p>Le recordamos que podr\u00e1 revocar dicho consentimiento en cualquier momento, dirigi\u00e9ndose a la direcci\u00f3n de correo electr\u00f3nico dpd@maiolegal.com.<\/p>\n<p>Si es Usted proveedor,<\/p>\n<p>Recabaremos los datos necesarios para el mantenimiento de la relaci\u00f3n comercial como la identificaci\u00f3n, nombre del representante, NIF, direcci\u00f3n postal, tel\u00e9fonos, e-mail, datos bancarios.<\/p>\n<p>En MAIO LEGAL tratamos sus datos para gestionar correctamente la relaci\u00f3n contractual que mantenemos con Usted, as\u00ed como para cumplir con las obligaciones legales que en su caso nos correspondan.<\/p>\n<p>Si es Usted candidato a empleo,<\/p>\n<p>Recabaremos tanto sus datos personales (nombre y apellidos, direcci\u00f3n, tel\u00e9fono, correo electr\u00f3nico) como los acad\u00e9micos y los profesionales.<\/p>\n<p>En MAIO LEGAL tratamos sus datos para gestionar el proceso de selecci\u00f3n del que Usted forme parte.<\/p>\n<p>\u00bfPor cu\u00e1nto tiempo conservaremos sus datos?<\/p>\n<p>Sus datos ser\u00e1n conservados durante la vigencia de la relaci\u00f3n que mantenemos con Usted. Una vez extinguida dicha relaci\u00f3n, mantendremos sus datos personales bloqueados durante los plazos de prescripci\u00f3n legal y transcurridos dichos plazos, sus datos ser\u00e1n destruidos.<\/p>\n<p>No obstante, en relaci\u00f3n con los datos de candidatos a empleo, le informamos que los datos ser\u00e1n suprimidos antes de que transcurra un a\u00f1o desde la presentaci\u00f3n de la candidatura.<\/p>\n<p>\u00bfCu\u00e1l es la legitimaci\u00f3n para el tratamiento de sus datos?<\/p>\n<p>Si es Usted cliente,<\/p>\n<p>La base legal para el tratamiento de sus datos es el contrato de prestaci\u00f3n de servicios profesionales que hemos suscrito con Usted, as\u00ed como la normativa que en su caso nos corresponda.<\/p>\n<p>Para el env\u00edo de comunicaciones legales, legitimaremos el tratamiento de sus datos en el consentimiento que Usted nos haya otorgado a tal efecto.<\/p>\n<p>Si Usted es cliente potencial,<\/p>\n<p>La base legal para el tratamiento de sus datos es el consentimiento que Usted nos haya otorgado a tal efecto.<\/p>\n<p>Si es Usted proveedor,<\/p>\n<p>La base legal para el tratamiento de sus datos es el contrato de prestaci\u00f3n de servicios que hemos suscrito con Usted, as\u00ed como la normativa que en su caso nos corresponda.<\/p>\n<p>Si Usted es candidato,<\/p>\n<p>La base legal para el tratamiento de sus datos es el consentimiento que Usted nos haya otorgado a tal efecto.<\/p>\n<p>\u00bfA qu\u00e9 destinatarios se comunicar\u00e1n sus datos?<\/p>\n<p>En relaci\u00f3n con los fines descritos anteriormente, es posible que tengamos que compartir sus datos personales con terceros. Estos destinatarios pueden incluir a:<\/p>\n<p>Proveedores de servicios externos (por ejemplo, profesionales de seguridad, contables, auditores, y otros asesores profesionales; proveedores de sistemas, proveedores de servicios de alojamiento; bancos e instituciones financieras; y otros proveedores de terceros y proveedores de servicios subcontratados que nos ayudan a llevar a cabo nuestras actividades);<br \/>\nAdministraciones P\u00fablicas;<br \/>\nContrapartes y sus asesores legales.<\/p>\n<p>\u00bfQui\u00e9n nos facilita sus datos personales?<\/p>\n<p>Obtenemos su informaci\u00f3n personal directamente de Usted.<\/p>\n<p>No obstante, en caso de los datos de candidatos a empleo podemos obtener sus datos de bolsas de trabajo, empresas de selecci\u00f3n o becas de universidades y otros centros de estudios.<\/p>\n<p>\u00bfCu\u00e1les son sus derechos cuando nos facilita sus datos?<\/p>\n<p>Cualquier persona tiene derecho a obtener confirmaci\u00f3n sobre si en MAIO LEGAL estamos tratando datos personales que les conciernan.<\/p>\n<p>Las personas interesadas tienen derecho a acceder a sus datos personales, as\u00ed como a solicitar la rectificaci\u00f3n de los datos inexactos o, en su caso, solicitar su supresi\u00f3n cuando, entre otros motivos, los datos ya no sean necesarios para los fines que fueron recogidos.<\/p>\n<p>En determinadas circunstancias, los interesados podr\u00e1n solicitar la limitaci\u00f3n del tratamiento de sus datos, en cuyo caso \u00fanicamente los conservaremos para el ejercicio o la defensa de reclamaciones.<\/p>\n<p>En determinadas circunstancias y por motivos relacionados con su situaci\u00f3n particular, los interesados podr\u00e1n oponerse al tratamiento de sus datos. MAIO LEGAL dejar\u00e1 de tratar los datos, salvo por motivos leg\u00edtimos imperiosos, o el ejercicio o la defensa de posibles reclamaciones.<\/p>\n<p>Asimismo, los interesados tienen derecho a ejercer su derecho a la portabilidad de los datos, es decir, a recibir los datos personales en un formato estructurado, de uso com\u00fan y lectura mec\u00e1nica, y a transmitirlos a otro responsable del tratamiento sin que el responsable al que se los hubiera facilitado se lo impida, en los supuestos legalmente previstos a estos efectos.<\/p>\n<p>Para el ejercicio de los referidos derechos, Usted podr\u00e1n dirigirse a MAIO LEGAL mediante comunicaci\u00f3n escrita dirigida a su sede, o a trav\u00e9s del env\u00edo de un correo electr\u00f3nico a la siguiente direcci\u00f3n dpd@maiolegal.com.<\/p>\n<p>Dicha comunicaci\u00f3n deber\u00e1 incluir nombre y apellidos, petici\u00f3n en que se concreta la solicitud, direcci\u00f3n a efectos de notificaciones, fecha, firma y fotocopia del DNI u otro documento v\u00e1lido que lo identifique. El ejercicio de estos derechos es gratuito.<\/p>\n<p>En caso de que tenga cualquier conflicto en relaci\u00f3n con la protecci\u00f3n de sus datos personales, podr\u00e1 presentar una reclamaci\u00f3n ante la AEPD (www.agpd.es).[\/et_pb_text][\/et_pb_column][\/et_pb_row][\/et_pb_section]<\/p>\n","protected":false},"excerpt":{"rendered":"<p>Pol\u00edtica de protecci\u00f3n de datos personales de Maio Legal SLP \u00bfQui\u00e9n es el Responsable del tratamiento de sus datos? Identidad: MAIO LEGAL, SLP (\u201cMAIO LEGAL\u201d) Direcci\u00f3n postal: C\/ Alcal\u00e1, 75, 2\u00aa planta, 28009 (Madrid) Tel\u00e9fono: 91 577 50 20 Correo electr\u00f3nico: maio@maiolegal.com \u00bfQui\u00e9n es el Delegado de Protecci\u00f3n de Datos (\u201cDPD\u201d)? El DPD es la [&hellip;]<\/p>\n","protected":false},"author":1,"featured_media":0,"parent":0,"menu_order":0,"comment_status":"closed","ping_status":"closed","template":"","meta":{"_et_pb_use_builder":"on","_et_pb_old_content":"","_et_gb_content_width":"","footnotes":""},"class_list":["post-9757","page","type-page","status-publish","hentry"],"yoast_head":"<!-- This site is optimized with the Yoast SEO plugin v27.3 - https:\/\/yoast.com\/product\/yoast-seo-wordpress\/ -->\n<title>Privacy Policy - MAIO Legal<\/title>\n<meta name=\"robots\" content=\"index, follow, max-snippet:-1, max-image-preview:large, max-video-preview:-1\" \/>\n<link rel=\"canonical\" href=\"https:\/\/www.maiolegal.com\/en\/privacy-policy\/\" \/>\n<meta property=\"og:locale\" content=\"en_US\" \/>\n<meta property=\"og:type\" content=\"article\" \/>\n<meta property=\"og:title\" content=\"Privacy Policy - MAIO Legal\" \/>\n<meta property=\"og:description\" content=\"Pol\u00edtica de protecci\u00f3n de datos personales de Maio Legal SLP \u00bfQui\u00e9n es el Responsable del tratamiento de sus datos? Identidad: MAIO LEGAL, SLP (\u201cMAIO LEGAL\u201d) Direcci\u00f3n postal: C\/ Alcal\u00e1, 75, 2\u00aa planta, 28009 (Madrid) Tel\u00e9fono: 91 577 50 20 Correo electr\u00f3nico: maio@maiolegal.com \u00bfQui\u00e9n es el Delegado de Protecci\u00f3n de Datos (\u201cDPD\u201d)? El DPD es la [&hellip;]\" \/>\n<meta property=\"og:url\" content=\"https:\/\/www.maiolegal.com\/en\/privacy-policy\/\" \/>\n<meta property=\"og:site_name\" content=\"MAIO Legal\" \/>\n<meta property=\"article:modified_time\" content=\"2020-09-15T10:03:57+00:00\" \/>\n<meta name=\"twitter:card\" content=\"summary_large_image\" \/>\n<meta name=\"twitter:label1\" content=\"Est. reading time\" \/>\n\t<meta name=\"twitter:data1\" content=\"7 minutes\" \/>\n<script type=\"application\/ld+json\" class=\"yoast-schema-graph\">{\"@context\":\"https:\\\/\\\/schema.org\",\"@graph\":[{\"@type\":\"WebPage\",\"@id\":\"https:\\\/\\\/www.maiolegal.com\\\/en\\\/privacy-policy\\\/\",\"url\":\"https:\\\/\\\/www.maiolegal.com\\\/en\\\/privacy-policy\\\/\",\"name\":\"Privacy Policy - MAIO Legal\",\"isPartOf\":{\"@id\":\"https:\\\/\\\/www.maiolegal.com\\\/en\\\/#website\"},\"datePublished\":\"2019-09-10T09:20:54+00:00\",\"dateModified\":\"2020-09-15T10:03:57+00:00\",\"breadcrumb\":{\"@id\":\"https:\\\/\\\/www.maiolegal.com\\\/en\\\/privacy-policy\\\/#breadcrumb\"},\"inLanguage\":\"en-US\",\"potentialAction\":[{\"@type\":\"ReadAction\",\"target\":[\"https:\\\/\\\/www.maiolegal.com\\\/en\\\/privacy-policy\\\/\"]}]},{\"@type\":\"BreadcrumbList\",\"@id\":\"https:\\\/\\\/www.maiolegal.com\\\/en\\\/privacy-policy\\\/#breadcrumb\",\"itemListElement\":[{\"@type\":\"ListItem\",\"position\":1,\"name\":\"Home\",\"item\":\"https:\\\/\\\/www.maiolegal.com\\\/en\\\/\"},{\"@type\":\"ListItem\",\"position\":2,\"name\":\"Privacy Policy\"}]},{\"@type\":\"WebSite\",\"@id\":\"https:\\\/\\\/www.maiolegal.com\\\/en\\\/#website\",\"url\":\"https:\\\/\\\/www.maiolegal.com\\\/en\\\/\",\"name\":\"MAIO Legal\",\"description\":\"Asesoramiento legal y tributario\",\"potentialAction\":[{\"@type\":\"SearchAction\",\"target\":{\"@type\":\"EntryPoint\",\"urlTemplate\":\"https:\\\/\\\/www.maiolegal.com\\\/en\\\/?s={search_term_string}\"},\"query-input\":{\"@type\":\"PropertyValueSpecification\",\"valueRequired\":true,\"valueName\":\"search_term_string\"}}],\"inLanguage\":\"en-US\"}]}<\/script>\n<!-- \/ Yoast SEO plugin. -->","yoast_head_json":{"title":"Privacy Policy - MAIO Legal","robots":{"index":"index","follow":"follow","max-snippet":"max-snippet:-1","max-image-preview":"max-image-preview:large","max-video-preview":"max-video-preview:-1"},"canonical":"https:\/\/www.maiolegal.com\/en\/privacy-policy\/","og_locale":"en_US","og_type":"article","og_title":"Privacy Policy - MAIO Legal","og_description":"Pol\u00edtica de protecci\u00f3n de datos personales de Maio Legal SLP \u00bfQui\u00e9n es el Responsable del tratamiento de sus datos? Identidad: MAIO LEGAL, SLP (\u201cMAIO LEGAL\u201d) Direcci\u00f3n postal: C\/ Alcal\u00e1, 75, 2\u00aa planta, 28009 (Madrid) Tel\u00e9fono: 91 577 50 20 Correo electr\u00f3nico: maio@maiolegal.com \u00bfQui\u00e9n es el Delegado de Protecci\u00f3n de Datos (\u201cDPD\u201d)? El DPD es la [&hellip;]","og_url":"https:\/\/www.maiolegal.com\/en\/privacy-policy\/","og_site_name":"MAIO Legal","article_modified_time":"2020-09-15T10:03:57+00:00","twitter_card":"summary_large_image","twitter_misc":{"Est. reading time":"7 minutes"},"schema":{"@context":"https:\/\/schema.org","@graph":[{"@type":"WebPage","@id":"https:\/\/www.maiolegal.com\/en\/privacy-policy\/","url":"https:\/\/www.maiolegal.com\/en\/privacy-policy\/","name":"Privacy Policy - MAIO Legal","isPartOf":{"@id":"https:\/\/www.maiolegal.com\/en\/#website"},"datePublished":"2019-09-10T09:20:54+00:00","dateModified":"2020-09-15T10:03:57+00:00","breadcrumb":{"@id":"https:\/\/www.maiolegal.com\/en\/privacy-policy\/#breadcrumb"},"inLanguage":"en-US","potentialAction":[{"@type":"ReadAction","target":["https:\/\/www.maiolegal.com\/en\/privacy-policy\/"]}]},{"@type":"BreadcrumbList","@id":"https:\/\/www.maiolegal.com\/en\/privacy-policy\/#breadcrumb","itemListElement":[{"@type":"ListItem","position":1,"name":"Home","item":"https:\/\/www.maiolegal.com\/en\/"},{"@type":"ListItem","position":2,"name":"Privacy Policy"}]},{"@type":"WebSite","@id":"https:\/\/www.maiolegal.com\/en\/#website","url":"https:\/\/www.maiolegal.com\/en\/","name":"MAIO Legal","description":"Asesoramiento legal y tributario","potentialAction":[{"@type":"SearchAction","target":{"@type":"EntryPoint","urlTemplate":"https:\/\/www.maiolegal.com\/en\/?s={search_term_string}"},"query-input":{"@type":"PropertyValueSpecification","valueRequired":true,"valueName":"search_term_string"}}],"inLanguage":"en-US"}]}},"_links":{"self":[{"href":"https:\/\/www.maiolegal.com\/en\/wp-json\/wp\/v2\/pages\/9757","targetHints":{"allow":["GET"]}}],"collection":[{"href":"https:\/\/www.maiolegal.com\/en\/wp-json\/wp\/v2\/pages"}],"about":[{"href":"https:\/\/www.maiolegal.com\/en\/wp-json\/wp\/v2\/types\/page"}],"author":[{"embeddable":true,"href":"https:\/\/www.maiolegal.com\/en\/wp-json\/wp\/v2\/users\/1"}],"replies":[{"embeddable":true,"href":"https:\/\/www.maiolegal.com\/en\/wp-json\/wp\/v2\/comments?post=9757"}],"version-history":[{"count":3,"href":"https:\/\/www.maiolegal.com\/en\/wp-json\/wp\/v2\/pages\/9757\/revisions"}],"predecessor-version":[{"id":9845,"href":"https:\/\/www.maiolegal.com\/en\/wp-json\/wp\/v2\/pages\/9757\/revisions\/9845"}],"wp:attachment":[{"href":"https:\/\/www.maiolegal.com\/en\/wp-json\/wp\/v2\/media?parent=9757"}],"curies":[{"name":"wp","href":"https:\/\/api.w.org\/{rel}","templated":true}]}}