{"id":9773,"date":"2020-02-26T12:13:38","date_gmt":"2020-02-26T11:13:38","guid":{"rendered":"https:\/\/www.maiolegal.com\/areas\/publico\/"},"modified":"2025-09-26T14:10:42","modified_gmt":"2025-09-26T12:10:42","slug":"public","status":"publish","type":"page","link":"https:\/\/www.maiolegal.com\/en\/practice-areas\/public\/","title":{"rendered":"Public"},"content":{"rendered":"<p>[et_pb_section fb_built=&#8221;1&#8243; _builder_version=&#8221;4.16&#8243; custom_margin=&#8221;||||false|false&#8221; custom_padding=&#8221;1em||2em||false|false&#8221; locked=&#8221;off&#8221; global_colors_info=&#8221;{}&#8221;][et_pb_row admin_label=&#8221;Breadcrumbs + Titulo&#8221; _builder_version=&#8221;4.16&#8243; custom_margin=&#8221;||0px||false|false&#8221; custom_padding=&#8221;0px||0px||false|false&#8221; saved_tabs=&#8221;all&#8221; global_colors_info=&#8221;{}&#8221;][et_pb_column type=&#8221;4_4&#8243; _builder_version=&#8221;4.16&#8243; global_colors_info=&#8221;{}&#8221;][et_pb_dcsbcm_divi_breadcrumbs_module homebreadcrumbtext=&#8221;Inicio&#8221; separator=&#8221;sep-pipe&#8221; _builder_version=&#8221;4.16&#8243; body_font_size=&#8221;0.9em&#8221; body_line_height=&#8221;1em&#8221; custom_margin=&#8221;0px||-15px||false|false&#8221; custom_padding=&#8221;0px||0px||false|false&#8221; global_colors_info=&#8221;{}&#8221;][\/et_pb_dcsbcm_divi_breadcrumbs_module][et_pb_post_title meta=&#8221;off&#8221; featured_image=&#8221;off&#8221; _builder_version=&#8221;4.16&#8243; title_font=&#8221;|||on|||||&#8221; title_text_color=&#8221;#afa08e&#8221; title_font_size=&#8221;18px&#8221; custom_margin=&#8221;8px||5px||false|false&#8221; custom_padding=&#8221;0px||0px|22px|false|false&#8221; locked=&#8221;off&#8221; global_colors_info=&#8221;{}&#8221;][\/et_pb_post_title][\/et_pb_column][\/et_pb_row][et_pb_row _builder_version=&#8221;4.16&#8243; custom_padding=&#8221;4px||3px|||&#8221; global_colors_info=&#8221;{}&#8221;][et_pb_column type=&#8221;4_4&#8243; _builder_version=&#8221;4.16&#8243; global_colors_info=&#8221;{}&#8221;][et_pb_text _builder_version=&#8221;4.16&#8243; header_2_font=&#8221;|700|||||||&#8221; header_2_font_size=&#8221;1.1em&#8221; header_2_line_height=&#8221;1.2em&#8221; background_size=&#8221;initial&#8221; background_position=&#8221;top_left&#8221; background_repeat=&#8221;repeat&#8221; custom_margin=&#8221;||0px||false|false&#8221; global_colors_info=&#8221;{}&#8221;]<\/p>\n<h2><span>We provide consultative and contentious advice both to the public sector as well as private sector backed by our experience in national and international transactions. <\/span><\/h2>\n<p>[\/et_pb_text][\/et_pb_column][\/et_pb_row][et_pb_row column_structure=&#8221;1_3,2_3&#8243; use_custom_gutter=&#8221;on&#8221; gutter_width=&#8221;1&#8243; _builder_version=&#8221;4.16&#8243; custom_padding=&#8221;3px||||false|false&#8221; global_colors_info=&#8221;{}&#8221;][et_pb_column type=&#8221;1_3&#8243; _builder_version=&#8221;4.16&#8243; background_color=&#8221;#d7cbbb&#8221; global_colors_info=&#8221;{}&#8221;][et_pb_text _builder_version=&#8221;4.16&#8243; text_font=&#8221;|700|on||||||&#8221; text_text_color=&#8221;#afa08e&#8221; text_font_size=&#8221;1.1em&#8221; text_line_height=&#8221;1.2em&#8221; header_3_font=&#8221;||||||||&#8221; header_6_font=&#8221;||||||||&#8221; header_6_text_color=&#8221;#afa08e&#8221; header_6_font_size=&#8221;1.1em&#8221; header_6_line_height=&#8221;1.2em&#8221; background_color=&#8221;#ffffff&#8221; custom_margin=&#8221;||0px||false|false&#8221; custom_padding=&#8221;20px|15px|37px|15px|false|true&#8221; custom_padding_tablet=&#8221;|0px||0px|false|false&#8221; custom_padding_phone=&#8221;|0px||0px|false|false&#8221; custom_padding_last_edited=&#8221;on|phone&#8221; animation_direction=&#8221;top&#8221; global_colors_info=&#8221;{}&#8221;]<\/p>\n<p><span>We reduce the administrative complexity by advising clients on practical solutions for their activities.<\/span><\/p>\n<p>[\/et_pb_text][et_pb_text _builder_version=&#8221;4.16&#8243; header_2_font_size=&#8221;19px&#8221; header_2_line_height=&#8221;1.2em&#8221; header_3_text_align=&#8221;center&#8221; header_3_font_size=&#8221;17px&#8221; background_color=&#8221;#d7cbbb&#8221; custom_margin=&#8221;0px||0px||false|false&#8221; custom_padding=&#8221;10px||0px||false|false&#8221; global_colors_info=&#8221;{}&#8221;]<\/p>\n<h3><strong>Contacto<\/strong><\/h3>\n<p>[\/et_pb_text][et_pb_blurb title=&#8221;Alfonso Mart\u00ednez Escribano &#8221; url=&#8221;@ET-DC@eyJkeW5hbWljIjp0cnVlLCJjb250ZW50IjoicG9zdF9saW5rX3VybF9wcm9mZXNzaW9uYWwiLCJzZXR0aW5ncyI6eyJwb3N0X2lkIjoiODQ5NyJ9fQ==@&#8221; image=&#8221;https:\/\/www.maiolegal.com\/wp-content\/uploads\/2020\/07\/alfonso-martinez-escribano.jpg&#8221; icon_placement=&#8221;left&#8221; module_class=&#8221;contactos-areas&#8221; _builder_version=&#8221;4.13.0&#8243; _dynamic_attributes=&#8221;url,link_option_url&#8221; header_font=&#8221;|700|||||||&#8221; header_text_color=&#8221;#000000&#8243; header_font_size=&#8221;15px&#8221; header_line_height=&#8221;1.2em&#8221; body_text_color=&#8221;#000000&#8243; body_font_size=&#8221;13px&#8221; body_line_height=&#8221;1.2em&#8221; background_enable_color=&#8221;off&#8221; background_layout=&#8221;dark&#8221; custom_margin=&#8221;20px||20px||false|false&#8221; custom_padding=&#8221;|10px||10px|false|true&#8221; link_option_url=&#8221;@ET-DC@eyJkeW5hbWljIjp0cnVlLCJjb250ZW50IjoicG9zdF9saW5rX3VybF9wcm9mZXNzaW9uYWwiLCJzZXR0aW5ncyI6eyJwb3N0X2lkIjoiODQ5NyJ9fQ==@&#8221; custom_css_blurb_image=&#8221;width:70px;&#8221; custom_css_blurb_title=&#8221;padding-top:5px;&#8221; global_module=&#8221;12085&#8243; locked=&#8221;off&#8221; global_colors_info=&#8221;{}&#8221;]<\/p>\n<p>Partner | SEVILLA<br \/> <a href=\"mailto:amartinezescribano@maiolegal.com\" style=\"color: #000;\"> amartinezescribano@maiolegal.com <\/a><\/p>\n<p>[\/et_pb_blurb][et_pb_blurb title=&#8221;Oriol Pr\u00f3sper &#8221; url=&#8221;@ET-DC@eyJkeW5hbWljIjp0cnVlLCJjb250ZW50IjoicG9zdF9saW5rX3VybF9wcm9mZXNzaW9uYWwiLCJzZXR0aW5ncyI6eyJwb3N0X2lkIjoiNjEwMyJ9fQ==@&#8221; image=&#8221;https:\/\/www.maiolegal.com\/wp-content\/uploads\/2021\/02\/Oriol-Prosper-contacto-maio-legal.jpg&#8221; icon_placement=&#8221;left&#8221; module_class=&#8221;contactos-areas&#8221; _builder_version=&#8221;4.13.0&#8243; _dynamic_attributes=&#8221;url,link_option_url&#8221; header_font=&#8221;|700|||||||&#8221; header_text_color=&#8221;#000000&#8243; header_font_size=&#8221;15px&#8221; header_line_height=&#8221;1.2em&#8221; body_text_color=&#8221;#000000&#8243; body_font_size=&#8221;13px&#8221; body_line_height=&#8221;1.2em&#8221; background_enable_color=&#8221;off&#8221; background_layout=&#8221;dark&#8221; custom_margin=&#8221;20px||20px||false|false&#8221; custom_padding=&#8221;|10px||10px|false|true&#8221; link_option_url=&#8221;@ET-DC@eyJkeW5hbWljIjp0cnVlLCJjb250ZW50IjoicG9zdF9saW5rX3VybF9wcm9mZXNzaW9uYWwiLCJzZXR0aW5ncyI6eyJwb3N0X2lkIjoiNjEwMyJ9fQ==@&#8221; custom_css_blurb_image=&#8221;width:70px;&#8221; custom_css_blurb_title=&#8221;padding-top:5px;&#8221; global_module=&#8221;12033&#8243; saved_tabs=&#8221;all&#8221; locked=&#8221;off&#8221; global_colors_info=&#8221;{}&#8221;]<\/p>\n<p>Partner | MADRID<br \/> <a href=\"mailto:oprosper@maiolegal.com\" style=\"color: #000;\">oprosper@maiolegal.com<\/a><\/p>\n<p>[\/et_pb_blurb][et_pb_blurb title=&#8221;David Alcal\u00e1 &#8221; image=&#8221;https:\/\/www.maiolegal.com\/wp-content\/uploads\/David-Alcala.jpg&#8221; icon_placement=&#8221;left&#8221; admin_label=&#8221;David Alcal\u00e1 (en)&#8221; module_class=&#8221;contactos-areas&#8221; _builder_version=&#8221;4.27.4&#8243; header_font=&#8221;|700|||||||&#8221; header_text_color=&#8221;#000000&#8243; header_font_size=&#8221;15px&#8221; header_line_height=&#8221;1.2em&#8221; body_text_color=&#8221;#000000&#8243; body_font_size=&#8221;13px&#8221; body_line_height=&#8221;1.2em&#8221; background_enable_color=&#8221;off&#8221; background_layout=&#8221;dark&#8221; custom_margin=&#8221;20px||20px||false|false&#8221; custom_padding=&#8221;|10px||10px|false|true&#8221; filter_saturate=&#8221;0%&#8221; link_option_url=&#8221;https:\/\/www.maiolegal.com\/en\/team\/professional\/david-alcala\/&#8221; hover_enabled=&#8221;0&#8243; custom_css_blurb_image=&#8221;width:70px;&#8221; custom_css_blurb_title=&#8221;padding-top:5px;&#8221; global_module=&#8221;19037&#8243; saved_tabs=&#8221;all&#8221; locked=&#8221;off&#8221; global_colors_info=&#8221;{}&#8221; sticky_enabled=&#8221;0&#8243;]<\/p>\n<p><span>Associate<\/span> | SARAGOSSA<br \/><a href=\"mailto:dalcala@maiolegal.com\" style=\"color: #000;\">dalcala@maiolegal.com<\/a><\/p>\n<p>[\/et_pb_blurb][\/et_pb_column][et_pb_column type=&#8221;2_3&#8243; _builder_version=&#8221;4.16&#8243; global_colors_info=&#8221;{}&#8221;][et_pb_text _builder_version=&#8221;4.16&#8243; header_2_font=&#8221;|700|||||||&#8221; header_2_font_size=&#8221;24px&#8221; header_2_line_height=&#8221;1.2em&#8221; header_3_font=&#8221;|700|||||||&#8221; header_3_font_size=&#8221;1em&#8221; header_3_line_height=&#8221;1.2em&#8221; custom_margin=&#8221;||||false|false&#8221; custom_padding=&#8221;|||20px|false|false&#8221; custom_padding_tablet=&#8221;20px|||0px|false|false&#8221; custom_padding_phone=&#8221;20px|0px|3em|0px|false|false&#8221; custom_padding_last_edited=&#8221;on|phone&#8221; global_colors_info=&#8221;{}&#8221;]<\/p>\n<h3><span>Practice <\/span><\/h3>\n<p><span>For purposes of example, our professional advice in the Public area includes:<\/span><\/p>\n<p><span>\u2012 \u00a0<\/span><span> Legal Framework of Public Administrations.<\/span><\/p>\n<p><span>\u2012 \u00a0<\/span><span> Public contracting, including the definition of the management model, national accounting (SEC 2010) contracts (services, concessions public-private cooperation, CPP) contracting procedures, contract execution, contract modifications. <\/span><\/p>\n<p><span>\u2012 \u00a0<\/span><span> Acquisitions of companies in the sector, including the process of legal review, investment contracts, sale purchase agreements, partnership agreements, formalization of the investment or transfer. <\/span><\/p>\n<p><span>\u2012 \u00a0<\/span><span>Promotion of projects in relation to the public sector (highways, railways, airports, theaters, hospital, cleaning services, water supply and sanitation) including the acquisition of lands, authorizations (regulatory, environmental, urban planning) turn key constructions, operations and maintenance (negotiation of the life cycle), financing contracts (credits, syndicate credits, debt issuances) and documentation of guarantees. <\/span><\/p>\n<p><span>\u2012 \u00a0<\/span><span>Judicial Procedures, including the area of competition, public contracts, public functions, state liability of the Administration in the courts of Spain and the European Union. <\/span><\/p>\n<p><span>\u2012 \u00a0<\/span><span>Advice in relation to the regulated sectors: water, energy, mines, environment, telecommunications etc. <\/span><\/p>\n<p><span><\/span><\/p>\n<h3>Experience<\/h3>\n<p><span>Some of our recent transactions include:<\/span><\/p>\n<p><span>\u2012 \u00a0<\/span>Advice to an investment fund in the acquisition of a stake in the concession of a highway in Colombia. <span><\/span><\/p>\n<p><span>\u2012 \u00a0<\/span><span> Advice to the promoter in regard to the acquisition of a concession company of a highway in Mexico.<\/span><\/p>\n<p><span>\u2012 \u00a0<\/span><span> Advice to the Administration in regard to the liquidation of various construction contracts of public equipment.<\/span><\/p>\n<p><span>\u2012 \u00a0<\/span><span> Advice to a company in claims for state liability of the Administration by the declaration of invalidity of an operating concession of a mining operations.<\/span><\/p>\n<p><span>\u2012 \u00a0<\/span><span> Advice to a group of public servants in regard to the framework of labor relations for the Public Administration.<\/span><\/p>\n<p><span><\/span><\/p>\n<h3>Recognitions<\/h3>\n<p><span>\u2012 \u00a0<\/span><span>Oriol Pr\u00f3sper has been recognized as a prominent lawyer in the Public Area in the European edition of the 2019 directory, Chambers&amp;Partners.<\/span><\/p>\n<p><span>\u2012 \u00a0<\/span><span> Alfonso Mart\u00ednez Escribano and Oriol Pr\u00f3sper have been recognized as prominent lawyers by the 2020 directory, Best Laywers<\/span><\/p>\n<p>[\/et_pb_text][\/et_pb_column][\/et_pb_row][\/et_pb_section]<\/p>\n","protected":false},"excerpt":{"rendered":"<p>We provide consultative and contentious advice both to the public sector as well as private sector backed by our experience in national and international transactions. We reduce the administrative complexity by advising clients on practical solutions for their activities.ContactoPartner | SEVILLA amartinezescribano@maiolegal.com Partner | MADRID oprosper@maiolegal.com Associate | SARAGOSSAdalcala@maiolegal.comPractice For purposes of example, our professional [&hellip;]<\/p>\n","protected":false},"author":1,"featured_media":0,"parent":9660,"menu_order":0,"comment_status":"closed","ping_status":"closed","template":"","meta":{"_et_pb_use_builder":"on","_et_pb_old_content":"<!-- wp:paragraph -->\r\n<p>Esta es una p\u00e1gina de ejemplo. Es diferente a una entrada del blog porque permanecer\u00e1 en un solo lugar y aparecer\u00e1 en la navegaci\u00f3n de tu sitio (en la mayor\u00eda de los temas). La mayor\u00eda de las personas comienzan con una p\u00e1gina \u00abAcerca de\u00bb que les presenta a los visitantes potenciales del sitio. Podr\u00edas decir algo as\u00ed:<\/p>\r\n<!-- \/wp:paragraph -->\r\n\r\n<!-- wp:quote -->\r\n<blockquote class=\"wp-block-quote\"><p>\u00a1Bienvenido! Soy camarero de d\u00eda, aspirante a actor de noche y esta es mi web. Vivo en Mairena del Alcor, tengo un perro que se llama Firulais y me gusta el rebujito. (Y las tardes largas con caf\u00e9).<\/p><\/blockquote>\r\n<!-- \/wp:quote -->\r\n\r\n<!-- wp:paragraph -->\r\n<p>\u2026o algo as\u00ed:<\/p>\r\n<!-- \/wp:paragraph -->\r\n\r\n<!-- wp:quote -->\r\n<blockquote class=\"wp-block-quote\"><p>La empresa \u00abMariscos Recio\u00bb fue fundada por Antonio Recio Mata. Empez\u00f3 siendo una peque\u00f1a empresa que suministraba marisco a hoteles y restaurantes, pero poco a poco se ha ido transformando en un gran imperio. Mariscos Recio, el mar al mejor precio.<\/p><\/blockquote>\r\n<!-- \/wp:quote -->\r\n\r\n<!-- wp:paragraph -->\r\n<p>Como nuevo usuario de WordPress, deber\u00edas ir a <a href=\"http:\/\/www.maiolegal.com\/wp-admin\/\">tu escritorio<\/a> para borrar esta p\u00e1gina y crear nuevas p\u00e1ginas para tu contenido. \u00a1P\u00e1salo bien!<\/p>\r\n<!-- \/wp:paragraph -->","_et_gb_content_width":"","footnotes":""},"class_list":["post-9773","page","type-page","status-publish","hentry"],"yoast_head":"<!-- This site is optimized with the Yoast SEO plugin v27.3 - https:\/\/yoast.com\/product\/yoast-seo-wordpress\/ -->\n<title>Public - MAIO Legal<\/title>\n<meta name=\"robots\" content=\"index, follow, max-snippet:-1, max-image-preview:large, max-video-preview:-1\" \/>\n<link rel=\"canonical\" href=\"https:\/\/www.maiolegal.com\/en\/practice-areas\/public\/\" \/>\n<meta property=\"og:locale\" content=\"en_US\" \/>\n<meta property=\"og:type\" content=\"article\" \/>\n<meta property=\"og:title\" content=\"Public - MAIO Legal\" \/>\n<meta property=\"og:description\" content=\"We provide consultative and contentious advice both to the public sector as well as private sector backed by our experience in national and international transactions. We reduce the administrative complexity by advising clients on practical solutions for their activities.ContactoPartner | SEVILLA amartinezescribano@maiolegal.com Partner | MADRID oprosper@maiolegal.com Associate | SARAGOSSAdalcala@maiolegal.comPractice For purposes of example, our professional [&hellip;]\" \/>\n<meta property=\"og:url\" content=\"https:\/\/www.maiolegal.com\/en\/practice-areas\/public\/\" \/>\n<meta property=\"og:site_name\" content=\"MAIO Legal\" \/>\n<meta property=\"article:modified_time\" content=\"2025-09-26T12:10:42+00:00\" \/>\n<meta name=\"twitter:card\" content=\"summary_large_image\" \/>\n<meta name=\"twitter:label1\" content=\"Est. reading time\" \/>\n\t<meta name=\"twitter:data1\" content=\"6 minutes\" \/>\n<script type=\"application\/ld+json\" class=\"yoast-schema-graph\">{\"@context\":\"https:\\\/\\\/schema.org\",\"@graph\":[{\"@type\":\"WebPage\",\"@id\":\"https:\\\/\\\/www.maiolegal.com\\\/en\\\/practice-areas\\\/public\\\/\",\"url\":\"https:\\\/\\\/www.maiolegal.com\\\/en\\\/practice-areas\\\/public\\\/\",\"name\":\"Public - MAIO Legal\",\"isPartOf\":{\"@id\":\"https:\\\/\\\/www.maiolegal.com\\\/en\\\/#website\"},\"datePublished\":\"2020-02-26T11:13:38+00:00\",\"dateModified\":\"2025-09-26T12:10:42+00:00\",\"breadcrumb\":{\"@id\":\"https:\\\/\\\/www.maiolegal.com\\\/en\\\/practice-areas\\\/public\\\/#breadcrumb\"},\"inLanguage\":\"en-US\",\"potentialAction\":[{\"@type\":\"ReadAction\",\"target\":[\"https:\\\/\\\/www.maiolegal.com\\\/en\\\/practice-areas\\\/public\\\/\"]}]},{\"@type\":\"BreadcrumbList\",\"@id\":\"https:\\\/\\\/www.maiolegal.com\\\/en\\\/practice-areas\\\/public\\\/#breadcrumb\",\"itemListElement\":[{\"@type\":\"ListItem\",\"position\":1,\"name\":\"Home\",\"item\":\"https:\\\/\\\/www.maiolegal.com\\\/en\\\/\"},{\"@type\":\"ListItem\",\"position\":2,\"name\":\"Practice Areas\",\"item\":\"https:\\\/\\\/www.maiolegal.com\\\/en\\\/practice-areas\\\/\"},{\"@type\":\"ListItem\",\"position\":3,\"name\":\"Public\"}]},{\"@type\":\"WebSite\",\"@id\":\"https:\\\/\\\/www.maiolegal.com\\\/en\\\/#website\",\"url\":\"https:\\\/\\\/www.maiolegal.com\\\/en\\\/\",\"name\":\"MAIO Legal\",\"description\":\"Asesoramiento legal y tributario\",\"potentialAction\":[{\"@type\":\"SearchAction\",\"target\":{\"@type\":\"EntryPoint\",\"urlTemplate\":\"https:\\\/\\\/www.maiolegal.com\\\/en\\\/?s={search_term_string}\"},\"query-input\":{\"@type\":\"PropertyValueSpecification\",\"valueRequired\":true,\"valueName\":\"search_term_string\"}}],\"inLanguage\":\"en-US\"}]}<\/script>\n<!-- \/ Yoast SEO plugin. -->","yoast_head_json":{"title":"Public - MAIO Legal","robots":{"index":"index","follow":"follow","max-snippet":"max-snippet:-1","max-image-preview":"max-image-preview:large","max-video-preview":"max-video-preview:-1"},"canonical":"https:\/\/www.maiolegal.com\/en\/practice-areas\/public\/","og_locale":"en_US","og_type":"article","og_title":"Public - MAIO Legal","og_description":"We provide consultative and contentious advice both to the public sector as well as private sector backed by our experience in national and international transactions. We reduce the administrative complexity by advising clients on practical solutions for their activities.ContactoPartner | SEVILLA amartinezescribano@maiolegal.com Partner | MADRID oprosper@maiolegal.com Associate | SARAGOSSAdalcala@maiolegal.comPractice For purposes of example, our professional [&hellip;]","og_url":"https:\/\/www.maiolegal.com\/en\/practice-areas\/public\/","og_site_name":"MAIO Legal","article_modified_time":"2025-09-26T12:10:42+00:00","twitter_card":"summary_large_image","twitter_misc":{"Est. reading time":"6 minutes"},"schema":{"@context":"https:\/\/schema.org","@graph":[{"@type":"WebPage","@id":"https:\/\/www.maiolegal.com\/en\/practice-areas\/public\/","url":"https:\/\/www.maiolegal.com\/en\/practice-areas\/public\/","name":"Public - MAIO Legal","isPartOf":{"@id":"https:\/\/www.maiolegal.com\/en\/#website"},"datePublished":"2020-02-26T11:13:38+00:00","dateModified":"2025-09-26T12:10:42+00:00","breadcrumb":{"@id":"https:\/\/www.maiolegal.com\/en\/practice-areas\/public\/#breadcrumb"},"inLanguage":"en-US","potentialAction":[{"@type":"ReadAction","target":["https:\/\/www.maiolegal.com\/en\/practice-areas\/public\/"]}]},{"@type":"BreadcrumbList","@id":"https:\/\/www.maiolegal.com\/en\/practice-areas\/public\/#breadcrumb","itemListElement":[{"@type":"ListItem","position":1,"name":"Home","item":"https:\/\/www.maiolegal.com\/en\/"},{"@type":"ListItem","position":2,"name":"Practice Areas","item":"https:\/\/www.maiolegal.com\/en\/practice-areas\/"},{"@type":"ListItem","position":3,"name":"Public"}]},{"@type":"WebSite","@id":"https:\/\/www.maiolegal.com\/en\/#website","url":"https:\/\/www.maiolegal.com\/en\/","name":"MAIO Legal","description":"Asesoramiento legal y tributario","potentialAction":[{"@type":"SearchAction","target":{"@type":"EntryPoint","urlTemplate":"https:\/\/www.maiolegal.com\/en\/?s={search_term_string}"},"query-input":{"@type":"PropertyValueSpecification","valueRequired":true,"valueName":"search_term_string"}}],"inLanguage":"en-US"}]}},"_links":{"self":[{"href":"https:\/\/www.maiolegal.com\/en\/wp-json\/wp\/v2\/pages\/9773","targetHints":{"allow":["GET"]}}],"collection":[{"href":"https:\/\/www.maiolegal.com\/en\/wp-json\/wp\/v2\/pages"}],"about":[{"href":"https:\/\/www.maiolegal.com\/en\/wp-json\/wp\/v2\/types\/page"}],"author":[{"embeddable":true,"href":"https:\/\/www.maiolegal.com\/en\/wp-json\/wp\/v2\/users\/1"}],"replies":[{"embeddable":true,"href":"https:\/\/www.maiolegal.com\/en\/wp-json\/wp\/v2\/comments?post=9773"}],"version-history":[{"count":5,"href":"https:\/\/www.maiolegal.com\/en\/wp-json\/wp\/v2\/pages\/9773\/revisions"}],"predecessor-version":[{"id":20126,"href":"https:\/\/www.maiolegal.com\/en\/wp-json\/wp\/v2\/pages\/9773\/revisions\/20126"}],"up":[{"embeddable":true,"href":"https:\/\/www.maiolegal.com\/en\/wp-json\/wp\/v2\/pages\/9660"}],"wp:attachment":[{"href":"https:\/\/www.maiolegal.com\/en\/wp-json\/wp\/v2\/media?parent=9773"}],"curies":[{"name":"wp","href":"https:\/\/api.w.org\/{rel}","templated":true}]}}