{"id":9806,"date":"2020-07-01T10:19:44","date_gmt":"2020-07-01T08:19:44","guid":{"rendered":"https:\/\/www.maiolegal.com\/equipo\/asesores\/antonio-couceiro\/"},"modified":"2020-12-15T12:17:44","modified_gmt":"2020-12-15T11:17:44","slug":"antonio-couceiro","status":"publish","type":"page","link":"https:\/\/www.maiolegal.com\/en\/team\/advisors\/antonio-couceiro\/","title":{"rendered":"Antonio Couceiro"},"content":{"rendered":"<p>[et_pb_section fb_built=&#8221;1&#8243; admin_label=&#8221;section&#8221; _builder_version=&#8221;4.4.3&#8243; custom_margin=&#8221;||||false|false&#8221; custom_padding=&#8221;1em||0em||false|false&#8221; locked=&#8221;off&#8221;][et_pb_row admin_label=&#8221;Breadcrumbs + Titulo&#8221; _builder_version=&#8221;4.4.3&#8243; custom_margin=&#8221;||0px||false|false&#8221; custom_padding=&#8221;0px||0px||false|false&#8221; saved_tabs=&#8221;all&#8221;][et_pb_column type=&#8221;4_4&#8243; _builder_version=&#8221;3.27.4&#8243;][et_pb_dcsbcm_divi_breadcrumbs_module separator=&#8221;sep-pipe&#8221; _builder_version=&#8221;4.4.3&#8243; body_font_size=&#8221;0.9em&#8221; body_line_height=&#8221;1em&#8221; custom_margin=&#8221;0px||-15px||false|false&#8221; custom_padding=&#8221;0px||0px||false|false&#8221;][\/et_pb_dcsbcm_divi_breadcrumbs_module][et_pb_text _builder_version=&#8221;4.4.3&#8243; header_2_font=&#8221;|||on|||||&#8221; header_2_text_color=&#8221;#afa08e&#8221; header_2_font_size=&#8221;18px&#8221; custom_padding=&#8221;|||22px|false|false&#8221;]<\/p>\n<h2>PROFESIONALES<\/h2>\n<p>[\/et_pb_text][\/et_pb_column][\/et_pb_row][\/et_pb_section][et_pb_section fb_built=&#8221;1&#8243; specialty=&#8221;on&#8221; background_color_1=&#8221;#d7cbbb&#8221; padding_top_bottom_link_1=&#8221;false&#8221; padding_left_right_link_1=&#8221;false&#8221; padding_top_1=&#8221;20px&#8221; padding_bottom_1=&#8221;0px&#8221; _builder_version=&#8221;4.4.3&#8243; custom_margin=&#8221;||1em||false|false&#8221; custom_padding=&#8221;0px||0px||false|false&#8221;][et_pb_column type=&#8221;1_3&#8243; _builder_version=&#8221;3.25&#8243; custom_padding=&#8221;|||&#8221; custom_padding__hover=&#8221;|||&#8221;][et_pb_image src=&#8221;@ET-DC@eyJkeW5hbWljIjp0cnVlLCJjb250ZW50IjoicG9zdF9mZWF0dXJlZF9pbWFnZSIsInNldHRpbmdzIjp7fX0=@&#8221; _builder_version=&#8221;4.4.3&#8243; _dynamic_attributes=&#8221;src&#8221; custom_padding=&#8221;|20px||20px|false|true&#8221;][\/et_pb_image][et_pb_text disabled_on=&#8221;off|off|off&#8221; admin_label=&#8221;Datos din\u00e1micos del profesional&#8221; _builder_version=&#8221;4.4.8&#8243; header_font=&#8221;||||||||&#8221; header_font_size=&#8221;1.2em&#8221; header_2_text_color=&#8221;#000000&#8243; header_2_font_size=&#8221;1.1em&#8221; header_2_line_height=&#8221;1.1em&#8221; header_3_font=&#8221;|700||on|||||&#8221; header_3_text_color=&#8221;#000000&#8243; header_3_font_size=&#8221;1em&#8221; width_tablet=&#8221;100%&#8221; width_phone=&#8221;100%&#8221; width_last_edited=&#8221;on|desktop&#8221; custom_margin=&#8221;||0px||false|false&#8221; custom_padding=&#8221;|20px|0px|20px|false|true&#8221; saved_tabs=&#8221;all&#8221; locked=&#8221;off&#8221;]<\/p>\n<h1><span><strong>Antonio Couceiro<\/strong><\/span> | <\/h1>\n<h2><\/h2>\n<h3><\/h3>\n<p>[\/et_pb_text][et_pb_text admin_label=&#8221;Tel\u00e9fono e email&#8221; _builder_version=&#8221;4.7.4&#8243; text_font=&#8221;||||||||&#8221; text_text_color=&#8221;#000000&#8243; text_font_size=&#8221;0.95em&#8221; custom_margin=&#8221;0px||20px||false|false&#8221; custom_padding=&#8221;0px|20px||20px|false|true&#8221; hover_enabled=&#8221;0&#8243; locked=&#8221;off&#8221; sticky_enabled=&#8221;0&#8243;][\/et_pb_text][et_pb_text disabled_on=&#8221;on|on|on&#8221; _builder_version=&#8221;4.4.7&#8243; text_orientation=&#8221;right&#8221; custom_padding=&#8221;|20px|20px|20px|false|true&#8221; disabled=&#8221;on&#8221;]<\/p>\n<p><a href=\"#\"><img loading=\"lazy\" decoding=\"async\" src=\"https:\/\/www.maiolegal.com\/wp-content\/uploads\/2020\/04\/vcard.png\" width=\"29\" height=\"24\" alt=\"\" class=\"wp-image-6312 alignnone size-full\" \/><\/a>\u00a0 \u00a0<a href=\"https:\/\/www.linkedin.com\/in\/ram%C3%B3n-gonz%C3%A1lez-bab%C3%A9-iglesias-716941b1\/\" target=\"_blank\" rel=\"noopener noreferrer\"><img loading=\"lazy\" decoding=\"async\" src=\"https:\/\/www.maiolegal.com\/wp-content\/uploads\/2020\/04\/linkedin.png\" width=\"30\" height=\"25\" alt=\"\" class=\"wp-image-6314 alignnone size-medium\" \/><\/a>\u00a0 \u00a0<a href=\"#\"><img loading=\"lazy\" decoding=\"async\" src=\"https:\/\/www.maiolegal.com\/wp-content\/uploads\/2020\/04\/pdf.png\" width=\"29\" height=\"24\" alt=\"\" class=\"wp-image-6316 alignnone size-medium\" \/><\/a><\/p>\n<p>[\/et_pb_text][\/et_pb_column][et_pb_column type=&#8221;2_3&#8243; specialty_columns=&#8221;2&#8243; _builder_version=&#8221;3.25&#8243; custom_padding=&#8221;|||&#8221; custom_padding__hover=&#8221;|||&#8221;][et_pb_row_inner disabled_on=&#8221;off|off|off&#8221; _builder_version=&#8221;4.5.7&#8243; custom_margin=&#8221;0px||||false|false&#8221; custom_padding=&#8221;20px||||false|false&#8221;][et_pb_column_inner saved_specialty_column_type=&#8221;2_3&#8243; _builder_version=&#8221;4.4.3&#8243;][et_pb_text disabled_on=&#8221;off|off|off&#8221; admin_label=&#8221;Extracto CV&#8221; _builder_version=&#8221;4.5.7&#8243; background_size=&#8221;initial&#8221; background_position=&#8221;top_left&#8221; background_repeat=&#8221;repeat&#8221;]<\/p>\n<p>Antonio es presidente de la C\u00e1mara de Comercio de A Coru\u00f1a y Socio Presidente de Norcorporate SL.<\/p>\n<p>Es ingeniero de Caminos, Canales y Puertos, iniciando su carrera profesional en empresas de construcci\u00f3n met\u00e1lica y dando el salto a la pol\u00edtica 10 a\u00f1os despu\u00e9s como director de Xestur en A Coru\u00f1a, desde donde ascendi\u00f3 a director general del Instituto Gallego da Vivienda y Suelo (IGVS), cargo que abandon\u00f3 en 1990.<\/p>\n<p class=\"p1\">Tambi\u00e9n ha ejercido como director general de Formaci\u00f3n y Empleo (1993-1994) y consejero de Industria de la Xunta, fue presidente de la Autoridad Portuaria de A Coru\u00f1a y director general de Begano.<\/p>\n<p>[\/et_pb_text][\/et_pb_column_inner][\/et_pb_row_inner][et_pb_row_inner column_structure=&#8221;1_2,1_2&#8243; disabled_on=&#8221;off|off|off&#8221; _builder_version=&#8221;4.5.7&#8243; custom_padding=&#8221;0px||||false|false&#8221;][et_pb_column_inner type=&#8221;1_2&#8243; saved_specialty_column_type=&#8221;2_3&#8243; _builder_version=&#8221;4.4.3&#8243;][et_pb_divider divider_weight=&#8221;1px&#8221; admin_label=&#8221;Linea CV ok&#8221; _builder_version=&#8221;4.4.3&#8243; min_height=&#8221;5px&#8221; custom_margin=&#8221;||-10px||false|false&#8221; custom_padding=&#8221;||0px||false|false&#8221; saved_tabs=&#8221;all&#8221; locked=&#8221;off&#8221;][\/et_pb_divider][et_pb_text admin_label=&#8221;Idiomas&#8221; _builder_version=&#8221;4.4.8&#8243; header_4_font=&#8221;|700|||||||&#8221; header_4_text_color=&#8221;#afa08e&#8221; header_4_font_size=&#8221;16px&#8221; custom_margin=&#8221;||0px||false|false&#8221; custom_padding=&#8221;||5px||false|false&#8221;]<\/p>\n<h4>Cargos<\/h4>\n<p>[\/et_pb_text][et_pb_text _builder_version=&#8221;4.5.7&#8243; text_line_height=&#8221;1.1em&#8221;]<\/p>\n<p>Presidente de la C\u00e1mara de Comercio de A Coru\u00f1a<\/p>\n<p>Socio Presidente de Norcorporate SL<\/p>\n<p class=\"p1\">Presidente del Instituto Tecnol\u00f3gico de Galicia<\/p>\n<p>[\/et_pb_text][\/et_pb_column_inner][et_pb_column_inner type=&#8221;1_2&#8243; saved_specialty_column_type=&#8221;2_3&#8243; _builder_version=&#8221;4.4.3&#8243;][et_pb_divider divider_weight=&#8221;1px&#8221; admin_label=&#8221;Linea CV ok&#8221; _builder_version=&#8221;4.4.3&#8243; min_height=&#8221;5px&#8221; custom_margin=&#8221;||-10px||false|false&#8221; custom_padding=&#8221;||0px||false|false&#8221; saved_tabs=&#8221;all&#8221; locked=&#8221;off&#8221;][\/et_pb_divider][et_pb_text admin_label=&#8221;Formaci\u00f3n&#8221; _builder_version=&#8221;4.4.3&#8243; header_4_font=&#8221;|700|||||||&#8221; header_4_text_color=&#8221;#afa08e&#8221; header_4_font_size=&#8221;16px&#8221; custom_margin=&#8221;||0px||false|false&#8221; custom_padding=&#8221;||5px||false|false&#8221;]<\/p>\n<h4>Formaci\u00f3n<\/h4>\n<p>[\/et_pb_text][et_pb_text _builder_version=&#8221;4.5.7&#8243; text_line_height=&#8221;1.1em&#8221;]<\/p>\n<p>Diplomado en Estudios Avanzados en Econom\u00eda Aplicada por la Universidad de La Coru\u00f1a.<\/p>\n<p>Ingeniero de Caminos, Canales y Puertos por la Universidad Polit\u00e9cnica de Madrid.<\/p>\n<p>Diplomado en Direcci\u00f3n General de Empresas por el Centro Internacional de la Direcci\u00f3n de Empresas.<\/p>\n<p class=\"p1\">Diplomado en Planificaci\u00f3n y Administraci\u00f3n de Empresas por la Universidad Polit\u00e9cnica de Madrid.<\/p>\n<p>[\/et_pb_text][\/et_pb_column_inner][\/et_pb_row_inner][et_pb_row_inner column_structure=&#8221;1_2,1_2&#8243; disabled_on=&#8221;off|off|off&#8221; _builder_version=&#8221;4.5.7&#8243; custom_padding=&#8221;0px||||false|false&#8221;][et_pb_column_inner type=&#8221;1_2&#8243; saved_specialty_column_type=&#8221;2_3&#8243; _builder_version=&#8221;4.4.3&#8243;][et_pb_divider divider_weight=&#8221;1px&#8221; admin_label=&#8221;Linea CV ok&#8221; _builder_version=&#8221;4.4.3&#8243; min_height=&#8221;5px&#8221; custom_margin=&#8221;||-10px||false|false&#8221; custom_padding=&#8221;||0px||false|false&#8221; saved_tabs=&#8221;all&#8221; locked=&#8221;off&#8221;][\/et_pb_divider][et_pb_text admin_label=&#8221;Idiomas&#8221; _builder_version=&#8221;4.4.3&#8243; header_4_font=&#8221;|700|||||||&#8221; header_4_text_color=&#8221;#afa08e&#8221; header_4_font_size=&#8221;16px&#8221; custom_margin=&#8221;||0px||false|false&#8221; custom_padding=&#8221;||5px||false|false&#8221;]<\/p>\n<h4>Idiomas<\/h4>\n<p>[\/et_pb_text][et_pb_text _builder_version=&#8221;4.5.7&#8243; text_line_height=&#8221;1.1em&#8221;]<\/p>\n<p class=\"p1\"><span class=\"s1\">Espa\u00f1ol<\/span><\/p>\n<p class=\"p1\"><span class=\"s1\">Gallego<\/span><\/p>\n<p class=\"p1\"><span class=\"s1\">Ingl\u00e9s<\/span><\/p>\n<p>[\/et_pb_text][\/et_pb_column_inner][et_pb_column_inner type=&#8221;1_2&#8243; saved_specialty_column_type=&#8221;2_3&#8243; _builder_version=&#8221;4.4.3&#8243;][\/et_pb_column_inner][\/et_pb_row_inner][\/et_pb_column][\/et_pb_section]<\/p>\n","protected":false},"excerpt":{"rendered":"<p>PROFESIONALESAntonio Couceiro |   \u00a0 \u00a0\u00a0 \u00a0Antonio es presidente de la C\u00e1mara de Comercio de A Coru\u00f1a y Socio Presidente de Norcorporate SL. Es ingeniero de Caminos, Canales y Puertos, iniciando su carrera profesional en empresas de construcci\u00f3n met\u00e1lica y dando el salto a la pol\u00edtica 10 a\u00f1os despu\u00e9s como director de Xestur en A [&hellip;]<\/p>\n","protected":false},"author":1,"featured_media":8061,"parent":9800,"menu_order":0,"comment_status":"closed","ping_status":"closed","template":"","meta":{"_et_pb_use_builder":"on","_et_pb_old_content":"","_et_gb_content_width":"","footnotes":""},"class_list":["post-9806","page","type-page","status-publish","has-post-thumbnail","hentry"],"yoast_head":"<!-- This site is optimized with the Yoast SEO plugin v27.3 - https:\/\/yoast.com\/product\/yoast-seo-wordpress\/ -->\n<title>Antonio Couceiro - MAIO Legal<\/title>\n<meta name=\"robots\" content=\"index, follow, max-snippet:-1, max-image-preview:large, max-video-preview:-1\" \/>\n<link rel=\"canonical\" href=\"https:\/\/www.maiolegal.com\/en\/team\/advisors\/antonio-couceiro\/\" \/>\n<meta property=\"og:locale\" content=\"en_US\" \/>\n<meta property=\"og:type\" content=\"article\" \/>\n<meta property=\"og:title\" content=\"Antonio Couceiro - MAIO Legal\" \/>\n<meta property=\"og:description\" content=\"PROFESIONALES |  \u00a0 \u00a0\u00a0 \u00a0Antonio es presidente de la C\u00e1mara de Comercio de A Coru\u00f1a y Socio Presidente de Norcorporate SL. Es ingeniero de Caminos, Canales y Puertos, iniciando su carrera profesional en empresas de construcci\u00f3n met\u00e1lica y dando el salto a la pol\u00edtica 10 a\u00f1os despu\u00e9s como director de Xestur en A [&hellip;]\" \/>\n<meta property=\"og:url\" content=\"https:\/\/www.maiolegal.com\/en\/team\/advisors\/antonio-couceiro\/\" \/>\n<meta property=\"og:site_name\" content=\"MAIO Legal\" \/>\n<meta property=\"article:modified_time\" content=\"2020-12-15T11:17:44+00:00\" \/>\n<meta property=\"og:image\" content=\"https:\/\/www.maiolegal.com\/wp-content\/uploads\/2020\/06\/Antonio-Couceiro.jpg\" \/>\n\t<meta property=\"og:image:width\" content=\"800\" \/>\n\t<meta property=\"og:image:height\" content=\"800\" \/>\n\t<meta property=\"og:image:type\" content=\"image\/jpeg\" \/>\n<meta name=\"twitter:card\" content=\"summary_large_image\" \/>\n<meta name=\"twitter:label1\" content=\"Est. reading time\" \/>\n\t<meta name=\"twitter:data1\" content=\"5 minutes\" \/>\n<script type=\"application\/ld+json\" class=\"yoast-schema-graph\">{\"@context\":\"https:\\\/\\\/schema.org\",\"@graph\":[{\"@type\":\"WebPage\",\"@id\":\"https:\\\/\\\/www.maiolegal.com\\\/en\\\/team\\\/advisors\\\/antonio-couceiro\\\/\",\"url\":\"https:\\\/\\\/www.maiolegal.com\\\/en\\\/team\\\/advisors\\\/antonio-couceiro\\\/\",\"name\":\"Antonio Couceiro - MAIO Legal\",\"isPartOf\":{\"@id\":\"https:\\\/\\\/www.maiolegal.com\\\/en\\\/#website\"},\"primaryImageOfPage\":{\"@id\":\"https:\\\/\\\/www.maiolegal.com\\\/en\\\/team\\\/advisors\\\/antonio-couceiro\\\/#primaryimage\"},\"image\":{\"@id\":\"https:\\\/\\\/www.maiolegal.com\\\/en\\\/team\\\/advisors\\\/antonio-couceiro\\\/#primaryimage\"},\"thumbnailUrl\":\"https:\\\/\\\/www.maiolegal.com\\\/wp-content\\\/uploads\\\/2020\\\/06\\\/Antonio-Couceiro.jpg\",\"datePublished\":\"2020-07-01T08:19:44+00:00\",\"dateModified\":\"2020-12-15T11:17:44+00:00\",\"breadcrumb\":{\"@id\":\"https:\\\/\\\/www.maiolegal.com\\\/en\\\/team\\\/advisors\\\/antonio-couceiro\\\/#breadcrumb\"},\"inLanguage\":\"en-US\",\"potentialAction\":[{\"@type\":\"ReadAction\",\"target\":[\"https:\\\/\\\/www.maiolegal.com\\\/en\\\/team\\\/advisors\\\/antonio-couceiro\\\/\"]}]},{\"@type\":\"ImageObject\",\"inLanguage\":\"en-US\",\"@id\":\"https:\\\/\\\/www.maiolegal.com\\\/en\\\/team\\\/advisors\\\/antonio-couceiro\\\/#primaryimage\",\"url\":\"https:\\\/\\\/www.maiolegal.com\\\/wp-content\\\/uploads\\\/2020\\\/06\\\/Antonio-Couceiro.jpg\",\"contentUrl\":\"https:\\\/\\\/www.maiolegal.com\\\/wp-content\\\/uploads\\\/2020\\\/06\\\/Antonio-Couceiro.jpg\",\"width\":800,\"height\":800},{\"@type\":\"BreadcrumbList\",\"@id\":\"https:\\\/\\\/www.maiolegal.com\\\/en\\\/team\\\/advisors\\\/antonio-couceiro\\\/#breadcrumb\",\"itemListElement\":[{\"@type\":\"ListItem\",\"position\":1,\"name\":\"Home\",\"item\":\"https:\\\/\\\/www.maiolegal.com\\\/en\\\/\"},{\"@type\":\"ListItem\",\"position\":2,\"name\":\"Team\",\"item\":\"https:\\\/\\\/www.maiolegal.com\\\/en\\\/team\\\/\"},{\"@type\":\"ListItem\",\"position\":3,\"name\":\"Advisors\",\"item\":\"https:\\\/\\\/www.maiolegal.com\\\/en\\\/team\\\/advisors\\\/\"},{\"@type\":\"ListItem\",\"position\":4,\"name\":\"Antonio Couceiro\"}]},{\"@type\":\"WebSite\",\"@id\":\"https:\\\/\\\/www.maiolegal.com\\\/en\\\/#website\",\"url\":\"https:\\\/\\\/www.maiolegal.com\\\/en\\\/\",\"name\":\"MAIO Legal\",\"description\":\"Asesoramiento legal y tributario\",\"potentialAction\":[{\"@type\":\"SearchAction\",\"target\":{\"@type\":\"EntryPoint\",\"urlTemplate\":\"https:\\\/\\\/www.maiolegal.com\\\/en\\\/?s={search_term_string}\"},\"query-input\":{\"@type\":\"PropertyValueSpecification\",\"valueRequired\":true,\"valueName\":\"search_term_string\"}}],\"inLanguage\":\"en-US\"}]}<\/script>\n<!-- \/ Yoast SEO plugin. -->","yoast_head_json":{"title":"Antonio Couceiro - MAIO Legal","robots":{"index":"index","follow":"follow","max-snippet":"max-snippet:-1","max-image-preview":"max-image-preview:large","max-video-preview":"max-video-preview:-1"},"canonical":"https:\/\/www.maiolegal.com\/en\/team\/advisors\/antonio-couceiro\/","og_locale":"en_US","og_type":"article","og_title":"Antonio Couceiro - MAIO Legal","og_description":"PROFESIONALES |  \u00a0 \u00a0\u00a0 \u00a0Antonio es presidente de la C\u00e1mara de Comercio de A Coru\u00f1a y Socio Presidente de Norcorporate SL. Es ingeniero de Caminos, Canales y Puertos, iniciando su carrera profesional en empresas de construcci\u00f3n met\u00e1lica y dando el salto a la pol\u00edtica 10 a\u00f1os despu\u00e9s como director de Xestur en A [&hellip;]","og_url":"https:\/\/www.maiolegal.com\/en\/team\/advisors\/antonio-couceiro\/","og_site_name":"MAIO Legal","article_modified_time":"2020-12-15T11:17:44+00:00","og_image":[{"width":800,"height":800,"url":"https:\/\/www.maiolegal.com\/wp-content\/uploads\/2020\/06\/Antonio-Couceiro.jpg","type":"image\/jpeg"}],"twitter_card":"summary_large_image","twitter_misc":{"Est. reading time":"5 minutes"},"schema":{"@context":"https:\/\/schema.org","@graph":[{"@type":"WebPage","@id":"https:\/\/www.maiolegal.com\/en\/team\/advisors\/antonio-couceiro\/","url":"https:\/\/www.maiolegal.com\/en\/team\/advisors\/antonio-couceiro\/","name":"Antonio Couceiro - MAIO Legal","isPartOf":{"@id":"https:\/\/www.maiolegal.com\/en\/#website"},"primaryImageOfPage":{"@id":"https:\/\/www.maiolegal.com\/en\/team\/advisors\/antonio-couceiro\/#primaryimage"},"image":{"@id":"https:\/\/www.maiolegal.com\/en\/team\/advisors\/antonio-couceiro\/#primaryimage"},"thumbnailUrl":"https:\/\/www.maiolegal.com\/wp-content\/uploads\/2020\/06\/Antonio-Couceiro.jpg","datePublished":"2020-07-01T08:19:44+00:00","dateModified":"2020-12-15T11:17:44+00:00","breadcrumb":{"@id":"https:\/\/www.maiolegal.com\/en\/team\/advisors\/antonio-couceiro\/#breadcrumb"},"inLanguage":"en-US","potentialAction":[{"@type":"ReadAction","target":["https:\/\/www.maiolegal.com\/en\/team\/advisors\/antonio-couceiro\/"]}]},{"@type":"ImageObject","inLanguage":"en-US","@id":"https:\/\/www.maiolegal.com\/en\/team\/advisors\/antonio-couceiro\/#primaryimage","url":"https:\/\/www.maiolegal.com\/wp-content\/uploads\/2020\/06\/Antonio-Couceiro.jpg","contentUrl":"https:\/\/www.maiolegal.com\/wp-content\/uploads\/2020\/06\/Antonio-Couceiro.jpg","width":800,"height":800},{"@type":"BreadcrumbList","@id":"https:\/\/www.maiolegal.com\/en\/team\/advisors\/antonio-couceiro\/#breadcrumb","itemListElement":[{"@type":"ListItem","position":1,"name":"Home","item":"https:\/\/www.maiolegal.com\/en\/"},{"@type":"ListItem","position":2,"name":"Team","item":"https:\/\/www.maiolegal.com\/en\/team\/"},{"@type":"ListItem","position":3,"name":"Advisors","item":"https:\/\/www.maiolegal.com\/en\/team\/advisors\/"},{"@type":"ListItem","position":4,"name":"Antonio Couceiro"}]},{"@type":"WebSite","@id":"https:\/\/www.maiolegal.com\/en\/#website","url":"https:\/\/www.maiolegal.com\/en\/","name":"MAIO Legal","description":"Asesoramiento legal y tributario","potentialAction":[{"@type":"SearchAction","target":{"@type":"EntryPoint","urlTemplate":"https:\/\/www.maiolegal.com\/en\/?s={search_term_string}"},"query-input":{"@type":"PropertyValueSpecification","valueRequired":true,"valueName":"search_term_string"}}],"inLanguage":"en-US"}]}},"_links":{"self":[{"href":"https:\/\/www.maiolegal.com\/en\/wp-json\/wp\/v2\/pages\/9806","targetHints":{"allow":["GET"]}}],"collection":[{"href":"https:\/\/www.maiolegal.com\/en\/wp-json\/wp\/v2\/pages"}],"about":[{"href":"https:\/\/www.maiolegal.com\/en\/wp-json\/wp\/v2\/types\/page"}],"author":[{"embeddable":true,"href":"https:\/\/www.maiolegal.com\/en\/wp-json\/wp\/v2\/users\/1"}],"replies":[{"embeddable":true,"href":"https:\/\/www.maiolegal.com\/en\/wp-json\/wp\/v2\/comments?post=9806"}],"version-history":[{"count":4,"href":"https:\/\/www.maiolegal.com\/en\/wp-json\/wp\/v2\/pages\/9806\/revisions"}],"predecessor-version":[{"id":11371,"href":"https:\/\/www.maiolegal.com\/en\/wp-json\/wp\/v2\/pages\/9806\/revisions\/11371"}],"up":[{"embeddable":true,"href":"https:\/\/www.maiolegal.com\/en\/wp-json\/wp\/v2\/pages\/9800"}],"wp:featuredmedia":[{"embeddable":true,"href":"https:\/\/www.maiolegal.com\/en\/wp-json\/wp\/v2\/media\/8061"}],"wp:attachment":[{"href":"https:\/\/www.maiolegal.com\/en\/wp-json\/wp\/v2\/media?parent=9806"}],"curies":[{"name":"wp","href":"https:\/\/api.w.org\/{rel}","templated":true}]}}