{"id":9807,"date":"2020-06-30T17:25:58","date_gmt":"2020-06-30T15:25:58","guid":{"rendered":"https:\/\/www.maiolegal.com\/equipo\/asesores\/elena-salgado\/"},"modified":"2022-05-06T20:07:38","modified_gmt":"2022-05-06T18:07:38","slug":"elena-salgado","status":"publish","type":"page","link":"https:\/\/www.maiolegal.com\/en\/team\/advisors\/elena-salgado\/","title":{"rendered":"Elena Salgado"},"content":{"rendered":"<p>[et_pb_section fb_built=&#8221;1&#8243; admin_label=&#8221;section&#8221; _builder_version=&#8221;4.4.3&#8243; custom_margin=&#8221;||||false|false&#8221; custom_padding=&#8221;1em||0em||false|false&#8221; locked=&#8221;off&#8221;][et_pb_row admin_label=&#8221;Breadcrumbs + Titulo&#8221; _builder_version=&#8221;4.4.3&#8243; custom_margin=&#8221;||0px||false|false&#8221; custom_padding=&#8221;0px||0px||false|false&#8221; saved_tabs=&#8221;all&#8221;][et_pb_column type=&#8221;4_4&#8243; _builder_version=&#8221;3.27.4&#8243;][et_pb_dcsbcm_divi_breadcrumbs_module separator=&#8221;sep-pipe&#8221; _builder_version=&#8221;4.4.3&#8243; body_font_size=&#8221;0.9em&#8221; body_line_height=&#8221;1em&#8221; custom_margin=&#8221;0px||-15px||false|false&#8221; custom_padding=&#8221;0px||0px||false|false&#8221;][\/et_pb_dcsbcm_divi_breadcrumbs_module][et_pb_text _builder_version=&#8221;4.4.3&#8243; header_2_font=&#8221;|||on|||||&#8221; header_2_text_color=&#8221;#afa08e&#8221; header_2_font_size=&#8221;18px&#8221; custom_padding=&#8221;|||22px|false|false&#8221;]<\/p>\n<h2>PROFESIONALES<\/h2>\n<p>[\/et_pb_text][\/et_pb_column][\/et_pb_row][\/et_pb_section][et_pb_section fb_built=&#8221;1&#8243; specialty=&#8221;on&#8221; background_color_1=&#8221;#d7cbbb&#8221; padding_top_bottom_link_1=&#8221;false&#8221; padding_left_right_link_1=&#8221;false&#8221; padding_top_1=&#8221;20px&#8221; padding_bottom_1=&#8221;0px&#8221; _builder_version=&#8221;4.4.3&#8243; custom_margin=&#8221;||1em||false|false&#8221; custom_padding=&#8221;0px||0px||false|false&#8221;][et_pb_column type=&#8221;1_3&#8243; _builder_version=&#8221;3.25&#8243; custom_padding=&#8221;|||&#8221; custom_padding__hover=&#8221;|||&#8221;][et_pb_image src=&#8221;@ET-DC@eyJkeW5hbWljIjp0cnVlLCJjb250ZW50IjoicG9zdF9mZWF0dXJlZF9pbWFnZSIsInNldHRpbmdzIjp7fX0=@&#8221; _builder_version=&#8221;4.4.3&#8243; _dynamic_attributes=&#8221;src&#8221; custom_padding=&#8221;|20px||20px|false|true&#8221;][\/et_pb_image][et_pb_text disabled_on=&#8221;off|off|off&#8221; admin_label=&#8221;Datos din\u00e1micos del profesional&#8221; _builder_version=&#8221;4.5.7&#8243; header_font=&#8221;||||||||&#8221; header_font_size=&#8221;1.2em&#8221; header_2_text_color=&#8221;#000000&#8243; header_2_font_size=&#8221;1.1em&#8221; header_2_line_height=&#8221;1.1em&#8221; header_3_font=&#8221;|700||on|||||&#8221; header_3_text_color=&#8221;#000000&#8243; header_3_font_size=&#8221;1em&#8221; width_tablet=&#8221;100%&#8221; width_phone=&#8221;100%&#8221; width_last_edited=&#8221;on|desktop&#8221; custom_margin=&#8221;||0px||false|false&#8221; custom_padding=&#8221;|20px|0px|20px|false|true&#8221; saved_tabs=&#8221;all&#8221; locked=&#8221;off&#8221;]<\/p>\n<h1><strong>Elena Salgado<\/strong> | Senior Avisor<\/h1>\n<p>[\/et_pb_text][et_pb_text admin_label=&#8221;Tel\u00e9fono e email&#8221; _builder_version=&#8221;4.5.7&#8243; text_font=&#8221;||||||||&#8221; text_text_color=&#8221;#000000&#8243; text_font_size=&#8221;0.95em&#8221; custom_margin=&#8221;0px||20px||false|false&#8221; custom_padding=&#8221;0px|20px||20px|false|true&#8221; locked=&#8221;off&#8221;]<\/p>\n<p>esalgado@maiolegal.com<\/p>\n<p>[\/et_pb_text][\/et_pb_column][et_pb_column type=&#8221;2_3&#8243; specialty_columns=&#8221;2&#8243; _builder_version=&#8221;3.25&#8243; custom_padding=&#8221;|||&#8221; custom_padding__hover=&#8221;|||&#8221;][et_pb_row_inner disabled_on=&#8221;off|off|off&#8221; _builder_version=&#8221;4.5.7&#8243; custom_margin=&#8221;0px||||false|false&#8221; custom_padding=&#8221;20px||||false|false&#8221;][et_pb_column_inner saved_specialty_column_type=&#8221;2_3&#8243; _builder_version=&#8221;4.4.3&#8243;][et_pb_text disabled_on=&#8221;off|off|off&#8221; admin_label=&#8221;Extracto CV&#8221; _builder_version=&#8221;4.9.4&#8243; background_size=&#8221;initial&#8221; background_position=&#8221;top_left&#8221; background_repeat=&#8221;repeat&#8221; hover_enabled=&#8221;0&#8243; sticky_enabled=&#8221;0&#8243;]<\/p>\n<p>Elena es ingeniera Industrial en las especialidades de T\u00e9cnicas Energ\u00e9ticas y Organizaci\u00f3n Industrial, licenciada en Ciencias Econ\u00f3micas en la especialidad de Estructura Econ\u00f3mica y m\u00e1ster en M\u00e9todos Cuantitativos de Gesti\u00f3n por la Escuela de Organizaci\u00f3n Industrial.<\/p>\n<p>Es funcionaria del Grupo A por oposici\u00f3n, y su trayectoria profesional ha estado vinculada a diversos organismos p\u00fablicos y empresas privadas.<\/p>\n<p>Elena tuvo una primera etapa en la funci\u00f3n p\u00fablica durante el gobierno de Felipe Gonz\u00e1lez, como secretaria de estado de Comunicaciones. Posteriormente, en el gobierno de Jos\u00e9 Luis Rodr\u00edguez Zapatero fue ministra de Sanidad, Administraciones P\u00fablicas y Econom\u00eda y vicepresidenta del gobierno.<\/p>\n<p>Ha sido tambi\u00e9n presidenta de Hispasat y consejera delegada de Vallehermoso Telecom, as\u00ed como consejera de distintas empresas como Renfe, Hunosa y Telef\u00f3nica entre otros.<\/p>\n<p class=\"p1\">Actualmente es consejera de Saba Infraestructuras y presidenta de la Asociaci\u00f3n Espa\u00f1ola de Empresas de Consultor\u00eda.<\/p>\n<p>[\/et_pb_text][\/et_pb_column_inner][\/et_pb_row_inner][et_pb_row_inner column_structure=&#8221;1_2,1_2&#8243; disabled_on=&#8221;off|off|off&#8221; _builder_version=&#8221;4.5.7&#8243; custom_padding=&#8221;0px||||false|false&#8221;][et_pb_column_inner type=&#8221;1_2&#8243; saved_specialty_column_type=&#8221;2_3&#8243; _builder_version=&#8221;4.4.3&#8243;][et_pb_divider divider_weight=&#8221;1px&#8221; admin_label=&#8221;Linea CV ok&#8221; _builder_version=&#8221;4.4.3&#8243; min_height=&#8221;5px&#8221; custom_margin=&#8221;||-10px||false|false&#8221; custom_padding=&#8221;||0px||false|false&#8221; saved_tabs=&#8221;all&#8221; locked=&#8221;off&#8221;][\/et_pb_divider][et_pb_text admin_label=&#8221;Idiomas&#8221; _builder_version=&#8221;4.4.8&#8243; header_4_font=&#8221;|700|||||||&#8221; header_4_text_color=&#8221;#afa08e&#8221; header_4_font_size=&#8221;16px&#8221; custom_margin=&#8221;||0px||false|false&#8221; custom_padding=&#8221;||5px||false|false&#8221;]<\/p>\n<h4>Cargos<\/h4>\n<p>[\/et_pb_text][et_pb_text _builder_version=&#8221;4.5.7&#8243; text_line_height=&#8221;1.1em&#8221;]<\/p>\n<p>Presidenta de Motion Rail SA<\/p>\n<p>Presidenta de la Asociaci\u00f3n Espa\u00f1ola de Empresas de Consultor\u00eda<\/p>\n<p class=\"p1\">Consejera en Saba Infraestructuras<\/p>\n<p class=\"p1\">Consejera de Doppel SpA<\/p>\n<p class=\"p1\">\n<p>[\/et_pb_text][\/et_pb_column_inner][et_pb_column_inner type=&#8221;1_2&#8243; saved_specialty_column_type=&#8221;2_3&#8243; _builder_version=&#8221;4.4.3&#8243;][et_pb_divider divider_weight=&#8221;1px&#8221; admin_label=&#8221;Linea CV ok&#8221; _builder_version=&#8221;4.4.3&#8243; min_height=&#8221;5px&#8221; custom_margin=&#8221;||-10px||false|false&#8221; custom_padding=&#8221;||0px||false|false&#8221; saved_tabs=&#8221;all&#8221; locked=&#8221;off&#8221;][\/et_pb_divider][et_pb_text admin_label=&#8221;Formaci\u00f3n&#8221; _builder_version=&#8221;4.4.3&#8243; header_4_font=&#8221;|700|||||||&#8221; header_4_text_color=&#8221;#afa08e&#8221; header_4_font_size=&#8221;16px&#8221; custom_margin=&#8221;||0px||false|false&#8221; custom_padding=&#8221;||5px||false|false&#8221;]<\/p>\n<h4>Formaci\u00f3n<\/h4>\n<p>[\/et_pb_text][et_pb_text _builder_version=&#8221;4.5.7&#8243; text_line_height=&#8221;1.1em&#8221;]<\/p>\n<p>M\u00e1ster en Administraci\u00f3n de Empresas por la Escuela de Negocios EOI<\/p>\n<p>Licenciada en Econom\u00eda por la Universidad Complutense de Madrid<\/p>\n<p class=\"p1\">Ingeniera Industrial por la Universidad Polit\u00e9cnica de Madrid<\/p>\n<p>[\/et_pb_text][\/et_pb_column_inner][\/et_pb_row_inner][et_pb_row_inner column_structure=&#8221;1_2,1_2&#8243; disabled_on=&#8221;off|off|off&#8221; _builder_version=&#8221;4.5.7&#8243; custom_padding=&#8221;0px||||false|false&#8221;][et_pb_column_inner type=&#8221;1_2&#8243; saved_specialty_column_type=&#8221;2_3&#8243; _builder_version=&#8221;4.4.3&#8243;][et_pb_divider divider_weight=&#8221;1px&#8221; admin_label=&#8221;Linea CV ok&#8221; _builder_version=&#8221;4.4.3&#8243; min_height=&#8221;5px&#8221; custom_margin=&#8221;||-10px||false|false&#8221; custom_padding=&#8221;||0px||false|false&#8221; saved_tabs=&#8221;all&#8221; locked=&#8221;off&#8221;][\/et_pb_divider][et_pb_text disabled_on=&#8221;off|off|off&#8221; admin_label=&#8221;Reconocimientos&#8221; _builder_version=&#8221;4.4.7&#8243; header_4_font=&#8221;|700|||||||&#8221; header_4_text_color=&#8221;#afa08e&#8221; header_4_font_size=&#8221;16px&#8221; custom_margin=&#8221;||0px||false|false&#8221; custom_padding=&#8221;||5px||false|false&#8221;]<\/p>\n<h4>Awards and Recognitions<\/h4>\n<p>[\/et_pb_text][et_pb_text disabled_on=&#8221;off|off|off&#8221; _builder_version=&#8221;4.5.7&#8243; text_line_height=&#8221;1.1em&#8221;]<\/p>\n<div class=\"page\" title=\"Page 1\">\n<div class=\"layoutArea\">\n<div class=\"column\">\n<p>Gran Cruz de la Orden de Carlos III<\/p>\n<p>Gran Cruz de la Orden del m\u00e9rito Militar con distintivo blanco<\/p>\n<p>Gran Cruz de la Orden del m\u00e9rito Civil<\/p>\n<p><span style=\"font-size: 16px;\">Oficial de la Legi\u00f3n de Honor (Francia)<\/span><\/p>\n<p class=\"p1\">\n<\/div>\n<\/div>\n<\/div>\n<p>[\/et_pb_text][\/et_pb_column_inner][et_pb_column_inner type=&#8221;1_2&#8243; saved_specialty_column_type=&#8221;2_3&#8243; disabled_on=&#8221;off|off|off&#8221; _builder_version=&#8221;4.5.7&#8243;][et_pb_divider divider_weight=&#8221;1px&#8221; admin_label=&#8221;Linea CV ok&#8221; _builder_version=&#8221;4.4.3&#8243; min_height=&#8221;5px&#8221; custom_margin=&#8221;||-10px||false|false&#8221; custom_padding=&#8221;||0px||false|false&#8221; saved_tabs=&#8221;all&#8221; locked=&#8221;off&#8221;][\/et_pb_divider][et_pb_text admin_label=&#8221;Idiomas&#8221; _builder_version=&#8221;4.4.3&#8243; header_4_font=&#8221;|700|||||||&#8221; header_4_text_color=&#8221;#afa08e&#8221; header_4_font_size=&#8221;16px&#8221; custom_margin=&#8221;||0px||false|false&#8221; custom_padding=&#8221;||5px||false|false&#8221;]<\/p>\n<h4>Languages<\/h4>\n<p>[\/et_pb_text][et_pb_text _builder_version=&#8221;4.5.7&#8243; text_line_height=&#8221;1.1em&#8221;]<\/p>\n<p class=\"p1\"><span class=\"s1\">Espa\u00f1ol<\/span><\/p>\n<p class=\"p1\"><span class=\"s1\">Ingl\u00e9s<\/span><\/p>\n<p class=\"p1\"><span class=\"s1\">Franc\u00e9s<\/span><\/p>\n<p>[\/et_pb_text][\/et_pb_column_inner][\/et_pb_row_inner][\/et_pb_column][\/et_pb_section]<\/p>\n","protected":false},"excerpt":{"rendered":"<p>PROFESIONALESElena Salgado | Senior Avisoresalgado@maiolegal.comElena es ingeniera Industrial en las especialidades de T\u00e9cnicas Energ\u00e9ticas y Organizaci\u00f3n Industrial, licenciada en Ciencias Econ\u00f3micas en la especialidad de Estructura Econ\u00f3mica y m\u00e1ster en M\u00e9todos Cuantitativos de Gesti\u00f3n por la Escuela de Organizaci\u00f3n Industrial. Es funcionaria del Grupo A por oposici\u00f3n, y su trayectoria profesional ha estado vinculada a diversos [&hellip;]<\/p>\n","protected":false},"author":1,"featured_media":8038,"parent":9800,"menu_order":0,"comment_status":"closed","ping_status":"closed","template":"","meta":{"_et_pb_use_builder":"on","_et_pb_old_content":"","_et_gb_content_width":"","footnotes":""},"class_list":["post-9807","page","type-page","status-publish","has-post-thumbnail","hentry"],"yoast_head":"<!-- This site is optimized with the Yoast SEO plugin v27.4 - https:\/\/yoast.com\/product\/yoast-seo-wordpress\/ -->\n<title>Elena Salgado - MAIO Legal<\/title>\n<meta name=\"robots\" content=\"index, follow, max-snippet:-1, max-image-preview:large, max-video-preview:-1\" \/>\n<link rel=\"canonical\" href=\"https:\/\/www.maiolegal.com\/en\/team\/advisors\/elena-salgado\/\" \/>\n<meta property=\"og:locale\" content=\"en_US\" \/>\n<meta property=\"og:type\" content=\"article\" \/>\n<meta property=\"og:title\" content=\"Elena Salgado - MAIO Legal\" \/>\n<meta property=\"og:description\" content=\"PROFESIONALES | Senior Avisoresalgado@maiolegal.comElena es ingeniera Industrial en las especialidades de T\u00e9cnicas Energ\u00e9ticas y Organizaci\u00f3n Industrial, licenciada en Ciencias Econ\u00f3micas en la especialidad de Estructura Econ\u00f3mica y m\u00e1ster en M\u00e9todos Cuantitativos de Gesti\u00f3n por la Escuela de Organizaci\u00f3n Industrial. Es funcionaria del Grupo A por oposici\u00f3n, y su trayectoria profesional ha estado vinculada a diversos [&hellip;]\" \/>\n<meta property=\"og:url\" content=\"https:\/\/www.maiolegal.com\/en\/team\/advisors\/elena-salgado\/\" \/>\n<meta property=\"og:site_name\" content=\"MAIO Legal\" \/>\n<meta property=\"article:modified_time\" content=\"2022-05-06T18:07:38+00:00\" \/>\n<meta property=\"og:image\" content=\"https:\/\/www.maiolegal.com\/wp-content\/uploads\/2020\/06\/Elena-Salgado-1.jpg\" \/>\n\t<meta property=\"og:image:width\" content=\"800\" \/>\n\t<meta property=\"og:image:height\" content=\"800\" \/>\n\t<meta property=\"og:image:type\" content=\"image\/jpeg\" \/>\n<meta name=\"twitter:card\" content=\"summary_large_image\" \/>\n<meta name=\"twitter:label1\" content=\"Est. reading time\" \/>\n\t<meta name=\"twitter:data1\" content=\"6 minutes\" \/>\n<script type=\"application\/ld+json\" class=\"yoast-schema-graph\">{\"@context\":\"https:\\\/\\\/schema.org\",\"@graph\":[{\"@type\":\"WebPage\",\"@id\":\"https:\\\/\\\/www.maiolegal.com\\\/en\\\/team\\\/advisors\\\/elena-salgado\\\/\",\"url\":\"https:\\\/\\\/www.maiolegal.com\\\/en\\\/team\\\/advisors\\\/elena-salgado\\\/\",\"name\":\"Elena Salgado - MAIO Legal\",\"isPartOf\":{\"@id\":\"https:\\\/\\\/www.maiolegal.com\\\/en\\\/#website\"},\"primaryImageOfPage\":{\"@id\":\"https:\\\/\\\/www.maiolegal.com\\\/en\\\/team\\\/advisors\\\/elena-salgado\\\/#primaryimage\"},\"image\":{\"@id\":\"https:\\\/\\\/www.maiolegal.com\\\/en\\\/team\\\/advisors\\\/elena-salgado\\\/#primaryimage\"},\"thumbnailUrl\":\"https:\\\/\\\/www.maiolegal.com\\\/wp-content\\\/uploads\\\/2020\\\/06\\\/Elena-Salgado-1.jpg\",\"datePublished\":\"2020-06-30T15:25:58+00:00\",\"dateModified\":\"2022-05-06T18:07:38+00:00\",\"breadcrumb\":{\"@id\":\"https:\\\/\\\/www.maiolegal.com\\\/en\\\/team\\\/advisors\\\/elena-salgado\\\/#breadcrumb\"},\"inLanguage\":\"en-US\",\"potentialAction\":[{\"@type\":\"ReadAction\",\"target\":[\"https:\\\/\\\/www.maiolegal.com\\\/en\\\/team\\\/advisors\\\/elena-salgado\\\/\"]}]},{\"@type\":\"ImageObject\",\"inLanguage\":\"en-US\",\"@id\":\"https:\\\/\\\/www.maiolegal.com\\\/en\\\/team\\\/advisors\\\/elena-salgado\\\/#primaryimage\",\"url\":\"https:\\\/\\\/www.maiolegal.com\\\/wp-content\\\/uploads\\\/2020\\\/06\\\/Elena-Salgado-1.jpg\",\"contentUrl\":\"https:\\\/\\\/www.maiolegal.com\\\/wp-content\\\/uploads\\\/2020\\\/06\\\/Elena-Salgado-1.jpg\",\"width\":800,\"height\":800},{\"@type\":\"BreadcrumbList\",\"@id\":\"https:\\\/\\\/www.maiolegal.com\\\/en\\\/team\\\/advisors\\\/elena-salgado\\\/#breadcrumb\",\"itemListElement\":[{\"@type\":\"ListItem\",\"position\":1,\"name\":\"Home\",\"item\":\"https:\\\/\\\/www.maiolegal.com\\\/en\\\/\"},{\"@type\":\"ListItem\",\"position\":2,\"name\":\"Team\",\"item\":\"https:\\\/\\\/www.maiolegal.com\\\/en\\\/team\\\/\"},{\"@type\":\"ListItem\",\"position\":3,\"name\":\"Advisors\",\"item\":\"https:\\\/\\\/www.maiolegal.com\\\/en\\\/team\\\/advisors\\\/\"},{\"@type\":\"ListItem\",\"position\":4,\"name\":\"Elena Salgado\"}]},{\"@type\":\"WebSite\",\"@id\":\"https:\\\/\\\/www.maiolegal.com\\\/en\\\/#website\",\"url\":\"https:\\\/\\\/www.maiolegal.com\\\/en\\\/\",\"name\":\"MAIO Legal\",\"description\":\"Asesoramiento legal y tributario\",\"potentialAction\":[{\"@type\":\"SearchAction\",\"target\":{\"@type\":\"EntryPoint\",\"urlTemplate\":\"https:\\\/\\\/www.maiolegal.com\\\/en\\\/?s={search_term_string}\"},\"query-input\":{\"@type\":\"PropertyValueSpecification\",\"valueRequired\":true,\"valueName\":\"search_term_string\"}}],\"inLanguage\":\"en-US\"}]}<\/script>\n<!-- \/ Yoast SEO plugin. -->","yoast_head_json":{"title":"Elena Salgado - MAIO Legal","robots":{"index":"index","follow":"follow","max-snippet":"max-snippet:-1","max-image-preview":"max-image-preview:large","max-video-preview":"max-video-preview:-1"},"canonical":"https:\/\/www.maiolegal.com\/en\/team\/advisors\/elena-salgado\/","og_locale":"en_US","og_type":"article","og_title":"Elena Salgado - MAIO Legal","og_description":"PROFESIONALES | Senior Avisoresalgado@maiolegal.comElena es ingeniera Industrial en las especialidades de T\u00e9cnicas Energ\u00e9ticas y Organizaci\u00f3n Industrial, licenciada en Ciencias Econ\u00f3micas en la especialidad de Estructura Econ\u00f3mica y m\u00e1ster en M\u00e9todos Cuantitativos de Gesti\u00f3n por la Escuela de Organizaci\u00f3n Industrial. Es funcionaria del Grupo A por oposici\u00f3n, y su trayectoria profesional ha estado vinculada a diversos [&hellip;]","og_url":"https:\/\/www.maiolegal.com\/en\/team\/advisors\/elena-salgado\/","og_site_name":"MAIO Legal","article_modified_time":"2022-05-06T18:07:38+00:00","og_image":[{"width":800,"height":800,"url":"https:\/\/www.maiolegal.com\/wp-content\/uploads\/2020\/06\/Elena-Salgado-1.jpg","type":"image\/jpeg"}],"twitter_card":"summary_large_image","twitter_misc":{"Est. reading time":"6 minutes"},"schema":{"@context":"https:\/\/schema.org","@graph":[{"@type":"WebPage","@id":"https:\/\/www.maiolegal.com\/en\/team\/advisors\/elena-salgado\/","url":"https:\/\/www.maiolegal.com\/en\/team\/advisors\/elena-salgado\/","name":"Elena Salgado - MAIO Legal","isPartOf":{"@id":"https:\/\/www.maiolegal.com\/en\/#website"},"primaryImageOfPage":{"@id":"https:\/\/www.maiolegal.com\/en\/team\/advisors\/elena-salgado\/#primaryimage"},"image":{"@id":"https:\/\/www.maiolegal.com\/en\/team\/advisors\/elena-salgado\/#primaryimage"},"thumbnailUrl":"https:\/\/www.maiolegal.com\/wp-content\/uploads\/2020\/06\/Elena-Salgado-1.jpg","datePublished":"2020-06-30T15:25:58+00:00","dateModified":"2022-05-06T18:07:38+00:00","breadcrumb":{"@id":"https:\/\/www.maiolegal.com\/en\/team\/advisors\/elena-salgado\/#breadcrumb"},"inLanguage":"en-US","potentialAction":[{"@type":"ReadAction","target":["https:\/\/www.maiolegal.com\/en\/team\/advisors\/elena-salgado\/"]}]},{"@type":"ImageObject","inLanguage":"en-US","@id":"https:\/\/www.maiolegal.com\/en\/team\/advisors\/elena-salgado\/#primaryimage","url":"https:\/\/www.maiolegal.com\/wp-content\/uploads\/2020\/06\/Elena-Salgado-1.jpg","contentUrl":"https:\/\/www.maiolegal.com\/wp-content\/uploads\/2020\/06\/Elena-Salgado-1.jpg","width":800,"height":800},{"@type":"BreadcrumbList","@id":"https:\/\/www.maiolegal.com\/en\/team\/advisors\/elena-salgado\/#breadcrumb","itemListElement":[{"@type":"ListItem","position":1,"name":"Home","item":"https:\/\/www.maiolegal.com\/en\/"},{"@type":"ListItem","position":2,"name":"Team","item":"https:\/\/www.maiolegal.com\/en\/team\/"},{"@type":"ListItem","position":3,"name":"Advisors","item":"https:\/\/www.maiolegal.com\/en\/team\/advisors\/"},{"@type":"ListItem","position":4,"name":"Elena Salgado"}]},{"@type":"WebSite","@id":"https:\/\/www.maiolegal.com\/en\/#website","url":"https:\/\/www.maiolegal.com\/en\/","name":"MAIO Legal","description":"Asesoramiento legal y tributario","potentialAction":[{"@type":"SearchAction","target":{"@type":"EntryPoint","urlTemplate":"https:\/\/www.maiolegal.com\/en\/?s={search_term_string}"},"query-input":{"@type":"PropertyValueSpecification","valueRequired":true,"valueName":"search_term_string"}}],"inLanguage":"en-US"}]}},"_links":{"self":[{"href":"https:\/\/www.maiolegal.com\/en\/wp-json\/wp\/v2\/pages\/9807","targetHints":{"allow":["GET"]}}],"collection":[{"href":"https:\/\/www.maiolegal.com\/en\/wp-json\/wp\/v2\/pages"}],"about":[{"href":"https:\/\/www.maiolegal.com\/en\/wp-json\/wp\/v2\/types\/page"}],"author":[{"embeddable":true,"href":"https:\/\/www.maiolegal.com\/en\/wp-json\/wp\/v2\/users\/1"}],"replies":[{"embeddable":true,"href":"https:\/\/www.maiolegal.com\/en\/wp-json\/wp\/v2\/comments?post=9807"}],"version-history":[{"count":5,"href":"https:\/\/www.maiolegal.com\/en\/wp-json\/wp\/v2\/pages\/9807\/revisions"}],"predecessor-version":[{"id":16128,"href":"https:\/\/www.maiolegal.com\/en\/wp-json\/wp\/v2\/pages\/9807\/revisions\/16128"}],"up":[{"embeddable":true,"href":"https:\/\/www.maiolegal.com\/en\/wp-json\/wp\/v2\/pages\/9800"}],"wp:featuredmedia":[{"embeddable":true,"href":"https:\/\/www.maiolegal.com\/en\/wp-json\/wp\/v2\/media\/8038"}],"wp:attachment":[{"href":"https:\/\/www.maiolegal.com\/en\/wp-json\/wp\/v2\/media?parent=9807"}],"curies":[{"name":"wp","href":"https:\/\/api.w.org\/{rel}","templated":true}]}}