{"id":14006,"date":"2019-09-17T16:27:12","date_gmt":"2019-09-17T14:27:12","guid":{"rendered":"https:\/\/www.maiolegal.com\/reconocimientos-y-premios\/"},"modified":"2022-02-01T15:27:05","modified_gmt":"2022-02-01T14:27:05","slug":"reconhecimentos-e-premios","status":"publish","type":"page","link":"https:\/\/www.maiolegal.com\/pt-pt\/reconhecimentos-e-premios\/","title":{"rendered":"Reconhecimentos e pr\u00e9mios"},"content":{"rendered":"<p>[et_pb_section fb_built=&#8221;1&#8243; _builder_version=&#8221;4.4.3&#8243; custom_padding=&#8221;22px||2em||false|false&#8221;][et_pb_row admin_label=&#8221;Breadcrumbs + Titulo&#8221; _builder_version=&#8221;4.9.4&#8243; custom_margin=&#8221;||0px||false|false&#8221; custom_padding=&#8221;0px||0px||false|false&#8221; saved_tabs=&#8221;all&#8221;][et_pb_column type=&#8221;4_4&#8243; _builder_version=&#8221;3.27.4&#8243;][et_pb_dcsbcm_divi_breadcrumbs_module homebreadcrumbtext=&#8221;Inicio&#8221; separator=&#8221;sep-pipe&#8221; _builder_version=&#8221;4.4.3&#8243; body_font_size=&#8221;0.9em&#8221; body_line_height=&#8221;1em&#8221; custom_margin=&#8221;0px||-15px||false|false&#8221; custom_padding=&#8221;0px||0px||false|false&#8221;][\/et_pb_dcsbcm_divi_breadcrumbs_module][et_pb_post_title meta=&#8221;off&#8221; featured_image=&#8221;off&#8221; admin_label=&#8221;T\u00edtulo de publicaci\u00f3n&#8221; _builder_version=&#8221;4.4.3&#8243; title_font=&#8221;|||on|||||&#8221; title_text_color=&#8221;#afa08e&#8221; title_font_size=&#8221;18px&#8221; custom_margin=&#8221;8px||5px||false|false&#8221; custom_padding=&#8221;0px||0px|22px|false|false&#8221; locked=&#8221;off&#8221;][\/et_pb_post_title][\/et_pb_column][\/et_pb_row][et_pb_row _builder_version=&#8221;4.0.11&#8243; custom_padding=&#8221;0px|||||&#8221;][et_pb_column type=&#8221;4_4&#8243; _builder_version=&#8221;4.0.11&#8243;][et_pb_text _builder_version=&#8221;4.9.4&#8243; header_2_font=&#8221;|700|||||||&#8221; header_2_font_size=&#8221;18px&#8221; header_2_line_height=&#8221;1.2em&#8221; background_size=&#8221;initial&#8221; background_position=&#8221;top_left&#8221; background_repeat=&#8221;repeat&#8221; custom_margin=&#8221;||0px||false|false&#8221; hover_enabled=&#8221;0&#8243; sticky_enabled=&#8221;0&#8243;]<\/p>\n<h2>A MAIO Legal e os seus profissionais t\u00eam vindo a ser distinguidos pelos Diret\u00f3rios Jur\u00eddicos Internacionais de maior prest\u00edgio como uma das principais firmas no panorama nacional.<\/h2>\n<p>[\/et_pb_text][\/et_pb_column][\/et_pb_row][et_pb_row column_structure=&#8221;1_3,1_3,1_3&#8243; _builder_version=&#8221;4.4.3&#8243; custom_margin=&#8221;0px||||false|false&#8221; custom_padding=&#8221;0px||||false|false&#8221;][et_pb_column type=&#8221;1_3&#8243; _builder_version=&#8221;3.27.4&#8243;][et_pb_image src=&#8221;https:\/\/www.maiolegal.com\/wp-content\/uploads\/2021\/05\/chambers-global-2021.jpg&#8221; title_text=&#8221;chambers-global-2021&#8243; align=&#8221;center&#8221; align_tablet=&#8221;&#8221; align_phone=&#8221;&#8221; align_last_edited=&#8221;on|phone&#8221; _builder_version=&#8221;4.9.0&#8243; animation_style=&#8221;fade&#8221;][\/et_pb_image][et_pb_text _builder_version=&#8221;4.9.4&#8243; header_4_font=&#8221;|700|||||||&#8221; header_4_text_align=&#8221;center&#8221; header_4_font_size=&#8221;1.2em&#8221; header_4_line_height=&#8221;0.8em&#8221; hover_enabled=&#8221;0&#8243; sticky_enabled=&#8221;0&#8243;]<\/p>\n<p>O Guia Global <a href=\"O%20Guia Global Chambers &amp; Partners classifica os melhores advogados e escrit\u00f3rios de advocacia em mais de 200 jurisdi\u00e7\u00f5es a n\u00edvel mundial. A classifica\u00e7\u00e3o neste diret\u00f3rio \u00e9 resultado de um estudo minucioso levado a cabo por investigadores, os quais entrevistam clientes e profissionais do sector para comparar pontos fortes e vantagens.\" target=\"_blank\" rel=\"noopener\"><em>Chambers &amp; Partners<\/em><\/a> classifica os melhores advogados e escrit\u00f3rios de advocacia em mais de 200 jurisdi\u00e7\u00f5es a n\u00edvel mundial.<\/p>\n<p>A classifica\u00e7\u00e3o neste diret\u00f3rio \u00e9 resultado de um estudo minucioso levado a cabo por investigadores, os quais entrevistam clientes e profissionais do sector para comparar pontos fortes e vantagens.<\/p>\n<p>[\/et_pb_text][\/et_pb_column][et_pb_column type=&#8221;1_3&#8243; _builder_version=&#8221;3.27.4&#8243;][et_pb_image src=&#8221;https:\/\/www.maiolegal.com\/wp-content\/uploads\/2021\/05\/chambers-europe-2021.jpg&#8221; title_text=&#8221;chambers-europe-2021&#8243; align=&#8221;center&#8221; _builder_version=&#8221;4.9.0&#8243; animation_style=&#8221;fade&#8221;][\/et_pb_image][et_pb_text _builder_version=&#8221;4.9.4&#8243; header_4_font=&#8221;|700|||||||&#8221; header_4_text_align=&#8221;center&#8221; header_4_font_size=&#8221;1.2em&#8221; header_4_line_height=&#8221;0.8em&#8221; hover_enabled=&#8221;0&#8243; sticky_enabled=&#8221;0&#8243;]A Chambers Europe classifica advogados e firmas de advocacia de toda a Europa com base numa an\u00e1lise aprofundada por parte dos seus investigadores. <\/p>\n<p>Este guia abrange 52 jurisdi\u00e7\u00f5es e 40 \u00e1reas de pr\u00e1tica em toda a Europa, centrando a sua atividade nas firmas que operam em v\u00e1rios pa\u00edses do continente europeu.[\/et_pb_text][\/et_pb_column][et_pb_column type=&#8221;1_3&#8243; _builder_version=&#8221;3.27.4&#8243;][et_pb_image src=&#8221;https:\/\/www.maiolegal.com\/wp-content\/uploads\/2021\/05\/best-lawyers-2021.jpg&#8221; title_text=&#8221;best-lawyers-2021&#8243; align=&#8221;center&#8221; _builder_version=&#8221;4.9.0&#8243; custom_padding=&#8221;42px||42px||true|false&#8221; animation_style=&#8221;fade&#8221;][\/et_pb_image][et_pb_text _builder_version=&#8221;4.9.4&#8243; header_4_font=&#8221;|700|||||||&#8221; header_4_text_align=&#8221;center&#8221; header_4_font_size=&#8221;1.2em&#8221; header_4_line_height=&#8221;0.8em&#8221; hover_enabled=&#8221;0&#8243; sticky_enabled=&#8221;0&#8243;]<\/p>\n<p>O<a href=\"https:\/\/www.bestlawyers.com\/firms\/maio-abogados\/56570\/ES\" target=\"_blank\" rel=\"noopener\"><em> Best Lawyers<\/em><\/a> \u00e9 um diret\u00f3rio americano com mais de 35 anos de exist\u00eancia que classifica os melhores advogados do mundo atrav\u00e9s de uma avalia\u00e7\u00e3o entre os pr\u00f3prios profissionais, com quase 94.000 advogados qualificados.<\/p>\n<p>[\/et_pb_text][\/et_pb_column][\/et_pb_row][\/et_pb_section]<\/p>\n","protected":false},"excerpt":{"rendered":"<p>A MAIO Legal e os seus profissionais t\u00eam vindo a ser distinguidos pelos Diret\u00f3rios Jur\u00eddicos Internacionais de maior prest\u00edgio como uma das principais firmas no panorama nacional.O Guia Global Chambers &amp; Partners classifica os melhores advogados e escrit\u00f3rios de advocacia em mais de 200 jurisdi\u00e7\u00f5es a n\u00edvel mundial. A classifica\u00e7\u00e3o neste diret\u00f3rio \u00e9 resultado de [&hellip;]<\/p>\n","protected":false},"author":1,"featured_media":0,"parent":0,"menu_order":0,"comment_status":"closed","ping_status":"closed","template":"","meta":{"_et_pb_use_builder":"on","_et_pb_old_content":"<!-- wp:paragraph -->\r\n<p>Esta es una p\u00e1gina de ejemplo. Es diferente a una entrada del blog porque permanecer\u00e1 en un solo lugar y aparecer\u00e1 en la navegaci\u00f3n de tu sitio (en la mayor\u00eda de los temas). La mayor\u00eda de las personas comienzan con una p\u00e1gina \u00abAcerca de\u00bb que les presenta a los visitantes potenciales del sitio. Podr\u00edas decir algo as\u00ed:<\/p>\r\n<!-- \/wp:paragraph -->\r\n\r\n<!-- wp:quote -->\r\n<blockquote class=\"wp-block-quote\"><p>\u00a1Bienvenido! Soy camarero de d\u00eda, aspirante a actor de noche y esta es mi web. Vivo en Mairena del Alcor, tengo un perro que se llama Firulais y me gusta el rebujito. (Y las tardes largas con caf\u00e9).<\/p><\/blockquote>\r\n<!-- \/wp:quote -->\r\n\r\n<!-- wp:paragraph -->\r\n<p>\u2026o algo as\u00ed:<\/p>\r\n<!-- \/wp:paragraph -->\r\n\r\n<!-- wp:quote -->\r\n<blockquote class=\"wp-block-quote\"><p>La empresa \u00abMariscos Recio\u00bb fue fundada por Antonio Recio Mata. Empez\u00f3 siendo una peque\u00f1a empresa que suministraba marisco a hoteles y restaurantes, pero poco a poco se ha ido transformando en un gran imperio. Mariscos Recio, el mar al mejor precio.<\/p><\/blockquote>\r\n<!-- \/wp:quote -->\r\n\r\n<!-- wp:paragraph -->\r\n<p>Como nuevo usuario de WordPress, deber\u00edas ir a <a href=\"http:\/\/www.maiolegal.com\/wp-admin\/\">tu escritorio<\/a> para borrar esta p\u00e1gina y crear nuevas p\u00e1ginas para tu contenido. \u00a1P\u00e1salo bien!<\/p>\r\n<!-- \/wp:paragraph -->","_et_gb_content_width":"","footnotes":""},"class_list":["post-14006","page","type-page","status-publish","hentry"],"yoast_head":"<!-- This site is optimized with the Yoast SEO plugin v27.4 - https:\/\/yoast.com\/product\/yoast-seo-wordpress\/ -->\n<title>Reconhecimentos e pr\u00e9mios - MAIO Legal<\/title>\n<meta name=\"description\" content=\"Los profesionales de MAIO Legal son reconocidos por los ma\u0301s prestigiosos Directorios Juri\u0301dicos internacionales como una de las principales firmas dentro del panorama nacional, como Chambers y Best Lawyers.\" \/>\n<meta name=\"robots\" content=\"index, follow, max-snippet:-1, max-image-preview:large, max-video-preview:-1\" \/>\n<link rel=\"canonical\" href=\"https:\/\/www.maiolegal.com\/pt-pt\/reconhecimentos-e-premios\/\" \/>\n<meta property=\"og:locale\" content=\"pt_PT\" \/>\n<meta property=\"og:type\" content=\"article\" \/>\n<meta property=\"og:title\" content=\"Reconhecimentos e pr\u00e9mios - MAIO Legal\" \/>\n<meta property=\"og:description\" content=\"Los profesionales de MAIO Legal son reconocidos por los ma\u0301s prestigiosos Directorios Juri\u0301dicos internacionales como una de las principales firmas dentro del panorama nacional, como Chambers y Best Lawyers.\" \/>\n<meta property=\"og:url\" content=\"https:\/\/www.maiolegal.com\/pt-pt\/reconhecimentos-e-premios\/\" \/>\n<meta property=\"og:site_name\" content=\"MAIO Legal\" \/>\n<meta property=\"article:modified_time\" content=\"2022-02-01T14:27:05+00:00\" \/>\n<meta name=\"twitter:card\" content=\"summary_large_image\" \/>\n<meta name=\"twitter:label1\" content=\"Tempo estimado de leitura\" \/>\n\t<meta name=\"twitter:data1\" content=\"3 minutos\" \/>\n<script type=\"application\/ld+json\" class=\"yoast-schema-graph\">{\"@context\":\"https:\\\/\\\/schema.org\",\"@graph\":[{\"@type\":\"WebPage\",\"@id\":\"https:\\\/\\\/www.maiolegal.com\\\/pt-pt\\\/reconhecimentos-e-premios\\\/\",\"url\":\"https:\\\/\\\/www.maiolegal.com\\\/pt-pt\\\/reconhecimentos-e-premios\\\/\",\"name\":\"Reconhecimentos e pr\u00e9mios - MAIO Legal\",\"isPartOf\":{\"@id\":\"https:\\\/\\\/www.maiolegal.com\\\/pt-pt\\\/#website\"},\"datePublished\":\"2019-09-17T14:27:12+00:00\",\"dateModified\":\"2022-02-01T14:27:05+00:00\",\"description\":\"Los profesionales de MAIO Legal son reconocidos por los ma\u0301s prestigiosos Directorios Juri\u0301dicos internacionales como una de las principales firmas dentro del panorama nacional, como Chambers y Best Lawyers.\",\"breadcrumb\":{\"@id\":\"https:\\\/\\\/www.maiolegal.com\\\/pt-pt\\\/reconhecimentos-e-premios\\\/#breadcrumb\"},\"inLanguage\":\"pt-PT\",\"potentialAction\":[{\"@type\":\"ReadAction\",\"target\":[\"https:\\\/\\\/www.maiolegal.com\\\/pt-pt\\\/reconhecimentos-e-premios\\\/\"]}]},{\"@type\":\"BreadcrumbList\",\"@id\":\"https:\\\/\\\/www.maiolegal.com\\\/pt-pt\\\/reconhecimentos-e-premios\\\/#breadcrumb\",\"itemListElement\":[{\"@type\":\"ListItem\",\"position\":1,\"name\":\"Home\",\"item\":\"https:\\\/\\\/www.maiolegal.com\\\/pt-pt\\\/\"},{\"@type\":\"ListItem\",\"position\":2,\"name\":\"Reconhecimentos e pr\u00e9mios\"}]},{\"@type\":\"WebSite\",\"@id\":\"https:\\\/\\\/www.maiolegal.com\\\/pt-pt\\\/#website\",\"url\":\"https:\\\/\\\/www.maiolegal.com\\\/pt-pt\\\/\",\"name\":\"MAIO Legal\",\"description\":\"Asesoramiento legal y tributario\",\"potentialAction\":[{\"@type\":\"SearchAction\",\"target\":{\"@type\":\"EntryPoint\",\"urlTemplate\":\"https:\\\/\\\/www.maiolegal.com\\\/pt-pt\\\/?s={search_term_string}\"},\"query-input\":{\"@type\":\"PropertyValueSpecification\",\"valueRequired\":true,\"valueName\":\"search_term_string\"}}],\"inLanguage\":\"pt-PT\"}]}<\/script>\n<!-- \/ Yoast SEO plugin. -->","yoast_head_json":{"title":"Reconhecimentos e pr\u00e9mios - MAIO Legal","description":"Los profesionales de MAIO Legal son reconocidos por los ma\u0301s prestigiosos Directorios Juri\u0301dicos internacionales como una de las principales firmas dentro del panorama nacional, como Chambers y Best Lawyers.","robots":{"index":"index","follow":"follow","max-snippet":"max-snippet:-1","max-image-preview":"max-image-preview:large","max-video-preview":"max-video-preview:-1"},"canonical":"https:\/\/www.maiolegal.com\/pt-pt\/reconhecimentos-e-premios\/","og_locale":"pt_PT","og_type":"article","og_title":"Reconhecimentos e pr\u00e9mios - MAIO Legal","og_description":"Los profesionales de MAIO Legal son reconocidos por los ma\u0301s prestigiosos Directorios Juri\u0301dicos internacionales como una de las principales firmas dentro del panorama nacional, como Chambers y Best Lawyers.","og_url":"https:\/\/www.maiolegal.com\/pt-pt\/reconhecimentos-e-premios\/","og_site_name":"MAIO Legal","article_modified_time":"2022-02-01T14:27:05+00:00","twitter_card":"summary_large_image","twitter_misc":{"Tempo estimado de leitura":"3 minutos"},"schema":{"@context":"https:\/\/schema.org","@graph":[{"@type":"WebPage","@id":"https:\/\/www.maiolegal.com\/pt-pt\/reconhecimentos-e-premios\/","url":"https:\/\/www.maiolegal.com\/pt-pt\/reconhecimentos-e-premios\/","name":"Reconhecimentos e pr\u00e9mios - MAIO Legal","isPartOf":{"@id":"https:\/\/www.maiolegal.com\/pt-pt\/#website"},"datePublished":"2019-09-17T14:27:12+00:00","dateModified":"2022-02-01T14:27:05+00:00","description":"Los profesionales de MAIO Legal son reconocidos por los ma\u0301s prestigiosos Directorios Juri\u0301dicos internacionales como una de las principales firmas dentro del panorama nacional, como Chambers y Best Lawyers.","breadcrumb":{"@id":"https:\/\/www.maiolegal.com\/pt-pt\/reconhecimentos-e-premios\/#breadcrumb"},"inLanguage":"pt-PT","potentialAction":[{"@type":"ReadAction","target":["https:\/\/www.maiolegal.com\/pt-pt\/reconhecimentos-e-premios\/"]}]},{"@type":"BreadcrumbList","@id":"https:\/\/www.maiolegal.com\/pt-pt\/reconhecimentos-e-premios\/#breadcrumb","itemListElement":[{"@type":"ListItem","position":1,"name":"Home","item":"https:\/\/www.maiolegal.com\/pt-pt\/"},{"@type":"ListItem","position":2,"name":"Reconhecimentos e pr\u00e9mios"}]},{"@type":"WebSite","@id":"https:\/\/www.maiolegal.com\/pt-pt\/#website","url":"https:\/\/www.maiolegal.com\/pt-pt\/","name":"MAIO Legal","description":"Asesoramiento legal y tributario","potentialAction":[{"@type":"SearchAction","target":{"@type":"EntryPoint","urlTemplate":"https:\/\/www.maiolegal.com\/pt-pt\/?s={search_term_string}"},"query-input":{"@type":"PropertyValueSpecification","valueRequired":true,"valueName":"search_term_string"}}],"inLanguage":"pt-PT"}]}},"_links":{"self":[{"href":"https:\/\/www.maiolegal.com\/pt-pt\/wp-json\/wp\/v2\/pages\/14006","targetHints":{"allow":["GET"]}}],"collection":[{"href":"https:\/\/www.maiolegal.com\/pt-pt\/wp-json\/wp\/v2\/pages"}],"about":[{"href":"https:\/\/www.maiolegal.com\/pt-pt\/wp-json\/wp\/v2\/types\/page"}],"author":[{"embeddable":true,"href":"https:\/\/www.maiolegal.com\/pt-pt\/wp-json\/wp\/v2\/users\/1"}],"replies":[{"embeddable":true,"href":"https:\/\/www.maiolegal.com\/pt-pt\/wp-json\/wp\/v2\/comments?post=14006"}],"version-history":[{"count":3,"href":"https:\/\/www.maiolegal.com\/pt-pt\/wp-json\/wp\/v2\/pages\/14006\/revisions"}],"predecessor-version":[{"id":14012,"href":"https:\/\/www.maiolegal.com\/pt-pt\/wp-json\/wp\/v2\/pages\/14006\/revisions\/14012"}],"wp:attachment":[{"href":"https:\/\/www.maiolegal.com\/pt-pt\/wp-json\/wp\/v2\/media?parent=14006"}],"curies":[{"name":"wp","href":"https:\/\/api.w.org\/{rel}","templated":true}]}}