{"id":14110,"date":"2020-02-25T16:16:42","date_gmt":"2020-02-25T15:16:42","guid":{"rendered":"https:\/\/www.maiolegal.com\/compromiso\/"},"modified":"2022-02-01T16:56:53","modified_gmt":"2022-02-01T15:56:53","slug":"compromiso","status":"publish","type":"page","link":"https:\/\/www.maiolegal.com\/pt-pt\/compromiso\/","title":{"rendered":"Compromiso"},"content":{"rendered":"<p>[et_pb_section fb_built=&#8221;1&#8243; _builder_version=&#8221;4.4.3&#8243; custom_padding=&#8221;1em||2em||false|false&#8221;][et_pb_row admin_label=&#8221;Breadcrumbs + Titulo&#8221; _builder_version=&#8221;4.4.3&#8243; custom_margin=&#8221;||0px||false|false&#8221; custom_padding=&#8221;0px||0px||false|false&#8221; saved_tabs=&#8221;all&#8221;][et_pb_column type=&#8221;4_4&#8243; _builder_version=&#8221;3.27.4&#8243;][et_pb_dcsbcm_divi_breadcrumbs_module homebreadcrumbtext=&#8221;Inicio&#8221; separator=&#8221;sep-pipe&#8221; _builder_version=&#8221;4.4.3&#8243; body_font_size=&#8221;0.9em&#8221; body_line_height=&#8221;1em&#8221; custom_margin=&#8221;0px||-15px||false|false&#8221; custom_padding=&#8221;0px||0px||false|false&#8221;][\/et_pb_dcsbcm_divi_breadcrumbs_module][et_pb_post_title meta=&#8221;off&#8221; featured_image=&#8221;off&#8221; _builder_version=&#8221;4.4.3&#8243; title_font=&#8221;|||on|||||&#8221; title_text_color=&#8221;#afa08e&#8221; title_font_size=&#8221;18px&#8221; custom_margin=&#8221;8px||5px||false|false&#8221; custom_padding=&#8221;0px||0px|22px|false|false&#8221; locked=&#8221;off&#8221;][\/et_pb_post_title][\/et_pb_column][\/et_pb_row][et_pb_row _builder_version=&#8221;3.27.4&#8243; custom_padding=&#8221;4px||20px|||&#8221;][et_pb_column type=&#8221;4_4&#8243; _builder_version=&#8221;3.27.4&#8243;][et_pb_text _builder_version=&#8221;4.9.4&#8243; header_2_font=&#8221;|700|||||||&#8221; header_2_font_size=&#8221;1.1em&#8221; header_2_line_height=&#8221;1.2em&#8221; background_size=&#8221;initial&#8221; background_position=&#8221;top_left&#8221; background_repeat=&#8221;repeat&#8221; custom_margin=&#8221;||0px||false|false&#8221; hover_enabled=&#8221;0&#8243; sticky_enabled=&#8221;0&#8243;]<\/p>\n<h2><strong>A MAIO Legal assumiu um compromisso em rela\u00e7\u00e3o ao desenvolvimento da sociedade. Por este motivo, empenhamo-nos em incluir na nossa atividade projetos de interesse social<\/strong><\/h2>\n<p>[\/et_pb_text][\/et_pb_column][\/et_pb_row][et_pb_row column_structure=&#8221;1_2,1_2&#8243; _builder_version=&#8221;4.0.11&#8243; custom_margin=&#8221;0px||0px||false|false&#8221; custom_padding=&#8221;0px||0px||false|false&#8221;][et_pb_column type=&#8221;1_2&#8243; _builder_version=&#8221;4.0.11&#8243;][et_pb_image src=&#8221;https:\/\/www.maiolegal.com\/wp-content\/uploads\/2020\/06\/Compromiso-maio-legal.jpg&#8221; alt=&#8221;Compromiso Maio Legal&#8221; title_text=&#8221;Compromiso maio legal&#8221; _builder_version=&#8221;4.4.7&#8243;][\/et_pb_image][\/et_pb_column][et_pb_column type=&#8221;1_2&#8243; _builder_version=&#8221;4.0.11&#8243;][et_pb_text _builder_version=&#8221;4.9.4&#8243; text_font=&#8221;||||||||&#8221; header_6_font=&#8221;||||||||&#8221; header_6_text_color=&#8221;#afa08e&#8221; header_6_font_size=&#8221;20px&#8221; header_6_line_height=&#8221;1.2em&#8221; custom_margin=&#8221;|||-10px|false|false&#8221; custom_margin_tablet=&#8221;|||0px|false|false&#8221; custom_margin_phone=&#8221;|||0px|false|false&#8221; custom_margin_last_edited=&#8221;on|desktop&#8221; custom_padding=&#8221;3em||||false|false&#8221; custom_padding_tablet=&#8221;0em||||false|false&#8221; custom_padding_phone=&#8221;&#8221; custom_padding_last_edited=&#8221;on|phone&#8221; animation_style=&#8221;slide&#8221; animation_direction=&#8221;top&#8221; hover_enabled=&#8221;0&#8243; locked=&#8221;off&#8221; sticky_enabled=&#8221;0&#8243;]<\/p>\n<h6>Pro bono<\/h6>\n<p><span>Com o objetivo de apoiar outros empreendedores &#8211; tal como n\u00f3s, aquando da nossa funda\u00e7\u00e3o &#8211; somos parceiros da Faraday Ventures Partners, uma entidade que se dedica a investir e promover iniciativas empreendedoras. A MAIO Legal proporciona assessoria jur\u00eddica atrav\u00e9s dos nossos profissionais e os meios detidos pela firma, em conceito pro bono.<\/span>[\/et_pb_text][\/et_pb_column][\/et_pb_row][et_pb_row _builder_version=&#8221;4.4.9&#8243; custom_padding=&#8221;1.5em||18px||false|false&#8221; locked=&#8221;off&#8221;][et_pb_column type=&#8221;4_4&#8243; _builder_version=&#8221;3.27.4&#8243;][et_pb_text _builder_version=&#8221;4.9.4&#8243; header_2_font=&#8221;||||||||&#8221; header_2_font_size=&#8221;18px&#8221; header_3_font=&#8221;|700|||||||&#8221; header_3_font_size=&#8221;1em&#8221; header_3_line_height=&#8221;1.4em&#8221; custom_margin=&#8221;0.5em||-1em||false|false&#8221; custom_padding=&#8221;|||20px|false|false&#8221; hover_enabled=&#8221;0&#8243; sticky_enabled=&#8221;0&#8243;]<\/p>\n<h3><strong>Da mesma forma, a MAIO Legal apoia e colabora diretamente com as seguintes causas:<\/strong><\/h3>\n<p>[\/et_pb_text][\/et_pb_column][\/et_pb_row][et_pb_row _builder_version=&#8221;3.27.4&#8243; custom_margin=&#8221;-11px|auto||auto||&#8221; custom_padding=&#8221;5px||0px|||&#8221; locked=&#8221;off&#8221;][et_pb_column type=&#8221;4_4&#8243; _builder_version=&#8221;3.27.4&#8243;][et_pb_divider divider_weight=&#8221;1px&#8221; _builder_version=&#8221;4.4.3&#8243; custom_margin=&#8221;||0px||false|false&#8221; custom_padding=&#8221;||0px|||&#8221;][\/et_pb_divider][\/et_pb_column][\/et_pb_row][et_pb_row column_structure=&#8221;1_3,2_3&#8243; _builder_version=&#8221;4.5.8&#8243; background_color=&#8221;#d7cbbb&#8221; width=&#8221;45%&#8221; width_tablet=&#8221;80%&#8221; width_phone=&#8221;&#8221; width_last_edited=&#8221;on|phone&#8221; custom_margin=&#8221;||1em||false|false&#8221; custom_padding=&#8221;1em|1em|1em|1em|true|true&#8221;][et_pb_column type=&#8221;1_3&#8243; _builder_version=&#8221;4.0.11&#8243;][et_pb_image src=&#8221;https:\/\/www.maiolegal.com\/wp-content\/uploads\/2020\/04\/compromiso-maiolegal-ficemu.jpg&#8221; _builder_version=&#8221;4.4.3&#8243;][\/et_pb_image][\/et_pb_column][et_pb_column type=&#8221;2_3&#8243; _builder_version=&#8221;4.0.11&#8243;][et_pb_text _builder_version=&#8221;4.9.4&#8243; custom_padding=&#8221;1em||||false|false&#8221; hover_enabled=&#8221;0&#8243; sticky_enabled=&#8221;0&#8243;]<\/p>\n<p>A <strong><em>Fundacio\u0301n para la Investigacio\u0301n con Ce\u0301lulas Madre Uterinas (FICEMU)<\/em><\/strong><em>, <\/em>apoiando a investiga\u00e7\u00e3o para encontrar novas fontes de c\u00e9lulas estaminais e m\u00e9todos de obten\u00e7\u00e3o minimamente invasivos e dolorosos.<\/p>\n<p><span>\u00a0<\/span><\/p>\n<p>[\/et_pb_text][et_pb_button button_url=&#8221;http:\/\/ficemu.org\/&#8221; url_new_window=&#8221;on&#8221; button_text=&#8221;Informa\u00e7\u00e3o adicional sobre o projeto&#8221; _builder_version=&#8221;4.9.4&#8243; custom_button=&#8221;on&#8221; button_text_size=&#8221;15px&#8221; button_text_color=&#8221;#000000&#8243; button_border_width=&#8221;0px&#8221; button_icon=&#8221;%%3%%&#8221; custom_padding=&#8221;10px||||false|false&#8221; hover_enabled=&#8221;0&#8243; saved_tabs=&#8221;all&#8221; locked=&#8221;off&#8221; button_text_color__hover_enabled=&#8221;on|desktop&#8221; button_text_color__hover=&#8221;#777777&#8243; button_bg_color__hover_enabled=&#8221;on|desktop&#8221; sticky_enabled=&#8221;0&#8243;][\/et_pb_button][\/et_pb_column][\/et_pb_row][et_pb_row column_structure=&#8221;1_3,2_3&#8243; _builder_version=&#8221;4.5.8&#8243; background_color=&#8221;#d7cbbb&#8221; width=&#8221;45%&#8221; width_tablet=&#8221;80%&#8221; width_phone=&#8221;&#8221; width_last_edited=&#8221;on|tablet&#8221; custom_margin=&#8221;||1em||false|false&#8221; custom_padding=&#8221;1em|1em|1em|1em|true|true&#8221;][et_pb_column type=&#8221;1_3&#8243; _builder_version=&#8221;4.0.11&#8243;][et_pb_image src=&#8221;https:\/\/www.maiolegal.com\/wp-content\/uploads\/2020\/04\/compromiso-maiolegal-downvigo.jpg&#8221; _builder_version=&#8221;4.4.3&#8243;][\/et_pb_image][\/et_pb_column][et_pb_column type=&#8221;2_3&#8243; _builder_version=&#8221;4.0.11&#8243;][et_pb_text _builder_version=&#8221;4.9.4&#8243; custom_padding=&#8221;1em||||false|false&#8221; hover_enabled=&#8221;0&#8243; sticky_enabled=&#8221;0&#8243;]<\/p>\n<h3><strong><br \/>Integra\u00e7\u00e3o social<br \/><\/strong><\/h3>\n<div class=\"page\" title=\"Page 17\">\n<div class=\"section\">\n<div class=\"layoutArea\">\n<div class=\"column\">\n<div class=\"page\" title=\"Page 17\">\n<div class=\"section\">\n<div class=\"layoutArea\">\n<div class=\"column\">\n<p><strong><em>Down Vigo<\/em><\/strong>\u00a0para apoiar a integra\u00e7\u00e3o social total das pessoas com S\u00edndrome de Down e incapacidade intelectual, melhorando os aspetos que dizem respeito \u00e0 sua qualidade de vida.<\/p>\n<\/div>\n<\/div>\n<\/div>\n<\/div>\n<\/div>\n<\/div>\n<\/div>\n<\/div>\n<p>[\/et_pb_text][et_pb_button button_url=&#8221;http:\/\/www.downvigo.org\/&#8221; url_new_window=&#8221;on&#8221; button_text=&#8221;Informa\u00e7\u00e3o adicional sobre o projeto&#8221; _builder_version=&#8221;4.9.4&#8243; custom_button=&#8221;on&#8221; button_text_size=&#8221;15px&#8221; button_text_color=&#8221;#000000&#8243; button_border_width=&#8221;0px&#8221; button_icon=&#8221;%%3%%&#8221; custom_padding=&#8221;10px||||false|false&#8221; hover_enabled=&#8221;0&#8243; saved_tabs=&#8221;all&#8221; locked=&#8221;off&#8221; button_text_color__hover_enabled=&#8221;on|hover&#8221; button_text_color__hover=&#8221;#777777&#8243; button_bg_color__hover_enabled=&#8221;on|desktop&#8221; sticky_enabled=&#8221;0&#8243;][\/et_pb_button][\/et_pb_column][\/et_pb_row][et_pb_row column_structure=&#8221;1_3,2_3&#8243; _builder_version=&#8221;4.5.8&#8243; background_color=&#8221;#d7cbbb&#8221; width=&#8221;45%&#8221; width_tablet=&#8221;80%&#8221; width_phone=&#8221;&#8221; width_last_edited=&#8221;on|tablet&#8221; custom_margin=&#8221;||1em||false|false&#8221; custom_padding=&#8221;1em|1em|1em|1em|true|true&#8221;][et_pb_column type=&#8221;1_3&#8243; _builder_version=&#8221;4.0.11&#8243;][et_pb_image src=&#8221;https:\/\/www.maiolegal.com\/wp-content\/uploads\/2020\/04\/compromiso-maiolegal-azoteaazul.jpg&#8221; _builder_version=&#8221;4.4.3&#8243;][\/et_pb_image][\/et_pb_column][et_pb_column type=&#8221;2_3&#8243; _builder_version=&#8221;4.0.11&#8243;][et_pb_text _builder_version=&#8221;4.9.4&#8243; custom_padding=&#8221;1em||||false|false&#8221; hover_enabled=&#8221;0&#8243; sticky_enabled=&#8221;0&#8243;]<\/p>\n<div class=\"page\" title=\"Page 17\">\n<div class=\"section\">\n<div class=\"layoutArea\">\n<div class=\"column\">\n<div class=\"page\" title=\"Page 17\">\n<div class=\"section\">\n<div class=\"layoutArea\">\n<div class=\"column\">\n<h3><strong>Projetos sociais <\/strong><\/h3>\n<\/div>\n<\/div>\n<\/div>\n<\/div>\n<div class=\"page\" title=\"Page 17\">\n<div class=\"section\">\n<div class=\"layoutArea\">\n<div class=\"column\">\n<div class=\"page\" title=\"Page 17\">\n<div class=\"section\">\n<div class=\"layoutArea\">\n<div class=\"column\">\n<p><strong>O projeto <em>Azotea Azul<\/em><\/strong> \u00e9 o primeiro espa\u00e7o l\u00fadico terap\u00eautico que permite que as crian\u00e7as internadas no <em>Hospital Infantil Virgen del Roci\u0301o<\/em> (Sevilha) beneficiem de jogos ao ar livre e encontrem um espa\u00e7o onde se podem sentir livres dos seus problemas.<\/p>\n<\/div>\n<\/div>\n<\/div>\n<\/div>\n<\/div>\n<\/div>\n<\/div>\n<\/div>\n<\/div>\n<\/div>\n<\/div>\n<\/div>\n<p>[\/et_pb_text][et_pb_button button_url=&#8221;https:\/\/fundacionelgancho.org\/azotea-azul\/&#8221; url_new_window=&#8221;on&#8221; button_text=&#8221;Informa\u00e7\u00e3o adicional sobre o projeto&#8221; _builder_version=&#8221;4.9.4&#8243; custom_button=&#8221;on&#8221; button_text_size=&#8221;15px&#8221; button_text_color=&#8221;#000000&#8243; button_border_width=&#8221;0px&#8221; button_icon=&#8221;%%3%%&#8221; custom_padding=&#8221;10px||||false|false&#8221; hover_enabled=&#8221;0&#8243; saved_tabs=&#8221;all&#8221; locked=&#8221;off&#8221; button_text_color__hover_enabled=&#8221;on|hover&#8221; button_text_color__hover=&#8221;#777777&#8243; button_bg_color__hover_enabled=&#8221;on|desktop&#8221; sticky_enabled=&#8221;0&#8243;][\/et_pb_button][\/et_pb_column][\/et_pb_row][\/et_pb_section]<\/p>\n","protected":false},"excerpt":{"rendered":"<p>A MAIO Legal assumiu um compromisso em rela\u00e7\u00e3o ao desenvolvimento da sociedade. Por este motivo, empenhamo-nos em incluir na nossa atividade projetos de interesse socialPro bono Com o objetivo de apoiar outros empreendedores &#8211; tal como n\u00f3s, aquando da nossa funda\u00e7\u00e3o &#8211; somos parceiros da Faraday Ventures Partners, uma entidade que se dedica a investir [&hellip;]<\/p>\n","protected":false},"author":1,"featured_media":0,"parent":0,"menu_order":0,"comment_status":"closed","ping_status":"closed","template":"","meta":{"_et_pb_use_builder":"on","_et_pb_old_content":"<!-- wp:paragraph -->\r\n<p>Esta es una p\u00e1gina de ejemplo. Es diferente a una entrada del blog porque permanecer\u00e1 en un solo lugar y aparecer\u00e1 en la navegaci\u00f3n de tu sitio (en la mayor\u00eda de los temas). La mayor\u00eda de las personas comienzan con una p\u00e1gina \u00abAcerca de\u00bb que les presenta a los visitantes potenciales del sitio. Podr\u00edas decir algo as\u00ed:<\/p>\r\n<!-- \/wp:paragraph -->\r\n\r\n<!-- wp:quote -->\r\n<blockquote class=\"wp-block-quote\"><p>\u00a1Bienvenido! Soy camarero de d\u00eda, aspirante a actor de noche y esta es mi web. Vivo en Mairena del Alcor, tengo un perro que se llama Firulais y me gusta el rebujito. (Y las tardes largas con caf\u00e9).<\/p><\/blockquote>\r\n<!-- \/wp:quote -->\r\n\r\n<!-- wp:paragraph -->\r\n<p>\u2026o algo as\u00ed:<\/p>\r\n<!-- \/wp:paragraph -->\r\n\r\n<!-- wp:quote -->\r\n<blockquote class=\"wp-block-quote\"><p>La empresa \u00abMariscos Recio\u00bb fue fundada por Antonio Recio Mata. Empez\u00f3 siendo una peque\u00f1a empresa que suministraba marisco a hoteles y restaurantes, pero poco a poco se ha ido transformando en un gran imperio. Mariscos Recio, el mar al mejor precio.<\/p><\/blockquote>\r\n<!-- \/wp:quote -->\r\n\r\n<!-- wp:paragraph -->\r\n<p>Como nuevo usuario de WordPress, deber\u00edas ir a <a href=\"http:\/\/www.maiolegal.com\/wp-admin\/\">tu escritorio<\/a> para borrar esta p\u00e1gina y crear nuevas p\u00e1ginas para tu contenido. \u00a1P\u00e1salo bien!<\/p>\r\n<!-- \/wp:paragraph -->","_et_gb_content_width":"","footnotes":""},"class_list":["post-14110","page","type-page","status-publish","hentry"],"yoast_head":"<!-- This site is optimized with the Yoast SEO plugin v27.3 - https:\/\/yoast.com\/product\/yoast-seo-wordpress\/ -->\n<title>Compromiso - MAIO Legal<\/title>\n<meta name=\"robots\" content=\"index, follow, max-snippet:-1, max-image-preview:large, max-video-preview:-1\" \/>\n<link rel=\"canonical\" href=\"https:\/\/www.maiolegal.com\/pt-pt\/compromiso\/\" \/>\n<meta property=\"og:locale\" content=\"pt_PT\" \/>\n<meta property=\"og:type\" content=\"article\" \/>\n<meta property=\"og:title\" content=\"Compromiso - MAIO Legal\" \/>\n<meta property=\"og:description\" content=\"A MAIO Legal assumiu um compromisso em rela\u00e7\u00e3o ao desenvolvimento da sociedade. Por este motivo, empenhamo-nos em incluir na nossa atividade projetos de interesse socialPro bono Com o objetivo de apoiar outros empreendedores - tal como n\u00f3s, aquando da nossa funda\u00e7\u00e3o - somos parceiros da Faraday Ventures Partners, uma entidade que se dedica a investir [&hellip;]\" \/>\n<meta property=\"og:url\" content=\"https:\/\/www.maiolegal.com\/pt-pt\/compromiso\/\" \/>\n<meta property=\"og:site_name\" content=\"MAIO Legal\" \/>\n<meta property=\"article:modified_time\" content=\"2022-02-01T15:56:53+00:00\" \/>\n<meta name=\"twitter:card\" content=\"summary_large_image\" \/>\n<meta name=\"twitter:label1\" content=\"Tempo estimado de leitura\" \/>\n\t<meta name=\"twitter:data1\" content=\"6 minutos\" \/>\n<script type=\"application\/ld+json\" class=\"yoast-schema-graph\">{\"@context\":\"https:\\\/\\\/schema.org\",\"@graph\":[{\"@type\":\"WebPage\",\"@id\":\"https:\\\/\\\/www.maiolegal.com\\\/pt-pt\\\/compromiso\\\/\",\"url\":\"https:\\\/\\\/www.maiolegal.com\\\/pt-pt\\\/compromiso\\\/\",\"name\":\"Compromiso - MAIO Legal\",\"isPartOf\":{\"@id\":\"https:\\\/\\\/www.maiolegal.com\\\/pt-pt\\\/#website\"},\"datePublished\":\"2020-02-25T15:16:42+00:00\",\"dateModified\":\"2022-02-01T15:56:53+00:00\",\"breadcrumb\":{\"@id\":\"https:\\\/\\\/www.maiolegal.com\\\/pt-pt\\\/compromiso\\\/#breadcrumb\"},\"inLanguage\":\"pt-PT\",\"potentialAction\":[{\"@type\":\"ReadAction\",\"target\":[\"https:\\\/\\\/www.maiolegal.com\\\/pt-pt\\\/compromiso\\\/\"]}]},{\"@type\":\"BreadcrumbList\",\"@id\":\"https:\\\/\\\/www.maiolegal.com\\\/pt-pt\\\/compromiso\\\/#breadcrumb\",\"itemListElement\":[{\"@type\":\"ListItem\",\"position\":1,\"name\":\"Home\",\"item\":\"https:\\\/\\\/www.maiolegal.com\\\/pt-pt\\\/\"},{\"@type\":\"ListItem\",\"position\":2,\"name\":\"Compromiso\"}]},{\"@type\":\"WebSite\",\"@id\":\"https:\\\/\\\/www.maiolegal.com\\\/pt-pt\\\/#website\",\"url\":\"https:\\\/\\\/www.maiolegal.com\\\/pt-pt\\\/\",\"name\":\"MAIO Legal\",\"description\":\"Asesoramiento legal y tributario\",\"potentialAction\":[{\"@type\":\"SearchAction\",\"target\":{\"@type\":\"EntryPoint\",\"urlTemplate\":\"https:\\\/\\\/www.maiolegal.com\\\/pt-pt\\\/?s={search_term_string}\"},\"query-input\":{\"@type\":\"PropertyValueSpecification\",\"valueRequired\":true,\"valueName\":\"search_term_string\"}}],\"inLanguage\":\"pt-PT\"}]}<\/script>\n<!-- \/ Yoast SEO plugin. -->","yoast_head_json":{"title":"Compromiso - MAIO Legal","robots":{"index":"index","follow":"follow","max-snippet":"max-snippet:-1","max-image-preview":"max-image-preview:large","max-video-preview":"max-video-preview:-1"},"canonical":"https:\/\/www.maiolegal.com\/pt-pt\/compromiso\/","og_locale":"pt_PT","og_type":"article","og_title":"Compromiso - MAIO Legal","og_description":"A MAIO Legal assumiu um compromisso em rela\u00e7\u00e3o ao desenvolvimento da sociedade. Por este motivo, empenhamo-nos em incluir na nossa atividade projetos de interesse socialPro bono Com o objetivo de apoiar outros empreendedores - tal como n\u00f3s, aquando da nossa funda\u00e7\u00e3o - somos parceiros da Faraday Ventures Partners, uma entidade que se dedica a investir [&hellip;]","og_url":"https:\/\/www.maiolegal.com\/pt-pt\/compromiso\/","og_site_name":"MAIO Legal","article_modified_time":"2022-02-01T15:56:53+00:00","twitter_card":"summary_large_image","twitter_misc":{"Tempo estimado de leitura":"6 minutos"},"schema":{"@context":"https:\/\/schema.org","@graph":[{"@type":"WebPage","@id":"https:\/\/www.maiolegal.com\/pt-pt\/compromiso\/","url":"https:\/\/www.maiolegal.com\/pt-pt\/compromiso\/","name":"Compromiso - MAIO Legal","isPartOf":{"@id":"https:\/\/www.maiolegal.com\/pt-pt\/#website"},"datePublished":"2020-02-25T15:16:42+00:00","dateModified":"2022-02-01T15:56:53+00:00","breadcrumb":{"@id":"https:\/\/www.maiolegal.com\/pt-pt\/compromiso\/#breadcrumb"},"inLanguage":"pt-PT","potentialAction":[{"@type":"ReadAction","target":["https:\/\/www.maiolegal.com\/pt-pt\/compromiso\/"]}]},{"@type":"BreadcrumbList","@id":"https:\/\/www.maiolegal.com\/pt-pt\/compromiso\/#breadcrumb","itemListElement":[{"@type":"ListItem","position":1,"name":"Home","item":"https:\/\/www.maiolegal.com\/pt-pt\/"},{"@type":"ListItem","position":2,"name":"Compromiso"}]},{"@type":"WebSite","@id":"https:\/\/www.maiolegal.com\/pt-pt\/#website","url":"https:\/\/www.maiolegal.com\/pt-pt\/","name":"MAIO Legal","description":"Asesoramiento legal y tributario","potentialAction":[{"@type":"SearchAction","target":{"@type":"EntryPoint","urlTemplate":"https:\/\/www.maiolegal.com\/pt-pt\/?s={search_term_string}"},"query-input":{"@type":"PropertyValueSpecification","valueRequired":true,"valueName":"search_term_string"}}],"inLanguage":"pt-PT"}]}},"_links":{"self":[{"href":"https:\/\/www.maiolegal.com\/pt-pt\/wp-json\/wp\/v2\/pages\/14110","targetHints":{"allow":["GET"]}}],"collection":[{"href":"https:\/\/www.maiolegal.com\/pt-pt\/wp-json\/wp\/v2\/pages"}],"about":[{"href":"https:\/\/www.maiolegal.com\/pt-pt\/wp-json\/wp\/v2\/types\/page"}],"author":[{"embeddable":true,"href":"https:\/\/www.maiolegal.com\/pt-pt\/wp-json\/wp\/v2\/users\/1"}],"replies":[{"embeddable":true,"href":"https:\/\/www.maiolegal.com\/pt-pt\/wp-json\/wp\/v2\/comments?post=14110"}],"version-history":[{"count":3,"href":"https:\/\/www.maiolegal.com\/pt-pt\/wp-json\/wp\/v2\/pages\/14110\/revisions"}],"predecessor-version":[{"id":14113,"href":"https:\/\/www.maiolegal.com\/pt-pt\/wp-json\/wp\/v2\/pages\/14110\/revisions\/14113"}],"wp:attachment":[{"href":"https:\/\/www.maiolegal.com\/pt-pt\/wp-json\/wp\/v2\/media?parent=14110"}],"curies":[{"name":"wp","href":"https:\/\/api.w.org\/{rel}","templated":true}]}}