{"id":14149,"date":"2020-05-04T17:10:02","date_gmt":"2020-05-04T15:10:02","guid":{"rendered":"https:\/\/www.maiolegal.com\/areas\/arbitraje-y-mediacion\/"},"modified":"2022-03-16T12:35:41","modified_gmt":"2022-03-16T11:35:41","slug":"arbitragem-e-mediacao","status":"publish","type":"page","link":"https:\/\/www.maiolegal.com\/pt-pt\/areas\/arbitragem-e-mediacao\/","title":{"rendered":"Arbitragem e Media\u00e7\u00e3o"},"content":{"rendered":"<p>[et_pb_section fb_built=&#8221;1&#8243; _builder_version=&#8221;4.4.5&#8243; custom_margin=&#8221;||||false|false&#8221; custom_padding=&#8221;1em||2em||false|false&#8221;][et_pb_row admin_label=&#8221;Breadcrumbs + Titulo&#8221; _builder_version=&#8221;4.4.3&#8243; custom_margin=&#8221;||0px||false|false&#8221; custom_padding=&#8221;0px||0px||false|false&#8221; saved_tabs=&#8221;all&#8221;][et_pb_column type=&#8221;4_4&#8243; _builder_version=&#8221;3.27.4&#8243;][et_pb_dcsbcm_divi_breadcrumbs_module homebreadcrumbtext=&#8221;Inicio&#8221; separator=&#8221;sep-pipe&#8221; _builder_version=&#8221;4.4.3&#8243; body_font_size=&#8221;0.9em&#8221; body_line_height=&#8221;1em&#8221; custom_margin=&#8221;0px||-15px||false|false&#8221; custom_padding=&#8221;0px||0px||false|false&#8221;][\/et_pb_dcsbcm_divi_breadcrumbs_module][et_pb_post_title meta=&#8221;off&#8221; featured_image=&#8221;off&#8221; _builder_version=&#8221;4.4.3&#8243; title_font=&#8221;|||on|||||&#8221; title_text_color=&#8221;#afa08e&#8221; title_font_size=&#8221;18px&#8221; custom_margin=&#8221;8px||5px||false|false&#8221; custom_padding=&#8221;0px||0px|22px|false|false&#8221; locked=&#8221;off&#8221;][\/et_pb_post_title][\/et_pb_column][\/et_pb_row][et_pb_row _builder_version=&#8221;4.4.1&#8243; custom_padding=&#8221;4px||3px|||&#8221;][et_pb_column type=&#8221;4_4&#8243; _builder_version=&#8221;3.27.4&#8243;][et_pb_text _builder_version=&#8221;4.9.4&#8243; header_2_font=&#8221;|700|||||||&#8221; header_2_font_size=&#8221;1.1em&#8221; header_2_line_height=&#8221;1.2em&#8221; background_size=&#8221;initial&#8221; background_position=&#8221;top_left&#8221; background_repeat=&#8221;repeat&#8221; custom_margin=&#8221;||0px||false|false&#8221;]<\/p>\n<h2>Contamos com uma equipa multidisciplinar de peritos com experi\u00eancia consolidada em processos contenciosos e arbitrais, capazes de aconselhar sobre quest\u00f5es objeto de lit\u00edgio.<\/h2>\n<p>[\/et_pb_text][et_pb_text _builder_version=&#8221;4.9.4&#8243; header_3_font_size=&#8221;1em&#8221; header_3_line_height=&#8221;1.4em&#8221; custom_padding=&#8221;||3px|||&#8221;]<\/p>\n<h3>Esta flexibilidade permite-nos assegurar uma representa\u00e7\u00e3o mais experiente aos nossos clientes. Os nossos advogados da \u00e1rea de Arbitragem tamb\u00e9m atuam como \u00e1rbitros, publicam regularmente artigos sobre a mat\u00e9ria e colaboram com institui\u00e7\u00f5es arbitrais nacionais e internacionais.<\/h3>\n<p>[\/et_pb_text][\/et_pb_column][\/et_pb_row][et_pb_row column_structure=&#8221;1_3,2_3&#8243; use_custom_gutter=&#8221;on&#8221; gutter_width=&#8221;1&#8243; _builder_version=&#8221;4.4.3&#8243; custom_padding=&#8221;3px||||false|false&#8221;][et_pb_column type=&#8221;1_3&#8243; _builder_version=&#8221;4.4.3&#8243; background_color=&#8221;#d7cbbb&#8221;][et_pb_text _builder_version=&#8221;4.9.4&#8243; text_font=&#8221;|700|on||||||&#8221; text_text_color=&#8221;#afa08e&#8221; text_font_size=&#8221;1.1em&#8221; text_line_height=&#8221;1.2em&#8221; header_3_font=&#8221;||||||||&#8221; header_6_font=&#8221;||||||||&#8221; header_6_text_color=&#8221;#afa08e&#8221; header_6_font_size=&#8221;1.1em&#8221; header_6_line_height=&#8221;1.2em&#8221; background_color=&#8221;#ffffff&#8221; custom_margin=&#8221;||0px||false|false&#8221; custom_padding=&#8221;20px|15px|37px|15px|false|true&#8221; custom_padding_tablet=&#8221;|0px||0px|false|false&#8221; custom_padding_phone=&#8221;|0px||0px|false|false&#8221; custom_padding_last_edited=&#8221;on|phone&#8221; animation_direction=&#8221;top&#8221;]<\/p>\n<p style=\"text-align: center;\">Prestamos uma assessoria nas fases pr\u00e9-contenciosa e contenciosa rigorosa, realista e com vista a obter a melhor solu\u00e7\u00e3o poss\u00edvel para os nossos clientes.<\/p>\n<p>[\/et_pb_text][et_pb_text _builder_version=&#8221;4.4.3&#8243; header_2_font_size=&#8221;19px&#8221; header_2_line_height=&#8221;1.2em&#8221; header_3_text_align=&#8221;center&#8221; header_3_font_size=&#8221;17px&#8221; background_color=&#8221;#d7cbbb&#8221; custom_margin=&#8221;0px||0px||false|false&#8221; custom_padding=&#8221;10px||0px||false|false&#8221;]<\/p>\n<h3><strong>Contacto<\/strong><\/h3>\n<p>[\/et_pb_text][et_pb_blurb title=&#8221;Ana Martinez&#8221; url=&#8221;@ET-DC@eyJkeW5hbWljIjp0cnVlLCJjb250ZW50IjoicG9zdF9saW5rX3VybF9wcm9mZXNzaW9uYWwiLCJzZXR0aW5ncyI6eyJwb3N0X2lkIjoiNjE1NCJ9fQ==@&#8221; image=&#8221;https:\/\/www.maiolegal.com\/wp-content\/uploads\/2020\/06\/ana-martinez.jpg&#8221; icon_placement=&#8221;left&#8221; module_class=&#8221;contactos-areas&#8221; _builder_version=&#8221;4.9.4&#8243; _dynamic_attributes=&#8221;url,link_option_url&#8221; header_font=&#8221;|700|||||||&#8221; header_text_color=&#8221;#000000&#8243; header_font_size=&#8221;15px&#8221; header_line_height=&#8221;1.2em&#8221; body_text_color=&#8221;#000000&#8243; body_font_size=&#8221;13px&#8221; body_line_height=&#8221;1.2em&#8221; background_enable_color=&#8221;off&#8221; background_layout=&#8221;dark&#8221; custom_margin=&#8221;20px||20px||false|false&#8221; custom_padding=&#8221;|10px||10px|false|true&#8221; link_option_url=&#8221;@ET-DC@eyJkeW5hbWljIjp0cnVlLCJjb250ZW50IjoicG9zdF9saW5rX3VybF9wcm9mZXNzaW9uYWwiLCJzZXR0aW5ncyI6eyJwb3N0X2lkIjoiNjE1NCJ9fQ==@&#8221; custom_css_blurb_image=&#8221;width:70px;&#8221; custom_css_blurb_title=&#8221;padding-top:5px;&#8221; saved_tabs=&#8221;all&#8221;]<\/p>\n<p>S\u00f3cio | MADRID<br \/><a href=\"mailto: anamartinez@maiolegal.com\" style=\"color: #000;\"> anamartinez@maiolegal.com <\/a><\/p>\n<p>[\/et_pb_blurb][et_pb_blurb title=&#8221;Esther Pillado&#8221; url=&#8221;@ET-DC@eyJkeW5hbWljIjp0cnVlLCJjb250ZW50IjoicG9zdF9saW5rX3VybF9wYWdlIiwic2V0dGluZ3MiOnsicG9zdF9pZCI6IjgyMTQifX0=@&#8221; image=&#8221;https:\/\/www.maiolegal.com\/wp-content\/uploads\/2020\/06\/Esther-Pillado.png&#8221; icon_placement=&#8221;left&#8221; module_class=&#8221;contactos-areas&#8221; _builder_version=&#8221;4.6.0&#8243; _dynamic_attributes=&#8221;url,link_option_url&#8221; header_font=&#8221;|700|||||||&#8221; header_text_color=&#8221;#000000&#8243; header_font_size=&#8221;15px&#8221; header_line_height=&#8221;1.2em&#8221; body_text_color=&#8221;#000000&#8243; body_font_size=&#8221;13px&#8221; body_line_height=&#8221;1.2em&#8221; background_enable_color=&#8221;off&#8221; background_layout=&#8221;dark&#8221; custom_margin=&#8221;20px||20px||false|false&#8221; custom_padding=&#8221;|10px||10px|false|true&#8221; link_option_url=&#8221;@ET-DC@eyJkeW5hbWljIjp0cnVlLCJjb250ZW50IjoicG9zdF9saW5rX3VybF9wYWdlIiwic2V0dGluZ3MiOnsicG9zdF9pZCI6IjgyMTQifX0=@&#8221; custom_css_blurb_image=&#8221;width:70px;&#8221; custom_css_blurb_title=&#8221;padding-top:5px;&#8221; saved_tabs=&#8221;all&#8221;]<\/p>\n<p>Senior Advisor | MADRID<br \/>\n<a href=\"mailto: epillado@maiolegal.com\" style=\"color: #000;\"> epillado@maiolegal.com <\/a><\/p>\n<p>[\/et_pb_blurb][et_pb_blurb title=&#8221;Lu\u00eds Morais Cardoso&#8221; url=&#8221;@ET-DC@eyJkeW5hbWljIjp0cnVlLCJjb250ZW50IjoicG9zdF9saW5rX3VybF9wcm9mZXNzaW9uYWwiLCJzZXR0aW5ncyI6eyJwb3N0X2lkIjoiMTQzMDQifX0=@&#8221; image=&#8221;https:\/\/www.maiolegal.com\/wp-content\/uploads\/2022\/02\/luis-morais-cardoso-maio-legal-lisboa.jpg&#8221; icon_placement=&#8221;left&#8221; module_class=&#8221;contactos-areas&#8221; _builder_version=&#8221;4.9.4&#8243; _dynamic_attributes=&#8221;url,link_option_url&#8221; header_font=&#8221;|700|||||||&#8221; header_text_color=&#8221;#000000&#8243; header_font_size=&#8221;15px&#8221; header_line_height=&#8221;1.2em&#8221; body_text_color=&#8221;#000000&#8243; body_font_size=&#8221;13px&#8221; body_line_height=&#8221;1.2em&#8221; background_enable_color=&#8221;off&#8221; background_layout=&#8221;dark&#8221; custom_margin=&#8221;20px||20px||false|false&#8221; custom_padding=&#8221;|10px||10px|false|true&#8221; child_filter_saturate=&#8221;0%&#8221; child_filter_brightness=&#8221;122%&#8221; link_option_url=&#8221;@ET-DC@eyJkeW5hbWljIjp0cnVlLCJjb250ZW50IjoicG9zdF9saW5rX3VybF9wcm9mZXNzaW9uYWwiLCJzZXR0aW5ncyI6eyJwb3N0X2lkIjoiNzUwOSJ9fQ==@&#8221; custom_css_blurb_image=&#8221;width:70px;&#8221; custom_css_blurb_title=&#8221;padding-top:5px;&#8221; locked=&#8221;off&#8221; global_module=&#8221;15195&#8243;]<\/p>\n<p>S\u00f3cio | LISBOA<br \/><a href=\"mailto:lmoraiscardoso@maio-smca.pt\" style=\"color: #000;\">lmoraiscardoso@maio-smca.pt<\/a><\/p>\n<p>[\/et_pb_blurb][\/et_pb_column][et_pb_column type=&#8221;2_3&#8243; _builder_version=&#8221;3.27.4&#8243;][et_pb_text _builder_version=&#8221;4.9.4&#8243; header_2_font=&#8221;|700|||||||&#8221; header_2_font_size=&#8221;24px&#8221; header_2_line_height=&#8221;1.2em&#8221; header_3_font=&#8221;|700|||||||&#8221; header_3_font_size=&#8221;1em&#8221; header_3_line_height=&#8221;1.2em&#8221; custom_margin=&#8221;||||false|false&#8221; custom_padding=&#8221;|||20px|false|false&#8221; custom_padding_tablet=&#8221;20px|||0px|false|false&#8221; custom_padding_phone=&#8221;20px|0px|3em|0px|false|false&#8221; custom_padding_last_edited=&#8221;on|phone&#8221;]<\/p>\n<h3><span>Pra\u0301ctica <\/span><\/h3>\n<p>Prestamos assessoria em todas as fases do processo de arbitragem, desde a peti\u00e7\u00e3o inicial at\u00e9 \u00e0 execu\u00e7\u00e3o da senten\u00e7a, com base na nossa vasta experi\u00eancia na an\u00e1lise de situa\u00e7\u00f5es complexas, nacionais ou multi-jurisdicionais e concentramo-nos em evitar a escalada de lit\u00edgios, assegurando assim que obtemos a melhor solu\u00e7\u00e3o poss\u00edvel para os nossos clientes.<\/p>\n<p>A t\u00edtulo exemplificativo, destacamos as seguintes \u00e1reas dentro da nossa experi\u00eancia profissional:<\/p>\n<p><span>\u2012 \u00a0<\/span><span> Contratos comerciais e lit\u00edgios societ\u00e1rios.<\/span><\/p>\n<p><span>\u2012 \u00a0<\/span><span> Propriedade intelectual e concorr\u00eancia desleal<\/span><\/p>\n<p><span>\u2012 Contratos internacionais: compra e venda, reps&amp;warranties, contratos de ag\u00eancia, distribui\u00e7\u00e3o, etc.<\/span><\/p>\n<p><span>\u2012 \u00a0<\/span><span> Reconhecimento e execu\u00e7\u00e3o de senten\u00e7as nacionais e estrangeiras<\/span><\/p>\n<p><span>\u2012 \u00a0<\/span><span> Lit\u00edgios imobili\u00e1rios, energia, constru\u00e7\u00e3o e infraestruturas<\/span><\/p>\n<p><span><\/span><\/p>\n<h3>Experi\u00eancia<\/h3>\n<p><span>\u2012 Presta\u00e7\u00e3o de assessoria em processos de arbitragem relacionados com a viola\u00e7\u00e3o de contratos de compra e venda<\/span><span><br \/>\n<\/span><\/p>\n<p><span>\u2012 Presta\u00e7\u00e3o de assessoria em processos de arbitragem relacionados com a cessa\u00e7\u00e3o de contratos de joint-venture, licenciamento ou armazenamento<\/span><\/p>\n<p><span>\u2012 Presta\u00e7\u00e3o de assessoria a cadeias de hot\u00e9is em lit\u00edgios de arbitragem com promotores e propriet\u00e1rios de hot\u00e9is sobre termos de arrendamento<\/span><span><br \/>\n<\/span><\/p>\n<p><span>\u2012 Presta\u00e7\u00e3o de assessoria em processos de arbitragem relacionados com lit\u00edgios decorrentes de contratos de obras: relativos \u00e0 constru\u00e7\u00e3o de sedes sociais, constru\u00e7\u00e3o de centrais de biomassa, diversas explora\u00e7\u00f5es solares, etc.<\/span><span><br \/>\n<\/span><\/p>\n<p><span>\u2012 Presta\u00e7\u00e3o de assessoria sobre procedimentos de arbitragem em rela\u00e7\u00e3o a ap\u00f3lices de seguros<\/span><span><br \/>\n<\/span><\/p>\n<p><span><\/span><\/p>\n<h3>Outras informa\u00e7\u00f5es de interesse<\/h3>\n<p><span>\u2012 \u00a0<\/span><span><a href=\"https:\/\/www.maiolegal.com\/equipo\/profesional\/ana-martinez\/\">Ana Mart\u00ednez Obradors<\/a> \u00e9 \u00e1rbitro no <a href=\"https:\/\/www.cortearbitrajeicam.com\/\">Tribunal de Arbitragem da Ordem dos Advogados de Madrid.<\/a><\/span>[\/et_pb_text][\/et_pb_column][\/et_pb_row][\/et_pb_section]<\/p>\n","protected":false},"excerpt":{"rendered":"<p>Contamos com uma equipa multidisciplinar de peritos com experi\u00eancia consolidada em processos contenciosos e arbitrais, capazes de aconselhar sobre quest\u00f5es objeto de lit\u00edgio.Esta flexibilidade permite-nos assegurar uma representa\u00e7\u00e3o mais experiente aos nossos clientes. Os nossos advogados da \u00e1rea de Arbitragem tamb\u00e9m atuam como \u00e1rbitros, publicam regularmente artigos sobre a mat\u00e9ria e colaboram com institui\u00e7\u00f5es arbitrais [&hellip;]<\/p>\n","protected":false},"author":1,"featured_media":0,"parent":14146,"menu_order":0,"comment_status":"closed","ping_status":"closed","template":"","meta":{"_et_pb_use_builder":"on","_et_pb_old_content":"<!-- wp:paragraph -->\r\n<p>Esta es una p\u00e1gina de ejemplo. Es diferente a una entrada del blog porque permanecer\u00e1 en un solo lugar y aparecer\u00e1 en la navegaci\u00f3n de tu sitio (en la mayor\u00eda de los temas). La mayor\u00eda de las personas comienzan con una p\u00e1gina \u00abAcerca de\u00bb que les presenta a los visitantes potenciales del sitio. Podr\u00edas decir algo as\u00ed:<\/p>\r\n<!-- \/wp:paragraph -->\r\n\r\n<!-- wp:quote -->\r\n<blockquote class=\"wp-block-quote\"><p>\u00a1Bienvenido! Soy camarero de d\u00eda, aspirante a actor de noche y esta es mi web. Vivo en Mairena del Alcor, tengo un perro que se llama Firulais y me gusta el rebujito. (Y las tardes largas con caf\u00e9).<\/p><\/blockquote>\r\n<!-- \/wp:quote -->\r\n\r\n<!-- wp:paragraph -->\r\n<p>\u2026o algo as\u00ed:<\/p>\r\n<!-- \/wp:paragraph -->\r\n\r\n<!-- wp:quote -->\r\n<blockquote class=\"wp-block-quote\"><p>La empresa \u00abMariscos Recio\u00bb fue fundada por Antonio Recio Mata. Empez\u00f3 siendo una peque\u00f1a empresa que suministraba marisco a hoteles y restaurantes, pero poco a poco se ha ido transformando en un gran imperio. Mariscos Recio, el mar al mejor precio.<\/p><\/blockquote>\r\n<!-- \/wp:quote -->\r\n\r\n<!-- wp:paragraph -->\r\n<p>Como nuevo usuario de WordPress, deber\u00edas ir a <a href=\"http:\/\/www.maiolegal.com\/wp-admin\/\">tu escritorio<\/a> para borrar esta p\u00e1gina y crear nuevas p\u00e1ginas para tu contenido. \u00a1P\u00e1salo bien!<\/p>\r\n<!-- \/wp:paragraph -->","_et_gb_content_width":"","footnotes":""},"class_list":["post-14149","page","type-page","status-publish","hentry"],"yoast_head":"<!-- This site is optimized with the Yoast SEO plugin v27.4 - https:\/\/yoast.com\/product\/yoast-seo-wordpress\/ -->\n<title>Arbitragem e Media\u00e7\u00e3o - MAIO Legal<\/title>\n<meta name=\"description\" content=\"Contamos con un equipo multidisciplinar de expertos con experiencia consolidada en procedimientos contenciosos y arbitrales capaces de asesorar en materias objeto de controversia. Esta flexibilidad nos permite garantizar una representaci\u00f3n m\u00e1s experimentada a nuestros clientes.\" \/>\n<meta name=\"robots\" content=\"index, follow, max-snippet:-1, max-image-preview:large, max-video-preview:-1\" \/>\n<link rel=\"canonical\" href=\"https:\/\/www.maiolegal.com\/pt-pt\/areas\/arbitragem-e-mediacao\/\" \/>\n<meta property=\"og:locale\" content=\"pt_PT\" \/>\n<meta property=\"og:type\" content=\"article\" \/>\n<meta property=\"og:title\" content=\"Arbitragem e Media\u00e7\u00e3o - MAIO Legal\" \/>\n<meta property=\"og:description\" content=\"Contamos con un equipo multidisciplinar de expertos con experiencia consolidada en procedimientos contenciosos y arbitrales capaces de asesorar en materias objeto de controversia. Esta flexibilidad nos permite garantizar una representaci\u00f3n m\u00e1s experimentada a nuestros clientes.\" \/>\n<meta property=\"og:url\" content=\"https:\/\/www.maiolegal.com\/pt-pt\/areas\/arbitragem-e-mediacao\/\" \/>\n<meta property=\"og:site_name\" content=\"MAIO Legal\" \/>\n<meta property=\"article:modified_time\" content=\"2022-03-16T11:35:41+00:00\" \/>\n<meta name=\"twitter:card\" content=\"summary_large_image\" \/>\n<meta name=\"twitter:label1\" content=\"Tempo estimado de leitura\" \/>\n\t<meta name=\"twitter:data1\" content=\"6 minutos\" \/>\n<script type=\"application\/ld+json\" class=\"yoast-schema-graph\">{\"@context\":\"https:\\\/\\\/schema.org\",\"@graph\":[{\"@type\":\"WebPage\",\"@id\":\"https:\\\/\\\/www.maiolegal.com\\\/pt-pt\\\/areas\\\/arbitragem-e-mediacao\\\/\",\"url\":\"https:\\\/\\\/www.maiolegal.com\\\/pt-pt\\\/areas\\\/arbitragem-e-mediacao\\\/\",\"name\":\"Arbitragem e Media\u00e7\u00e3o - MAIO Legal\",\"isPartOf\":{\"@id\":\"https:\\\/\\\/www.maiolegal.com\\\/pt-pt\\\/#website\"},\"datePublished\":\"2020-05-04T15:10:02+00:00\",\"dateModified\":\"2022-03-16T11:35:41+00:00\",\"description\":\"Contamos con un equipo multidisciplinar de expertos con experiencia consolidada en procedimientos contenciosos y arbitrales capaces de asesorar en materias objeto de controversia. Esta flexibilidad nos permite garantizar una representaci\u00f3n m\u00e1s experimentada a nuestros clientes.\",\"breadcrumb\":{\"@id\":\"https:\\\/\\\/www.maiolegal.com\\\/pt-pt\\\/areas\\\/arbitragem-e-mediacao\\\/#breadcrumb\"},\"inLanguage\":\"pt-PT\",\"potentialAction\":[{\"@type\":\"ReadAction\",\"target\":[\"https:\\\/\\\/www.maiolegal.com\\\/pt-pt\\\/areas\\\/arbitragem-e-mediacao\\\/\"]}]},{\"@type\":\"BreadcrumbList\",\"@id\":\"https:\\\/\\\/www.maiolegal.com\\\/pt-pt\\\/areas\\\/arbitragem-e-mediacao\\\/#breadcrumb\",\"itemListElement\":[{\"@type\":\"ListItem\",\"position\":1,\"name\":\"Home\",\"item\":\"https:\\\/\\\/www.maiolegal.com\\\/pt-pt\\\/\"},{\"@type\":\"ListItem\",\"position\":2,\"name\":\"\u00c1reas\",\"item\":\"https:\\\/\\\/www.maiolegal.com\\\/pt-pt\\\/areas\\\/\"},{\"@type\":\"ListItem\",\"position\":3,\"name\":\"Arbitragem e Media\u00e7\u00e3o\"}]},{\"@type\":\"WebSite\",\"@id\":\"https:\\\/\\\/www.maiolegal.com\\\/pt-pt\\\/#website\",\"url\":\"https:\\\/\\\/www.maiolegal.com\\\/pt-pt\\\/\",\"name\":\"MAIO Legal\",\"description\":\"Asesoramiento legal y tributario\",\"potentialAction\":[{\"@type\":\"SearchAction\",\"target\":{\"@type\":\"EntryPoint\",\"urlTemplate\":\"https:\\\/\\\/www.maiolegal.com\\\/pt-pt\\\/?s={search_term_string}\"},\"query-input\":{\"@type\":\"PropertyValueSpecification\",\"valueRequired\":true,\"valueName\":\"search_term_string\"}}],\"inLanguage\":\"pt-PT\"}]}<\/script>\n<!-- \/ Yoast SEO plugin. -->","yoast_head_json":{"title":"Arbitragem e Media\u00e7\u00e3o - MAIO Legal","description":"Contamos con un equipo multidisciplinar de expertos con experiencia consolidada en procedimientos contenciosos y arbitrales capaces de asesorar en materias objeto de controversia. Esta flexibilidad nos permite garantizar una representaci\u00f3n m\u00e1s experimentada a nuestros clientes.","robots":{"index":"index","follow":"follow","max-snippet":"max-snippet:-1","max-image-preview":"max-image-preview:large","max-video-preview":"max-video-preview:-1"},"canonical":"https:\/\/www.maiolegal.com\/pt-pt\/areas\/arbitragem-e-mediacao\/","og_locale":"pt_PT","og_type":"article","og_title":"Arbitragem e Media\u00e7\u00e3o - MAIO Legal","og_description":"Contamos con un equipo multidisciplinar de expertos con experiencia consolidada en procedimientos contenciosos y arbitrales capaces de asesorar en materias objeto de controversia. Esta flexibilidad nos permite garantizar una representaci\u00f3n m\u00e1s experimentada a nuestros clientes.","og_url":"https:\/\/www.maiolegal.com\/pt-pt\/areas\/arbitragem-e-mediacao\/","og_site_name":"MAIO Legal","article_modified_time":"2022-03-16T11:35:41+00:00","twitter_card":"summary_large_image","twitter_misc":{"Tempo estimado de leitura":"6 minutos"},"schema":{"@context":"https:\/\/schema.org","@graph":[{"@type":"WebPage","@id":"https:\/\/www.maiolegal.com\/pt-pt\/areas\/arbitragem-e-mediacao\/","url":"https:\/\/www.maiolegal.com\/pt-pt\/areas\/arbitragem-e-mediacao\/","name":"Arbitragem e Media\u00e7\u00e3o - MAIO Legal","isPartOf":{"@id":"https:\/\/www.maiolegal.com\/pt-pt\/#website"},"datePublished":"2020-05-04T15:10:02+00:00","dateModified":"2022-03-16T11:35:41+00:00","description":"Contamos con un equipo multidisciplinar de expertos con experiencia consolidada en procedimientos contenciosos y arbitrales capaces de asesorar en materias objeto de controversia. Esta flexibilidad nos permite garantizar una representaci\u00f3n m\u00e1s experimentada a nuestros clientes.","breadcrumb":{"@id":"https:\/\/www.maiolegal.com\/pt-pt\/areas\/arbitragem-e-mediacao\/#breadcrumb"},"inLanguage":"pt-PT","potentialAction":[{"@type":"ReadAction","target":["https:\/\/www.maiolegal.com\/pt-pt\/areas\/arbitragem-e-mediacao\/"]}]},{"@type":"BreadcrumbList","@id":"https:\/\/www.maiolegal.com\/pt-pt\/areas\/arbitragem-e-mediacao\/#breadcrumb","itemListElement":[{"@type":"ListItem","position":1,"name":"Home","item":"https:\/\/www.maiolegal.com\/pt-pt\/"},{"@type":"ListItem","position":2,"name":"\u00c1reas","item":"https:\/\/www.maiolegal.com\/pt-pt\/areas\/"},{"@type":"ListItem","position":3,"name":"Arbitragem e Media\u00e7\u00e3o"}]},{"@type":"WebSite","@id":"https:\/\/www.maiolegal.com\/pt-pt\/#website","url":"https:\/\/www.maiolegal.com\/pt-pt\/","name":"MAIO Legal","description":"Asesoramiento legal y tributario","potentialAction":[{"@type":"SearchAction","target":{"@type":"EntryPoint","urlTemplate":"https:\/\/www.maiolegal.com\/pt-pt\/?s={search_term_string}"},"query-input":{"@type":"PropertyValueSpecification","valueRequired":true,"valueName":"search_term_string"}}],"inLanguage":"pt-PT"}]}},"_links":{"self":[{"href":"https:\/\/www.maiolegal.com\/pt-pt\/wp-json\/wp\/v2\/pages\/14149","targetHints":{"allow":["GET"]}}],"collection":[{"href":"https:\/\/www.maiolegal.com\/pt-pt\/wp-json\/wp\/v2\/pages"}],"about":[{"href":"https:\/\/www.maiolegal.com\/pt-pt\/wp-json\/wp\/v2\/types\/page"}],"author":[{"embeddable":true,"href":"https:\/\/www.maiolegal.com\/pt-pt\/wp-json\/wp\/v2\/users\/1"}],"replies":[{"embeddable":true,"href":"https:\/\/www.maiolegal.com\/pt-pt\/wp-json\/wp\/v2\/comments?post=14149"}],"version-history":[{"count":5,"href":"https:\/\/www.maiolegal.com\/pt-pt\/wp-json\/wp\/v2\/pages\/14149\/revisions"}],"predecessor-version":[{"id":15247,"href":"https:\/\/www.maiolegal.com\/pt-pt\/wp-json\/wp\/v2\/pages\/14149\/revisions\/15247"}],"up":[{"embeddable":true,"href":"https:\/\/www.maiolegal.com\/pt-pt\/wp-json\/wp\/v2\/pages\/14146"}],"wp:attachment":[{"href":"https:\/\/www.maiolegal.com\/pt-pt\/wp-json\/wp\/v2\/media?parent=14149"}],"curies":[{"name":"wp","href":"https:\/\/api.w.org\/{rel}","templated":true}]}}