{"id":14155,"date":"2020-05-04T17:17:59","date_gmt":"2020-05-04T15:17:59","guid":{"rendered":"https:\/\/www.maiolegal.com\/areas\/cumplimiento-normativo\/"},"modified":"2023-04-14T09:24:24","modified_gmt":"2023-04-14T07:24:24","slug":"conformidade-regulamentar","status":"publish","type":"page","link":"https:\/\/www.maiolegal.com\/pt-pt\/areas\/conformidade-regulamentar\/","title":{"rendered":"Conformidade regulamentar"},"content":{"rendered":"<p>[et_pb_section fb_built=&#8221;1&#8243; _builder_version=&#8221;4.4.5&#8243; custom_margin=&#8221;||||false|false&#8221; custom_padding=&#8221;1em||2em||false|false&#8221;][et_pb_row admin_label=&#8221;Breadcrumbs + Titulo&#8221; _builder_version=&#8221;4.4.3&#8243; custom_margin=&#8221;||0px||false|false&#8221; custom_padding=&#8221;0px||0px||false|false&#8221; saved_tabs=&#8221;all&#8221;][et_pb_column type=&#8221;4_4&#8243; _builder_version=&#8221;3.27.4&#8243;][et_pb_dcsbcm_divi_breadcrumbs_module homebreadcrumbtext=&#8221;Inicio&#8221; separator=&#8221;sep-pipe&#8221; _builder_version=&#8221;4.4.3&#8243; body_font_size=&#8221;0.9em&#8221; body_line_height=&#8221;1em&#8221; custom_margin=&#8221;0px||-15px||false|false&#8221; custom_padding=&#8221;0px||0px||false|false&#8221;][\/et_pb_dcsbcm_divi_breadcrumbs_module][et_pb_post_title meta=&#8221;off&#8221; featured_image=&#8221;off&#8221; _builder_version=&#8221;4.4.3&#8243; title_font=&#8221;|||on|||||&#8221; title_text_color=&#8221;#afa08e&#8221; title_font_size=&#8221;18px&#8221; custom_margin=&#8221;8px||5px||false|false&#8221; custom_padding=&#8221;0px||0px|22px|false|false&#8221; locked=&#8221;off&#8221;][\/et_pb_post_title][\/et_pb_column][\/et_pb_row][et_pb_row _builder_version=&#8221;4.4.1&#8243; custom_padding=&#8221;4px||3px|||&#8221;][et_pb_column type=&#8221;4_4&#8243; _builder_version=&#8221;3.27.4&#8243;][et_pb_text _builder_version=&#8221;4.9.4&#8243; header_2_font=&#8221;|700|||||||&#8221; header_2_font_size=&#8221;1.1em&#8221; header_2_line_height=&#8221;1.2em&#8221; background_size=&#8221;initial&#8221; background_position=&#8221;top_left&#8221; background_repeat=&#8221;repeat&#8221; custom_margin=&#8221;||0px||false|false&#8221;]<\/p>\n<h2>Oferecemos servi\u00e7os de consultoria de compliance permanente ou espec\u00edfica a empresas espanholas, portuguesas e estrangeiras, bem como a empres\u00e1rios em nome individual.<\/h2>\n<p>[\/et_pb_text][et_pb_text _builder_version=&#8221;4.9.4&#8243; header_3_font_size=&#8221;1em&#8221; header_3_line_height=&#8221;1.4em&#8221; custom_padding=&#8221;||3px|||&#8221;]<\/p>\n<h3>Contamos com uma equipa multidisciplinar de advogados e engenheiros empenhados, com forma\u00e7\u00e3o espec\u00edfica em cumprimento nas organiza\u00e7\u00f5es e atualizados em rela\u00e7\u00e3o \u00e0s v\u00e1rias altera\u00e7\u00f5es legais e regulamentares. Isto permite-nos aconselhar os nossos clientes sobre o desenvolvimento de modelos organizacionais e gest\u00e3o de riscos penais, bem como a implementa\u00e7\u00e3o de sistemas de conformidade regulamentar e de preven\u00e7\u00e3o da criminalidade.<\/h3>\n<p>[\/et_pb_text][\/et_pb_column][\/et_pb_row][et_pb_row column_structure=&#8221;1_3,2_3&#8243; use_custom_gutter=&#8221;on&#8221; gutter_width=&#8221;1&#8243; _builder_version=&#8221;4.4.3&#8243; custom_padding=&#8221;3px||||false|false&#8221;][et_pb_column type=&#8221;1_3&#8243; _builder_version=&#8221;4.4.3&#8243; background_color=&#8221;#d7cbbb&#8221;][et_pb_text _builder_version=&#8221;4.9.4&#8243; text_font=&#8221;|700|on||||||&#8221; text_text_color=&#8221;#afa08e&#8221; text_font_size=&#8221;1.1em&#8221; text_line_height=&#8221;1.2em&#8221; header_3_font=&#8221;||||||||&#8221; header_6_font=&#8221;||||||||&#8221; header_6_text_color=&#8221;#afa08e&#8221; header_6_font_size=&#8221;1.1em&#8221; header_6_line_height=&#8221;1.2em&#8221; background_color=&#8221;#ffffff&#8221; custom_margin=&#8221;||0px||false|false&#8221; custom_padding=&#8221;20px|15px|37px|15px|false|true&#8221; custom_padding_tablet=&#8221;|0px||0px|false|false&#8221; custom_padding_phone=&#8221;|0px||0px|false|false&#8221; custom_padding_last_edited=&#8221;on|phone&#8221; animation_direction=&#8221;top&#8221;]<\/p>\n<p style=\"text-align: center;\">Ajudamos na reestrutura\u00e7\u00e3o exigida pelas unidades de Conformidade Regulamentar das sociedades.<\/p>\n<p>[\/et_pb_text][et_pb_text _builder_version=&#8221;4.9.4&#8243; header_2_font_size=&#8221;19px&#8221; header_2_line_height=&#8221;1.2em&#8221; header_3_text_align=&#8221;center&#8221; header_3_font_size=&#8221;17px&#8221; background_color=&#8221;#d7cbbb&#8221; custom_margin=&#8221;0px||0px||false|false&#8221; custom_padding=&#8221;10px||0px||false|false&#8221;]<\/p>\n<h3><strong>Contacto<\/strong><\/h3>\n<p>[\/et_pb_text][et_pb_blurb title=&#8221;Ram\u00f3n Amoedo &#8221; url=&#8221;@ET-DC@eyJkeW5hbWljIjp0cnVlLCJjb250ZW50IjoicG9zdF9saW5rX3VybF9wcm9mZXNzaW9uYWwiLCJzZXR0aW5ncyI6eyJwb3N0X2lkIjoiNzU4MiJ9fQ==@&#8221; image=&#8221;https:\/\/www.maiolegal.com\/wp-content\/uploads\/2020\/06\/contacto-ramon-amoedo.jpg&#8221; icon_placement=&#8221;left&#8221; module_class=&#8221;contactos-areas&#8221; _builder_version=&#8221;4.9.4&#8243; _dynamic_attributes=&#8221;link_option_url,url&#8221; header_font=&#8221;|700|||||||&#8221; header_text_color=&#8221;#000000&#8243; header_font_size=&#8221;15px&#8221; header_line_height=&#8221;1.2em&#8221; body_text_color=&#8221;#000000&#8243; body_font_size=&#8221;13px&#8221; body_line_height=&#8221;1.2em&#8221; background_enable_color=&#8221;off&#8221; background_layout=&#8221;dark&#8221; custom_margin=&#8221;20px||20px||false|false&#8221; custom_padding=&#8221;|10px||10px|false|true&#8221; link_option_url=&#8221;@ET-DC@eyJkeW5hbWljIjp0cnVlLCJjb250ZW50IjoicG9zdF9saW5rX3VybF9wcm9mZXNzaW9uYWwiLCJzZXR0aW5ncyI6eyJwb3N0X2lkIjoiNzU4MiJ9fQ==@&#8221; custom_css_blurb_image=&#8221;width:70px;&#8221; custom_css_blurb_title=&#8221;padding-top:5px;&#8221;]<\/p>\n<p>S\u00f3cio | VIGO<br \/><a href=\"mailto:ramoedo@maiolegal.com\" style=\"color: #000;\">ramoedo@maiolegal.com<\/a><\/p>\n<p>[\/et_pb_blurb][et_pb_blurb title=&#8221;Maite Parejo&#8221; url=&#8221;@ET-DC@eyJkeW5hbWljIjp0cnVlLCJjb250ZW50IjoicG9zdF9saW5rX3VybF9wcm9mZXNzaW9uYWwiLCJzZXR0aW5ncyI6eyJwb3N0X2lkIjoiODY4MiJ9fQ==@&#8221; image=&#8221;https:\/\/www.maiolegal.com\/wp-content\/uploads\/2020\/08\/maite-Parejo-Sousabyn.jpg&#8221; icon_placement=&#8221;left&#8221; module_class=&#8221;contactos-areas&#8221; _builder_version=&#8221;4.9.4&#8243; _dynamic_attributes=&#8221;url,link_option_url&#8221; header_font=&#8221;|700|||||||&#8221; header_text_color=&#8221;#000000&#8243; header_font_size=&#8221;15px&#8221; header_line_height=&#8221;1.2em&#8221; body_text_color=&#8221;#000000&#8243; body_font_size=&#8221;13px&#8221; body_line_height=&#8221;1.2em&#8221; background_enable_color=&#8221;off&#8221; background_layout=&#8221;dark&#8221; custom_margin=&#8221;20px||20px||false|false&#8221; custom_padding=&#8221;|10px||10px|false|true&#8221; link_option_url=&#8221;@ET-DC@eyJkeW5hbWljIjp0cnVlLCJjb250ZW50IjoicG9zdF9saW5rX3VybF9wcm9mZXNzaW9uYWwiLCJzZXR0aW5ncyI6eyJwb3N0X2lkIjoiODY4MiJ9fQ==@&#8221; hover_enabled=&#8221;0&#8243; custom_css_blurb_image=&#8221;width:70px;&#8221; custom_css_blurb_title=&#8221;padding-top:5px;&#8221; saved_tabs=&#8221;all&#8221; sticky_enabled=&#8221;0&#8243; global_module=&#8221;17400&#8243;]<\/p>\n<p>S\u00f3cio | MADRID<br \/><a style=\"color: #000;\" href=\"mailto:mparejo@maiolegal.com\">mparejo@maiolegal.com<\/a><\/p>\n<p>[\/et_pb_blurb][et_pb_blurb title=&#8221;\u00c1ngel M\u00e1rquez&#8221; url=&#8221;@ET-DC@eyJkeW5hbWljIjp0cnVlLCJjb250ZW50IjoicG9zdF9saW5rX3VybF9wcm9mZXNzaW9uYWwiLCJzZXR0aW5ncyI6eyJwb3N0X2lkIjoiODQ4OCJ9fQ==@&#8221; image=&#8221;https:\/\/www.maiolegal.com\/wp-content\/uploads\/Angel-Marquez-Blanco-y-Negro.jpg&#8221; icon_placement=&#8221;left&#8221; module_class=&#8221;contactos-areas&#8221; _builder_version=&#8221;4.9.4&#8243; _dynamic_attributes=&#8221;url,link_option_url&#8221; header_font=&#8221;|700|||||||&#8221; header_text_color=&#8221;#000000&#8243; header_font_size=&#8221;15px&#8221; header_line_height=&#8221;1.2em&#8221; body_text_color=&#8221;#000000&#8243; body_font_size=&#8221;13px&#8221; body_line_height=&#8221;1.2em&#8221; background_enable_color=&#8221;off&#8221; background_layout=&#8221;dark&#8221; custom_margin=&#8221;20px||20px||false|false&#8221; custom_padding=&#8221;|10px||10px|false|true&#8221; link_option_url=&#8221;@ET-DC@eyJkeW5hbWljIjp0cnVlLCJjb250ZW50IjoicG9zdF9saW5rX3VybF9wcm9mZXNzaW9uYWwiLCJzZXR0aW5ncyI6eyJwb3N0X2lkIjoiODQ4OCJ9fQ==@&#8221; hover_enabled=&#8221;0&#8243; custom_css_blurb_image=&#8221;width:70px;&#8221; custom_css_blurb_title=&#8221;padding-top:5px;&#8221; sticky_enabled=&#8221;0&#8243; global_module=&#8221;17401&#8243; saved_tabs=&#8221;all&#8221;]<\/p>\n<p>S\u00f3cio | SEVILLA<br \/><a href=\"mailto:amarquez@maiolegal.com\" style=\"color: #000;\">amarquez@maiolegal.com<\/a><\/p>\n<p>[\/et_pb_blurb][et_pb_blurb title=&#8221;Roberto Tambo&#8221; url=&#8221;@ET-DC@eyJkeW5hbWljIjp0cnVlLCJjb250ZW50IjoicG9zdF9saW5rX3VybF9wcm9mZXNzaW9uYWwiLCJzZXR0aW5ncyI6eyJwb3N0X2lkIjoiMTE3NjMifX0=@&#8221; image=&#8221;https:\/\/www.maiolegal.com\/wp-content\/uploads\/2021\/05\/roberto-tambo-contacto-maio-legal-zaragoza.jpg&#8221; icon_placement=&#8221;left&#8221; module_class=&#8221;contactos-areas&#8221; _builder_version=&#8221;4.9.4&#8243; _dynamic_attributes=&#8221;url,link_option_url&#8221; header_font=&#8221;|700|||||||&#8221; header_text_color=&#8221;#000000&#8243; header_font_size=&#8221;15px&#8221; header_line_height=&#8221;1.2em&#8221; body_text_color=&#8221;#000000&#8243; body_font_size=&#8221;13px&#8221; body_line_height=&#8221;1.2em&#8221; background_enable_color=&#8221;off&#8221; background_layout=&#8221;dark&#8221; custom_margin=&#8221;20px||20px||false|false&#8221; custom_padding=&#8221;|10px||10px|false|true&#8221; link_option_url=&#8221;@ET-DC@eyJkeW5hbWljIjp0cnVlLCJjb250ZW50IjoicG9zdF9saW5rX3VybF9wcm9mZXNzaW9uYWwiLCJzZXR0aW5ncyI6eyJwb3N0X2lkIjoiMTE3NjMifX0=@&#8221; custom_css_blurb_image=&#8221;width:70px;&#8221; custom_css_blurb_title=&#8221;padding-top:5px;&#8221; locked=&#8221;off&#8221;]<\/p>\n<p>S\u00f3cio | SARAGO\u00c7A<br \/><a href=\"mailto:rtambo@maiolegal.com\" style=\"color: #000;\"> rtambo@maiolegal.com <\/a><\/p>\n<p>[\/et_pb_blurb][\/et_pb_column][et_pb_column type=&#8221;2_3&#8243; _builder_version=&#8221;3.27.4&#8243;][et_pb_text _builder_version=&#8221;4.9.4&#8243; header_2_font=&#8221;|700|||||||&#8221; header_2_font_size=&#8221;24px&#8221; header_2_line_height=&#8221;1.2em&#8221; header_3_font=&#8221;|700|||||||&#8221; header_3_font_size=&#8221;1em&#8221; header_3_line_height=&#8221;1.2em&#8221; custom_margin=&#8221;||||false|false&#8221; custom_padding=&#8221;|||20px|false|false&#8221; custom_padding_tablet=&#8221;20px|||0px|false|false&#8221; custom_padding_phone=&#8221;20px|0px|3em|0px|false|false&#8221; custom_padding_last_edited=&#8221;on|phone&#8221;]<\/p>\n<h3><span>Pra\u0301tica <\/span><\/h3>\n<p>Assistimos os nossos clientes na gest\u00e3o de riscos penais nas seguintes \u00e1reas, A t\u00edtulo exemplificativo:<\/p>\n<p><span>\u2012 Assist\u00eancia na cria\u00e7\u00e3o de um \u00f3rg\u00e3o de conformidade regulamentar ou na revis\u00e3o das compet\u00eancias do \u00f3rg\u00e3o existente<\/span><\/p>\n<p><span>\u2012 An\u00e1lise dos riscos penais de uma sociedade<\/span><\/p>\n<p><span>\u2012 Estabelecimento e gest\u00e3o de um canal de den\u00fancias na sociedade<\/span><\/p>\n<p><span>\u2012 Formula\u00e7\u00e3o de c\u00f3digos disciplinares empresariais<\/span><\/p>\n<p><span>\u2012 Participa\u00e7\u00e3o em comit\u00e9s de conformidade regulamentar<\/span><\/p>\n<p><span>\u2012 Forma\u00e7\u00e3o de conformidade pontual e cont\u00ednua na empresa<\/span><\/p>\n<p><span><\/span><\/p>\n<h3>Experi\u00eancia<\/h3>\n<p><span>\u2012 Implementa\u00e7\u00e3o de compliances penais em empresas de diferentes sectores, tais como obras p\u00fablicas, telecomunica\u00e7\u00f5es, transformadoras, transportes, etc.<\/span><\/p>\n<p>[\/et_pb_text][\/et_pb_column][\/et_pb_row][\/et_pb_section]<\/p>\n","protected":false},"excerpt":{"rendered":"<p>Oferecemos servi\u00e7os de consultoria de compliance permanente ou espec\u00edfica a empresas espanholas, portuguesas e estrangeiras, bem como a empres\u00e1rios em nome individual.Contamos com uma equipa multidisciplinar de advogados e engenheiros empenhados, com forma\u00e7\u00e3o espec\u00edfica em cumprimento nas organiza\u00e7\u00f5es e atualizados em rela\u00e7\u00e3o \u00e0s v\u00e1rias altera\u00e7\u00f5es legais e regulamentares. Isto permite-nos aconselhar os nossos clientes sobre [&hellip;]<\/p>\n","protected":false},"author":1,"featured_media":0,"parent":14146,"menu_order":0,"comment_status":"closed","ping_status":"closed","template":"","meta":{"_et_pb_use_builder":"on","_et_pb_old_content":"<!-- wp:paragraph -->\r\n<p>Esta es una p\u00e1gina de ejemplo. Es diferente a una entrada del blog porque permanecer\u00e1 en un solo lugar y aparecer\u00e1 en la navegaci\u00f3n de tu sitio (en la mayor\u00eda de los temas). La mayor\u00eda de las personas comienzan con una p\u00e1gina \u00abAcerca de\u00bb que les presenta a los visitantes potenciales del sitio. Podr\u00edas decir algo as\u00ed:<\/p>\r\n<!-- \/wp:paragraph -->\r\n\r\n<!-- wp:quote -->\r\n<blockquote class=\"wp-block-quote\"><p>\u00a1Bienvenido! Soy camarero de d\u00eda, aspirante a actor de noche y esta es mi web. Vivo en Mairena del Alcor, tengo un perro que se llama Firulais y me gusta el rebujito. (Y las tardes largas con caf\u00e9).<\/p><\/blockquote>\r\n<!-- \/wp:quote -->\r\n\r\n<!-- wp:paragraph -->\r\n<p>\u2026o algo as\u00ed:<\/p>\r\n<!-- \/wp:paragraph -->\r\n\r\n<!-- wp:quote -->\r\n<blockquote class=\"wp-block-quote\"><p>La empresa \u00abMariscos Recio\u00bb fue fundada por Antonio Recio Mata. Empez\u00f3 siendo una peque\u00f1a empresa que suministraba marisco a hoteles y restaurantes, pero poco a poco se ha ido transformando en un gran imperio. Mariscos Recio, el mar al mejor precio.<\/p><\/blockquote>\r\n<!-- \/wp:quote -->\r\n\r\n<!-- wp:paragraph -->\r\n<p>Como nuevo usuario de WordPress, deber\u00edas ir a <a href=\"http:\/\/www.maiolegal.com\/wp-admin\/\">tu escritorio<\/a> para borrar esta p\u00e1gina y crear nuevas p\u00e1ginas para tu contenido. \u00a1P\u00e1salo bien!<\/p>\r\n<!-- \/wp:paragraph -->","_et_gb_content_width":"","footnotes":""},"class_list":["post-14155","page","type-page","status-publish","hentry"],"yoast_head":"<!-- This site is optimized with the Yoast SEO plugin v27.4 - https:\/\/yoast.com\/product\/yoast-seo-wordpress\/ -->\n<title>Conformidade regulamentar - MAIO Legal<\/title>\n<meta name=\"description\" content=\"Ofrecemos servicios de asesoramiento permanente o espec\u00edfico en compliance, a empresas espa\u00f1olas y extranjeras, as\u00ed como a empresarios individuales. Contamos con un equipo multidisciplinar de abogados e ingenieros comprometidos, con preparaci\u00f3n espec\u00edfica en cumplimiento en las organizaciones y actualizados a los diversos cambios legales y regulatorios. Esto nos permite asesorar a nuestros clientes en el desarrollo de modelos de organizaci\u00f3n y gesti\u00f3n de riesgos penales as\u00ed como la implantaci\u00f3n de sistemas de cumplimiento normativo y prevenci\u00f3n del delito.\" \/>\n<meta name=\"robots\" content=\"index, follow, max-snippet:-1, max-image-preview:large, max-video-preview:-1\" \/>\n<link rel=\"canonical\" href=\"https:\/\/www.maiolegal.com\/pt-pt\/areas\/conformidade-regulamentar\/\" \/>\n<meta property=\"og:locale\" content=\"pt_PT\" \/>\n<meta property=\"og:type\" content=\"article\" \/>\n<meta property=\"og:title\" content=\"Conformidade regulamentar - MAIO Legal\" \/>\n<meta property=\"og:description\" content=\"Ofrecemos servicios de asesoramiento permanente o espec\u00edfico en compliance, a empresas espa\u00f1olas y extranjeras, as\u00ed como a empresarios individuales. Contamos con un equipo multidisciplinar de abogados e ingenieros comprometidos, con preparaci\u00f3n espec\u00edfica en cumplimiento en las organizaciones y actualizados a los diversos cambios legales y regulatorios. Esto nos permite asesorar a nuestros clientes en el desarrollo de modelos de organizaci\u00f3n y gesti\u00f3n de riesgos penales as\u00ed como la implantaci\u00f3n de sistemas de cumplimiento normativo y prevenci\u00f3n del delito.\" \/>\n<meta property=\"og:url\" content=\"https:\/\/www.maiolegal.com\/pt-pt\/areas\/conformidade-regulamentar\/\" \/>\n<meta property=\"og:site_name\" content=\"MAIO Legal\" \/>\n<meta property=\"article:modified_time\" content=\"2023-04-14T07:24:24+00:00\" \/>\n<meta name=\"twitter:card\" content=\"summary_large_image\" \/>\n<meta name=\"twitter:label1\" content=\"Tempo estimado de leitura\" \/>\n\t<meta name=\"twitter:data1\" content=\"6 minutos\" \/>\n<script type=\"application\/ld+json\" class=\"yoast-schema-graph\">{\"@context\":\"https:\\\/\\\/schema.org\",\"@graph\":[{\"@type\":\"WebPage\",\"@id\":\"https:\\\/\\\/www.maiolegal.com\\\/pt-pt\\\/areas\\\/conformidade-regulamentar\\\/\",\"url\":\"https:\\\/\\\/www.maiolegal.com\\\/pt-pt\\\/areas\\\/conformidade-regulamentar\\\/\",\"name\":\"Conformidade regulamentar - MAIO Legal\",\"isPartOf\":{\"@id\":\"https:\\\/\\\/www.maiolegal.com\\\/pt-pt\\\/#website\"},\"datePublished\":\"2020-05-04T15:17:59+00:00\",\"dateModified\":\"2023-04-14T07:24:24+00:00\",\"description\":\"Ofrecemos servicios de asesoramiento permanente o espec\u00edfico en compliance, a empresas espa\u00f1olas y extranjeras, as\u00ed como a empresarios individuales. Contamos con un equipo multidisciplinar de abogados e ingenieros comprometidos, con preparaci\u00f3n espec\u00edfica en cumplimiento en las organizaciones y actualizados a los diversos cambios legales y regulatorios. Esto nos permite asesorar a nuestros clientes en el desarrollo de modelos de organizaci\u00f3n y gesti\u00f3n de riesgos penales as\u00ed como la implantaci\u00f3n de sistemas de cumplimiento normativo y prevenci\u00f3n del delito.\",\"breadcrumb\":{\"@id\":\"https:\\\/\\\/www.maiolegal.com\\\/pt-pt\\\/areas\\\/conformidade-regulamentar\\\/#breadcrumb\"},\"inLanguage\":\"pt-PT\",\"potentialAction\":[{\"@type\":\"ReadAction\",\"target\":[\"https:\\\/\\\/www.maiolegal.com\\\/pt-pt\\\/areas\\\/conformidade-regulamentar\\\/\"]}]},{\"@type\":\"BreadcrumbList\",\"@id\":\"https:\\\/\\\/www.maiolegal.com\\\/pt-pt\\\/areas\\\/conformidade-regulamentar\\\/#breadcrumb\",\"itemListElement\":[{\"@type\":\"ListItem\",\"position\":1,\"name\":\"Home\",\"item\":\"https:\\\/\\\/www.maiolegal.com\\\/pt-pt\\\/\"},{\"@type\":\"ListItem\",\"position\":2,\"name\":\"\u00c1reas\",\"item\":\"https:\\\/\\\/www.maiolegal.com\\\/pt-pt\\\/areas\\\/\"},{\"@type\":\"ListItem\",\"position\":3,\"name\":\"Conformidade regulamentar\"}]},{\"@type\":\"WebSite\",\"@id\":\"https:\\\/\\\/www.maiolegal.com\\\/pt-pt\\\/#website\",\"url\":\"https:\\\/\\\/www.maiolegal.com\\\/pt-pt\\\/\",\"name\":\"MAIO Legal\",\"description\":\"Asesoramiento legal y tributario\",\"potentialAction\":[{\"@type\":\"SearchAction\",\"target\":{\"@type\":\"EntryPoint\",\"urlTemplate\":\"https:\\\/\\\/www.maiolegal.com\\\/pt-pt\\\/?s={search_term_string}\"},\"query-input\":{\"@type\":\"PropertyValueSpecification\",\"valueRequired\":true,\"valueName\":\"search_term_string\"}}],\"inLanguage\":\"pt-PT\"}]}<\/script>\n<!-- \/ Yoast SEO plugin. -->","yoast_head_json":{"title":"Conformidade regulamentar - MAIO Legal","description":"Ofrecemos servicios de asesoramiento permanente o espec\u00edfico en compliance, a empresas espa\u00f1olas y extranjeras, as\u00ed como a empresarios individuales. Contamos con un equipo multidisciplinar de abogados e ingenieros comprometidos, con preparaci\u00f3n espec\u00edfica en cumplimiento en las organizaciones y actualizados a los diversos cambios legales y regulatorios. Esto nos permite asesorar a nuestros clientes en el desarrollo de modelos de organizaci\u00f3n y gesti\u00f3n de riesgos penales as\u00ed como la implantaci\u00f3n de sistemas de cumplimiento normativo y prevenci\u00f3n del delito.","robots":{"index":"index","follow":"follow","max-snippet":"max-snippet:-1","max-image-preview":"max-image-preview:large","max-video-preview":"max-video-preview:-1"},"canonical":"https:\/\/www.maiolegal.com\/pt-pt\/areas\/conformidade-regulamentar\/","og_locale":"pt_PT","og_type":"article","og_title":"Conformidade regulamentar - MAIO Legal","og_description":"Ofrecemos servicios de asesoramiento permanente o espec\u00edfico en compliance, a empresas espa\u00f1olas y extranjeras, as\u00ed como a empresarios individuales. Contamos con un equipo multidisciplinar de abogados e ingenieros comprometidos, con preparaci\u00f3n espec\u00edfica en cumplimiento en las organizaciones y actualizados a los diversos cambios legales y regulatorios. Esto nos permite asesorar a nuestros clientes en el desarrollo de modelos de organizaci\u00f3n y gesti\u00f3n de riesgos penales as\u00ed como la implantaci\u00f3n de sistemas de cumplimiento normativo y prevenci\u00f3n del delito.","og_url":"https:\/\/www.maiolegal.com\/pt-pt\/areas\/conformidade-regulamentar\/","og_site_name":"MAIO Legal","article_modified_time":"2023-04-14T07:24:24+00:00","twitter_card":"summary_large_image","twitter_misc":{"Tempo estimado de leitura":"6 minutos"},"schema":{"@context":"https:\/\/schema.org","@graph":[{"@type":"WebPage","@id":"https:\/\/www.maiolegal.com\/pt-pt\/areas\/conformidade-regulamentar\/","url":"https:\/\/www.maiolegal.com\/pt-pt\/areas\/conformidade-regulamentar\/","name":"Conformidade regulamentar - MAIO Legal","isPartOf":{"@id":"https:\/\/www.maiolegal.com\/pt-pt\/#website"},"datePublished":"2020-05-04T15:17:59+00:00","dateModified":"2023-04-14T07:24:24+00:00","description":"Ofrecemos servicios de asesoramiento permanente o espec\u00edfico en compliance, a empresas espa\u00f1olas y extranjeras, as\u00ed como a empresarios individuales. Contamos con un equipo multidisciplinar de abogados e ingenieros comprometidos, con preparaci\u00f3n espec\u00edfica en cumplimiento en las organizaciones y actualizados a los diversos cambios legales y regulatorios. Esto nos permite asesorar a nuestros clientes en el desarrollo de modelos de organizaci\u00f3n y gesti\u00f3n de riesgos penales as\u00ed como la implantaci\u00f3n de sistemas de cumplimiento normativo y prevenci\u00f3n del delito.","breadcrumb":{"@id":"https:\/\/www.maiolegal.com\/pt-pt\/areas\/conformidade-regulamentar\/#breadcrumb"},"inLanguage":"pt-PT","potentialAction":[{"@type":"ReadAction","target":["https:\/\/www.maiolegal.com\/pt-pt\/areas\/conformidade-regulamentar\/"]}]},{"@type":"BreadcrumbList","@id":"https:\/\/www.maiolegal.com\/pt-pt\/areas\/conformidade-regulamentar\/#breadcrumb","itemListElement":[{"@type":"ListItem","position":1,"name":"Home","item":"https:\/\/www.maiolegal.com\/pt-pt\/"},{"@type":"ListItem","position":2,"name":"\u00c1reas","item":"https:\/\/www.maiolegal.com\/pt-pt\/areas\/"},{"@type":"ListItem","position":3,"name":"Conformidade regulamentar"}]},{"@type":"WebSite","@id":"https:\/\/www.maiolegal.com\/pt-pt\/#website","url":"https:\/\/www.maiolegal.com\/pt-pt\/","name":"MAIO Legal","description":"Asesoramiento legal y tributario","potentialAction":[{"@type":"SearchAction","target":{"@type":"EntryPoint","urlTemplate":"https:\/\/www.maiolegal.com\/pt-pt\/?s={search_term_string}"},"query-input":{"@type":"PropertyValueSpecification","valueRequired":true,"valueName":"search_term_string"}}],"inLanguage":"pt-PT"}]}},"_links":{"self":[{"href":"https:\/\/www.maiolegal.com\/pt-pt\/wp-json\/wp\/v2\/pages\/14155","targetHints":{"allow":["GET"]}}],"collection":[{"href":"https:\/\/www.maiolegal.com\/pt-pt\/wp-json\/wp\/v2\/pages"}],"about":[{"href":"https:\/\/www.maiolegal.com\/pt-pt\/wp-json\/wp\/v2\/types\/page"}],"author":[{"embeddable":true,"href":"https:\/\/www.maiolegal.com\/pt-pt\/wp-json\/wp\/v2\/users\/1"}],"replies":[{"embeddable":true,"href":"https:\/\/www.maiolegal.com\/pt-pt\/wp-json\/wp\/v2\/comments?post=14155"}],"version-history":[{"count":5,"href":"https:\/\/www.maiolegal.com\/pt-pt\/wp-json\/wp\/v2\/pages\/14155\/revisions"}],"predecessor-version":[{"id":17402,"href":"https:\/\/www.maiolegal.com\/pt-pt\/wp-json\/wp\/v2\/pages\/14155\/revisions\/17402"}],"up":[{"embeddable":true,"href":"https:\/\/www.maiolegal.com\/pt-pt\/wp-json\/wp\/v2\/pages\/14146"}],"wp:attachment":[{"href":"https:\/\/www.maiolegal.com\/pt-pt\/wp-json\/wp\/v2\/media?parent=14155"}],"curies":[{"name":"wp","href":"https:\/\/api.w.org\/{rel}","templated":true}]}}