{"id":14157,"date":"2020-02-26T12:15:02","date_gmt":"2020-02-26T11:15:02","guid":{"rendered":"https:\/\/www.maiolegal.com\/areas\/energia-y-minas\/"},"modified":"2022-02-16T16:00:57","modified_gmt":"2022-02-16T15:00:57","slug":"energia-e-atividade-mineira","status":"publish","type":"page","link":"https:\/\/www.maiolegal.com\/pt-pt\/areas\/energia-e-atividade-mineira\/","title":{"rendered":"Energia e atividade mineira"},"content":{"rendered":"<p>[et_pb_section fb_built=&#8221;1&#8243; _builder_version=&#8221;4.4.5&#8243; custom_margin=&#8221;||||false|false&#8221; custom_padding=&#8221;1em||2em||false|false&#8221; locked=&#8221;off&#8221;][et_pb_row admin_label=&#8221;Breadcrumbs + Titulo&#8221; _builder_version=&#8221;4.4.3&#8243; custom_margin=&#8221;||0px||false|false&#8221; custom_padding=&#8221;0px||0px||false|false&#8221; saved_tabs=&#8221;all&#8221;][et_pb_column type=&#8221;4_4&#8243; _builder_version=&#8221;3.27.4&#8243;][et_pb_dcsbcm_divi_breadcrumbs_module homebreadcrumbtext=&#8221;Inicio&#8221; separator=&#8221;sep-pipe&#8221; _builder_version=&#8221;4.4.3&#8243; body_font_size=&#8221;0.9em&#8221; body_line_height=&#8221;1em&#8221; custom_margin=&#8221;0px||-15px||false|false&#8221; custom_padding=&#8221;0px||0px||false|false&#8221;][\/et_pb_dcsbcm_divi_breadcrumbs_module][et_pb_post_title meta=&#8221;off&#8221; featured_image=&#8221;off&#8221; _builder_version=&#8221;4.4.3&#8243; title_font=&#8221;|||on|||||&#8221; title_text_color=&#8221;#afa08e&#8221; title_font_size=&#8221;18px&#8221; custom_margin=&#8221;8px||5px||false|false&#8221; custom_padding=&#8221;0px||0px|22px|false|false&#8221; locked=&#8221;off&#8221;][\/et_pb_post_title][\/et_pb_column][\/et_pb_row][et_pb_row _builder_version=&#8221;4.4.1&#8243; custom_padding=&#8221;4px||3px|||&#8221;][et_pb_column type=&#8221;4_4&#8243; _builder_version=&#8221;3.27.4&#8243;][et_pb_text _builder_version=&#8221;4.9.4&#8243; header_2_font=&#8221;|700|||||||&#8221; header_2_font_size=&#8221;1.1em&#8221; header_2_line_height=&#8221;1.2em&#8221; background_size=&#8221;initial&#8221; background_position=&#8221;top_left&#8221; background_repeat=&#8221;repeat&#8221; custom_margin=&#8221;||0px||false|false&#8221; hover_enabled=&#8221;0&#8243; sticky_enabled=&#8221;0&#8243;]<\/p>\n<h2>Oferecemos assessoria abrangente centrada no sector da energia, sendo conhecedores das implica\u00e7\u00f5es que transformam o sector energ\u00e9tico ao longo da sua cadeia de valor.<\/h2>\n<p>[\/et_pb_text][et_pb_text _builder_version=&#8221;4.9.4&#8243; header_3_font_size=&#8221;1em&#8221; header_3_line_height=&#8221;1.4em&#8221; custom_padding=&#8221;||3px|||&#8221; hover_enabled=&#8221;0&#8243; sticky_enabled=&#8221;0&#8243;]<\/p>\n<h3>A nossa experi\u00eancia inclui g\u00e1s, eletricidade, energias renov\u00e1veis e atividade mineira; em transa\u00e7\u00f5es nacionais e internacionais; e tendo trabalhado para o governo, operadores industriais e institui\u00e7\u00f5es financeiras.<\/h3>\n<p>[\/et_pb_text][\/et_pb_column][\/et_pb_row][et_pb_row column_structure=&#8221;1_3,2_3&#8243; use_custom_gutter=&#8221;on&#8221; gutter_width=&#8221;1&#8243; _builder_version=&#8221;4.4.3&#8243; custom_padding=&#8221;3px||||false|false&#8221;][et_pb_column type=&#8221;1_3&#8243; _builder_version=&#8221;4.4.3&#8243; background_color=&#8221;#d7cbbb&#8221;][et_pb_text _builder_version=&#8221;4.9.4&#8243; text_font=&#8221;|700|on||||||&#8221; text_text_color=&#8221;#afa08e&#8221; text_font_size=&#8221;1.1em&#8221; text_line_height=&#8221;1.2em&#8221; header_3_font=&#8221;||||||||&#8221; header_6_font=&#8221;||||||||&#8221; header_6_text_color=&#8221;#afa08e&#8221; header_6_font_size=&#8221;1.1em&#8221; header_6_line_height=&#8221;1.2em&#8221; background_color=&#8221;#ffffff&#8221; custom_margin=&#8221;||0px||false|false&#8221; custom_padding=&#8221;20px|15px|37px|15px|false|true&#8221; custom_padding_tablet=&#8221;|0px||0px|false|false&#8221; custom_padding_phone=&#8221;|0px||0px|false|false&#8221; custom_padding_last_edited=&#8221;on|phone&#8221; animation_direction=&#8221;top&#8221; hover_enabled=&#8221;0&#8243; sticky_enabled=&#8221;0&#8243;]<\/p>\n<p style=\"text-align: center;\">O nosso conhecimento da ind\u00fastria energ\u00e9tica, do mercado e do financiamento significa que gerimos as transa\u00e7\u00f5es de forma mais eficiente e eficaz.<\/p>\n<p>[\/et_pb_text][et_pb_text _builder_version=&#8221;4.4.3&#8243; header_2_font_size=&#8221;19px&#8221; header_2_line_height=&#8221;1.2em&#8221; header_3_text_align=&#8221;center&#8221; header_3_font_size=&#8221;17px&#8221; background_color=&#8221;#d7cbbb&#8221; custom_margin=&#8221;0px||0px||false|false&#8221; custom_padding=&#8221;10px||0px||false|false&#8221;]<\/p>\n<h3><strong>Contacto<\/strong><\/h3>\n<p>[\/et_pb_text][et_pb_blurb title=&#8221;Oriol Pr\u00f3sper &#8221; url=&#8221;@ET-DC@eyJkeW5hbWljIjp0cnVlLCJjb250ZW50IjoicG9zdF9saW5rX3VybF9wcm9mZXNzaW9uYWwiLCJzZXR0aW5ncyI6eyJwb3N0X2lkIjoiNjEwMyJ9fQ==@&#8221; image=&#8221;https:\/\/www.maiolegal.com\/\/wp-content\/uploads\/2020\/02\/maio-legal-madrid-Oriol-Prosper-.jpg&#8221; icon_placement=&#8221;left&#8221; module_class=&#8221;contactos-areas&#8221; _builder_version=&#8221;4.9.4&#8243; _dynamic_attributes=&#8221;url,link_option_url&#8221; header_font=&#8221;|700|||||||&#8221; header_text_color=&#8221;#000000&#8243; header_font_size=&#8221;15px&#8221; header_line_height=&#8221;1.2em&#8221; body_text_color=&#8221;#000000&#8243; body_font_size=&#8221;13px&#8221; body_line_height=&#8221;1.2em&#8221; background_enable_color=&#8221;off&#8221; background_layout=&#8221;dark&#8221; custom_margin=&#8221;20px||20px||false|false&#8221; custom_padding=&#8221;|10px||10px|false|true&#8221; link_option_url=&#8221;@ET-DC@eyJkeW5hbWljIjp0cnVlLCJjb250ZW50IjoicG9zdF9saW5rX3VybF9wcm9mZXNzaW9uYWwiLCJzZXR0aW5ncyI6eyJwb3N0X2lkIjoiNjEwMyJ9fQ==@&#8221; hover_enabled=&#8221;0&#8243; custom_css_blurb_image=&#8221;width:70px;&#8221; custom_css_blurb_title=&#8221;padding-top:5px;&#8221; saved_tabs=&#8221;all&#8221; locked=&#8221;off&#8221; sticky_enabled=&#8221;0&#8243;]<\/p>\n<p>S\u00f3cio | MADRID<br \/><a href=\"mailto:oprosper@maiolegal.com\" style=\"color: #000;\">oprosper@maiolegal.com<\/a><\/p>\n<p>[\/et_pb_blurb][et_pb_blurb title=&#8221;Aurelio Rodr\u00edguez &#8221; url=&#8221;@ET-DC@eyJkeW5hbWljIjp0cnVlLCJjb250ZW50IjoicG9zdF9saW5rX3VybF9wcm9mZXNzaW9uYWwiLCJzZXR0aW5ncyI6eyJwb3N0X2lkIjoiOTE4MyJ9fQ==@&#8221; image=&#8221;https:\/\/www.maiolegal.com\/wp-content\/uploads\/2020\/07\/CONTACTO-Aurelio-Rodri\u0301guez-1.jpg&#8221; icon_placement=&#8221;left&#8221; module_class=&#8221;contactos-areas&#8221; _builder_version=&#8221;4.9.4&#8243; _dynamic_attributes=&#8221;url&#8221; header_font=&#8221;|700|||||||&#8221; header_text_color=&#8221;#000000&#8243; header_font_size=&#8221;15px&#8221; header_line_height=&#8221;1.2em&#8221; body_text_color=&#8221;#000000&#8243; body_font_size=&#8221;13px&#8221; body_line_height=&#8221;1.2em&#8221; background_enable_color=&#8221;off&#8221; background_layout=&#8221;dark&#8221; custom_margin=&#8221;20px||20px||false|false&#8221; custom_padding=&#8221;|10px||10px|false|true&#8221; hover_enabled=&#8221;0&#8243; custom_css_blurb_image=&#8221;width:70px;&#8221; custom_css_blurb_title=&#8221;padding-top:5px;&#8221; sticky_enabled=&#8221;0&#8243;]<\/p>\n<p>S\u00f3cio | CIUDAD DE M\u00c9XICO<br \/><a href=\"mailto:arg@maiosterling.com\" style=\"color: #000;\"> arg@maiosterling.com <\/a><\/p>\n<p>[\/et_pb_blurb][\/et_pb_column][et_pb_column type=&#8221;2_3&#8243; _builder_version=&#8221;3.27.4&#8243;][et_pb_text _builder_version=&#8221;4.9.4&#8243; header_2_font=&#8221;|700|||||||&#8221; header_2_font_size=&#8221;24px&#8221; header_2_line_height=&#8221;1.2em&#8221; header_3_font=&#8221;|700|||||||&#8221; header_3_font_size=&#8221;1em&#8221; header_3_line_height=&#8221;1.2em&#8221; custom_margin=&#8221;||||false|false&#8221; custom_padding=&#8221;|||20px|false|false&#8221; custom_padding_tablet=&#8221;20px|||0px|false|false&#8221; custom_padding_phone=&#8221;20px|0px|3em|0px|false|false&#8221; custom_padding_last_edited=&#8221;on|phone&#8221; hover_enabled=&#8221;0&#8243; sticky_enabled=&#8221;0&#8243;]<\/p>\n<h3><span>Pra\u0301tica <\/span><\/h3>\n<p><span>A t\u00edtulo exemplificativo, a nossa experi\u00eancia profissional no sector da energia e da atividade mineira inclui: <\/span><\/p>\n<p><em><span style=\"text-decoration: underline;\">Eletricidade<\/span><\/em><\/p>\n<p><span>\u2012 \u00a0<\/span><span> O quadro regulamentar.<\/span><\/p>\n<p><span>\u2012 Autoriza\u00e7\u00e3o para exercer as atividades de gerador, transportador, distribuidor, comercializador e agentes do mercado da eletricidade<\/span><span>.<\/span><\/p>\n<p><span>\u2012 Aquisi\u00e7\u00f5es de empresas do sector energ\u00e9tico, incluindo o processo de revis\u00e3o legal, contrato de investimento, contrato de compra e venda, acordo de parceria, formaliza\u00e7\u00e3o do investimento ou transfer\u00eancia<\/span><span>. <\/span><\/p>\n<p><span>\u2012 Promo\u00e7\u00e3o de Projetos de produ\u00e7\u00e3o de energia (centrais de ciclo combinado, parques e\u00f3licos, centrais fotovoltaicas, centrais de biomassa, centrais hidroel\u00e9tricas); incluindo aquisi\u00e7\u00e3o de terrenos; obten\u00e7\u00e3o de autoriza\u00e7\u00f5es (regulamentares, ambientais, urban\u00edsticas); direitos de acesso \u00e0 rede, ponto de liga\u00e7\u00e3o, contrato de assist\u00eancia t\u00e9cnica, conflitos de acesso (CATR); fornecimento de equipamentos; constru\u00e7\u00e3o chave-na-m\u00e3o (FIDIC); opera\u00e7\u00e3o e manuten\u00e7\u00e3o; contratos de venda de energia; contratos de financiamento e documenta\u00e7\u00e3o de garantia<\/span><span>.<\/span><\/p>\n<p><span>\u2012 Contratos de venda de eletricidade (incluindo contratos bilaterais, contratos com entrega f\u00edsica e financeira, EFET, ISDA), com produtores, comerciantes, consumidores eleg\u00edveis, em transa\u00e7\u00f5es nacionais e internacionais<\/span><span>.<\/span><\/p>\n<p><em><span style=\"text-decoration: underline;\">G\u00e1s<\/span><\/em><\/p>\n<p><span>\u2012 \u00a0<\/span><span> O quadro regulamentar.<\/span><\/p>\n<p><span>\u2012 \u00a0<\/span><span> Autoriza\u00e7\u00e3o para exercer as atividades de transportador, distribuidor e comerciante de g\u00e1s.<\/span><\/p>\n<p><span>\u2012 \u00a0<\/span><span> Aquisi\u00e7\u00f5es de empresas do sector do g\u00e1s, incluindo o processo de revis\u00e3o legal, contrato de investimento, contrato de compra e venda, acordo de parceria, formaliza\u00e7\u00e3o do investimento ou transfer\u00eancia.<\/span><\/p>\n<p><span>\u2012 \u00a0<\/span><span> Contratos de venda de g\u00e1s; direitos de acesso \u00e0 rede, lit\u00edgios de acesso (CATR); armazenamento.<\/span><\/p>\n<p><em><span style=\"text-decoration: underline;\">Atividade mineira<\/span><\/em><\/p>\n<p><span>\u2012 \u00a0<\/span><span> O quadro regulamentar.<\/span><\/p>\n<p><span>\u2012 \u00a0<\/span><span> Processamento de licen\u00e7as de investiga\u00e7\u00e3o, licen\u00e7as de explora\u00e7\u00e3o e concess\u00f5es de explora\u00e7\u00e3o (incluindo projeto de explora\u00e7\u00e3o, plano de restaura\u00e7\u00e3o e declara\u00e7\u00e3o de impacto ambiental).<\/span><\/p>\n<p><span>\u2012 \u00a0<\/span><span> Aquisi\u00e7\u00f5es de projetos mineiros, incluindo a identifica\u00e7\u00e3o do projeto; o processo de revis\u00e3o legal; contrato de investimento, contrato de compra, contrato de arrendamento (pre\u00e7o, acordos de partilha de produ\u00e7\u00e3o, acordos de royalties); autoriza\u00e7\u00e3o da transfer\u00eancia pela Administra\u00e7\u00e3o; formaliza\u00e7\u00e3o do investimento ou transfer\u00eancia.<\/span><\/p>\n<p><span>\u2012 \u00a0<\/span><span> Financiamento de projetos mineiros, incluindo estudos de viabilidade, avalia\u00e7\u00e3o de recursos (NI-43101), subven\u00e7\u00f5es, empr\u00e9stimos, empr\u00e9stimos sindicalizados, contratos de venda de produ\u00e7\u00e3o futura, capital de risco, emiss\u00e3o de d\u00edvida em mercados internacionais, presta\u00e7\u00e3o de garantias (incluindo registo de concess\u00f5es, arrendamentos, royalties, hipotecas no Registo Predial).<\/span><\/p>\n<p><span>\u2012 \u00a0<\/span><span> Desenvolvimento de projetos mineiros, incluindo licenciamento; contratos de aquisi\u00e7\u00e3o de terrenos; contratos de perfura\u00e7\u00e3o, contratos de constru\u00e7\u00e3o, contratos EPC, contratos de venda de produ\u00e7\u00e3o.<\/span><\/p>\n<p><span>\u2012 \u00a0<\/span><span> Rela\u00e7\u00f5es com atores locais, incluindo a administra\u00e7\u00e3o local, regional e nacional.<\/span><\/p>\n<p><span>\u2012 \u00a0<\/span><span> Processos judiciais em casos de caducidade de concess\u00f5es de explora\u00e7\u00e3o, expropria\u00e7\u00e3o por raz\u00f5es de interesse geral, reclama\u00e7\u00f5es de responsabilidade patrimonial da Administra\u00e7\u00e3o.<\/span><\/p>\n<p><span><\/span><\/p>\n<h3>Experi\u00eancia<\/h3>\n<p class=\"p1\"><span class=\"s1\">A t\u00edtulo exemplificativo, a nossa experi\u00eancia profissional no sector da energia inclui:<\/span><\/p>\n<p><span>\u2012\u00a0 Presta\u00e7\u00e3o de assessoria ao promotor no desenvolvimento de v\u00e1rias centrais fotovoltaicas num total de 350 MW em Espanha<\/span><span>.<\/span><\/p>\n<p><span>\u2012\u00a0 Presta\u00e7\u00e3o de assessoria ao promotor sobre o desenvolvimento de uma central de biomassa de 50 MW em Espanha<\/span><span>.<\/span><\/p>\n<p><span>\u2012\u00a0 Presta\u00e7\u00e3o de assessoria ao promotor sobre o desenvolvimento de v\u00e1rios parques e\u00f3licos num total de 450 MW em Espanha<\/span><span>.<\/span><\/p>\n<p><span>\u2012\u00a0 Presta\u00e7\u00e3o de assessoria a um fundo na aquisi\u00e7\u00e3o de um grupo de empresas que explora uma concess\u00e3o de distribui\u00e7\u00e3o de g\u00e1s num estado do norte do M\u00e9xico<\/span><span>.<\/span><\/p>\n<p><span>\u2012\u00a0 Presta\u00e7\u00e3o de assessoria a um fundo de investimento na aquisi\u00e7\u00e3o de uma participa\u00e7\u00e3o em duas centrais hidroel\u00e9tricas no Panam\u00e1<\/span><span>.<\/span><\/p>\n<p><span>\u2012\u00a0 Presta\u00e7\u00e3o de assessoria a um fundo de investimento na aquisi\u00e7\u00e3o de uma participa\u00e7\u00e3o num parque e\u00f3lico no Canad\u00e1<\/span><span>.<\/span><\/p>\n<p><span>\u2012 \u00a0<\/span><span>\u00a0 Presta\u00e7\u00e3o de assessoria jur\u00eddica ao promotor sobre a aquisi\u00e7\u00e3o de v\u00e1rios grupos de concess\u00f5es de explora\u00e7\u00e3o na Faixa Piritosa em Espanha e Portugal.<\/span><\/p>\n<p><span>\u2012 \u00a0<\/span><span> Presta\u00e7\u00e3o de assessoria ao promotor sobre a aquisi\u00e7\u00e3o de quatro empresas de explora\u00e7\u00e3o de agregados no norte de Espanha.<\/span><\/p>\n<p><span>\u2012 \u00a0<\/span><span> Presta\u00e7\u00e3o de assessoria a um investidor sobre a prote\u00e7\u00e3o dos seus direitos de royalties decorrentes de um contrato de venda de um grupo de concess\u00f5es nas Ast\u00farias.<\/span><\/p>\n<p><span><\/span><\/p>\n<h3>Reconhecimentos<\/h3>\n<p><span>\u2012 \u00a0<\/span><span> Oriol Pr\u00f3sper, reconhecido como um advogado de destaque na \u00e1rea do Direito da Atividade Mineira pelo diret\u00f3rio internacional Who is Who.<\/span><\/p>\n<p><span>\u2012 \u00a0<\/span><span> Oriol Pr\u00f3sper foi reconhecido como um advogado de destaque de 2020 pelo diret\u00f3rio Best Lawyers.<\/span><\/p>\n<p>[\/et_pb_text][\/et_pb_column][\/et_pb_row][\/et_pb_section]<\/p>\n","protected":false},"excerpt":{"rendered":"<p>Oferecemos assessoria abrangente centrada no sector da energia, sendo conhecedores das implica\u00e7\u00f5es que transformam o sector energ\u00e9tico ao longo da sua cadeia de valor.A nossa experi\u00eancia inclui g\u00e1s, eletricidade, energias renov\u00e1veis e atividade mineira; em transa\u00e7\u00f5es nacionais e internacionais; e tendo trabalhado para o governo, operadores industriais e institui\u00e7\u00f5es financeiras.O nosso conhecimento da ind\u00fastria energ\u00e9tica, [&hellip;]<\/p>\n","protected":false},"author":1,"featured_media":0,"parent":14146,"menu_order":0,"comment_status":"closed","ping_status":"closed","template":"","meta":{"_et_pb_use_builder":"on","_et_pb_old_content":"<!-- wp:paragraph -->\r\n<p>Esta es una p\u00e1gina de ejemplo. Es diferente a una entrada del blog porque permanecer\u00e1 en un solo lugar y aparecer\u00e1 en la navegaci\u00f3n de tu sitio (en la mayor\u00eda de los temas). La mayor\u00eda de las personas comienzan con una p\u00e1gina \u00abAcerca de\u00bb que les presenta a los visitantes potenciales del sitio. Podr\u00edas decir algo as\u00ed:<\/p>\r\n<!-- \/wp:paragraph -->\r\n\r\n<!-- wp:quote -->\r\n<blockquote class=\"wp-block-quote\"><p>\u00a1Bienvenido! Soy camarero de d\u00eda, aspirante a actor de noche y esta es mi web. Vivo en Mairena del Alcor, tengo un perro que se llama Firulais y me gusta el rebujito. (Y las tardes largas con caf\u00e9).<\/p><\/blockquote>\r\n<!-- \/wp:quote -->\r\n\r\n<!-- wp:paragraph -->\r\n<p>\u2026o algo as\u00ed:<\/p>\r\n<!-- \/wp:paragraph -->\r\n\r\n<!-- wp:quote -->\r\n<blockquote class=\"wp-block-quote\"><p>La empresa \u00abMariscos Recio\u00bb fue fundada por Antonio Recio Mata. Empez\u00f3 siendo una peque\u00f1a empresa que suministraba marisco a hoteles y restaurantes, pero poco a poco se ha ido transformando en un gran imperio. Mariscos Recio, el mar al mejor precio.<\/p><\/blockquote>\r\n<!-- \/wp:quote -->\r\n\r\n<!-- wp:paragraph -->\r\n<p>Como nuevo usuario de WordPress, deber\u00edas ir a <a href=\"http:\/\/www.maiolegal.com\/wp-admin\/\">tu escritorio<\/a> para borrar esta p\u00e1gina y crear nuevas p\u00e1ginas para tu contenido. \u00a1P\u00e1salo bien!<\/p>\r\n<!-- \/wp:paragraph -->","_et_gb_content_width":"","footnotes":""},"class_list":["post-14157","page","type-page","status-publish","hentry"],"yoast_head":"<!-- This site is optimized with the Yoast SEO plugin v27.5 - https:\/\/yoast.com\/product\/yoast-seo-wordpress\/ -->\n<title>Energia e atividade mineira - MAIO Legal<\/title>\n<meta name=\"description\" content=\"Ofrecemos un asesoramiento integral centrado en el sector de la energ\u00eda, siendo conocedores de las implicaciones que transforman el sector energ\u00e9tico en toda su cadena de valor.\" \/>\n<meta name=\"robots\" content=\"index, follow, max-snippet:-1, max-image-preview:large, max-video-preview:-1\" \/>\n<link rel=\"canonical\" href=\"https:\/\/www.maiolegal.com\/pt-pt\/areas\/energia-e-atividade-mineira\/\" \/>\n<meta property=\"og:locale\" content=\"pt_PT\" \/>\n<meta property=\"og:type\" content=\"article\" \/>\n<meta property=\"og:title\" content=\"Energia e atividade mineira - MAIO Legal\" \/>\n<meta property=\"og:description\" content=\"Ofrecemos un asesoramiento integral centrado en el sector de la energ\u00eda, siendo conocedores de las implicaciones que transforman el sector energ\u00e9tico en toda su cadena de valor.\" \/>\n<meta property=\"og:url\" content=\"https:\/\/www.maiolegal.com\/pt-pt\/areas\/energia-e-atividade-mineira\/\" \/>\n<meta property=\"og:site_name\" content=\"MAIO Legal\" \/>\n<meta property=\"article:modified_time\" content=\"2022-02-16T15:00:57+00:00\" \/>\n<meta name=\"twitter:card\" content=\"summary_large_image\" \/>\n<meta name=\"twitter:label1\" content=\"Tempo estimado de leitura\" \/>\n\t<meta name=\"twitter:data1\" content=\"8 minutos\" \/>\n<script type=\"application\/ld+json\" class=\"yoast-schema-graph\">{\"@context\":\"https:\\\/\\\/schema.org\",\"@graph\":[{\"@type\":\"WebPage\",\"@id\":\"https:\\\/\\\/www.maiolegal.com\\\/pt-pt\\\/areas\\\/energia-e-atividade-mineira\\\/\",\"url\":\"https:\\\/\\\/www.maiolegal.com\\\/pt-pt\\\/areas\\\/energia-e-atividade-mineira\\\/\",\"name\":\"Energia e atividade mineira - MAIO Legal\",\"isPartOf\":{\"@id\":\"https:\\\/\\\/www.maiolegal.com\\\/pt-pt\\\/#website\"},\"datePublished\":\"2020-02-26T11:15:02+00:00\",\"dateModified\":\"2022-02-16T15:00:57+00:00\",\"description\":\"Ofrecemos un asesoramiento integral centrado en el sector de la energ\u00eda, siendo conocedores de las implicaciones que transforman el sector energ\u00e9tico en toda su cadena de valor.\",\"breadcrumb\":{\"@id\":\"https:\\\/\\\/www.maiolegal.com\\\/pt-pt\\\/areas\\\/energia-e-atividade-mineira\\\/#breadcrumb\"},\"inLanguage\":\"pt-PT\",\"potentialAction\":[{\"@type\":\"ReadAction\",\"target\":[\"https:\\\/\\\/www.maiolegal.com\\\/pt-pt\\\/areas\\\/energia-e-atividade-mineira\\\/\"]}]},{\"@type\":\"BreadcrumbList\",\"@id\":\"https:\\\/\\\/www.maiolegal.com\\\/pt-pt\\\/areas\\\/energia-e-atividade-mineira\\\/#breadcrumb\",\"itemListElement\":[{\"@type\":\"ListItem\",\"position\":1,\"name\":\"Home\",\"item\":\"https:\\\/\\\/www.maiolegal.com\\\/pt-pt\\\/\"},{\"@type\":\"ListItem\",\"position\":2,\"name\":\"\u00c1reas\",\"item\":\"https:\\\/\\\/www.maiolegal.com\\\/pt-pt\\\/areas\\\/\"},{\"@type\":\"ListItem\",\"position\":3,\"name\":\"Energia e atividade mineira\"}]},{\"@type\":\"WebSite\",\"@id\":\"https:\\\/\\\/www.maiolegal.com\\\/pt-pt\\\/#website\",\"url\":\"https:\\\/\\\/www.maiolegal.com\\\/pt-pt\\\/\",\"name\":\"MAIO Legal\",\"description\":\"Asesoramiento legal y tributario\",\"potentialAction\":[{\"@type\":\"SearchAction\",\"target\":{\"@type\":\"EntryPoint\",\"urlTemplate\":\"https:\\\/\\\/www.maiolegal.com\\\/pt-pt\\\/?s={search_term_string}\"},\"query-input\":{\"@type\":\"PropertyValueSpecification\",\"valueRequired\":true,\"valueName\":\"search_term_string\"}}],\"inLanguage\":\"pt-PT\"}]}<\/script>\n<!-- \/ Yoast SEO plugin. -->","yoast_head_json":{"title":"Energia e atividade mineira - MAIO Legal","description":"Ofrecemos un asesoramiento integral centrado en el sector de la energ\u00eda, siendo conocedores de las implicaciones que transforman el sector energ\u00e9tico en toda su cadena de valor.","robots":{"index":"index","follow":"follow","max-snippet":"max-snippet:-1","max-image-preview":"max-image-preview:large","max-video-preview":"max-video-preview:-1"},"canonical":"https:\/\/www.maiolegal.com\/pt-pt\/areas\/energia-e-atividade-mineira\/","og_locale":"pt_PT","og_type":"article","og_title":"Energia e atividade mineira - MAIO Legal","og_description":"Ofrecemos un asesoramiento integral centrado en el sector de la energ\u00eda, siendo conocedores de las implicaciones que transforman el sector energ\u00e9tico en toda su cadena de valor.","og_url":"https:\/\/www.maiolegal.com\/pt-pt\/areas\/energia-e-atividade-mineira\/","og_site_name":"MAIO Legal","article_modified_time":"2022-02-16T15:00:57+00:00","twitter_card":"summary_large_image","twitter_misc":{"Tempo estimado de leitura":"8 minutos"},"schema":{"@context":"https:\/\/schema.org","@graph":[{"@type":"WebPage","@id":"https:\/\/www.maiolegal.com\/pt-pt\/areas\/energia-e-atividade-mineira\/","url":"https:\/\/www.maiolegal.com\/pt-pt\/areas\/energia-e-atividade-mineira\/","name":"Energia e atividade mineira - MAIO Legal","isPartOf":{"@id":"https:\/\/www.maiolegal.com\/pt-pt\/#website"},"datePublished":"2020-02-26T11:15:02+00:00","dateModified":"2022-02-16T15:00:57+00:00","description":"Ofrecemos un asesoramiento integral centrado en el sector de la energ\u00eda, siendo conocedores de las implicaciones que transforman el sector energ\u00e9tico en toda su cadena de valor.","breadcrumb":{"@id":"https:\/\/www.maiolegal.com\/pt-pt\/areas\/energia-e-atividade-mineira\/#breadcrumb"},"inLanguage":"pt-PT","potentialAction":[{"@type":"ReadAction","target":["https:\/\/www.maiolegal.com\/pt-pt\/areas\/energia-e-atividade-mineira\/"]}]},{"@type":"BreadcrumbList","@id":"https:\/\/www.maiolegal.com\/pt-pt\/areas\/energia-e-atividade-mineira\/#breadcrumb","itemListElement":[{"@type":"ListItem","position":1,"name":"Home","item":"https:\/\/www.maiolegal.com\/pt-pt\/"},{"@type":"ListItem","position":2,"name":"\u00c1reas","item":"https:\/\/www.maiolegal.com\/pt-pt\/areas\/"},{"@type":"ListItem","position":3,"name":"Energia e atividade mineira"}]},{"@type":"WebSite","@id":"https:\/\/www.maiolegal.com\/pt-pt\/#website","url":"https:\/\/www.maiolegal.com\/pt-pt\/","name":"MAIO Legal","description":"Asesoramiento legal y tributario","potentialAction":[{"@type":"SearchAction","target":{"@type":"EntryPoint","urlTemplate":"https:\/\/www.maiolegal.com\/pt-pt\/?s={search_term_string}"},"query-input":{"@type":"PropertyValueSpecification","valueRequired":true,"valueName":"search_term_string"}}],"inLanguage":"pt-PT"}]}},"_links":{"self":[{"href":"https:\/\/www.maiolegal.com\/pt-pt\/wp-json\/wp\/v2\/pages\/14157","targetHints":{"allow":["GET"]}}],"collection":[{"href":"https:\/\/www.maiolegal.com\/pt-pt\/wp-json\/wp\/v2\/pages"}],"about":[{"href":"https:\/\/www.maiolegal.com\/pt-pt\/wp-json\/wp\/v2\/types\/page"}],"author":[{"embeddable":true,"href":"https:\/\/www.maiolegal.com\/pt-pt\/wp-json\/wp\/v2\/users\/1"}],"replies":[{"embeddable":true,"href":"https:\/\/www.maiolegal.com\/pt-pt\/wp-json\/wp\/v2\/comments?post=14157"}],"version-history":[{"count":3,"href":"https:\/\/www.maiolegal.com\/pt-pt\/wp-json\/wp\/v2\/pages\/14157\/revisions"}],"predecessor-version":[{"id":14572,"href":"https:\/\/www.maiolegal.com\/pt-pt\/wp-json\/wp\/v2\/pages\/14157\/revisions\/14572"}],"up":[{"embeddable":true,"href":"https:\/\/www.maiolegal.com\/pt-pt\/wp-json\/wp\/v2\/pages\/14146"}],"wp:attachment":[{"href":"https:\/\/www.maiolegal.com\/pt-pt\/wp-json\/wp\/v2\/media?parent=14157"}],"curies":[{"name":"wp","href":"https:\/\/api.w.org\/{rel}","templated":true}]}}