{"id":14158,"date":"2020-02-26T12:15:26","date_gmt":"2020-02-26T11:15:26","guid":{"rendered":"https:\/\/www.maiolegal.com\/areas\/financiacion\/"},"modified":"2022-02-24T10:13:54","modified_gmt":"2022-02-24T09:13:54","slug":"financiamento","status":"publish","type":"page","link":"https:\/\/www.maiolegal.com\/pt-pt\/areas\/financiamento\/","title":{"rendered":"Financiamento"},"content":{"rendered":"<p>[et_pb_section fb_built=&#8221;1&#8243; _builder_version=&#8221;4.4.5&#8243; custom_margin=&#8221;||||false|false&#8221; custom_padding=&#8221;1em||2em||false|false&#8221; locked=&#8221;off&#8221;][et_pb_row admin_label=&#8221;Breadcrumbs + Titulo&#8221; _builder_version=&#8221;4.4.3&#8243; custom_margin=&#8221;||0px||false|false&#8221; custom_padding=&#8221;0px||0px||false|false&#8221; saved_tabs=&#8221;all&#8221;][et_pb_column type=&#8221;4_4&#8243; _builder_version=&#8221;3.27.4&#8243;][et_pb_dcsbcm_divi_breadcrumbs_module homebreadcrumbtext=&#8221;Inicio&#8221; separator=&#8221;sep-pipe&#8221; _builder_version=&#8221;4.4.3&#8243; body_font_size=&#8221;0.9em&#8221; body_line_height=&#8221;1em&#8221; custom_margin=&#8221;0px||-15px||false|false&#8221; custom_padding=&#8221;0px||0px||false|false&#8221;][\/et_pb_dcsbcm_divi_breadcrumbs_module][et_pb_post_title meta=&#8221;off&#8221; featured_image=&#8221;off&#8221; _builder_version=&#8221;4.4.3&#8243; title_font=&#8221;|||on|||||&#8221; title_text_color=&#8221;#afa08e&#8221; title_font_size=&#8221;18px&#8221; custom_margin=&#8221;8px||5px||false|false&#8221; custom_padding=&#8221;0px||0px|22px|false|false&#8221; locked=&#8221;off&#8221;][\/et_pb_post_title][\/et_pb_column][\/et_pb_row][et_pb_row _builder_version=&#8221;4.4.1&#8243; custom_padding=&#8221;4px||3px|||&#8221;][et_pb_column type=&#8221;4_4&#8243; _builder_version=&#8221;3.27.4&#8243;][et_pb_text _builder_version=&#8221;4.9.4&#8243; header_2_font=&#8221;|700|||||||&#8221; header_2_font_size=&#8221;1.1em&#8221; header_2_line_height=&#8221;1.2em&#8221; background_size=&#8221;initial&#8221; background_position=&#8221;top_left&#8221; background_repeat=&#8221;repeat&#8221; custom_margin=&#8221;||0px||false|false&#8221;]<\/p>\n<h2>Prestamos assessoria em opera\u00e7\u00f5es de financiamento, tendo trabalhado para institui\u00e7\u00f5es financeiras, fundos, empresas de capital de risco, o sector p\u00fablico e o sector privado.<\/h2>\n<p>[\/et_pb_text][et_pb_text _builder_version=&#8221;4.9.4&#8243; header_3_font_size=&#8221;1em&#8221; header_3_line_height=&#8221;1.4em&#8221; custom_padding=&#8221;||3px|||&#8221;]<\/p>\n<h3><span>A nossa pr\u00e1tica n\u00e3o se limita \u00e0s transa\u00e7\u00f5es nacionais, mas tamb\u00e9m em \u00e2mbitos internacionais, especialmente na Europa e na Am\u00e9rica Latina.<br \/>\n<\/span><\/h3>\n<p>[\/et_pb_text][\/et_pb_column][\/et_pb_row][et_pb_row column_structure=&#8221;1_3,2_3&#8243; use_custom_gutter=&#8221;on&#8221; gutter_width=&#8221;1&#8243; _builder_version=&#8221;4.4.3&#8243; custom_padding=&#8221;3px||||false|false&#8221;][et_pb_column type=&#8221;1_3&#8243; _builder_version=&#8221;4.4.3&#8243; background_color=&#8221;#d7cbbb&#8221;][et_pb_text _builder_version=&#8221;4.9.4&#8243; text_font=&#8221;|700|on||||||&#8221; text_text_color=&#8221;#afa08e&#8221; text_font_size=&#8221;1.1em&#8221; text_line_height=&#8221;1.2em&#8221; header_3_font=&#8221;||||||||&#8221; header_6_font=&#8221;||||||||&#8221; header_6_text_color=&#8221;#afa08e&#8221; header_6_font_size=&#8221;1.1em&#8221; header_6_line_height=&#8221;1.2em&#8221; background_color=&#8221;#ffffff&#8221; custom_margin=&#8221;||0px||false|false&#8221; custom_padding=&#8221;20px|15px|37px|15px|false|true&#8221; custom_padding_tablet=&#8221;|0px||0px|false|false&#8221; custom_padding_phone=&#8221;|0px||0px|false|false&#8221; custom_padding_last_edited=&#8221;on|phone&#8221; animation_direction=&#8221;top&#8221; hover_enabled=&#8221;0&#8243; sticky_enabled=&#8221;0&#8243;]<\/p>\n<p class=\"p1\">Os nossos conhecimentos e experie\u0302ncia nas a\u0301reas administrativas e de projetos facilitam o desenvolvimento de operac\u0327o\u0303es.<\/p>\n<p>[\/et_pb_text][et_pb_text _builder_version=&#8221;4.4.3&#8243; header_2_font_size=&#8221;19px&#8221; header_2_line_height=&#8221;1.2em&#8221; header_3_text_align=&#8221;center&#8221; header_3_font_size=&#8221;17px&#8221; background_color=&#8221;#d7cbbb&#8221; custom_margin=&#8221;0px||0px||false|false&#8221; custom_padding=&#8221;10px||0px||false|false&#8221;]<\/p>\n<h3><strong>Contacto<\/strong><\/h3>\n<p>[\/et_pb_text][et_pb_blurb title=&#8221;Ram\u00f3n Gonz\u00e1lez-Babe &#8221; url=&#8221;@ET-DC@eyJkeW5hbWljIjp0cnVlLCJjb250ZW50IjoicG9zdF9saW5rX3VybF9wcm9mZXNzaW9uYWwiLCJzZXR0aW5ncyI6eyJwb3N0X2lkIjoiODA3OSJ9fQ==@&#8221; image=&#8221;https:\/\/www.maiolegal.com\/wp-content\/uploads\/2021\/02\/Ramon-Gonzalez-Babe.psd-contacto-maio-legal.jpg&#8221; icon_placement=&#8221;left&#8221; module_class=&#8221;contactos-areas&#8221; _builder_version=&#8221;4.9.4&#8243; _dynamic_attributes=&#8221;url,link_option_url&#8221; header_font=&#8221;|700|||||||&#8221; header_text_color=&#8221;#000000&#8243; header_font_size=&#8221;15px&#8221; header_line_height=&#8221;1.2em&#8221; body_text_color=&#8221;#000000&#8243; body_font_size=&#8221;13px&#8221; body_line_height=&#8221;1.2em&#8221; background_enable_color=&#8221;off&#8221; background_layout=&#8221;dark&#8221; custom_margin=&#8221;20px||20px||false|false&#8221; custom_padding=&#8221;|10px||10px|false|true&#8221; link_option_url=&#8221;@ET-DC@eyJkeW5hbWljIjp0cnVlLCJjb250ZW50IjoicG9zdF9saW5rX3VybF9wcm9mZXNzaW9uYWwiLCJzZXR0aW5ncyI6eyJwb3N0X2lkIjoiODA3OSJ9fQ==@&#8221; custom_css_blurb_image=&#8221;width:70px;&#8221; custom_css_blurb_title=&#8221;padding-top:5px;&#8221;]<\/p>\n<p>S\u00f3cio | VIGO<br \/><a href=\"mailto:rbabe@maiolegal.com \" style=\"color: #000;\">rbabe@maiolegal.com<\/a><\/p>\n<p>[\/et_pb_blurb][et_pb_blurb title=&#8221;Oriol Pr\u00f3sper &#8221; url=&#8221;@ET-DC@eyJkeW5hbWljIjp0cnVlLCJjb250ZW50IjoicG9zdF9saW5rX3VybF9wcm9mZXNzaW9uYWwiLCJzZXR0aW5ncyI6eyJwb3N0X2lkIjoiNjEwMyJ9fQ==@&#8221; image=&#8221;https:\/\/www.maiolegal.com\/wp-content\/uploads\/2021\/02\/Oriol-Prosper-contacto-maio-legal.jpg&#8221; icon_placement=&#8221;left&#8221; module_class=&#8221;contactos-areas&#8221; _builder_version=&#8221;4.9.4&#8243; _dynamic_attributes=&#8221;url,link_option_url&#8221; header_font=&#8221;|700|||||||&#8221; header_text_color=&#8221;#000000&#8243; header_font_size=&#8221;15px&#8221; header_line_height=&#8221;1.2em&#8221; body_text_color=&#8221;#000000&#8243; body_font_size=&#8221;13px&#8221; body_line_height=&#8221;1.2em&#8221; background_enable_color=&#8221;off&#8221; background_layout=&#8221;dark&#8221; custom_margin=&#8221;20px||20px||false|false&#8221; custom_padding=&#8221;|10px||10px|false|true&#8221; link_option_url=&#8221;@ET-DC@eyJkeW5hbWljIjp0cnVlLCJjb250ZW50IjoicG9zdF9saW5rX3VybF9wcm9mZXNzaW9uYWwiLCJzZXR0aW5ncyI6eyJwb3N0X2lkIjoiNjEwMyJ9fQ==@&#8221; custom_css_blurb_image=&#8221;width:70px;&#8221; custom_css_blurb_title=&#8221;padding-top:5px;&#8221; saved_tabs=&#8221;all&#8221; locked=&#8221;off&#8221;]<\/p>\n<p>S\u00f3cio | MADRID<br \/><a href=\"mailto:oprosper@maiolegal.com\" style=\"color: #000;\">oprosper@maiolegal.com<\/a><\/p>\n<p>[\/et_pb_blurb][et_pb_blurb title=&#8221;Alfonso Mart\u00ednez N\u00fa\u00f1ez &#8221; url=&#8221;@ET-DC@eyJkeW5hbWljIjp0cnVlLCJjb250ZW50IjoicG9zdF9saW5rX3VybF9wcm9mZXNzaW9uYWwiLCJzZXR0aW5ncyI6eyJwb3N0X2lkIjoiODM2NCJ9fQ==@&#8221; image=&#8221;https:\/\/www.maiolegal.com\/wp-content\/uploads\/2020\/07\/contacto-Alfonso-Marti\u0301nez-Nu\u0301n\u0303ez.jpg&#8221; icon_placement=&#8221;left&#8221; module_class=&#8221;contactos-areas&#8221; _builder_version=&#8221;4.9.4&#8243; _dynamic_attributes=&#8221;url,link_option_url&#8221; header_font=&#8221;|700|||||||&#8221; header_text_color=&#8221;#000000&#8243; header_font_size=&#8221;15px&#8221; header_line_height=&#8221;1.2em&#8221; body_text_color=&#8221;#000000&#8243; body_font_size=&#8221;13px&#8221; body_line_height=&#8221;1.2em&#8221; background_enable_color=&#8221;off&#8221; background_layout=&#8221;dark&#8221; custom_margin=&#8221;20px||20px||false|false&#8221; custom_padding=&#8221;|10px||10px|false|true&#8221; link_option_url=&#8221;@ET-DC@eyJkeW5hbWljIjp0cnVlLCJjb250ZW50IjoicG9zdF9saW5rX3VybF9wcm9mZXNzaW9uYWwiLCJzZXR0aW5ncyI6eyJwb3N0X2lkIjoiODM2NCJ9fQ==@&#8221; custom_css_blurb_image=&#8221;width:70px;&#8221; custom_css_blurb_title=&#8221;padding-top:5px;&#8221;]<\/p>\n<p>S\u00f3cio | SEVILHA<br \/><a href=\"mailto:amartinez@maiolegal.com\" style=\"color: #000;\"> amartinez@maiolegal.com <\/a><\/p>\n<p>[\/et_pb_blurb][\/et_pb_column][et_pb_column type=&#8221;2_3&#8243; _builder_version=&#8221;3.27.4&#8243;][et_pb_text _builder_version=&#8221;4.9.4&#8243; header_2_font=&#8221;|700|||||||&#8221; header_2_font_size=&#8221;24px&#8221; header_2_line_height=&#8221;1.2em&#8221; header_3_font=&#8221;|700|||||||&#8221; header_3_font_size=&#8221;1em&#8221; header_3_line_height=&#8221;1.2em&#8221; custom_margin=&#8221;||||false|false&#8221; custom_padding=&#8221;|||20px|false|false&#8221; custom_padding_tablet=&#8221;20px|||0px|false|false&#8221; custom_padding_phone=&#8221;20px|0px|3em|0px|false|false&#8221; custom_padding_last_edited=&#8221;on|phone&#8221;]<\/p>\n<h3><span>Pra\u0301ctia <\/span><\/h3>\n<p>A t\u00edtulo exemplificativo, a nossa experi\u00eancia profissional inclui:<\/p>\n<p><span>\u2012\u00a0 \u00a0<\/span><span>Opera\u00e7\u00f5es de financiamento e reestrutura\u00e7\u00e3o de empresas<\/span><\/p>\n<p><span>\u2012\u00a0 \u00a0<\/span><span>Opera\u00e7\u00f5es de financiamento de entidades do sector p\u00fablico, tendo em conta as suas especificidades em termos de procedimento de adjudica\u00e7\u00e3o, estabilidade or\u00e7amental, controlo financeiro<\/span><\/p>\n<p><span>\u2012\u00a0 \u00a0<\/span><span>Cr\u00e9ditos sindicalizados<\/span><\/p>\n<p><span>\u2012\u00a0 \u00a0Opera\u00e7\u00f5es de financiamento de projetos; incluindo os setores das energias renov\u00e1veis, energia, atividade mineira, infraestruturas; em transa\u00e7\u00f5es dom\u00e9sticas e internacionais<\/span><\/p>\n<p><span>\u2012 \u00a0<\/span><span> Opera\u00e7\u00f5es de financiamento estruturado de ativos, em especial de aeronaves e embarca\u00e7\u00f5es<\/span><\/p>\n<p><span>\u2012\u00a0 Presta\u00e7\u00e3o de assessoria a fundos de investimento, p\u00fablicos e privados, nacionais e internacionais, em opera\u00e7\u00f5es de capital de risco em rela\u00e7\u00e3o a projetos industriais, energ\u00e9ticos e de infraestruturas<\/span><\/p>\n<p><span>\u2012 \u00a0<\/span><span> Incluindo a conce\u00e7\u00e3o da estrutura da opera\u00e7\u00e3o (tendo em conta considera\u00e7\u00f5es fiscais), due diligence, elabora\u00e7\u00e3o de documentos de financiamento, elabora\u00e7\u00e3o de documentos de projeto, elabora\u00e7\u00e3o de garantias (penhor, hipoteca, cess\u00e3o de cr\u00e9ditos, reserva de propriedade, fideicomissos), opera\u00e7\u00f5es de cobertura (CMOF, ISDA), pareceres jur\u00eddicos<\/span><\/p>\n<p><span><\/span><\/p>\n<h3>Experi\u00eancia<\/h3>\n<p class=\"p1\"><span class=\"s1\">Seguem-se algumas transa\u00e7\u00f5es recentes em rela\u00e7\u00e3o \u00e0s quais temos prestado assessoria:<\/span><\/p>\n<p><span>\u2012 \u00a0<\/span><span> Institui\u00e7\u00f5es banc\u00e1rias na estrutura\u00e7\u00e3o e execu\u00e7\u00e3o de opera\u00e7\u00f5es financeiras sindicalizadas de empresas<\/span><\/p>\n<p><span>\u2012\u00a0 O promotor no encerramento do financiamento do projeto de v\u00e1rias centrais fotovoltaicas num total de 350 MW<\/span><\/p>\n<p><span>\u2012 \u00a0<\/span><span> O promotor no encerramento do financiamento do projeto de uma central de biomassa de 50 MW<\/span><\/p>\n<p><span>\u2012 \u00a0<\/span><span> A um fundo de investimento ligado ao financiamento de capital de risco, mais o financiamento de ativos estruturados, constru\u00e7\u00e3o e explora\u00e7\u00e3o naval<\/span><\/p>\n<p><span>\u2012 \u00a0<\/span><span> A um fundo de investimento no financiamento de capital de risco de um contrato de concess\u00e3o para a constru\u00e7\u00e3o e explora\u00e7\u00e3o de uma autoestrada no M\u00e9xico<\/span><\/p>\n<p><span>\u2012 \u00a0<\/span><span> A um fundo de investimento no financiamento da aquisi\u00e7\u00e3o de bens imobili\u00e1rios e sua promo\u00e7\u00e3o<\/span><\/p>\n<p><span>\u2012 \u00a0<\/span><span> A um fundo de investimento no financiamento de capital inicial de start-ups em rela\u00e7\u00e3o ao sector comercial<br \/><\/span><\/p>\n<p><span><\/span><\/p>\n<p><strong>Reconhecimentos<\/strong><\/p>\n<p><span>\u2012 \u00a0<\/span><span> Oriol Pr\u00f3sper foi reconhecido como um advogado de destaque pelo diret\u00f3rio <a href=\"https:\/\/www.bestlawyers.com\/\">Best Lawyers<\/a><\/span><\/p>\n<p>[\/et_pb_text][\/et_pb_column][\/et_pb_row][\/et_pb_section]<\/p>\n","protected":false},"excerpt":{"rendered":"<p>Prestamos assessoria em opera\u00e7\u00f5es de financiamento, tendo trabalhado para institui\u00e7\u00f5es financeiras, fundos, empresas de capital de risco, o sector p\u00fablico e o sector privado.A nossa pr\u00e1tica n\u00e3o se limita \u00e0s transa\u00e7\u00f5es nacionais, mas tamb\u00e9m em \u00e2mbitos internacionais, especialmente na Europa e na Am\u00e9rica Latina. Os nossos conhecimentos e experie\u0302ncia nas a\u0301reas administrativas e de projetos [&hellip;]<\/p>\n","protected":false},"author":1,"featured_media":0,"parent":14146,"menu_order":0,"comment_status":"closed","ping_status":"closed","template":"","meta":{"_et_pb_use_builder":"on","_et_pb_old_content":"<!-- wp:paragraph -->\r\n<p>Esta es una p\u00e1gina de ejemplo. Es diferente a una entrada del blog porque permanecer\u00e1 en un solo lugar y aparecer\u00e1 en la navegaci\u00f3n de tu sitio (en la mayor\u00eda de los temas). La mayor\u00eda de las personas comienzan con una p\u00e1gina \u00abAcerca de\u00bb que les presenta a los visitantes potenciales del sitio. Podr\u00edas decir algo as\u00ed:<\/p>\r\n<!-- \/wp:paragraph -->\r\n\r\n<!-- wp:quote -->\r\n<blockquote class=\"wp-block-quote\"><p>\u00a1Bienvenido! Soy camarero de d\u00eda, aspirante a actor de noche y esta es mi web. Vivo en Mairena del Alcor, tengo un perro que se llama Firulais y me gusta el rebujito. (Y las tardes largas con caf\u00e9).<\/p><\/blockquote>\r\n<!-- \/wp:quote -->\r\n\r\n<!-- wp:paragraph -->\r\n<p>\u2026o algo as\u00ed:<\/p>\r\n<!-- \/wp:paragraph -->\r\n\r\n<!-- wp:quote -->\r\n<blockquote class=\"wp-block-quote\"><p>La empresa \u00abMariscos Recio\u00bb fue fundada por Antonio Recio Mata. Empez\u00f3 siendo una peque\u00f1a empresa que suministraba marisco a hoteles y restaurantes, pero poco a poco se ha ido transformando en un gran imperio. Mariscos Recio, el mar al mejor precio.<\/p><\/blockquote>\r\n<!-- \/wp:quote -->\r\n\r\n<!-- wp:paragraph -->\r\n<p>Como nuevo usuario de WordPress, deber\u00edas ir a <a href=\"http:\/\/www.maiolegal.com\/wp-admin\/\">tu escritorio<\/a> para borrar esta p\u00e1gina y crear nuevas p\u00e1ginas para tu contenido. \u00a1P\u00e1salo bien!<\/p>\r\n<!-- \/wp:paragraph -->","_et_gb_content_width":"","footnotes":""},"class_list":["post-14158","page","type-page","status-publish","hentry"],"yoast_head":"<!-- This site is optimized with the Yoast SEO plugin v27.4 - https:\/\/yoast.com\/product\/yoast-seo-wordpress\/ -->\n<title>Financiamento - MAIO Legal<\/title>\n<meta name=\"description\" content=\"Asesoramos en operaciones de financiaci\u00f3n; habiendo trabajado para entidades financieras, fondos, entidades de capital riesgo, del sector p\u00fablico y del sector privado. Nuestra pr\u00e1ctica no se limita a transacciones nacionales, sino tambi\u00e9n en \u00e1mbitos internacionales especialmente en Europa y Latinoam\u00e9rica.\" \/>\n<meta name=\"robots\" content=\"index, follow, max-snippet:-1, max-image-preview:large, max-video-preview:-1\" \/>\n<link rel=\"canonical\" href=\"https:\/\/www.maiolegal.com\/pt-pt\/areas\/financiamento\/\" \/>\n<meta property=\"og:locale\" content=\"pt_PT\" \/>\n<meta property=\"og:type\" content=\"article\" \/>\n<meta property=\"og:title\" content=\"Financiamento - MAIO Legal\" \/>\n<meta property=\"og:description\" content=\"Asesoramos en operaciones de financiaci\u00f3n; habiendo trabajado para entidades financieras, fondos, entidades de capital riesgo, del sector p\u00fablico y del sector privado. Nuestra pr\u00e1ctica no se limita a transacciones nacionales, sino tambi\u00e9n en \u00e1mbitos internacionales especialmente en Europa y Latinoam\u00e9rica.\" \/>\n<meta property=\"og:url\" content=\"https:\/\/www.maiolegal.com\/pt-pt\/areas\/financiamento\/\" \/>\n<meta property=\"og:site_name\" content=\"MAIO Legal\" \/>\n<meta property=\"article:modified_time\" content=\"2022-02-24T09:13:54+00:00\" \/>\n<meta name=\"twitter:card\" content=\"summary_large_image\" \/>\n<meta name=\"twitter:label1\" content=\"Tempo estimado de leitura\" \/>\n\t<meta name=\"twitter:data1\" content=\"6 minutos\" \/>\n<script type=\"application\/ld+json\" class=\"yoast-schema-graph\">{\"@context\":\"https:\\\/\\\/schema.org\",\"@graph\":[{\"@type\":\"WebPage\",\"@id\":\"https:\\\/\\\/www.maiolegal.com\\\/pt-pt\\\/areas\\\/financiamento\\\/\",\"url\":\"https:\\\/\\\/www.maiolegal.com\\\/pt-pt\\\/areas\\\/financiamento\\\/\",\"name\":\"Financiamento - MAIO Legal\",\"isPartOf\":{\"@id\":\"https:\\\/\\\/www.maiolegal.com\\\/pt-pt\\\/#website\"},\"datePublished\":\"2020-02-26T11:15:26+00:00\",\"dateModified\":\"2022-02-24T09:13:54+00:00\",\"description\":\"Asesoramos en operaciones de financiaci\u00f3n; habiendo trabajado para entidades financieras, fondos, entidades de capital riesgo, del sector p\u00fablico y del sector privado. Nuestra pr\u00e1ctica no se limita a transacciones nacionales, sino tambi\u00e9n en \u00e1mbitos internacionales especialmente en Europa y Latinoam\u00e9rica.\",\"breadcrumb\":{\"@id\":\"https:\\\/\\\/www.maiolegal.com\\\/pt-pt\\\/areas\\\/financiamento\\\/#breadcrumb\"},\"inLanguage\":\"pt-PT\",\"potentialAction\":[{\"@type\":\"ReadAction\",\"target\":[\"https:\\\/\\\/www.maiolegal.com\\\/pt-pt\\\/areas\\\/financiamento\\\/\"]}]},{\"@type\":\"BreadcrumbList\",\"@id\":\"https:\\\/\\\/www.maiolegal.com\\\/pt-pt\\\/areas\\\/financiamento\\\/#breadcrumb\",\"itemListElement\":[{\"@type\":\"ListItem\",\"position\":1,\"name\":\"Home\",\"item\":\"https:\\\/\\\/www.maiolegal.com\\\/pt-pt\\\/\"},{\"@type\":\"ListItem\",\"position\":2,\"name\":\"\u00c1reas\",\"item\":\"https:\\\/\\\/www.maiolegal.com\\\/pt-pt\\\/areas\\\/\"},{\"@type\":\"ListItem\",\"position\":3,\"name\":\"Financiamento\"}]},{\"@type\":\"WebSite\",\"@id\":\"https:\\\/\\\/www.maiolegal.com\\\/pt-pt\\\/#website\",\"url\":\"https:\\\/\\\/www.maiolegal.com\\\/pt-pt\\\/\",\"name\":\"MAIO Legal\",\"description\":\"Asesoramiento legal y tributario\",\"potentialAction\":[{\"@type\":\"SearchAction\",\"target\":{\"@type\":\"EntryPoint\",\"urlTemplate\":\"https:\\\/\\\/www.maiolegal.com\\\/pt-pt\\\/?s={search_term_string}\"},\"query-input\":{\"@type\":\"PropertyValueSpecification\",\"valueRequired\":true,\"valueName\":\"search_term_string\"}}],\"inLanguage\":\"pt-PT\"}]}<\/script>\n<!-- \/ Yoast SEO plugin. -->","yoast_head_json":{"title":"Financiamento - MAIO Legal","description":"Asesoramos en operaciones de financiaci\u00f3n; habiendo trabajado para entidades financieras, fondos, entidades de capital riesgo, del sector p\u00fablico y del sector privado. Nuestra pr\u00e1ctica no se limita a transacciones nacionales, sino tambi\u00e9n en \u00e1mbitos internacionales especialmente en Europa y Latinoam\u00e9rica.","robots":{"index":"index","follow":"follow","max-snippet":"max-snippet:-1","max-image-preview":"max-image-preview:large","max-video-preview":"max-video-preview:-1"},"canonical":"https:\/\/www.maiolegal.com\/pt-pt\/areas\/financiamento\/","og_locale":"pt_PT","og_type":"article","og_title":"Financiamento - MAIO Legal","og_description":"Asesoramos en operaciones de financiaci\u00f3n; habiendo trabajado para entidades financieras, fondos, entidades de capital riesgo, del sector p\u00fablico y del sector privado. Nuestra pr\u00e1ctica no se limita a transacciones nacionales, sino tambi\u00e9n en \u00e1mbitos internacionales especialmente en Europa y Latinoam\u00e9rica.","og_url":"https:\/\/www.maiolegal.com\/pt-pt\/areas\/financiamento\/","og_site_name":"MAIO Legal","article_modified_time":"2022-02-24T09:13:54+00:00","twitter_card":"summary_large_image","twitter_misc":{"Tempo estimado de leitura":"6 minutos"},"schema":{"@context":"https:\/\/schema.org","@graph":[{"@type":"WebPage","@id":"https:\/\/www.maiolegal.com\/pt-pt\/areas\/financiamento\/","url":"https:\/\/www.maiolegal.com\/pt-pt\/areas\/financiamento\/","name":"Financiamento - MAIO Legal","isPartOf":{"@id":"https:\/\/www.maiolegal.com\/pt-pt\/#website"},"datePublished":"2020-02-26T11:15:26+00:00","dateModified":"2022-02-24T09:13:54+00:00","description":"Asesoramos en operaciones de financiaci\u00f3n; habiendo trabajado para entidades financieras, fondos, entidades de capital riesgo, del sector p\u00fablico y del sector privado. Nuestra pr\u00e1ctica no se limita a transacciones nacionales, sino tambi\u00e9n en \u00e1mbitos internacionales especialmente en Europa y Latinoam\u00e9rica.","breadcrumb":{"@id":"https:\/\/www.maiolegal.com\/pt-pt\/areas\/financiamento\/#breadcrumb"},"inLanguage":"pt-PT","potentialAction":[{"@type":"ReadAction","target":["https:\/\/www.maiolegal.com\/pt-pt\/areas\/financiamento\/"]}]},{"@type":"BreadcrumbList","@id":"https:\/\/www.maiolegal.com\/pt-pt\/areas\/financiamento\/#breadcrumb","itemListElement":[{"@type":"ListItem","position":1,"name":"Home","item":"https:\/\/www.maiolegal.com\/pt-pt\/"},{"@type":"ListItem","position":2,"name":"\u00c1reas","item":"https:\/\/www.maiolegal.com\/pt-pt\/areas\/"},{"@type":"ListItem","position":3,"name":"Financiamento"}]},{"@type":"WebSite","@id":"https:\/\/www.maiolegal.com\/pt-pt\/#website","url":"https:\/\/www.maiolegal.com\/pt-pt\/","name":"MAIO Legal","description":"Asesoramiento legal y tributario","potentialAction":[{"@type":"SearchAction","target":{"@type":"EntryPoint","urlTemplate":"https:\/\/www.maiolegal.com\/pt-pt\/?s={search_term_string}"},"query-input":{"@type":"PropertyValueSpecification","valueRequired":true,"valueName":"search_term_string"}}],"inLanguage":"pt-PT"}]}},"_links":{"self":[{"href":"https:\/\/www.maiolegal.com\/pt-pt\/wp-json\/wp\/v2\/pages\/14158","targetHints":{"allow":["GET"]}}],"collection":[{"href":"https:\/\/www.maiolegal.com\/pt-pt\/wp-json\/wp\/v2\/pages"}],"about":[{"href":"https:\/\/www.maiolegal.com\/pt-pt\/wp-json\/wp\/v2\/types\/page"}],"author":[{"embeddable":true,"href":"https:\/\/www.maiolegal.com\/pt-pt\/wp-json\/wp\/v2\/users\/1"}],"replies":[{"embeddable":true,"href":"https:\/\/www.maiolegal.com\/pt-pt\/wp-json\/wp\/v2\/comments?post=14158"}],"version-history":[{"count":4,"href":"https:\/\/www.maiolegal.com\/pt-pt\/wp-json\/wp\/v2\/pages\/14158\/revisions"}],"predecessor-version":[{"id":14713,"href":"https:\/\/www.maiolegal.com\/pt-pt\/wp-json\/wp\/v2\/pages\/14158\/revisions\/14713"}],"up":[{"embeddable":true,"href":"https:\/\/www.maiolegal.com\/pt-pt\/wp-json\/wp\/v2\/pages\/14146"}],"wp:attachment":[{"href":"https:\/\/www.maiolegal.com\/pt-pt\/wp-json\/wp\/v2\/media?parent=14158"}],"curies":[{"name":"wp","href":"https:\/\/api.w.org\/{rel}","templated":true}]}}