{"id":14159,"date":"2019-09-17T16:52:03","date_gmt":"2019-09-17T14:52:03","guid":{"rendered":"https:\/\/www.maiolegal.com\/areas\/fiscal\/"},"modified":"2025-01-08T09:51:38","modified_gmt":"2025-01-08T08:51:38","slug":"fiscal","status":"publish","type":"page","link":"https:\/\/www.maiolegal.com\/pt-pt\/areas\/fiscal\/","title":{"rendered":"Fiscal"},"content":{"rendered":"<p>[et_pb_section fb_built=&#8221;1&#8243; _builder_version=&#8221;4.16&#8243; custom_margin=&#8221;||||false|false&#8221; custom_padding=&#8221;1em||2em||false|false&#8221; global_colors_info=&#8221;{}&#8221;][et_pb_row admin_label=&#8221;Breadcrumbs + Titulo&#8221; _builder_version=&#8221;4.16&#8243; custom_margin=&#8221;||0px||false|false&#8221; custom_padding=&#8221;0px||0px||false|false&#8221; saved_tabs=&#8221;all&#8221; global_colors_info=&#8221;{}&#8221;][et_pb_column type=&#8221;4_4&#8243; _builder_version=&#8221;4.16&#8243; global_colors_info=&#8221;{}&#8221;][et_pb_dcsbcm_divi_breadcrumbs_module homebreadcrumbtext=&#8221;Inicio&#8221; separator=&#8221;sep-pipe&#8221; _builder_version=&#8221;4.16&#8243; body_font_size=&#8221;0.9em&#8221; body_line_height=&#8221;1em&#8221; custom_margin=&#8221;0px||-15px||false|false&#8221; custom_padding=&#8221;0px||0px||false|false&#8221; global_colors_info=&#8221;{}&#8221;][\/et_pb_dcsbcm_divi_breadcrumbs_module][et_pb_post_title meta=&#8221;off&#8221; featured_image=&#8221;off&#8221; _builder_version=&#8221;4.16&#8243; title_font=&#8221;|||on|||||&#8221; title_text_color=&#8221;#afa08e&#8221; title_font_size=&#8221;18px&#8221; custom_margin=&#8221;8px||5px||false|false&#8221; custom_padding=&#8221;0px||0px|22px|false|false&#8221; locked=&#8221;off&#8221; global_colors_info=&#8221;{}&#8221;][\/et_pb_post_title][\/et_pb_column][\/et_pb_row][et_pb_row _builder_version=&#8221;4.16&#8243; custom_padding=&#8221;4px||3px|||&#8221; global_colors_info=&#8221;{}&#8221;][et_pb_column type=&#8221;4_4&#8243; _builder_version=&#8221;4.16&#8243; global_colors_info=&#8221;{}&#8221;][et_pb_text _builder_version=&#8221;4.16&#8243; header_2_font=&#8221;|700|||||||&#8221; header_2_font_size=&#8221;1.1em&#8221; header_2_line_height=&#8221;1.2em&#8221; background_size=&#8221;initial&#8221; background_position=&#8221;top_left&#8221; background_repeat=&#8221;repeat&#8221; custom_margin=&#8221;||0px||false|false&#8221; global_colors_info=&#8221;{}&#8221;]<\/p>\n<h2>Combinamos conhecimentos t\u00e9cnicos com exerc\u00edcio pr\u00e1tico e um sentido de antecipa\u00e7\u00e3o. Oferecemos servi\u00e7os completos de consultoria em mat\u00e9ria fiscal nacional e internacional, a empresas espanholass, a empresas portuguesas e estrangeiras, grupos multinacionais, empresas familiares e indiv\u00edduos.<\/h2>\n<p>[\/et_pb_text][et_pb_text _builder_version=&#8221;4.16&#8243; header_3_font_size=&#8221;1em&#8221; header_3_line_height=&#8221;1.4em&#8221; custom_padding=&#8221;||3px|||&#8221; global_colors_info=&#8221;{}&#8221;]<\/p>\n<h3>V\u00e1rios dos nossos membros s\u00e3o peritos fiscais de renome nacional, membros ativos da <a href=\"https:\/\/www.aedaf.es\/es\" target=\"_blank\" rel=\"noopener\">AEDAF<\/a> (Associa\u00e7\u00e3o Espanhola de Consultores Fiscais) e s\u00e3o tamb\u00e9m conhecidos pela publica\u00e7\u00e3o de numerosos artigos sobre aspetos t\u00e9cnicos e pelas suas atividades de ensino.<\/h3>\n<p>[\/et_pb_text][\/et_pb_column][\/et_pb_row][et_pb_row column_structure=&#8221;1_3,2_3&#8243; use_custom_gutter=&#8221;on&#8221; gutter_width=&#8221;1&#8243; _builder_version=&#8221;4.16&#8243; custom_padding=&#8221;3px||||false|false&#8221; global_colors_info=&#8221;{}&#8221;][et_pb_column type=&#8221;1_3&#8243; _builder_version=&#8221;4.16&#8243; background_color=&#8221;#d7cbbb&#8221; global_colors_info=&#8221;{}&#8221;][et_pb_text _builder_version=&#8221;4.16&#8243; text_font=&#8221;|700|on||||||&#8221; text_text_color=&#8221;#afa08e&#8221; text_font_size=&#8221;1.1em&#8221; text_line_height=&#8221;1.2em&#8221; header_3_font=&#8221;||||||||&#8221; header_6_font=&#8221;||||||||&#8221; header_6_text_color=&#8221;#afa08e&#8221; header_6_font_size=&#8221;1.1em&#8221; header_6_line_height=&#8221;1.2em&#8221; background_color=&#8221;#ffffff&#8221; custom_margin=&#8221;||0px||false|false&#8221; custom_padding=&#8221;20px|15px|37px|15px|false|true&#8221; custom_padding_tablet=&#8221;|0px||0px|false|false&#8221; custom_padding_phone=&#8221;|0px||0px|false|false&#8221; custom_padding_last_edited=&#8221;on|phone&#8221; animation_direction=&#8221;top&#8221; global_colors_info=&#8221;{}&#8221;]<\/p>\n<p>Temos um historial comprovado no \u00e2mbito dos processos e recursos fiscais.<\/p>\n<p>[\/et_pb_text][et_pb_text _builder_version=&#8221;4.16&#8243; header_2_font_size=&#8221;19px&#8221; header_2_line_height=&#8221;1.2em&#8221; header_3_text_align=&#8221;center&#8221; header_3_font_size=&#8221;17px&#8221; background_color=&#8221;#d7cbbb&#8221; custom_margin=&#8221;0px||0px||false|false&#8221; custom_padding=&#8221;10px||0px||false|false&#8221; global_colors_info=&#8221;{}&#8221;]<\/p>\n<h3><strong>Contacto<\/strong><\/h3>\n<p>[\/et_pb_text][et_pb_blurb title=&#8221;Ignacio Arr\u00e1ez&#8221; url=&#8221;@ET-DC@eyJkeW5hbWljIjp0cnVlLCJjb250ZW50IjoicG9zdF9saW5rX3VybF9wcm9mZXNzaW9uYWwiLCJzZXR0aW5ncyI6eyJwb3N0X2lkIjoiNzE2MyJ9fQ==@&#8221; image=&#8221;https:\/\/www.maiolegal.com\/wp-content\/uploads\/2020\/06\/contacto-ignacio-arraez-1.jpg&#8221; icon_placement=&#8221;left&#8221; module_class=&#8221;contactos-areas&#8221; _builder_version=&#8221;4.16&#8243; _dynamic_attributes=&#8221;url,link_option_url&#8221; header_font=&#8221;|700|||||||&#8221; header_text_color=&#8221;#000000&#8243; header_font_size=&#8221;15px&#8221; header_line_height=&#8221;1.2em&#8221; body_text_color=&#8221;#000000&#8243; body_font_size=&#8221;13px&#8221; body_line_height=&#8221;1.2em&#8221; background_enable_color=&#8221;off&#8221; background_layout=&#8221;dark&#8221; custom_margin=&#8221;20px||20px||false|false&#8221; custom_padding=&#8221;|10px||10px|false|true&#8221; link_option_url=&#8221;@ET-DC@eyJkeW5hbWljIjp0cnVlLCJjb250ZW50IjoicG9zdF9saW5rX3VybF9wcm9mZXNzaW9uYWwiLCJzZXR0aW5ncyI6eyJwb3N0X2lkIjoiNzE2MyJ9fQ==@&#8221; custom_css_blurb_image=&#8221;width:70px;&#8221; custom_css_blurb_title=&#8221;padding-top:5px;&#8221; saved_tabs=&#8221;all&#8221; global_colors_info=&#8221;{}&#8221;]<\/p>\n<p>S\u00f3cio | MADRID<br \/><a href=\"mailto:iarraez@maiolegal.com\" style=\"color: #000;\">iarraez@maiolegal.com<\/a><\/p>\n<p>[\/et_pb_blurb][et_pb_blurb title=&#8221;Javier G\u00f3mez Taboada&#8221; url=&#8221;@ET-DC@eyJkeW5hbWljIjp0cnVlLCJjb250ZW50IjoicG9zdF9saW5rX3VybF9wcm9mZXNzaW9uYWwiLCJzZXR0aW5ncyI6eyJwb3N0X2lkIjoiNzUxOSJ9fQ==@&#8221; image=&#8221;https:\/\/www.maiolegal.com\/wp-content\/uploads\/2020\/06\/contacto-Javier-Go\u0301mez-Taboada.jpg&#8221; icon_placement=&#8221;left&#8221; module_class=&#8221;contactos-areas&#8221; _builder_version=&#8221;4.16&#8243; _dynamic_attributes=&#8221;url,link_option_url&#8221; header_font=&#8221;|700|||||||&#8221; header_text_color=&#8221;#000000&#8243; header_font_size=&#8221;15px&#8221; header_line_height=&#8221;1.2em&#8221; body_text_color=&#8221;#000000&#8243; body_font_size=&#8221;13px&#8221; body_line_height=&#8221;1.2em&#8221; background_enable_color=&#8221;off&#8221; background_layout=&#8221;dark&#8221; custom_margin=&#8221;20px||20px||false|false&#8221; custom_padding=&#8221;|10px||10px|false|true&#8221; link_option_url=&#8221;@ET-DC@eyJkeW5hbWljIjp0cnVlLCJjb250ZW50IjoicG9zdF9saW5rX3VybF9wcm9mZXNzaW9uYWwiLCJzZXR0aW5ncyI6eyJwb3N0X2lkIjoiNzUxOSJ9fQ==@&#8221; custom_css_blurb_image=&#8221;width:70px;&#8221; custom_css_blurb_title=&#8221;padding-top:5px;&#8221; saved_tabs=&#8221;all&#8221; global_colors_info=&#8221;{}&#8221;]<\/p>\n<p>S\u00f3cio | VIGO<br \/><a href=\"mailto:javiergomez@maiolegal.com\" style=\"color: #000;\">javiergomez@maiolegal.com<\/a><\/p>\n<p>[\/et_pb_blurb][et_pb_blurb title=&#8221;Ignacio Mart\u00ednez N\u00fa\u00f1ez&#8221; url=&#8221;@ET-DC@eyJkeW5hbWljIjp0cnVlLCJjb250ZW50IjoicG9zdF9saW5rX3VybF9wcm9mZXNzaW9uYWwiLCJzZXR0aW5ncyI6eyJwb3N0X2lkIjoiODQxOSJ9fQ==@&#8221; image=&#8221;https:\/\/www.maiolegal.com\/wp-content\/uploads\/2020\/07\/contacto-Ignacio-Martinez.jpg&#8221; icon_placement=&#8221;left&#8221; module_class=&#8221;contactos-areas&#8221; _builder_version=&#8221;4.16&#8243; _dynamic_attributes=&#8221;url,link_option_url&#8221; header_font=&#8221;|700|||||||&#8221; header_text_color=&#8221;#000000&#8243; header_font_size=&#8221;15px&#8221; header_line_height=&#8221;1.2em&#8221; body_text_color=&#8221;#000000&#8243; body_font_size=&#8221;13px&#8221; body_line_height=&#8221;1.2em&#8221; background_enable_color=&#8221;off&#8221; background_layout=&#8221;dark&#8221; custom_margin=&#8221;20px||20px||false|false&#8221; custom_padding=&#8221;|10px||10px|false|true&#8221; link_option_url=&#8221;@ET-DC@eyJkeW5hbWljIjp0cnVlLCJjb250ZW50IjoicG9zdF9saW5rX3VybF9wcm9mZXNzaW9uYWwiLCJzZXR0aW5ncyI6eyJwb3N0X2lkIjoiODQxOSJ9fQ==@&#8221; custom_css_blurb_image=&#8221;width:70px;&#8221; custom_css_blurb_title=&#8221;padding-top:5px;&#8221; saved_tabs=&#8221;all&#8221; global_colors_info=&#8221;{}&#8221;]<\/p>\n<p>S\u00f3cio | SEVILHA<br \/><a href=\"mailto:imartinez@maiolegal.com\" style=\"color: #000;\"> imartinez@maiolegal.com <\/a><\/p>\n<p>[\/et_pb_blurb][et_pb_blurb title=&#8221;Carlos Garc\u00eda Gonzalvo&#8221; url=&#8221;@ET-DC@eyJkeW5hbWljIjp0cnVlLCJjb250ZW50IjoicG9zdF9saW5rX3VybF9wcm9mZXNzaW9uYWwiLCJzZXR0aW5ncyI6eyJwb3N0X2lkIjoiMTE3MTEifX0=@&#8221; image=&#8221;https:\/\/www.maiolegal.com\/wp-content\/uploads\/2021\/04\/contacto-carlos-garcia-gonzalvo-maio-legal-zaragoza-1.jpg&#8221; icon_placement=&#8221;left&#8221; module_class=&#8221;contactos-areas&#8221; _builder_version=&#8221;4.16&#8243; _dynamic_attributes=&#8221;url,link_option_url&#8221; header_font=&#8221;|700|||||||&#8221; header_text_color=&#8221;#000000&#8243; header_font_size=&#8221;15px&#8221; header_line_height=&#8221;1.2em&#8221; body_text_color=&#8221;#000000&#8243; body_font_size=&#8221;13px&#8221; body_line_height=&#8221;1.2em&#8221; background_enable_color=&#8221;off&#8221; background_layout=&#8221;dark&#8221; custom_margin=&#8221;20px||20px||false|false&#8221; custom_padding=&#8221;|10px||10px|false|true&#8221; link_option_url=&#8221;@ET-DC@eyJkeW5hbWljIjp0cnVlLCJjb250ZW50IjoicG9zdF9saW5rX3VybF9wcm9mZXNzaW9uYWwiLCJzZXR0aW5ncyI6eyJwb3N0X2lkIjoiMTE3MTEifX0=@&#8221; custom_css_blurb_image=&#8221;width:70px;&#8221; custom_css_blurb_title=&#8221;padding-top:5px;&#8221; saved_tabs=&#8221;all&#8221; locked=&#8221;off&#8221; global_colors_info=&#8221;{}&#8221;]<\/p>\n<p>S\u00f3cio | SARAGO\u00c7A<br \/><a href=\"mailto:cgarcia@maiolegal.com\" style=\"color: #000;\">cgarcia@maiolegal.com<\/a><\/p>\n<p>[\/et_pb_blurb][et_pb_blurb title=&#8221;Lu\u00eds Mascarenhas Gaiv\u00e3o&#8221; url=&#8221;@ET-DC@eyJkeW5hbWljIjp0cnVlLCJjb250ZW50IjoicG9zdF9saW5rX3VybF9wcm9mZXNzaW9uYWwiLCJzZXR0aW5ncyI6eyJwb3N0X2lkIjoiMTUxMTYifX0=@&#8221; image=&#8221;https:\/\/www.maiolegal.com\/wp-content\/uploads\/2022\/02\/luis-mascarenhas-gaivao-maio-legal-lisboa.jpg&#8221; icon_placement=&#8221;left&#8221; module_class=&#8221;contactos-areas&#8221; _builder_version=&#8221;4.16&#8243; _dynamic_attributes=&#8221;url,link_option_url&#8221; header_font=&#8221;|700|||||||&#8221; header_text_color=&#8221;#000000&#8243; header_font_size=&#8221;15px&#8221; header_line_height=&#8221;1.2em&#8221; body_text_color=&#8221;#000000&#8243; body_font_size=&#8221;13px&#8221; body_line_height=&#8221;1.2em&#8221; background_enable_color=&#8221;off&#8221; background_layout=&#8221;dark&#8221; custom_margin=&#8221;20px||20px||false|false&#8221; custom_padding=&#8221;|10px||10px|false|true&#8221; child_filter_saturate=&#8221;0%&#8221; child_filter_brightness=&#8221;110%&#8221; link_option_url=&#8221;@ET-DC@eyJkeW5hbWljIjp0cnVlLCJjb250ZW50IjoicG9zdF9saW5rX3VybF9wcm9mZXNzaW9uYWwiLCJzZXR0aW5ncyI6eyJwb3N0X2lkIjoiMTUxMTYifX0=@&#8221; custom_css_blurb_image=&#8221;width:70px;&#8221; custom_css_blurb_title=&#8221;padding-top:5px;&#8221; saved_tabs=&#8221;all&#8221; locked=&#8221;off&#8221; global_colors_info=&#8221;{}&#8221;]<\/p>\n<p>S\u00f3cio | LISBOA<br \/><a href=\"mailto:lmg@maio-smca.pt\" style=\"color: #000;\">lmg@maio-smca.pt.com<\/a><\/p>\n<p>[\/et_pb_blurb][\/et_pb_column][et_pb_column type=&#8221;2_3&#8243; _builder_version=&#8221;4.16&#8243; global_colors_info=&#8221;{}&#8221;][et_pb_text _builder_version=&#8221;4.16&#8243; header_2_font=&#8221;|700|||||||&#8221; header_2_font_size=&#8221;24px&#8221; header_2_line_height=&#8221;1.2em&#8221; header_3_font=&#8221;|700|||||||&#8221; header_3_font_size=&#8221;1em&#8221; header_3_line_height=&#8221;1.2em&#8221; custom_margin=&#8221;||||false|false&#8221; custom_padding=&#8221;|||20px|false|false&#8221; custom_padding_tablet=&#8221;20px|||0px|false|false&#8221; custom_padding_phone=&#8221;20px|0px|3em|0px|false|false&#8221; custom_padding_last_edited=&#8221;on|phone&#8221; global_colors_info=&#8221;{}&#8221;]<\/p>\n<h3>Pr\u00e1tica<\/h3>\n<p>Com uma equipa multidisciplinar de advogados e economistas especialistas na mat\u00e9ria, prestamos assessoria aos nossos clientes em todas as \u00e1reas do direito fiscal, com o objetivo de apoiar os mesmos no desenvolvimento dos seus neg\u00f3cios e manter uma rela\u00e7\u00e3o baseada na confian\u00e7a m\u00fatua e no contacto objeto e permanente em todos os momentos.<\/p>\n<p>A nossa experi\u00eancia profissional em mat\u00e9ria fiscal inclui, com particular \u00eanfase, as seguintes \u00e1reas:<\/p>\n<p><span>\u2012 Planeamento fiscal<\/span><span>.<\/span><\/p>\n<p><span>\u2012 Aquisi\u00e7\u00f5es e vendas de empresas; opera\u00e7\u00f5es de reorganiza\u00e7\u00e3o de empresas<\/span><\/p>\n<p><span>\u2012 Tributa\u00e7\u00e3o estatal, regional e local; imposi\u00e7\u00e3o direta e indireta<\/span><\/p>\n<p><span>\u2012 Presta\u00e7\u00e3o de assessoria sobre tributa\u00e7\u00e3o internacional<\/span><span>.<\/span><\/p>\n<p><span>\u2012 Processos fiscais de todos os tipos (inspe\u00e7\u00f5es, reclama\u00e7\u00f5es e recursos perante todos os \u00f3rg\u00e3os administrativos e judiciais)<\/span><span>.<\/span><\/p>\n<p><span>\u2012 \u00a0<\/span><span> Tributa\u00e7\u00e3o das empresas familiares.<\/span><\/p>\n<p><span>\u2012 \u00a0<\/span><span> Tributa\u00e7\u00e3o do sector p\u00fablico e de entidades sem fins lucrativos.<\/span><\/p>\n<p><span><\/span><\/p>\n<h3>Experi\u00eancia<\/h3>\n<p><span>\u2012 \u00a0<\/span><span> Participa\u00e7\u00e3o no processo de infra\u00e7\u00e3o aberto contra Espanha na Uni\u00e3o Europeia pelo modelo 720.<\/span><\/p>\n<p><span>\u2012 \u00a0<\/span><span> Numerosos sucessos judiciais, incluindo v\u00e1rios no Supremo Tribunal, em mat\u00e9rias de import\u00e2ncia fiscal geral.<\/span><\/p>\n<p><span><\/span><\/p>\n<h3>Reconhecimentos<\/h3>\n<p><span>\u2012 Reconhecidos na<\/span><span>\u00a0<a href=\"https:\/\/chambers.com\/\" target=\"_blank\" rel=\"noopener noreferrer\">Chambers&amp;Partners<\/a> como uma empresa l\u00edder na \u00e1rea fiscal para a Europa.<\/span><\/p>\n<p><span>\u2012 \u00a0<\/span><span> Ignacio Arr\u00e1ez, reconhecido como advogado l\u00edder na \u00e1rea fiscal para a Europa no diret\u00f3rio <a href=\"https:\/\/chambers.com\/\" target=\"_blank\" rel=\"noopener noreferrer\">Chambers&amp;Partners<\/a>.<\/span><\/p>\n<p><span>\u2012 \u00a0<\/span><span> Ignacio Arr\u00e1ez (Madrid), Javier G\u00f3mez Taboada (Vigo) e Ignacio Mart\u00ednez N\u00fa\u00f1ez (Sevilha) s\u00e3o reconhecidos como advogados de destaque pelo diret\u00f3rio <a href=\"https:\/\/www.bestlawyers.com\/\" target=\"_blank\" rel=\"noopener noreferrer\">Best Lawyers<\/a>.<\/span><\/p>\n<p>[\/et_pb_text][\/et_pb_column][\/et_pb_row][\/et_pb_section]<\/p>\n","protected":false},"excerpt":{"rendered":"<p>Combinamos conhecimentos t\u00e9cnicos com exerc\u00edcio pr\u00e1tico e um sentido de antecipa\u00e7\u00e3o. Oferecemos servi\u00e7os completos de consultoria em mat\u00e9ria fiscal nacional e internacional, a empresas espanholass, a empresas portuguesas e estrangeiras, grupos multinacionais, empresas familiares e indiv\u00edduos.V\u00e1rios dos nossos membros s\u00e3o peritos fiscais de renome nacional, membros ativos da AEDAF (Associa\u00e7\u00e3o Espanhola de Consultores Fiscais) e [&hellip;]<\/p>\n","protected":false},"author":1,"featured_media":0,"parent":14146,"menu_order":0,"comment_status":"closed","ping_status":"closed","template":"","meta":{"_et_pb_use_builder":"on","_et_pb_old_content":"<!-- wp:paragraph -->\r\n<p>Esta es una p\u00e1gina de ejemplo. Es diferente a una entrada del blog porque permanecer\u00e1 en un solo lugar y aparecer\u00e1 en la navegaci\u00f3n de tu sitio (en la mayor\u00eda de los temas). La mayor\u00eda de las personas comienzan con una p\u00e1gina \u00abAcerca de\u00bb que les presenta a los visitantes potenciales del sitio. Podr\u00edas decir algo as\u00ed:<\/p>\r\n<!-- \/wp:paragraph -->\r\n\r\n<!-- wp:quote -->\r\n<blockquote class=\"wp-block-quote\"><p>\u00a1Bienvenido! Soy camarero de d\u00eda, aspirante a actor de noche y esta es mi web. Vivo en Mairena del Alcor, tengo un perro que se llama Firulais y me gusta el rebujito. (Y las tardes largas con caf\u00e9).<\/p><\/blockquote>\r\n<!-- \/wp:quote -->\r\n\r\n<!-- wp:paragraph -->\r\n<p>\u2026o algo as\u00ed:<\/p>\r\n<!-- \/wp:paragraph -->\r\n\r\n<!-- wp:quote -->\r\n<blockquote class=\"wp-block-quote\"><p>La empresa \u00abMariscos Recio\u00bb fue fundada por Antonio Recio Mata. Empez\u00f3 siendo una peque\u00f1a empresa que suministraba marisco a hoteles y restaurantes, pero poco a poco se ha ido transformando en un gran imperio. Mariscos Recio, el mar al mejor precio.<\/p><\/blockquote>\r\n<!-- \/wp:quote -->\r\n\r\n<!-- wp:paragraph -->\r\n<p>Como nuevo usuario de WordPress, deber\u00edas ir a <a href=\"http:\/\/www.maiolegal.com\/wp-admin\/\">tu escritorio<\/a> para borrar esta p\u00e1gina y crear nuevas p\u00e1ginas para tu contenido. \u00a1P\u00e1salo bien!<\/p>\r\n<!-- \/wp:paragraph -->","_et_gb_content_width":"","footnotes":""},"class_list":["post-14159","page","type-page","status-publish","hentry"],"yoast_head":"<!-- This site is optimized with the Yoast SEO plugin v27.3 - https:\/\/yoast.com\/product\/yoast-seo-wordpress\/ -->\n<title>Fiscal - MAIO Legal<\/title>\n<meta name=\"description\" content=\"Combinamos los conocimientos t\u00e9cnicos con el ejercicio pr\u00e1ctico y el sentido de la anticipaci\u00f3n. Ofrecemos servicios de asesoramiento integral en materia tributaria nacional e internacional, a empresas espa\u00f1olas y extranjeras, a grupos multinacionales y a personas f\u00edsicas.Varios de nuestros miembros son reputados fiscalistas a nivel nacional, miembros activos de AEDAF (Asociaci\u00f3n Espa\u00f1ola de Asesores Fiscales) y se caracterizan, tambi\u00e9n, por publicar numerosos art\u00edculos sobre aspectos t\u00e9cnicos y por su actividad docente.\" \/>\n<meta name=\"robots\" content=\"index, follow, max-snippet:-1, max-image-preview:large, max-video-preview:-1\" \/>\n<link rel=\"canonical\" href=\"https:\/\/www.maiolegal.com\/pt-pt\/areas\/fiscal\/\" \/>\n<meta property=\"og:locale\" content=\"pt_PT\" \/>\n<meta property=\"og:type\" content=\"article\" \/>\n<meta property=\"og:title\" content=\"Fiscal - MAIO Legal\" \/>\n<meta property=\"og:description\" content=\"Combinamos los conocimientos t\u00e9cnicos con el ejercicio pr\u00e1ctico y el sentido de la anticipaci\u00f3n. Ofrecemos servicios de asesoramiento integral en materia tributaria nacional e internacional, a empresas espa\u00f1olas y extranjeras, a grupos multinacionales y a personas f\u00edsicas.Varios de nuestros miembros son reputados fiscalistas a nivel nacional, miembros activos de AEDAF (Asociaci\u00f3n Espa\u00f1ola de Asesores Fiscales) y se caracterizan, tambi\u00e9n, por publicar numerosos art\u00edculos sobre aspectos t\u00e9cnicos y por su actividad docente.\" \/>\n<meta property=\"og:url\" content=\"https:\/\/www.maiolegal.com\/pt-pt\/areas\/fiscal\/\" \/>\n<meta property=\"og:site_name\" content=\"MAIO Legal\" \/>\n<meta property=\"article:modified_time\" content=\"2025-01-08T08:51:38+00:00\" \/>\n<meta name=\"twitter:card\" content=\"summary_large_image\" \/>\n<meta name=\"twitter:label1\" content=\"Tempo estimado de leitura\" \/>\n\t<meta name=\"twitter:data1\" content=\"8 minutos\" \/>\n<script type=\"application\/ld+json\" class=\"yoast-schema-graph\">{\"@context\":\"https:\\\/\\\/schema.org\",\"@graph\":[{\"@type\":\"WebPage\",\"@id\":\"https:\\\/\\\/www.maiolegal.com\\\/pt-pt\\\/areas\\\/fiscal\\\/\",\"url\":\"https:\\\/\\\/www.maiolegal.com\\\/pt-pt\\\/areas\\\/fiscal\\\/\",\"name\":\"Fiscal - MAIO Legal\",\"isPartOf\":{\"@id\":\"https:\\\/\\\/www.maiolegal.com\\\/pt-pt\\\/#website\"},\"datePublished\":\"2019-09-17T14:52:03+00:00\",\"dateModified\":\"2025-01-08T08:51:38+00:00\",\"description\":\"Combinamos los conocimientos t\u00e9cnicos con el ejercicio pr\u00e1ctico y el sentido de la anticipaci\u00f3n. Ofrecemos servicios de asesoramiento integral en materia tributaria nacional e internacional, a empresas espa\u00f1olas y extranjeras, a grupos multinacionales y a personas f\u00edsicas.Varios de nuestros miembros son reputados fiscalistas a nivel nacional, miembros activos de AEDAF (Asociaci\u00f3n Espa\u00f1ola de Asesores Fiscales) y se caracterizan, tambi\u00e9n, por publicar numerosos art\u00edculos sobre aspectos t\u00e9cnicos y por su actividad docente.\",\"breadcrumb\":{\"@id\":\"https:\\\/\\\/www.maiolegal.com\\\/pt-pt\\\/areas\\\/fiscal\\\/#breadcrumb\"},\"inLanguage\":\"pt-PT\",\"potentialAction\":[{\"@type\":\"ReadAction\",\"target\":[\"https:\\\/\\\/www.maiolegal.com\\\/pt-pt\\\/areas\\\/fiscal\\\/\"]}]},{\"@type\":\"BreadcrumbList\",\"@id\":\"https:\\\/\\\/www.maiolegal.com\\\/pt-pt\\\/areas\\\/fiscal\\\/#breadcrumb\",\"itemListElement\":[{\"@type\":\"ListItem\",\"position\":1,\"name\":\"Home\",\"item\":\"https:\\\/\\\/www.maiolegal.com\\\/pt-pt\\\/\"},{\"@type\":\"ListItem\",\"position\":2,\"name\":\"\u00c1reas\",\"item\":\"https:\\\/\\\/www.maiolegal.com\\\/pt-pt\\\/areas\\\/\"},{\"@type\":\"ListItem\",\"position\":3,\"name\":\"Fiscal\"}]},{\"@type\":\"WebSite\",\"@id\":\"https:\\\/\\\/www.maiolegal.com\\\/pt-pt\\\/#website\",\"url\":\"https:\\\/\\\/www.maiolegal.com\\\/pt-pt\\\/\",\"name\":\"MAIO Legal\",\"description\":\"Asesoramiento legal y tributario\",\"potentialAction\":[{\"@type\":\"SearchAction\",\"target\":{\"@type\":\"EntryPoint\",\"urlTemplate\":\"https:\\\/\\\/www.maiolegal.com\\\/pt-pt\\\/?s={search_term_string}\"},\"query-input\":{\"@type\":\"PropertyValueSpecification\",\"valueRequired\":true,\"valueName\":\"search_term_string\"}}],\"inLanguage\":\"pt-PT\"}]}<\/script>\n<!-- \/ Yoast SEO plugin. -->","yoast_head_json":{"title":"Fiscal - MAIO Legal","description":"Combinamos los conocimientos t\u00e9cnicos con el ejercicio pr\u00e1ctico y el sentido de la anticipaci\u00f3n. Ofrecemos servicios de asesoramiento integral en materia tributaria nacional e internacional, a empresas espa\u00f1olas y extranjeras, a grupos multinacionales y a personas f\u00edsicas.Varios de nuestros miembros son reputados fiscalistas a nivel nacional, miembros activos de AEDAF (Asociaci\u00f3n Espa\u00f1ola de Asesores Fiscales) y se caracterizan, tambi\u00e9n, por publicar numerosos art\u00edculos sobre aspectos t\u00e9cnicos y por su actividad docente.","robots":{"index":"index","follow":"follow","max-snippet":"max-snippet:-1","max-image-preview":"max-image-preview:large","max-video-preview":"max-video-preview:-1"},"canonical":"https:\/\/www.maiolegal.com\/pt-pt\/areas\/fiscal\/","og_locale":"pt_PT","og_type":"article","og_title":"Fiscal - MAIO Legal","og_description":"Combinamos los conocimientos t\u00e9cnicos con el ejercicio pr\u00e1ctico y el sentido de la anticipaci\u00f3n. Ofrecemos servicios de asesoramiento integral en materia tributaria nacional e internacional, a empresas espa\u00f1olas y extranjeras, a grupos multinacionales y a personas f\u00edsicas.Varios de nuestros miembros son reputados fiscalistas a nivel nacional, miembros activos de AEDAF (Asociaci\u00f3n Espa\u00f1ola de Asesores Fiscales) y se caracterizan, tambi\u00e9n, por publicar numerosos art\u00edculos sobre aspectos t\u00e9cnicos y por su actividad docente.","og_url":"https:\/\/www.maiolegal.com\/pt-pt\/areas\/fiscal\/","og_site_name":"MAIO Legal","article_modified_time":"2025-01-08T08:51:38+00:00","twitter_card":"summary_large_image","twitter_misc":{"Tempo estimado de leitura":"8 minutos"},"schema":{"@context":"https:\/\/schema.org","@graph":[{"@type":"WebPage","@id":"https:\/\/www.maiolegal.com\/pt-pt\/areas\/fiscal\/","url":"https:\/\/www.maiolegal.com\/pt-pt\/areas\/fiscal\/","name":"Fiscal - MAIO Legal","isPartOf":{"@id":"https:\/\/www.maiolegal.com\/pt-pt\/#website"},"datePublished":"2019-09-17T14:52:03+00:00","dateModified":"2025-01-08T08:51:38+00:00","description":"Combinamos los conocimientos t\u00e9cnicos con el ejercicio pr\u00e1ctico y el sentido de la anticipaci\u00f3n. Ofrecemos servicios de asesoramiento integral en materia tributaria nacional e internacional, a empresas espa\u00f1olas y extranjeras, a grupos multinacionales y a personas f\u00edsicas.Varios de nuestros miembros son reputados fiscalistas a nivel nacional, miembros activos de AEDAF (Asociaci\u00f3n Espa\u00f1ola de Asesores Fiscales) y se caracterizan, tambi\u00e9n, por publicar numerosos art\u00edculos sobre aspectos t\u00e9cnicos y por su actividad docente.","breadcrumb":{"@id":"https:\/\/www.maiolegal.com\/pt-pt\/areas\/fiscal\/#breadcrumb"},"inLanguage":"pt-PT","potentialAction":[{"@type":"ReadAction","target":["https:\/\/www.maiolegal.com\/pt-pt\/areas\/fiscal\/"]}]},{"@type":"BreadcrumbList","@id":"https:\/\/www.maiolegal.com\/pt-pt\/areas\/fiscal\/#breadcrumb","itemListElement":[{"@type":"ListItem","position":1,"name":"Home","item":"https:\/\/www.maiolegal.com\/pt-pt\/"},{"@type":"ListItem","position":2,"name":"\u00c1reas","item":"https:\/\/www.maiolegal.com\/pt-pt\/areas\/"},{"@type":"ListItem","position":3,"name":"Fiscal"}]},{"@type":"WebSite","@id":"https:\/\/www.maiolegal.com\/pt-pt\/#website","url":"https:\/\/www.maiolegal.com\/pt-pt\/","name":"MAIO Legal","description":"Asesoramiento legal y tributario","potentialAction":[{"@type":"SearchAction","target":{"@type":"EntryPoint","urlTemplate":"https:\/\/www.maiolegal.com\/pt-pt\/?s={search_term_string}"},"query-input":{"@type":"PropertyValueSpecification","valueRequired":true,"valueName":"search_term_string"}}],"inLanguage":"pt-PT"}]}},"_links":{"self":[{"href":"https:\/\/www.maiolegal.com\/pt-pt\/wp-json\/wp\/v2\/pages\/14159","targetHints":{"allow":["GET"]}}],"collection":[{"href":"https:\/\/www.maiolegal.com\/pt-pt\/wp-json\/wp\/v2\/pages"}],"about":[{"href":"https:\/\/www.maiolegal.com\/pt-pt\/wp-json\/wp\/v2\/types\/page"}],"author":[{"embeddable":true,"href":"https:\/\/www.maiolegal.com\/pt-pt\/wp-json\/wp\/v2\/users\/1"}],"replies":[{"embeddable":true,"href":"https:\/\/www.maiolegal.com\/pt-pt\/wp-json\/wp\/v2\/comments?post=14159"}],"version-history":[{"count":4,"href":"https:\/\/www.maiolegal.com\/pt-pt\/wp-json\/wp\/v2\/pages\/14159\/revisions"}],"predecessor-version":[{"id":19204,"href":"https:\/\/www.maiolegal.com\/pt-pt\/wp-json\/wp\/v2\/pages\/14159\/revisions\/19204"}],"up":[{"embeddable":true,"href":"https:\/\/www.maiolegal.com\/pt-pt\/wp-json\/wp\/v2\/pages\/14146"}],"wp:attachment":[{"href":"https:\/\/www.maiolegal.com\/pt-pt\/wp-json\/wp\/v2\/media?parent=14159"}],"curies":[{"name":"wp","href":"https:\/\/api.w.org\/{rel}","templated":true}]}}