{"id":14161,"date":"2020-05-04T17:11:48","date_gmt":"2020-05-04T15:11:48","guid":{"rendered":"https:\/\/www.maiolegal.com\/areas\/infraestructuras\/"},"modified":"2022-05-18T10:02:55","modified_gmt":"2022-05-18T08:02:55","slug":"infraestruturas","status":"publish","type":"page","link":"https:\/\/www.maiolegal.com\/pt-pt\/areas\/infraestruturas\/","title":{"rendered":"Infraestruturas"},"content":{"rendered":"<p>[et_pb_section fb_built=&#8221;1&#8243; _builder_version=&#8221;4.4.5&#8243; custom_margin=&#8221;||||false|false&#8221; custom_padding=&#8221;1em||2em||false|false&#8221;][et_pb_row admin_label=&#8221;Breadcrumbs + Titulo&#8221; _builder_version=&#8221;4.4.3&#8243; custom_margin=&#8221;||0px||false|false&#8221; custom_padding=&#8221;0px||0px||false|false&#8221; saved_tabs=&#8221;all&#8221;][et_pb_column type=&#8221;4_4&#8243; _builder_version=&#8221;3.27.4&#8243;][et_pb_dcsbcm_divi_breadcrumbs_module homebreadcrumbtext=&#8221;Inicio&#8221; separator=&#8221;sep-pipe&#8221; _builder_version=&#8221;4.4.3&#8243; body_font_size=&#8221;0.9em&#8221; body_line_height=&#8221;1em&#8221; custom_margin=&#8221;0px||-15px||false|false&#8221; custom_padding=&#8221;0px||0px||false|false&#8221;][\/et_pb_dcsbcm_divi_breadcrumbs_module][et_pb_post_title meta=&#8221;off&#8221; featured_image=&#8221;off&#8221; _builder_version=&#8221;4.4.3&#8243; title_font=&#8221;|||on|||||&#8221; title_text_color=&#8221;#afa08e&#8221; title_font_size=&#8221;18px&#8221; custom_margin=&#8221;8px||5px||false|false&#8221; custom_padding=&#8221;0px||0px|22px|false|false&#8221; locked=&#8221;off&#8221;][\/et_pb_post_title][\/et_pb_column][\/et_pb_row][et_pb_row _builder_version=&#8221;4.4.1&#8243; custom_padding=&#8221;4px||3px|||&#8221;][et_pb_column type=&#8221;4_4&#8243; _builder_version=&#8221;3.27.4&#8243;][et_pb_text _builder_version=&#8221;4.9.4&#8243; header_2_font=&#8221;|700|||||||&#8221; header_2_font_size=&#8221;1.1em&#8221; header_2_line_height=&#8221;1.2em&#8221; background_size=&#8221;initial&#8221; background_position=&#8221;top_left&#8221; background_repeat=&#8221;repeat&#8221; custom_margin=&#8221;||0px||false|false&#8221;]<\/p>\n<h2>Contamos com profissionais especializados em assessoria jur\u00eddica, administrativa, empresarial, fiscal e financeira, capazes de fornecer solu\u00e7\u00f5es adaptadas \u00e0s preocupa\u00e7\u00f5es levantadas pelos nossos clientes<\/h2>\n<p>[\/et_pb_text][et_pb_text _builder_version=&#8221;4.9.4&#8243; header_3_font_size=&#8221;1em&#8221; header_3_line_height=&#8221;1.4em&#8221; custom_padding=&#8221;||3px|||&#8221;]<\/p>\n<h3>Contamos tamb\u00e9m com experi\u00eancia em transa\u00e7\u00f5es nacionais e internacionais numa multitude de \u00e1reas tais como estradas, ferrovias, aeroportos, hospitais, \u00e1gua, ambiente, instala\u00e7\u00f5es p\u00fablicas, etc., tendo trabalhado para a Administra\u00e7\u00e3o, promotores, institui\u00e7\u00f5es financeiras e empreiteiros.<\/h3>\n<p>[\/et_pb_text][\/et_pb_column][\/et_pb_row][et_pb_row column_structure=&#8221;1_3,2_3&#8243; use_custom_gutter=&#8221;on&#8221; gutter_width=&#8221;1&#8243; _builder_version=&#8221;4.4.3&#8243; custom_padding=&#8221;3px||||false|false&#8221;][et_pb_column type=&#8221;1_3&#8243; _builder_version=&#8221;4.4.3&#8243; background_color=&#8221;#d7cbbb&#8221;][et_pb_text _builder_version=&#8221;4.9.4&#8243; text_font=&#8221;|700|on||||||&#8221; text_text_color=&#8221;#afa08e&#8221; text_font_size=&#8221;1.1em&#8221; text_line_height=&#8221;1.2em&#8221; header_3_font=&#8221;||||||||&#8221; header_6_font=&#8221;||||||||&#8221; header_6_text_color=&#8221;#afa08e&#8221; header_6_font_size=&#8221;1.1em&#8221; header_6_line_height=&#8221;1.2em&#8221; background_color=&#8221;#ffffff&#8221; custom_margin=&#8221;||0px||false|false&#8221; custom_padding=&#8221;20px|15px|37px|15px|false|true&#8221; custom_padding_tablet=&#8221;|0px||0px|false|false&#8221; custom_padding_phone=&#8221;|0px||0px|false|false&#8221; custom_padding_last_edited=&#8221;on|phone&#8221; animation_direction=&#8221;top&#8221;]<\/p>\n<p>A nossa abordagem anal\u00edtica e compreens\u00e3o do neg\u00f3cio permite-nos fornecer solu\u00e7\u00f5es adaptadas \u00e0s necessidades do cliente<\/p>\n<p>[\/et_pb_text][et_pb_text _builder_version=&#8221;4.4.3&#8243; header_2_font_size=&#8221;19px&#8221; header_2_line_height=&#8221;1.2em&#8221; header_3_text_align=&#8221;center&#8221; header_3_font_size=&#8221;17px&#8221; background_color=&#8221;#d7cbbb&#8221; custom_margin=&#8221;0px||0px||false|false&#8221; custom_padding=&#8221;10px||0px||false|false&#8221;]<\/p>\n<h3><strong>Contacto<\/strong><\/h3>\n<p>[\/et_pb_text][et_pb_blurb title=&#8221;Oriol Pr\u00f3sper &#8221; url=&#8221;@ET-DC@eyJkeW5hbWljIjp0cnVlLCJjb250ZW50IjoicG9zdF9saW5rX3VybF9wcm9mZXNzaW9uYWwiLCJzZXR0aW5ncyI6eyJwb3N0X2lkIjoiNjEwMyJ9fQ==@&#8221; image=&#8221;https:\/\/www.maiolegal.com\/wp-content\/uploads\/2020\/10\/Oriol-Prosper-CV.jpg&#8221; icon_placement=&#8221;left&#8221; module_class=&#8221;contactos-areas&#8221; _builder_version=&#8221;4.9.4&#8243; _dynamic_attributes=&#8221;url,link_option_url&#8221; header_font=&#8221;|700|||||||&#8221; header_text_color=&#8221;#000000&#8243; header_font_size=&#8221;15px&#8221; header_line_height=&#8221;1.2em&#8221; body_text_color=&#8221;#000000&#8243; body_font_size=&#8221;13px&#8221; body_line_height=&#8221;1.2em&#8221; background_enable_color=&#8221;off&#8221; background_layout=&#8221;dark&#8221; custom_margin=&#8221;20px||20px||false|false&#8221; custom_padding=&#8221;|10px||10px|false|true&#8221; link_option_url=&#8221;@ET-DC@eyJkeW5hbWljIjp0cnVlLCJjb250ZW50IjoicG9zdF9saW5rX3VybF9wcm9mZXNzaW9uYWwiLCJzZXR0aW5ncyI6eyJwb3N0X2lkIjoiNjEwMyJ9fQ==@&#8221; hover_enabled=&#8221;0&#8243; custom_css_blurb_image=&#8221;width:70px;&#8221; custom_css_blurb_title=&#8221;padding-top:5px;&#8221; saved_tabs=&#8221;all&#8221; locked=&#8221;off&#8221; child_filter_saturate=&#8221;0%&#8221; sticky_enabled=&#8221;0&#8243;]<\/p>\n<p>S\u00f3cio | MADRID<br \/><a href=\"mailto:oprosper@maiolegal.com\" style=\"color: #000;\">oprosper@maiolegal.com<\/a><\/p>\n<p>[\/et_pb_blurb][et_pb_blurb title=&#8221;Aurelio Rodr\u00edguez &#8221; url=&#8221;@ET-DC@eyJkeW5hbWljIjp0cnVlLCJjb250ZW50IjoicG9zdF9saW5rX3VybF9wcm9mZXNzaW9uYWwiLCJzZXR0aW5ncyI6eyJwb3N0X2lkIjoiOTE4MyJ9fQ==@&#8221; image=&#8221;https:\/\/www.maiolegal.com\/wp-content\/uploads\/2020\/09\/aurelio-rodriguez.jpg&#8221; icon_placement=&#8221;left&#8221; module_class=&#8221;contactos-areas&#8221; _builder_version=&#8221;4.9.4&#8243; _dynamic_attributes=&#8221;url&#8221; header_font=&#8221;|700|||||||&#8221; header_text_color=&#8221;#000000&#8243; header_font_size=&#8221;15px&#8221; header_line_height=&#8221;1.2em&#8221; body_text_color=&#8221;#000000&#8243; body_font_size=&#8221;13px&#8221; body_line_height=&#8221;1.2em&#8221; background_enable_color=&#8221;off&#8221; background_layout=&#8221;dark&#8221; custom_margin=&#8221;20px||20px||false|false&#8221; custom_padding=&#8221;|10px||10px|false|true&#8221; custom_css_blurb_image=&#8221;width:70px;&#8221; custom_css_blurb_title=&#8221;padding-top:5px;&#8221; child_filter_saturate=&#8221;0%&#8221;]<\/p>\n<p>S\u00f3cio | CIDADE DO M\u00c9XICO<br \/><a href=\"mailto:arg@maiosterling.com\" style=\"color: #000;\"> arg@maiosterling.com <\/a><\/p>\n<p>[\/et_pb_blurb][\/et_pb_column][et_pb_column type=&#8221;2_3&#8243; _builder_version=&#8221;3.27.4&#8243;][et_pb_text _builder_version=&#8221;4.9.4&#8243; header_2_font=&#8221;|700|||||||&#8221; header_2_font_size=&#8221;24px&#8221; header_2_line_height=&#8221;1.2em&#8221; header_3_font=&#8221;|700|||||||&#8221; header_3_font_size=&#8221;1em&#8221; header_3_line_height=&#8221;1.2em&#8221; custom_margin=&#8221;||||false|false&#8221; custom_padding=&#8221;|||20px|false|false&#8221; custom_padding_tablet=&#8221;20px|||0px|false|false&#8221; custom_padding_phone=&#8221;20px|0px|3em|0px|false|false&#8221; custom_padding_last_edited=&#8221;on|phone&#8221;]<\/p>\n<h3><span>Pra\u0301ctica <\/span><\/h3>\n<p><span>Os nossos servi\u00e7os de consultoria em infraestruturas incluem os seguintes aspetos: <\/span><\/p>\n<p><span>\u2012 \u00a0<\/span><span> O quadro regulamentar e as decis\u00f5es que podem ser tomadas pelas Administra\u00e7\u00f5es<\/span><\/p>\n<p><span>\u2012 Contrata\u00e7\u00e3o p\u00fablica, incluindo defini\u00e7\u00e3o de modelo de gest\u00e3o, contabilidade nacional -SEC 2010-, contratos de servi\u00e7os, concess\u00f5es, parcerias p\u00fablico-privadas, PPP, procedimentos de contrata\u00e7\u00e3o, execu\u00e7\u00e3o de contratos e modifica\u00e7\u00f5es<\/span><\/p>\n<p><span>\u2012 \u00a0<\/span><span> Aquisi\u00e7\u00f5es de empresas no sector das infraestruturas, incluindo o processo de revis\u00e3o legal, contrato de investimento, contrato de compra e venda, acordo de parceria, formaliza\u00e7\u00e3o do investimento ou transfer\u00eancia<\/span><\/p>\n<p><span>\u2012 \u00a0<\/span><span> Promo\u00e7\u00e3o de projetos de infraestruturas para estradas, ferrovias, aeroportos, teatros, hospitais, servi\u00e7os de limpeza, abastecimento de \u00e1gua e servi\u00e7os de saneamento<\/span><\/p>\n<p><span>\u2012\u00a0 Contratos de engenharia e constru\u00e7\u00e3o, incluindo projetos, conce\u00e7\u00e3o e constru\u00e7\u00e3o, EPC e contratos &#8220;chave na m\u00e3o&#8221;, incluindo modelos FIDIC-<\/span><\/p>\n<p><span>\u2012 \u00a0<\/span><span> Procedimentos judiciais, incluindo reclama\u00e7\u00f5es por defeitos de constru\u00e7\u00e3o, reclama\u00e7\u00f5es por excesso de custos, reclama\u00e7\u00f5es por reequil\u00edbrio econ\u00f3mico, liquida\u00e7\u00e3o de contratos de concess\u00e3o, compensa\u00e7\u00e3o por cessa\u00e7\u00e3o do contrato, etc.<\/span><\/p>\n<p><span><\/span><\/p>\n<h3>Experi\u00eancia<\/h3>\n<p>Seguem-se algumas transa\u00e7\u00f5es recentes na \u00e1rea dos servi\u00e7os de consultoria:<\/p>\n<p><span>\u2012 \u00a0<\/span> A um fundo de investimento para a aquisi\u00e7\u00e3o de uma participa\u00e7\u00e3o numa concess\u00e3o rodovi\u00e1ria na Col\u00f4mbia<\/p>\n<p><span>\u2012 \u00a0<\/span><span> Ao promotor em liga\u00e7\u00e3o com a aquisi\u00e7\u00e3o de uma empresa de concess\u00e3o rodovi\u00e1ria no M\u00e9xico<\/span><\/p>\n<p><span>\u2012 \u00a0<\/span><span> Ao promotor na aquisi\u00e7\u00e3o da empresa concession\u00e1ria de um metro de cidade em Espanha<\/span><\/p>\n<p><span>\u2012 \u00a0<\/span><span> \u00c0 Administra\u00e7\u00e3o em rela\u00e7\u00e3o \u00e0 liquida\u00e7\u00e3o de v\u00e1rios contratos de abastecimento de \u00e1gua e saneamento<\/span><\/p>\n<p><span>\u2012 \u00a0<\/span><span> \u00c0 Administra\u00e7\u00e3o no concurso para a adjudica\u00e7\u00e3o do contrato de explora\u00e7\u00e3o e explora\u00e7\u00e3o de uma autoestrada no norte de Espanha.<\/span><\/p>\n<p><span><\/span><\/p>\n<h3>Reconhecimentos<\/h3>\n<p><span>\u2012 Oriol Pr\u00f3sper foi reconhecido como um advogado de destaque pelo diret\u00f3rio<\/span><span>\u00a0<a href=\"https:\/\/www.bestlawyers.com\/\"><em>Best Lawyers<\/em><\/a><\/span><\/p>\n<p>[\/et_pb_text][\/et_pb_column][\/et_pb_row][\/et_pb_section]<\/p>\n","protected":false},"excerpt":{"rendered":"<p>Contamos com profissionais especializados em assessoria jur\u00eddica, administrativa, empresarial, fiscal e financeira, capazes de fornecer solu\u00e7\u00f5es adaptadas \u00e0s preocupa\u00e7\u00f5es levantadas pelos nossos clientesContamos tamb\u00e9m com experi\u00eancia em transa\u00e7\u00f5es nacionais e internacionais numa multitude de \u00e1reas tais como estradas, ferrovias, aeroportos, hospitais, \u00e1gua, ambiente, instala\u00e7\u00f5es p\u00fablicas, etc., tendo trabalhado para a Administra\u00e7\u00e3o, promotores, institui\u00e7\u00f5es financeiras e [&hellip;]<\/p>\n","protected":false},"author":1,"featured_media":0,"parent":14146,"menu_order":0,"comment_status":"closed","ping_status":"closed","template":"","meta":{"_et_pb_use_builder":"on","_et_pb_old_content":"<!-- wp:paragraph -->\r\n<p>Esta es una p\u00e1gina de ejemplo. Es diferente a una entrada del blog porque permanecer\u00e1 en un solo lugar y aparecer\u00e1 en la navegaci\u00f3n de tu sitio (en la mayor\u00eda de los temas). La mayor\u00eda de las personas comienzan con una p\u00e1gina \u00abAcerca de\u00bb que les presenta a los visitantes potenciales del sitio. Podr\u00edas decir algo as\u00ed:<\/p>\r\n<!-- \/wp:paragraph -->\r\n\r\n<!-- wp:quote -->\r\n<blockquote class=\"wp-block-quote\"><p>\u00a1Bienvenido! Soy camarero de d\u00eda, aspirante a actor de noche y esta es mi web. Vivo en Mairena del Alcor, tengo un perro que se llama Firulais y me gusta el rebujito. (Y las tardes largas con caf\u00e9).<\/p><\/blockquote>\r\n<!-- \/wp:quote -->\r\n\r\n<!-- wp:paragraph -->\r\n<p>\u2026o algo as\u00ed:<\/p>\r\n<!-- \/wp:paragraph -->\r\n\r\n<!-- wp:quote -->\r\n<blockquote class=\"wp-block-quote\"><p>La empresa \u00abMariscos Recio\u00bb fue fundada por Antonio Recio Mata. Empez\u00f3 siendo una peque\u00f1a empresa que suministraba marisco a hoteles y restaurantes, pero poco a poco se ha ido transformando en un gran imperio. Mariscos Recio, el mar al mejor precio.<\/p><\/blockquote>\r\n<!-- \/wp:quote -->\r\n\r\n<!-- wp:paragraph -->\r\n<p>Como nuevo usuario de WordPress, deber\u00edas ir a <a href=\"http:\/\/www.maiolegal.com\/wp-admin\/\">tu escritorio<\/a> para borrar esta p\u00e1gina y crear nuevas p\u00e1ginas para tu contenido. \u00a1P\u00e1salo bien!<\/p>\r\n<!-- \/wp:paragraph -->","_et_gb_content_width":"","footnotes":""},"class_list":["post-14161","page","type-page","status-publish","hentry"],"yoast_head":"<!-- This site is optimized with the Yoast SEO plugin v27.3 - https:\/\/yoast.com\/product\/yoast-seo-wordpress\/ -->\n<title>Infraestruturas - MAIO Legal<\/title>\n<meta name=\"description\" content=\"En MAIO Legal contamos con profesionales especializados en asesoramiento legal administrativo, societario, fiscal y de financiaci\u00f3n capaces de aportar soluciones adaptadas a las inquietudes planteadas por nuestros clientes en multitud de \u00e1mbitos como carreteras, ferrocarril, aeropuertos, hospitales, agua, medioambiente, equipamientos p\u00fablicos.\" \/>\n<meta name=\"robots\" content=\"index, follow, max-snippet:-1, max-image-preview:large, max-video-preview:-1\" \/>\n<link rel=\"canonical\" href=\"https:\/\/www.maiolegal.com\/pt-pt\/areas\/infraestruturas\/\" \/>\n<meta property=\"og:locale\" content=\"pt_PT\" \/>\n<meta property=\"og:type\" content=\"article\" \/>\n<meta property=\"og:title\" content=\"Infraestruturas - MAIO Legal\" \/>\n<meta property=\"og:description\" content=\"En MAIO Legal contamos con profesionales especializados en asesoramiento legal administrativo, societario, fiscal y de financiaci\u00f3n capaces de aportar soluciones adaptadas a las inquietudes planteadas por nuestros clientes en multitud de \u00e1mbitos como carreteras, ferrocarril, aeropuertos, hospitales, agua, medioambiente, equipamientos p\u00fablicos.\" \/>\n<meta property=\"og:url\" content=\"https:\/\/www.maiolegal.com\/pt-pt\/areas\/infraestruturas\/\" \/>\n<meta property=\"og:site_name\" content=\"MAIO Legal\" \/>\n<meta property=\"article:modified_time\" content=\"2022-05-18T08:02:55+00:00\" \/>\n<meta name=\"twitter:card\" content=\"summary_large_image\" \/>\n<meta name=\"twitter:label1\" content=\"Tempo estimado de leitura\" \/>\n\t<meta name=\"twitter:data1\" content=\"5 minutos\" \/>\n<script type=\"application\/ld+json\" class=\"yoast-schema-graph\">{\"@context\":\"https:\\\/\\\/schema.org\",\"@graph\":[{\"@type\":\"WebPage\",\"@id\":\"https:\\\/\\\/www.maiolegal.com\\\/pt-pt\\\/areas\\\/infraestruturas\\\/\",\"url\":\"https:\\\/\\\/www.maiolegal.com\\\/pt-pt\\\/areas\\\/infraestruturas\\\/\",\"name\":\"Infraestruturas - MAIO Legal\",\"isPartOf\":{\"@id\":\"https:\\\/\\\/www.maiolegal.com\\\/pt-pt\\\/#website\"},\"datePublished\":\"2020-05-04T15:11:48+00:00\",\"dateModified\":\"2022-05-18T08:02:55+00:00\",\"description\":\"En MAIO Legal contamos con profesionales especializados en asesoramiento legal administrativo, societario, fiscal y de financiaci\u00f3n capaces de aportar soluciones adaptadas a las inquietudes planteadas por nuestros clientes en multitud de \u00e1mbitos como carreteras, ferrocarril, aeropuertos, hospitales, agua, medioambiente, equipamientos p\u00fablicos.\",\"breadcrumb\":{\"@id\":\"https:\\\/\\\/www.maiolegal.com\\\/pt-pt\\\/areas\\\/infraestruturas\\\/#breadcrumb\"},\"inLanguage\":\"pt-PT\",\"potentialAction\":[{\"@type\":\"ReadAction\",\"target\":[\"https:\\\/\\\/www.maiolegal.com\\\/pt-pt\\\/areas\\\/infraestruturas\\\/\"]}]},{\"@type\":\"BreadcrumbList\",\"@id\":\"https:\\\/\\\/www.maiolegal.com\\\/pt-pt\\\/areas\\\/infraestruturas\\\/#breadcrumb\",\"itemListElement\":[{\"@type\":\"ListItem\",\"position\":1,\"name\":\"Home\",\"item\":\"https:\\\/\\\/www.maiolegal.com\\\/pt-pt\\\/\"},{\"@type\":\"ListItem\",\"position\":2,\"name\":\"\u00c1reas\",\"item\":\"https:\\\/\\\/www.maiolegal.com\\\/pt-pt\\\/areas\\\/\"},{\"@type\":\"ListItem\",\"position\":3,\"name\":\"Infraestruturas\"}]},{\"@type\":\"WebSite\",\"@id\":\"https:\\\/\\\/www.maiolegal.com\\\/pt-pt\\\/#website\",\"url\":\"https:\\\/\\\/www.maiolegal.com\\\/pt-pt\\\/\",\"name\":\"MAIO Legal\",\"description\":\"Asesoramiento legal y tributario\",\"potentialAction\":[{\"@type\":\"SearchAction\",\"target\":{\"@type\":\"EntryPoint\",\"urlTemplate\":\"https:\\\/\\\/www.maiolegal.com\\\/pt-pt\\\/?s={search_term_string}\"},\"query-input\":{\"@type\":\"PropertyValueSpecification\",\"valueRequired\":true,\"valueName\":\"search_term_string\"}}],\"inLanguage\":\"pt-PT\"}]}<\/script>\n<!-- \/ Yoast SEO plugin. -->","yoast_head_json":{"title":"Infraestruturas - MAIO Legal","description":"En MAIO Legal contamos con profesionales especializados en asesoramiento legal administrativo, societario, fiscal y de financiaci\u00f3n capaces de aportar soluciones adaptadas a las inquietudes planteadas por nuestros clientes en multitud de \u00e1mbitos como carreteras, ferrocarril, aeropuertos, hospitales, agua, medioambiente, equipamientos p\u00fablicos.","robots":{"index":"index","follow":"follow","max-snippet":"max-snippet:-1","max-image-preview":"max-image-preview:large","max-video-preview":"max-video-preview:-1"},"canonical":"https:\/\/www.maiolegal.com\/pt-pt\/areas\/infraestruturas\/","og_locale":"pt_PT","og_type":"article","og_title":"Infraestruturas - MAIO Legal","og_description":"En MAIO Legal contamos con profesionales especializados en asesoramiento legal administrativo, societario, fiscal y de financiaci\u00f3n capaces de aportar soluciones adaptadas a las inquietudes planteadas por nuestros clientes en multitud de \u00e1mbitos como carreteras, ferrocarril, aeropuertos, hospitales, agua, medioambiente, equipamientos p\u00fablicos.","og_url":"https:\/\/www.maiolegal.com\/pt-pt\/areas\/infraestruturas\/","og_site_name":"MAIO Legal","article_modified_time":"2022-05-18T08:02:55+00:00","twitter_card":"summary_large_image","twitter_misc":{"Tempo estimado de leitura":"5 minutos"},"schema":{"@context":"https:\/\/schema.org","@graph":[{"@type":"WebPage","@id":"https:\/\/www.maiolegal.com\/pt-pt\/areas\/infraestruturas\/","url":"https:\/\/www.maiolegal.com\/pt-pt\/areas\/infraestruturas\/","name":"Infraestruturas - MAIO Legal","isPartOf":{"@id":"https:\/\/www.maiolegal.com\/pt-pt\/#website"},"datePublished":"2020-05-04T15:11:48+00:00","dateModified":"2022-05-18T08:02:55+00:00","description":"En MAIO Legal contamos con profesionales especializados en asesoramiento legal administrativo, societario, fiscal y de financiaci\u00f3n capaces de aportar soluciones adaptadas a las inquietudes planteadas por nuestros clientes en multitud de \u00e1mbitos como carreteras, ferrocarril, aeropuertos, hospitales, agua, medioambiente, equipamientos p\u00fablicos.","breadcrumb":{"@id":"https:\/\/www.maiolegal.com\/pt-pt\/areas\/infraestruturas\/#breadcrumb"},"inLanguage":"pt-PT","potentialAction":[{"@type":"ReadAction","target":["https:\/\/www.maiolegal.com\/pt-pt\/areas\/infraestruturas\/"]}]},{"@type":"BreadcrumbList","@id":"https:\/\/www.maiolegal.com\/pt-pt\/areas\/infraestruturas\/#breadcrumb","itemListElement":[{"@type":"ListItem","position":1,"name":"Home","item":"https:\/\/www.maiolegal.com\/pt-pt\/"},{"@type":"ListItem","position":2,"name":"\u00c1reas","item":"https:\/\/www.maiolegal.com\/pt-pt\/areas\/"},{"@type":"ListItem","position":3,"name":"Infraestruturas"}]},{"@type":"WebSite","@id":"https:\/\/www.maiolegal.com\/pt-pt\/#website","url":"https:\/\/www.maiolegal.com\/pt-pt\/","name":"MAIO Legal","description":"Asesoramiento legal y tributario","potentialAction":[{"@type":"SearchAction","target":{"@type":"EntryPoint","urlTemplate":"https:\/\/www.maiolegal.com\/pt-pt\/?s={search_term_string}"},"query-input":{"@type":"PropertyValueSpecification","valueRequired":true,"valueName":"search_term_string"}}],"inLanguage":"pt-PT"}]}},"_links":{"self":[{"href":"https:\/\/www.maiolegal.com\/pt-pt\/wp-json\/wp\/v2\/pages\/14161","targetHints":{"allow":["GET"]}}],"collection":[{"href":"https:\/\/www.maiolegal.com\/pt-pt\/wp-json\/wp\/v2\/pages"}],"about":[{"href":"https:\/\/www.maiolegal.com\/pt-pt\/wp-json\/wp\/v2\/types\/page"}],"author":[{"embeddable":true,"href":"https:\/\/www.maiolegal.com\/pt-pt\/wp-json\/wp\/v2\/users\/1"}],"replies":[{"embeddable":true,"href":"https:\/\/www.maiolegal.com\/pt-pt\/wp-json\/wp\/v2\/comments?post=14161"}],"version-history":[{"count":4,"href":"https:\/\/www.maiolegal.com\/pt-pt\/wp-json\/wp\/v2\/pages\/14161\/revisions"}],"predecessor-version":[{"id":16175,"href":"https:\/\/www.maiolegal.com\/pt-pt\/wp-json\/wp\/v2\/pages\/14161\/revisions\/16175"}],"up":[{"embeddable":true,"href":"https:\/\/www.maiolegal.com\/pt-pt\/wp-json\/wp\/v2\/pages\/14146"}],"wp:attachment":[{"href":"https:\/\/www.maiolegal.com\/pt-pt\/wp-json\/wp\/v2\/media?parent=14161"}],"curies":[{"name":"wp","href":"https:\/\/api.w.org\/{rel}","templated":true}]}}