{"id":14167,"date":"2020-06-22T17:42:23","date_gmt":"2020-06-22T15:42:23","guid":{"rendered":"https:\/\/www.maiolegal.com\/equipo\/"},"modified":"2022-02-02T10:06:28","modified_gmt":"2022-02-02T09:06:28","slug":"equipa","status":"publish","type":"page","link":"https:\/\/www.maiolegal.com\/pt-pt\/equipa\/","title":{"rendered":"Equipa"},"content":{"rendered":"<p>[et_pb_section fb_built=&#8221;1&#8243; _builder_version=&#8221;4.4.3&#8243; custom_padding=&#8221;1em||2em||false|false&#8221;][et_pb_row admin_label=&#8221;Breadcrumbs + Titulo&#8221; _builder_version=&#8221;4.4.3&#8243; custom_margin=&#8221;||0px||false|false&#8221; custom_padding=&#8221;0px||0px||false|false&#8221; saved_tabs=&#8221;all&#8221;][et_pb_column type=&#8221;4_4&#8243; _builder_version=&#8221;3.27.4&#8243;][et_pb_dcsbcm_divi_breadcrumbs_module homebreadcrumbtext=&#8221;Inicio&#8221; separator=&#8221;sep-pipe&#8221; _builder_version=&#8221;4.4.3&#8243; body_font_size=&#8221;0.9em&#8221; body_line_height=&#8221;1em&#8221; custom_margin=&#8221;0px||-15px||false|false&#8221; custom_padding=&#8221;0px||0px||false|false&#8221;][\/et_pb_dcsbcm_divi_breadcrumbs_module][et_pb_post_title meta=&#8221;off&#8221; featured_image=&#8221;off&#8221; _builder_version=&#8221;4.4.3&#8243; title_font=&#8221;|||on|||||&#8221; title_text_color=&#8221;#afa08e&#8221; title_font_size=&#8221;18px&#8221; custom_margin=&#8221;8px||5px||false|false&#8221; custom_padding=&#8221;0px||0px|22px|false|false&#8221; locked=&#8221;off&#8221;][\/et_pb_post_title][\/et_pb_column][\/et_pb_row][et_pb_row column_structure=&#8221;1_2,1_2&#8243; use_custom_gutter=&#8221;on&#8221; gutter_width=&#8221;2&#8243; _builder_version=&#8221;4.4.8&#8243; locked=&#8221;off&#8221;][et_pb_column type=&#8221;1_2&#8243; _builder_version=&#8221;4.0.11&#8243;][et_pb_slider _builder_version=&#8221;4.9.4&#8243; _dynamic_attributes=&#8221;link_option_url&#8221; link_option_url=&#8221;@ET-DC@eyJkeW5hbWljIjp0cnVlLCJjb250ZW50IjoicG9zdF9saW5rX3VybF9wYWdlIiwic2V0dGluZ3MiOnsicG9zdF9pZCI6IjU0MzEifX0=@&#8221; hover_enabled=&#8221;0&#8243; sticky_enabled=&#8221;0&#8243;][et_pb_slide heading=&#8221;Profissionais &#8221; button_link=&#8221;@ET-DC@eyJkeW5hbWljIjp0cnVlLCJjb250ZW50IjoicG9zdF9saW5rX3VybF9wYWdlIiwic2V0dGluZ3MiOnsicG9zdF9pZCI6IjU0MzEifX0=@&#8221; use_bg_overlay=&#8221;off&#8221; bg_overlay_color_last_edited=&#8221;off|desktop&#8221; _builder_version=&#8221;4.9.4&#8243; _dynamic_attributes=&#8221;button_link&#8221; header_font=&#8221;|700||on|||||&#8221; background_color=&#8221;rgba(0,0,0,0.57)&#8221; background_enable_color=&#8221;on&#8221; background_image=&#8221;https:\/\/www.maiolegal.com\/wp-content\/uploads\/2020\/06\/Profesionales.jpg&#8221; background_enable_image=&#8221;on&#8221; background_blend=&#8221;multiply&#8221; custom_padding=&#8221;7em||5em||false|false&#8221; hover_enabled=&#8221;0&#8243; background_last_edited=&#8221;off|desktop&#8221; header_text_shadow_style=&#8221;preset3&#8243; header_text_shadow_color=&#8221;rgba(0,0,0,0.9)&#8221; background__hover_enabled=&#8221;on|hover&#8221; background_color__hover=&#8221;rgba(0,0,0,0)&#8221; background_enable_color__hover=&#8221;on&#8221; sticky_transition=&#8221;on&#8221; sticky_enabled=&#8221;0&#8243;][\/et_pb_slide][\/et_pb_slider][\/et_pb_column][et_pb_column type=&#8221;1_2&#8243; _builder_version=&#8221;4.0.11&#8243;][et_pb_slider _builder_version=&#8221;4.9.4&#8243; _dynamic_attributes=&#8221;link_option_url&#8221; link_option_url=&#8221;@ET-DC@eyJkeW5hbWljIjp0cnVlLCJjb250ZW50IjoicG9zdF9saW5rX3VybF9wYWdlIiwic2V0dGluZ3MiOnsicG9zdF9pZCI6IjU2NTkifX0=@&#8221; hover_enabled=&#8221;0&#8243; sticky_enabled=&#8221;0&#8243;][et_pb_slide heading=&#8221;Conselheiros&#8221; button_link=&#8221;@ET-DC@eyJkeW5hbWljIjp0cnVlLCJjb250ZW50IjoicG9zdF9saW5rX3VybF9wYWdlIiwic2V0dGluZ3MiOnsicG9zdF9pZCI6IjU2NTkifX0=@&#8221; use_bg_overlay=&#8221;off&#8221; bg_overlay_color_last_edited=&#8221;off|desktop&#8221; _builder_version=&#8221;4.9.4&#8243; _dynamic_attributes=&#8221;button_link&#8221; header_font=&#8221;|700||on|||||&#8221; background_color=&#8221;rgba(0,0,0,0.57)&#8221; background_enable_color=&#8221;on&#8221; background_image=&#8221;https:\/\/www.maiolegal.com\/wp-content\/uploads\/2020\/06\/Asesores.jpg&#8221; background_enable_image=&#8221;on&#8221; background_blend=&#8221;multiply&#8221; custom_padding=&#8221;7em||5em||false|false&#8221; hover_enabled=&#8221;0&#8243; background_last_edited=&#8221;off|desktop&#8221; header_text_shadow_style=&#8221;preset3&#8243; header_text_shadow_color=&#8221;rgba(0,0,0,0.9)&#8221; background__hover_enabled=&#8221;on|hover&#8221; background_color__hover=&#8221;rgba(0,0,0,0)&#8221; background_enable_color__hover=&#8221;on&#8221; sticky_transition=&#8221;on&#8221; sticky_enabled=&#8221;0&#8243;][\/et_pb_slide][\/et_pb_slider][\/et_pb_column][\/et_pb_row][\/et_pb_section]<\/p>\n","protected":false},"excerpt":{"rendered":"","protected":false},"author":1,"featured_media":0,"parent":0,"menu_order":0,"comment_status":"closed","ping_status":"closed","template":"","meta":{"_et_pb_use_builder":"on","_et_pb_old_content":"<!-- wp:paragraph -->\r\n<p>Esta es una p\u00e1gina de ejemplo. Es diferente a una entrada del blog porque permanecer\u00e1 en un solo lugar y aparecer\u00e1 en la navegaci\u00f3n de tu sitio (en la mayor\u00eda de los temas). La mayor\u00eda de las personas comienzan con una p\u00e1gina \u00abAcerca de\u00bb que les presenta a los visitantes potenciales del sitio. Podr\u00edas decir algo as\u00ed:<\/p>\r\n<!-- \/wp:paragraph -->\r\n\r\n<!-- wp:quote -->\r\n<blockquote class=\"wp-block-quote\"><p>\u00a1Bienvenido! Soy camarero de d\u00eda, aspirante a actor de noche y esta es mi web. Vivo en Mairena del Alcor, tengo un perro que se llama Firulais y me gusta el rebujito. (Y las tardes largas con caf\u00e9).<\/p><\/blockquote>\r\n<!-- \/wp:quote -->\r\n\r\n<!-- wp:paragraph -->\r\n<p>\u2026o algo as\u00ed:<\/p>\r\n<!-- \/wp:paragraph -->\r\n\r\n<!-- wp:quote -->\r\n<blockquote class=\"wp-block-quote\"><p>La empresa \u00abMariscos Recio\u00bb fue fundada por Antonio Recio Mata. Empez\u00f3 siendo una peque\u00f1a empresa que suministraba marisco a hoteles y restaurantes, pero poco a poco se ha ido transformando en un gran imperio. Mariscos Recio, el mar al mejor precio.<\/p><\/blockquote>\r\n<!-- \/wp:quote -->\r\n\r\n<!-- wp:paragraph -->\r\n<p>Como nuevo usuario de WordPress, deber\u00edas ir a <a href=\"http:\/\/www.maiolegal.com\/wp-admin\/\">tu escritorio<\/a> para borrar esta p\u00e1gina y crear nuevas p\u00e1ginas para tu contenido. \u00a1P\u00e1salo bien!<\/p>\r\n<!-- \/wp:paragraph -->","_et_gb_content_width":"","footnotes":""},"class_list":["post-14167","page","type-page","status-publish","hentry"],"yoast_head":"<!-- This site is optimized with the Yoast SEO plugin v27.3 - https:\/\/yoast.com\/product\/yoast-seo-wordpress\/ -->\n<title>Equipa - MAIO Legal<\/title>\n<meta name=\"robots\" content=\"index, follow, max-snippet:-1, max-image-preview:large, max-video-preview:-1\" \/>\n<link rel=\"canonical\" href=\"https:\/\/www.maiolegal.com\/pt-pt\/equipa\/\" \/>\n<meta property=\"og:locale\" content=\"pt_PT\" \/>\n<meta property=\"og:type\" content=\"article\" \/>\n<meta property=\"og:title\" content=\"Equipa - MAIO Legal\" \/>\n<meta property=\"og:url\" content=\"https:\/\/www.maiolegal.com\/pt-pt\/equipa\/\" \/>\n<meta property=\"og:site_name\" content=\"MAIO Legal\" \/>\n<meta property=\"article:modified_time\" content=\"2022-02-02T09:06:28+00:00\" \/>\n<meta name=\"twitter:card\" content=\"summary_large_image\" \/>\n<meta name=\"twitter:label1\" content=\"Tempo estimado de leitura\" \/>\n\t<meta name=\"twitter:data1\" content=\"2 minutos\" \/>\n<script type=\"application\/ld+json\" class=\"yoast-schema-graph\">{\"@context\":\"https:\\\/\\\/schema.org\",\"@graph\":[{\"@type\":\"WebPage\",\"@id\":\"https:\\\/\\\/www.maiolegal.com\\\/pt-pt\\\/equipa\\\/\",\"url\":\"https:\\\/\\\/www.maiolegal.com\\\/pt-pt\\\/equipa\\\/\",\"name\":\"Equipa - MAIO Legal\",\"isPartOf\":{\"@id\":\"https:\\\/\\\/www.maiolegal.com\\\/pt-pt\\\/#website\"},\"datePublished\":\"2020-06-22T15:42:23+00:00\",\"dateModified\":\"2022-02-02T09:06:28+00:00\",\"breadcrumb\":{\"@id\":\"https:\\\/\\\/www.maiolegal.com\\\/pt-pt\\\/equipa\\\/#breadcrumb\"},\"inLanguage\":\"pt-PT\",\"potentialAction\":[{\"@type\":\"ReadAction\",\"target\":[\"https:\\\/\\\/www.maiolegal.com\\\/pt-pt\\\/equipa\\\/\"]}]},{\"@type\":\"BreadcrumbList\",\"@id\":\"https:\\\/\\\/www.maiolegal.com\\\/pt-pt\\\/equipa\\\/#breadcrumb\",\"itemListElement\":[{\"@type\":\"ListItem\",\"position\":1,\"name\":\"Home\",\"item\":\"https:\\\/\\\/www.maiolegal.com\\\/pt-pt\\\/\"},{\"@type\":\"ListItem\",\"position\":2,\"name\":\"Equipa\"}]},{\"@type\":\"WebSite\",\"@id\":\"https:\\\/\\\/www.maiolegal.com\\\/pt-pt\\\/#website\",\"url\":\"https:\\\/\\\/www.maiolegal.com\\\/pt-pt\\\/\",\"name\":\"MAIO Legal\",\"description\":\"Asesoramiento legal y tributario\",\"potentialAction\":[{\"@type\":\"SearchAction\",\"target\":{\"@type\":\"EntryPoint\",\"urlTemplate\":\"https:\\\/\\\/www.maiolegal.com\\\/pt-pt\\\/?s={search_term_string}\"},\"query-input\":{\"@type\":\"PropertyValueSpecification\",\"valueRequired\":true,\"valueName\":\"search_term_string\"}}],\"inLanguage\":\"pt-PT\"}]}<\/script>\n<!-- \/ Yoast SEO plugin. -->","yoast_head_json":{"title":"Equipa - MAIO Legal","robots":{"index":"index","follow":"follow","max-snippet":"max-snippet:-1","max-image-preview":"max-image-preview:large","max-video-preview":"max-video-preview:-1"},"canonical":"https:\/\/www.maiolegal.com\/pt-pt\/equipa\/","og_locale":"pt_PT","og_type":"article","og_title":"Equipa - MAIO Legal","og_url":"https:\/\/www.maiolegal.com\/pt-pt\/equipa\/","og_site_name":"MAIO Legal","article_modified_time":"2022-02-02T09:06:28+00:00","twitter_card":"summary_large_image","twitter_misc":{"Tempo estimado de leitura":"2 minutos"},"schema":{"@context":"https:\/\/schema.org","@graph":[{"@type":"WebPage","@id":"https:\/\/www.maiolegal.com\/pt-pt\/equipa\/","url":"https:\/\/www.maiolegal.com\/pt-pt\/equipa\/","name":"Equipa - MAIO Legal","isPartOf":{"@id":"https:\/\/www.maiolegal.com\/pt-pt\/#website"},"datePublished":"2020-06-22T15:42:23+00:00","dateModified":"2022-02-02T09:06:28+00:00","breadcrumb":{"@id":"https:\/\/www.maiolegal.com\/pt-pt\/equipa\/#breadcrumb"},"inLanguage":"pt-PT","potentialAction":[{"@type":"ReadAction","target":["https:\/\/www.maiolegal.com\/pt-pt\/equipa\/"]}]},{"@type":"BreadcrumbList","@id":"https:\/\/www.maiolegal.com\/pt-pt\/equipa\/#breadcrumb","itemListElement":[{"@type":"ListItem","position":1,"name":"Home","item":"https:\/\/www.maiolegal.com\/pt-pt\/"},{"@type":"ListItem","position":2,"name":"Equipa"}]},{"@type":"WebSite","@id":"https:\/\/www.maiolegal.com\/pt-pt\/#website","url":"https:\/\/www.maiolegal.com\/pt-pt\/","name":"MAIO Legal","description":"Asesoramiento legal y tributario","potentialAction":[{"@type":"SearchAction","target":{"@type":"EntryPoint","urlTemplate":"https:\/\/www.maiolegal.com\/pt-pt\/?s={search_term_string}"},"query-input":{"@type":"PropertyValueSpecification","valueRequired":true,"valueName":"search_term_string"}}],"inLanguage":"pt-PT"}]}},"_links":{"self":[{"href":"https:\/\/www.maiolegal.com\/pt-pt\/wp-json\/wp\/v2\/pages\/14167","targetHints":{"allow":["GET"]}}],"collection":[{"href":"https:\/\/www.maiolegal.com\/pt-pt\/wp-json\/wp\/v2\/pages"}],"about":[{"href":"https:\/\/www.maiolegal.com\/pt-pt\/wp-json\/wp\/v2\/types\/page"}],"author":[{"embeddable":true,"href":"https:\/\/www.maiolegal.com\/pt-pt\/wp-json\/wp\/v2\/users\/1"}],"replies":[{"embeddable":true,"href":"https:\/\/www.maiolegal.com\/pt-pt\/wp-json\/wp\/v2\/comments?post=14167"}],"version-history":[{"count":2,"href":"https:\/\/www.maiolegal.com\/pt-pt\/wp-json\/wp\/v2\/pages\/14167\/revisions"}],"predecessor-version":[{"id":14174,"href":"https:\/\/www.maiolegal.com\/pt-pt\/wp-json\/wp\/v2\/pages\/14167\/revisions\/14174"}],"wp:attachment":[{"href":"https:\/\/www.maiolegal.com\/pt-pt\/wp-json\/wp\/v2\/media?parent=14167"}],"curies":[{"name":"wp","href":"https:\/\/api.w.org\/{rel}","templated":true}]}}