{"id":14225,"date":"2020-02-26T12:16:55","date_gmt":"2020-02-26T11:16:55","guid":{"rendered":"https:\/\/www.maiolegal.com\/areas\/urbanismo\/"},"modified":"2024-11-27T13:31:31","modified_gmt":"2024-11-27T12:31:31","slug":"urbanismo","status":"publish","type":"page","link":"https:\/\/www.maiolegal.com\/pt-pt\/areas\/urbanismo\/","title":{"rendered":"Urbanismo"},"content":{"rendered":"<p>[et_pb_section fb_built=&#8221;1&#8243; _builder_version=&#8221;4.16&#8243; custom_margin=&#8221;||||false|false&#8221; custom_padding=&#8221;1em||2em||false|false&#8221; locked=&#8221;off&#8221; global_colors_info=&#8221;{}&#8221;][et_pb_row admin_label=&#8221;Breadcrumbs + Titulo&#8221; _builder_version=&#8221;4.16&#8243; custom_margin=&#8221;||0px||false|false&#8221; custom_padding=&#8221;0px||0px||false|false&#8221; saved_tabs=&#8221;all&#8221; global_colors_info=&#8221;{}&#8221;][et_pb_column type=&#8221;4_4&#8243; _builder_version=&#8221;4.16&#8243; global_colors_info=&#8221;{}&#8221;][et_pb_dcsbcm_divi_breadcrumbs_module homebreadcrumbtext=&#8221;Inicio&#8221; separator=&#8221;sep-pipe&#8221; _builder_version=&#8221;4.16&#8243; body_font_size=&#8221;0.9em&#8221; body_line_height=&#8221;1em&#8221; custom_margin=&#8221;0px||-15px||false|false&#8221; custom_padding=&#8221;0px||0px||false|false&#8221; global_colors_info=&#8221;{}&#8221;][\/et_pb_dcsbcm_divi_breadcrumbs_module][et_pb_post_title meta=&#8221;off&#8221; featured_image=&#8221;off&#8221; _builder_version=&#8221;4.16&#8243; title_font=&#8221;|||on|||||&#8221; title_text_color=&#8221;#afa08e&#8221; title_font_size=&#8221;18px&#8221; custom_margin=&#8221;8px||5px||false|false&#8221; custom_padding=&#8221;0px||0px|22px|false|false&#8221; locked=&#8221;off&#8221; global_colors_info=&#8221;{}&#8221;][\/et_pb_post_title][\/et_pb_column][\/et_pb_row][et_pb_row _builder_version=&#8221;4.16&#8243; custom_padding=&#8221;4px||3px|||&#8221; global_colors_info=&#8221;{}&#8221;][et_pb_column type=&#8221;4_4&#8243; _builder_version=&#8221;4.16&#8243; global_colors_info=&#8221;{}&#8221;][et_pb_text _builder_version=&#8221;4.16&#8243; header_2_font=&#8221;|700|||||||&#8221; header_2_font_size=&#8221;1.1em&#8221; header_2_line_height=&#8221;1.2em&#8221; background_size=&#8221;initial&#8221; background_position=&#8221;top_left&#8221; background_repeat=&#8221;repeat&#8221; custom_margin=&#8221;||0px||false|false&#8221; global_colors_info=&#8221;{}&#8221;]<\/p>\n<h2>Prestamos assessoria em todas as fases de desenvolvimento e a\u0301reas de compete\u0302ncia aos principais atores nacionais e internacionais no desenvolvimento e gesta\u0303o de terrenos, bem como a particulares, entidades privadas, instituic\u0327o\u0303es financeiras, fundos imobilia\u0301rios, family offices e administrac\u0327o\u0303es pu\u0301blicas.<\/h2>\n<p>[\/et_pb_text][et_pb_text _builder_version=&#8221;4.16&#8243; header_3_font_size=&#8221;1em&#8221; header_3_line_height=&#8221;1.4em&#8221; custom_padding=&#8221;||3px|||&#8221; global_colors_info=&#8221;{}&#8221;]<\/p>\n<h3>Os nossos servi\u00e7os de consultoria s\u00e3o prestados a todos os sectores da economia, com especializa\u00e7\u00e3o nos sectores imobili\u00e1rio e da constru\u00e7\u00e3o, farmac\u00eautico, industrial, de restaura\u00e7\u00e3o, hoteleiro, telecomunica\u00e7\u00f5es, energia, cuidados de sa\u00fade, distribui\u00e7\u00e3o e de consumo e autom\u00f3vel.<\/h3>\n<p>[\/et_pb_text][\/et_pb_column][\/et_pb_row][et_pb_row column_structure=&#8221;1_3,2_3&#8243; use_custom_gutter=&#8221;on&#8221; gutter_width=&#8221;1&#8243; _builder_version=&#8221;4.16&#8243; custom_padding=&#8221;3px||||false|false&#8221; global_colors_info=&#8221;{}&#8221;][et_pb_column type=&#8221;1_3&#8243; _builder_version=&#8221;4.16&#8243; background_color=&#8221;#d7cbbb&#8221; global_colors_info=&#8221;{}&#8221;][et_pb_text _builder_version=&#8221;4.16&#8243; text_font=&#8221;|700|on||||||&#8221; text_text_color=&#8221;#afa08e&#8221; text_font_size=&#8221;1.1em&#8221; text_line_height=&#8221;1.2em&#8221; header_3_font=&#8221;||||||||&#8221; header_6_font=&#8221;||||||||&#8221; header_6_text_color=&#8221;#afa08e&#8221; header_6_font_size=&#8221;1.1em&#8221; header_6_line_height=&#8221;1.2em&#8221; background_color=&#8221;#ffffff&#8221; custom_margin=&#8221;||0px||false|false&#8221; custom_padding=&#8221;20px|15px|37px|15px|false|true&#8221; custom_padding_tablet=&#8221;|0px||0px|false|false&#8221; custom_padding_phone=&#8221;|0px||0px|false|false&#8221; custom_padding_last_edited=&#8221;on|phone&#8221; animation_direction=&#8221;top&#8221; global_colors_info=&#8221;{}&#8221;]<\/p>\n<p><span>A nossa especializa\u00e7\u00e3o e experi\u00eancia asseguram que encontramos solu\u00e7\u00f5es pr\u00e1ticas para os neg\u00f3cios dos nossos clientes.<\/span><\/p>\n<p>[\/et_pb_text][et_pb_text _builder_version=&#8221;4.16&#8243; header_2_font_size=&#8221;19px&#8221; header_2_line_height=&#8221;1.2em&#8221; header_3_text_align=&#8221;center&#8221; header_3_font_size=&#8221;17px&#8221; background_color=&#8221;#d7cbbb&#8221; custom_margin=&#8221;0px||0px||false|false&#8221; custom_padding=&#8221;10px||0px||false|false&#8221; global_colors_info=&#8221;{}&#8221;]<\/p>\n<h3><strong>Contacto<\/strong><\/h3>\n<p>[\/et_pb_text][et_pb_blurb title=&#8221;Yohana Calachi Vavrinova &#8221; url=&#8221;@ET-DC@eyJkeW5hbWljIjp0cnVlLCJjb250ZW50IjoicG9zdF9saW5rX3VybF9wcm9mZXNzaW9uYWwiLCJzZXR0aW5ncyI6eyJwb3N0X2lkIjoiNTYxNSJ9fQ==@&#8221; image=&#8221;https:\/\/www.maiolegal.com\/\/wp-content\/uploads\/2020\/02\/maio-legal-madrid-Yohana-Calachi-derecho-Urbanismo.jpg&#8221; icon_placement=&#8221;left&#8221; module_class=&#8221;contactos-areas&#8221; _builder_version=&#8221;4.16&#8243; _dynamic_attributes=&#8221;url,link_option_url&#8221; header_font=&#8221;|700|||||||&#8221; header_text_color=&#8221;#000000&#8243; header_font_size=&#8221;15px&#8221; header_line_height=&#8221;1.2em&#8221; body_text_color=&#8221;#000000&#8243; body_font_size=&#8221;13px&#8221; body_line_height=&#8221;1.2em&#8221; background_enable_color=&#8221;off&#8221; background_layout=&#8221;dark&#8221; custom_margin=&#8221;20px||20px||false|false&#8221; custom_padding=&#8221;|10px||10px|false|true&#8221; link_option_url=&#8221;@ET-DC@eyJkeW5hbWljIjp0cnVlLCJjb250ZW50IjoicG9zdF9saW5rX3VybF9wcm9mZXNzaW9uYWwiLCJzZXR0aW5ncyI6eyJwb3N0X2lkIjoiNTYxNSJ9fQ==@&#8221; custom_css_blurb_image=&#8221;width:70px;&#8221; custom_css_blurb_title=&#8221;padding-top:5px;&#8221; global_colors_info=&#8221;{}&#8221;]<\/p>\n<p>Socia | MADRID<br \/>  <a href=\"mailto:ycalachi@maiolegal.com\" style=\"color: #000;\">ycalachi@maiolegal.com<\/a><\/span><\/p>\n<p>[\/et_pb_blurb][et_pb_blurb title=&#8221;David Alcal\u00e1 &#8221; url=&#8221;@ET-DC@eyJkeW5hbWljIjp0cnVlLCJjb250ZW50IjoicG9zdF9saW5rX3VybF9wcm9mZXNzaW9uYWwiLCJzZXR0aW5ncyI6eyJwb3N0X2lkIjoiNTYxNSJ9fQ==@&#8221; image=&#8221;https:\/\/www.maiolegal.com\/wp-content\/uploads\/David-Alcala.jpg&#8221; icon_placement=&#8221;left&#8221; admin_label=&#8221;David Alcal\u00e1 (en)&#8221; module_class=&#8221;contactos-areas&#8221; _builder_version=&#8221;4.27.3&#8243; _dynamic_attributes=&#8221;url,link_option_url&#8221; header_font=&#8221;|700|||||||&#8221; header_text_color=&#8221;#000000&#8243; header_font_size=&#8221;15px&#8221; header_line_height=&#8221;1.2em&#8221; body_text_color=&#8221;#000000&#8243; body_font_size=&#8221;13px&#8221; body_line_height=&#8221;1.2em&#8221; background_enable_color=&#8221;off&#8221; background_layout=&#8221;dark&#8221; custom_margin=&#8221;20px||20px||false|false&#8221; custom_padding=&#8221;|10px||10px|false|true&#8221; filter_saturate=&#8221;0%&#8221; link_option_url=&#8221;@ET-DC@eyJkeW5hbWljIjp0cnVlLCJjb250ZW50IjoicG9zdF9saW5rX3VybF9wcm9mZXNzaW9uYWwiLCJzZXR0aW5ncyI6eyJwb3N0X2lkIjoiNTYxNSJ9fQ==@&#8221; hover_enabled=&#8221;0&#8243; custom_css_blurb_image=&#8221;width:70px;&#8221; custom_css_blurb_title=&#8221;padding-top:5px;&#8221; saved_tabs=&#8221;all&#8221; locked=&#8221;off&#8221; global_colors_info=&#8221;{}&#8221; sticky_enabled=&#8221;0&#8243; global_module=&#8221;19045&#8243;]<span>Associado<\/span> | SARAGO\u00c7A<br \/>\n<a href=\"mailto:dalcala@maiolegal.com\" style=\"color: #000;\">dalcala@maiolegal.com<\/a>[\/et_pb_blurb][\/et_pb_column][et_pb_column type=&#8221;2_3&#8243; _builder_version=&#8221;4.16&#8243; global_colors_info=&#8221;{}&#8221;][et_pb_text _builder_version=&#8221;4.16&#8243; header_2_font=&#8221;|700|||||||&#8221; header_2_font_size=&#8221;24px&#8221; header_2_line_height=&#8221;1.2em&#8221; header_3_font=&#8221;|700|||||||&#8221; header_3_font_size=&#8221;1em&#8221; header_3_line_height=&#8221;1.2em&#8221; custom_margin=&#8221;||||false|false&#8221; custom_padding=&#8221;|||20px|false|false&#8221; custom_padding_tablet=&#8221;20px|||0px|false|false&#8221; custom_padding_phone=&#8221;20px|0px|3em|0px|false|false&#8221; custom_padding_last_edited=&#8221;on|phone&#8221; global_colors_info=&#8221;{}&#8221;]<\/p>\n<h3>Pr\u00e1tica<\/h3>\n<p><span>Entre outros, os nossos servi\u00e7os profissionais incluem as seguintes a\u00e7\u00f5es: <\/span><\/p>\n<p><span>\u2012 \u00a0<\/span><span> Formula\u00e7\u00e3o e processamento de todos os tipos de instrumentos de planeamento geral e de desenvolvimento: planos parciais, planos especiais, estudos detalhados, etc. <\/span><\/p>\n<p><span>\u2012 \u00a0<\/span><span> Procedimentos para a revis\u00e3o ou modifica\u00e7\u00e3o espec\u00edfica do planeamento, tendo em conta os diferentes regulamentos regionais, dependendo do caso espec\u00edfico. <\/span><\/p>\n<p><span>\u2012 \u00a0<\/span><span> Elabora\u00e7\u00e3o de sugest\u00f5es e alega\u00e7\u00f5es nas fases de informa\u00e7\u00e3o do p\u00fablico dos diferentes instrumentos de planeamento. <\/span><\/p>\n<p><span>\u2012 \u00a0<\/span><span> Assist\u00eancia na negocia\u00e7\u00e3o e elabora\u00e7\u00e3o de Acordos de Desenvolvimento Urbano, bem como na liga\u00e7\u00e3o com as diferentes administra\u00e7\u00f5es envolvidas, autoridades t\u00e9cnicas e pol\u00edticas. <\/span><\/p>\n<p><span>\u2012 Elabora\u00e7\u00e3o de relat\u00f3rios de due diligence urban\u00edstica com an\u00e1lise da viabilidade legal das opera\u00e7\u00f5es propostas e avalia\u00e7\u00e3o dos riscos legais urbanos antes de qualquer opera\u00e7\u00e3o legal, tais como transa\u00e7\u00f5es, fus\u00f5es, entradas na bolsa, etc<\/span><span>. <\/span><\/p>\n<p><span>\u2012 Presta\u00e7\u00e3o de assessoria integral sobre gest\u00e3o de terrenos. Participa\u00e7\u00e3o em Comiss\u00f5es de Indemniza\u00e7\u00e3o, Entidades de Desenvolvimento Urbano Colaborativo, procedimentos com Agentes de Desenvolvimento Urbano, projetos de emparcelamento, opera\u00e7\u00f5es jur\u00eddicas complementares, e procedimentos de desenvolvimento urbano<\/span><span>. <\/span><\/p>\n<p><span>\u2012 Presta\u00e7\u00e3o de assessoria integral sobre o processamento de todo o tipo de licen\u00e7as de planeamento urbano, licen\u00e7as e autoriza\u00e7\u00f5es: licen\u00e7as de constru\u00e7\u00e3o, licen\u00e7as de primeira ocupa\u00e7\u00e3o, licen\u00e7as de abertura, licen\u00e7as de atividade, declara\u00e7\u00f5es respons\u00e1veis, mudan\u00e7as de titularidade, etc<\/span><span>.<br \/><\/span><\/p>\n<p><span>\u2012 Presta\u00e7\u00e3o de assessoria em processos de legaliza\u00e7\u00e3o, adapta\u00e7\u00e3o e reabilita\u00e7\u00e3o, procedimentos disciplinares e sancionat\u00f3rios, e formula\u00e7\u00e3o de recursos em processos administrativos relacionados com quest\u00f5es de mat\u00e9ria urban\u00edstica<\/span><span>.<\/span><\/p>\n<p><span>\u2012 \u00a0<\/span><span> Elabora\u00e7\u00e3o de relat\u00f3rios, pareceres e pareceres jur\u00eddicos sobre qualquer assunto dentro das diferentes disciplinas de planeamento urbano, e em particular para a revaloriza\u00e7\u00e3o e otimiza\u00e7\u00e3o de carteiras imobili\u00e1rias.<br \/><\/span><\/p>\n<p><span><\/span><\/p>\n<h3>Experi\u00eancia<\/h3>\n<p class=\"p1\"><span class=\"s1\">Alguns dos servi\u00e7os mais relevantes por volume ou especializa\u00e7\u00e3o que t\u00eam sido prestados nos \u00faltimos anos s\u00e3o os seguintes:<\/span><\/p>\n<p><span>\u2012 Presta\u00e7\u00e3o de assessoria urban\u00edstica sobre uma transa\u00e7\u00e3o de venda e arrendamento de uma carteira de mais de 200 ativos imobili\u00e1rios comerciais detidos por uma Institui\u00e7\u00e3o Financeira<\/span>.<span> <\/span><\/p>\n<p><span>\u2012 \u00a0<\/span><span> Presta\u00e7\u00e3o de assessoria urban\u00edstica para a regulariza\u00e7\u00e3o de uma propriedade industrial de mais de 4 milh\u00f5es de m2 pertencente a uma Entidade P\u00fablica.<\/span><\/p>\n<p><span>\u2012 \u00a0<\/span><span> Presta\u00e7\u00e3o de assessoria urban\u00edstica sobre a compra e venda de um edif\u00edcio de escrit\u00f3rios emblem\u00e1tico num munic\u00edpio de Madrid para um importante family office.<\/span><\/p>\n<p><span>\u2012 \u00a0<\/span><span> Presta\u00e7\u00e3o de assessoria em planeamento urbano para a constru\u00e7\u00e3o de um edif\u00edcio de escrit\u00f3rios em Madrid para um importante grupo de desenvolvimento nacional.<\/span><\/p>\n<p><span>\u2012 Relat\u00f3rio de Due Diligence para a constru\u00e7\u00e3o de um centro desportivo e comercial na Andaluzia<\/span><span>.<\/span><\/p>\n<p><span>\u2012 \u00a0<\/span><span> Presta\u00e7\u00e3o de assessoria urban\u00edstica sobre a renova\u00e7\u00e3o de edif\u00edcios hist\u00f3ricos em Madrid para um grupo de investimento privado.<\/span><\/p>\n<p><span>\u2012 \u00a0<\/span><span> Presta\u00e7\u00e3o de assessoria urban\u00edstica para a aquisi\u00e7\u00e3o de v\u00e1rios im\u00f3veis residenciais, comerciais e de lazer na Comunidade de Madrid.<\/span><\/p>\n<p><span>\u2012 \u00a0<\/span><span> Presta\u00e7\u00e3o de assessoria urban\u00edstica para a reclassifica\u00e7\u00e3o de terrenos para a expans\u00e3o de instala\u00e7\u00f5es industriais para um grande grupo alimentar internacional.<\/span><\/p>\n<p><span>\u2012 \u00a0<\/span><span> Presta\u00e7\u00e3o de assessoria urban\u00edstica para o financiamento da constru\u00e7\u00e3o de um centro comercial na Andaluzia.<\/span><\/p>\n<p><span>\u2012 \u00a0<\/span><span><em>Due Diligence <\/em>urban\u00edstica para a aquisi\u00e7\u00e3o de tr\u00eas edif\u00edcios hoteleiros de um fundo internacional em Madrid.<\/span><\/p>\n<p><span>\u2012 \u00a0<\/span><span> Presta\u00e7\u00e3o de assessoria sobre o processamento de uma modifica\u00e7\u00e3o de planeamento urbano para a instala\u00e7\u00e3o de atividade mineira em v\u00e1rios locais para um grupo internacional.<\/span><\/p>\n<p><span>\u2012 \u00a0<\/span><span><em>Due Diligence <\/em>urban\u00edstica para a implementa\u00e7\u00e3o de usos residenciais universit\u00e1rios na Andaluzia para um grupo de desenvolvimento nacional.<\/span><\/p>\n<p><span><\/span><\/p>\n<h3>Reconhecimentos<\/h3>\n<p><span>\u2012 Yohana Calachi reconhecida como Best Lawyer em mat\u00e9ria urban\u00edstica<\/span><span>.<\/span><\/p>\n<p>[\/et_pb_text][\/et_pb_column][\/et_pb_row][\/et_pb_section]<\/p>\n","protected":false},"excerpt":{"rendered":"<p>Prestamos assessoria em todas as fases de desenvolvimento e a\u0301reas de compete\u0302ncia aos principais atores nacionais e internacionais no desenvolvimento e gesta\u0303o de terrenos, bem como a particulares, entidades privadas, instituic\u0327o\u0303es financeiras, fundos imobilia\u0301rios, family offices e administrac\u0327o\u0303es pu\u0301blicas.Os nossos servi\u00e7os de consultoria s\u00e3o prestados a todos os sectores da economia, com especializa\u00e7\u00e3o nos sectores [&hellip;]<\/p>\n","protected":false},"author":1,"featured_media":0,"parent":14146,"menu_order":0,"comment_status":"closed","ping_status":"closed","template":"","meta":{"_et_pb_use_builder":"on","_et_pb_old_content":"<!-- wp:paragraph -->\r\n<p>Esta es una p\u00e1gina de ejemplo. Es diferente a una entrada del blog porque permanecer\u00e1 en un solo lugar y aparecer\u00e1 en la navegaci\u00f3n de tu sitio (en la mayor\u00eda de los temas). La mayor\u00eda de las personas comienzan con una p\u00e1gina \u00abAcerca de\u00bb que les presenta a los visitantes potenciales del sitio. Podr\u00edas decir algo as\u00ed:<\/p>\r\n<!-- \/wp:paragraph -->\r\n\r\n<!-- wp:quote -->\r\n<blockquote class=\"wp-block-quote\"><p>\u00a1Bienvenido! Soy camarero de d\u00eda, aspirante a actor de noche y esta es mi web. Vivo en Mairena del Alcor, tengo un perro que se llama Firulais y me gusta el rebujito. (Y las tardes largas con caf\u00e9).<\/p><\/blockquote>\r\n<!-- \/wp:quote -->\r\n\r\n<!-- wp:paragraph -->\r\n<p>\u2026o algo as\u00ed:<\/p>\r\n<!-- \/wp:paragraph -->\r\n\r\n<!-- wp:quote -->\r\n<blockquote class=\"wp-block-quote\"><p>La empresa \u00abMariscos Recio\u00bb fue fundada por Antonio Recio Mata. Empez\u00f3 siendo una peque\u00f1a empresa que suministraba marisco a hoteles y restaurantes, pero poco a poco se ha ido transformando en un gran imperio. Mariscos Recio, el mar al mejor precio.<\/p><\/blockquote>\r\n<!-- \/wp:quote -->\r\n\r\n<!-- wp:paragraph -->\r\n<p>Como nuevo usuario de WordPress, deber\u00edas ir a <a href=\"http:\/\/www.maiolegal.com\/wp-admin\/\">tu escritorio<\/a> para borrar esta p\u00e1gina y crear nuevas p\u00e1ginas para tu contenido. \u00a1P\u00e1salo bien!<\/p>\r\n<!-- \/wp:paragraph -->","_et_gb_content_width":"","footnotes":""},"class_list":["post-14225","page","type-page","status-publish","hentry"],"yoast_head":"<!-- This site is optimized with the Yoast SEO plugin v27.5 - https:\/\/yoast.com\/product\/yoast-seo-wordpress\/ -->\n<title>Urbanismo - MAIO Legal<\/title>\n<meta name=\"robots\" content=\"index, follow, max-snippet:-1, max-image-preview:large, max-video-preview:-1\" \/>\n<link rel=\"canonical\" href=\"https:\/\/www.maiolegal.com\/pt-pt\/areas\/urbanismo\/\" \/>\n<meta property=\"og:locale\" content=\"pt_PT\" \/>\n<meta property=\"og:type\" content=\"article\" \/>\n<meta property=\"og:title\" content=\"Urbanismo - MAIO Legal\" \/>\n<meta property=\"og:description\" content=\"Prestamos assessoria em todas as fases de desenvolvimento e a\u0301reas de compete\u0302ncia aos principais atores nacionais e internacionais no desenvolvimento e gesta\u0303o de terrenos, bem como a particulares, entidades privadas, instituic\u0327o\u0303es financeiras, fundos imobilia\u0301rios, family offices e administrac\u0327o\u0303es pu\u0301blicas.Os nossos servi\u00e7os de consultoria s\u00e3o prestados a todos os sectores da economia, com especializa\u00e7\u00e3o nos sectores [&hellip;]\" \/>\n<meta property=\"og:url\" content=\"https:\/\/www.maiolegal.com\/pt-pt\/areas\/urbanismo\/\" \/>\n<meta property=\"og:site_name\" content=\"MAIO Legal\" \/>\n<meta property=\"article:modified_time\" content=\"2024-11-27T12:31:31+00:00\" \/>\n<meta name=\"twitter:card\" content=\"summary_large_image\" \/>\n<meta name=\"twitter:label1\" content=\"Tempo estimado de leitura\" \/>\n\t<meta name=\"twitter:data1\" content=\"8 minutos\" \/>\n<script type=\"application\/ld+json\" class=\"yoast-schema-graph\">{\"@context\":\"https:\\\/\\\/schema.org\",\"@graph\":[{\"@type\":\"WebPage\",\"@id\":\"https:\\\/\\\/www.maiolegal.com\\\/pt-pt\\\/areas\\\/urbanismo\\\/\",\"url\":\"https:\\\/\\\/www.maiolegal.com\\\/pt-pt\\\/areas\\\/urbanismo\\\/\",\"name\":\"Urbanismo - MAIO Legal\",\"isPartOf\":{\"@id\":\"https:\\\/\\\/www.maiolegal.com\\\/pt-pt\\\/#website\"},\"datePublished\":\"2020-02-26T11:16:55+00:00\",\"dateModified\":\"2024-11-27T12:31:31+00:00\",\"breadcrumb\":{\"@id\":\"https:\\\/\\\/www.maiolegal.com\\\/pt-pt\\\/areas\\\/urbanismo\\\/#breadcrumb\"},\"inLanguage\":\"pt-PT\",\"potentialAction\":[{\"@type\":\"ReadAction\",\"target\":[\"https:\\\/\\\/www.maiolegal.com\\\/pt-pt\\\/areas\\\/urbanismo\\\/\"]}]},{\"@type\":\"BreadcrumbList\",\"@id\":\"https:\\\/\\\/www.maiolegal.com\\\/pt-pt\\\/areas\\\/urbanismo\\\/#breadcrumb\",\"itemListElement\":[{\"@type\":\"ListItem\",\"position\":1,\"name\":\"Home\",\"item\":\"https:\\\/\\\/www.maiolegal.com\\\/pt-pt\\\/\"},{\"@type\":\"ListItem\",\"position\":2,\"name\":\"\u00c1reas\",\"item\":\"https:\\\/\\\/www.maiolegal.com\\\/pt-pt\\\/areas\\\/\"},{\"@type\":\"ListItem\",\"position\":3,\"name\":\"Urbanismo\"}]},{\"@type\":\"WebSite\",\"@id\":\"https:\\\/\\\/www.maiolegal.com\\\/pt-pt\\\/#website\",\"url\":\"https:\\\/\\\/www.maiolegal.com\\\/pt-pt\\\/\",\"name\":\"MAIO Legal\",\"description\":\"Asesoramiento legal y tributario\",\"potentialAction\":[{\"@type\":\"SearchAction\",\"target\":{\"@type\":\"EntryPoint\",\"urlTemplate\":\"https:\\\/\\\/www.maiolegal.com\\\/pt-pt\\\/?s={search_term_string}\"},\"query-input\":{\"@type\":\"PropertyValueSpecification\",\"valueRequired\":true,\"valueName\":\"search_term_string\"}}],\"inLanguage\":\"pt-PT\"}]}<\/script>\n<!-- \/ Yoast SEO plugin. -->","yoast_head_json":{"title":"Urbanismo - MAIO Legal","robots":{"index":"index","follow":"follow","max-snippet":"max-snippet:-1","max-image-preview":"max-image-preview:large","max-video-preview":"max-video-preview:-1"},"canonical":"https:\/\/www.maiolegal.com\/pt-pt\/areas\/urbanismo\/","og_locale":"pt_PT","og_type":"article","og_title":"Urbanismo - MAIO Legal","og_description":"Prestamos assessoria em todas as fases de desenvolvimento e a\u0301reas de compete\u0302ncia aos principais atores nacionais e internacionais no desenvolvimento e gesta\u0303o de terrenos, bem como a particulares, entidades privadas, instituic\u0327o\u0303es financeiras, fundos imobilia\u0301rios, family offices e administrac\u0327o\u0303es pu\u0301blicas.Os nossos servi\u00e7os de consultoria s\u00e3o prestados a todos os sectores da economia, com especializa\u00e7\u00e3o nos sectores [&hellip;]","og_url":"https:\/\/www.maiolegal.com\/pt-pt\/areas\/urbanismo\/","og_site_name":"MAIO Legal","article_modified_time":"2024-11-27T12:31:31+00:00","twitter_card":"summary_large_image","twitter_misc":{"Tempo estimado de leitura":"8 minutos"},"schema":{"@context":"https:\/\/schema.org","@graph":[{"@type":"WebPage","@id":"https:\/\/www.maiolegal.com\/pt-pt\/areas\/urbanismo\/","url":"https:\/\/www.maiolegal.com\/pt-pt\/areas\/urbanismo\/","name":"Urbanismo - MAIO Legal","isPartOf":{"@id":"https:\/\/www.maiolegal.com\/pt-pt\/#website"},"datePublished":"2020-02-26T11:16:55+00:00","dateModified":"2024-11-27T12:31:31+00:00","breadcrumb":{"@id":"https:\/\/www.maiolegal.com\/pt-pt\/areas\/urbanismo\/#breadcrumb"},"inLanguage":"pt-PT","potentialAction":[{"@type":"ReadAction","target":["https:\/\/www.maiolegal.com\/pt-pt\/areas\/urbanismo\/"]}]},{"@type":"BreadcrumbList","@id":"https:\/\/www.maiolegal.com\/pt-pt\/areas\/urbanismo\/#breadcrumb","itemListElement":[{"@type":"ListItem","position":1,"name":"Home","item":"https:\/\/www.maiolegal.com\/pt-pt\/"},{"@type":"ListItem","position":2,"name":"\u00c1reas","item":"https:\/\/www.maiolegal.com\/pt-pt\/areas\/"},{"@type":"ListItem","position":3,"name":"Urbanismo"}]},{"@type":"WebSite","@id":"https:\/\/www.maiolegal.com\/pt-pt\/#website","url":"https:\/\/www.maiolegal.com\/pt-pt\/","name":"MAIO Legal","description":"Asesoramiento legal y tributario","potentialAction":[{"@type":"SearchAction","target":{"@type":"EntryPoint","urlTemplate":"https:\/\/www.maiolegal.com\/pt-pt\/?s={search_term_string}"},"query-input":{"@type":"PropertyValueSpecification","valueRequired":true,"valueName":"search_term_string"}}],"inLanguage":"pt-PT"}]}},"_links":{"self":[{"href":"https:\/\/www.maiolegal.com\/pt-pt\/wp-json\/wp\/v2\/pages\/14225","targetHints":{"allow":["GET"]}}],"collection":[{"href":"https:\/\/www.maiolegal.com\/pt-pt\/wp-json\/wp\/v2\/pages"}],"about":[{"href":"https:\/\/www.maiolegal.com\/pt-pt\/wp-json\/wp\/v2\/types\/page"}],"author":[{"embeddable":true,"href":"https:\/\/www.maiolegal.com\/pt-pt\/wp-json\/wp\/v2\/users\/1"}],"replies":[{"embeddable":true,"href":"https:\/\/www.maiolegal.com\/pt-pt\/wp-json\/wp\/v2\/comments?post=14225"}],"version-history":[{"count":4,"href":"https:\/\/www.maiolegal.com\/pt-pt\/wp-json\/wp\/v2\/pages\/14225\/revisions"}],"predecessor-version":[{"id":19046,"href":"https:\/\/www.maiolegal.com\/pt-pt\/wp-json\/wp\/v2\/pages\/14225\/revisions\/19046"}],"up":[{"embeddable":true,"href":"https:\/\/www.maiolegal.com\/pt-pt\/wp-json\/wp\/v2\/pages\/14146"}],"wp:attachment":[{"href":"https:\/\/www.maiolegal.com\/pt-pt\/wp-json\/wp\/v2\/media?parent=14225"}],"curies":[{"name":"wp","href":"https:\/\/api.w.org\/{rel}","templated":true}]}}