{"id":14999,"date":"2020-09-03T15:37:43","date_gmt":"2020-09-03T13:37:43","guid":{"rendered":"https:\/\/www.maiolegal.com\/politica-de-cookies\/"},"modified":"2022-03-08T16:44:31","modified_gmt":"2022-03-08T15:44:31","slug":"politica-de-cookies","status":"publish","type":"page","link":"https:\/\/www.maiolegal.com\/pt-pt\/politica-de-cookies\/","title":{"rendered":"POL\u00cdTICA DE COOKIES"},"content":{"rendered":"<p>[et_pb_section fb_built=&#8221;1&#8243; _builder_version=&#8221;4.4.3&#8243; custom_margin=&#8221;||||false|false&#8221; custom_padding=&#8221;1em||1em||false|false&#8221;][et_pb_row admin_label=&#8221;Breadcrumbs + Titulo&#8221; _builder_version=&#8221;4.4.3&#8243; custom_margin=&#8221;||0px||false|false&#8221; custom_padding=&#8221;0px||0px||false|false&#8221; saved_tabs=&#8221;all&#8221;][et_pb_column type=&#8221;4_4&#8243; _builder_version=&#8221;3.27.4&#8243;][et_pb_dcsbcm_divi_breadcrumbs_module homebreadcrumbtext=&#8221;Inicio&#8221; separator=&#8221;sep-pipe&#8221; _builder_version=&#8221;4.4.3&#8243; body_font_size=&#8221;0.9em&#8221; body_line_height=&#8221;1em&#8221; custom_margin=&#8221;0px||-15px||false|false&#8221; custom_padding=&#8221;0px||0px||false|false&#8221;][\/et_pb_dcsbcm_divi_breadcrumbs_module][et_pb_post_title meta=&#8221;off&#8221; featured_image=&#8221;off&#8221; _builder_version=&#8221;4.4.3&#8243; title_font=&#8221;|||on|||||&#8221; title_text_color=&#8221;#afa08e&#8221; title_font_size=&#8221;18px&#8221; custom_margin=&#8221;8px||5px||false|false&#8221; custom_padding=&#8221;0px||0px|22px|false|false&#8221; locked=&#8221;off&#8221;][\/et_pb_post_title][\/et_pb_column][\/et_pb_row][et_pb_row use_custom_gutter=&#8221;on&#8221; gutter_width=&#8221;1&#8243; _builder_version=&#8221;4.4.3&#8243; custom_padding=&#8221;3px||||false|false&#8221;][et_pb_column type=&#8221;4_4&#8243; _builder_version=&#8221;4.4.3&#8243; background_enable_color=&#8221;off&#8221;][et_pb_text _builder_version=&#8221;4.9.4&#8243; header_2_font=&#8221;|700|||||||&#8221; header_2_font_size=&#8221;24px&#8221; header_2_line_height=&#8221;1.2em&#8221; header_3_font=&#8221;|700|||||||&#8221; header_3_font_size=&#8221;1em&#8221; header_3_line_height=&#8221;1.2em&#8221; custom_margin=&#8221;||||false|false&#8221; custom_padding=&#8221;|||20px|false|false&#8221; custom_padding_tablet=&#8221;20px|||0px|false|false&#8221; custom_padding_phone=&#8221;20px|0px|3em|0px|false|false&#8221; custom_padding_last_edited=&#8221;on|phone&#8221; hover_enabled=&#8221;0&#8243; sticky_enabled=&#8221;0&#8243;]<\/p>\n<h2><strong>INFORMA\u00c7\u00c3O SOBRE COOKIES<\/strong><\/h2>\n<p>Na sequ\u00eancia da entrada em vigor da altera\u00e7\u00e3o \u00e0 \u00abLei de Servi\u00e7os da Sociedade da Informa\u00e7\u00e3o\u00bb (LSSICE) estabelecida pelo Real Decreto 13\/2012, \u00e9 obrigat\u00f3rio obter o consentimento expresso do utilizador de todos os sites que usam\u00a0<em>cookies\u00a0<\/em>prescind\u00edveis, previamente \u00e0 navega\u00e7\u00e3o do utilizador nesses sites.<\/p>\n<p>&nbsp;<\/p>\n<h2><strong>O QUE S\u00c3O AS COOKIES?<\/strong><\/h2>\n<p>As\u00a0<em>cookies\u00a0<\/em>e outras tecnologias semelhantes, tais como local shared objects, flash\u00a0<em>cookies\u00a0<\/em>ou pix\u00e9is, s\u00e3o ferramentas utilizadas pelos servidores Web para armazenar e recuperar informa\u00e7\u00e3o acerca dos seus visitantes, bem como para oferecer um correto funcionamento do site.<\/p>\n<p>Mediante o uso destes dispositivos, permite-se ao servidor Web que recorde alguns dados relativos ao utilizador, como as suas prefer\u00eancias para a visualiza\u00e7\u00e3o das p\u00e1ginas desse servidor, nome e palavra-passe, produtos que mais lhe interessam, etc.<\/p>\n<h3><em>COOKIES\u00a0<\/em><strong>AFETADAS PELA LEGISLA\u00c7\u00c3O E <em>COOKIES<\/em> EXCLU\u00cdDAS<\/strong><\/h3>\n<p>Segundo a diretiva da UE, as\u00a0<em>cookies\u00a0<\/em>que requerem o consentimento informado por parte do utilizador s\u00e3o as\u00a0<em>cookies\u00a0<\/em>anal\u00edticas e as de publicidade e afilia\u00e7\u00e3o, ficando exclu\u00eddas as de car\u00e1ter t\u00e9cnico e as necess\u00e1rias para o funcionamento do site ou a presta\u00e7\u00e3o de servi\u00e7os expressamente solicitados pelo utilizador.<\/p>\n<h2>\u00a0<\/h2>\n<h2>TIPOS DE COOKIES<\/h2>\n<h3>CONSOANTE A FINALIDADE<\/h3>\n<p><em><strong>Cookies\u00a0<\/strong><\/em><strong>t\u00e9cnicas e funcionais<\/strong>: s\u00e3o aquelas que permitem ao utilizador a navega\u00e7\u00e3o atrav\u00e9s de um site, aplica\u00e7\u00e3o ou plataforma e a utiliza\u00e7\u00e3o das diferentes op\u00e7\u00f5es ou servi\u00e7os que nele existam<em>.<\/em><\/p>\n<p><em><strong>Cookies\u00a0<\/strong><\/em><strong>anal\u00edticas<\/strong>: s\u00e3o aquelas que permitem ao respons\u00e1vel pelas mesmas o seguimento e an\u00e1lise do comportamento dos utilizadores dos sites a que est\u00e3o vinculadas. A informa\u00e7\u00e3o recolhida por meio deste tipo de\u00a0<em>cookies\u00a0<\/em>\u00e9 utilizada para a medi\u00e7\u00e3o da atividade do site, aplica\u00e7\u00e3o ou plataforma e para a elabora\u00e7\u00e3o de perfis de navega\u00e7\u00e3o dos utilizadores desse site, aplica\u00e7\u00e3o ou plataforma, com o objetivo de introduzir melhorias em fun\u00e7\u00e3o da an\u00e1lise dos dados da utiliza\u00e7\u00e3o feita pelos utilizadores do servi\u00e7o.<\/p>\n<p><em><strong>Cookies\u00a0<\/strong><\/em><strong>publicit\u00e1rias:\u00a0<\/strong>s\u00e3o aquelas que permitem a gest\u00e3o, da forma mais eficaz poss\u00edvel, dos espa\u00e7os publicit\u00e1rios que eventualmente o editor tenha inclu\u00eddo num site, aplica\u00e7\u00e3o ou plataforma a partir do qual presta o servi\u00e7o solicitado, com base em crit\u00e9rios como o conte\u00fado editado ou a frequ\u00eancia com que os an\u00fancios s\u00e3o exibidos.<\/p>\n<p><em><strong>Cookies\u00a0<\/strong><\/em><strong>de publicidade comportamental<\/strong>: recolhem informa\u00e7\u00e3o sobre as prefer\u00eancias e escolhas pessoais do utilizador (<em>retargeting<\/em>) para permitir a gest\u00e3o, da forma mais eficaz poss\u00edvel, dos espa\u00e7os publicit\u00e1rios que eventualmente o editor tenha inclu\u00eddo num site, aplica\u00e7\u00e3o ou plataforma a partir do qual presta o servi\u00e7o solicitado.<\/p>\n<p><em><strong>Cookies\u00a0<\/strong><\/em><strong>sociais<\/strong>: s\u00e3o estabelecidas pelas plataformas de redes sociais nos servi\u00e7os para lhe permitir partilhar conte\u00fados com os seus amigos e redes. As plataformas de redes sociais t\u00eam a capacidade de rastrear a sua atividade online fora dos servi\u00e7os. Isso pode afetar os conte\u00fados e as mensagens que v\u00ea noutros servi\u00e7os que visita.<\/p>\n<p><em><strong>Cookies\u00a0<\/strong><\/em><strong>de afiliados<\/strong>: permitem fazer um seguimento das visitas provenientes de outros sites, com os quais o site estabelece um contrato de afilia\u00e7\u00e3o (empresas de afilia\u00e7\u00e3o).<\/p>\n<p><em><strong>Cookies\u00a0<\/strong><\/em><strong>de seguran\u00e7a<\/strong>: armazenam informa\u00e7\u00e3o encriptada para evitar que os dados nelas guardados sejam vulner\u00e1veis a ataques maliciosos de terceiros.<\/p>\n<p>&nbsp;<\/p>\n<h3>CONSOANTE A PROPRIEDADE<\/h3>\n<p><em><strong>Cookies\u00a0<\/strong><\/em><strong>pr\u00f3prias<\/strong>: s\u00e3o aquelas que s\u00e3o enviadas ao equipamento terminal do utilizador a partir de um equipamento ou dom\u00ednio gerido pelo pr\u00f3prio editor e a partir do qual \u00e9 prestado o servi\u00e7o solicitado pelo utilizador.<\/p>\n<p><em><strong>Cookies\u00a0<\/strong><\/em><strong>de terceiros:\u00a0<\/strong>s\u00e3o aquelas que s\u00e3o enviadas ao equipamento terminal do utilizador a partir de um equipamento ou dom\u00ednio que n\u00e3o \u00e9 gerido pelo editor, mas por outra entidade que trata os dados obtidos atrav\u00e9s das <em>cookies<\/em>.<\/p>\n<p>&nbsp;<\/p>\n<h3>CONSOANTE O PRAZO DE CONSERVA\u00c7\u00c3O<\/h3>\n<p><em><strong>Cookies\u00a0<\/strong><\/em><strong>de sess\u00e3o:\u00a0<\/strong>s\u00e3o um tipo de\u00a0<em>cookies\u00a0<\/em>concebidas para recolher e armazenar dados enquanto o utilizador acede a um site.<\/p>\n<p><em><strong>Cookies\u00a0<\/strong><\/em><strong>persistentes:\u00a0<\/strong>s\u00e3o um tipo de <em>cookies<\/em> em que os dados continuam armazenados no terminal e podem ser acedidos e tratados durante um per\u00edodo definido pelo respons\u00e1vel pela\u00a0<em>cookie<\/em>, e que pode ir de alguns minutos a v\u00e1rios anos.<\/p>\n<p>&nbsp;<\/p>\n<h3>TRATAMENTO DE DADOS PESSOAIS<\/h3>\n<p>A MAIO LEGAL, SLP \u00e9 o\u00a0<strong>Respons\u00e1vel pelo tratamento\u00a0<\/strong>dos dados pessoais do\u00a0<strong>Interessado\u00a0<\/strong>e informa-o de que estes dados ser\u00e3o tratados em conformidade com o disposto no Regulamento (UE) 2016\/679 (RGPD), de 27 de abril de 2016, que contempla a seguinte informa\u00e7\u00e3o do tratamento:<\/p>\n<p><strong>Fins do tratamento:\u00a0<\/strong>conforme especificado na sec\u00e7\u00e3o sobre\u00a0<em>cookies\u00a0<\/em>utilizadas neste site.<\/p>\n<p><strong>Legitima\u00e7\u00e3o do tratamento<\/strong>: consentimento do interessado (artigo 6.1 do RGPD).<\/p>\n<p><strong>Crit\u00e9rios de conserva\u00e7\u00e3o dos dados<\/strong>: conforme especificado na sec\u00e7\u00e3o sobre\u00a0<em>cookies\u00a0<\/em>utilizadas no site.<\/p>\n<p><strong>Comunica\u00e7\u00e3o dos dados<\/strong>: os dados n\u00e3o ser\u00e3o comunicados a terceiros, exceto em <em>cookies<\/em> propriedade de terceiros ou por obriga\u00e7\u00e3o legal.<\/p>\n<h4><strong>Direitos que assistem ao Interessado:<\/strong><\/h4>\n<ul>\n<li>Direito de retirar o consentimento a qualquer altura<\/li>\n<li>Direito de acesso, retifica\u00e7\u00e3o, portabilidade e elimina\u00e7\u00e3o dos seus dados, e de limita\u00e7\u00e3o ou oposi\u00e7\u00e3o ao seu tratamento<\/li>\n<li>Direito de apresentar uma reclama\u00e7\u00e3o junto da Autoridade Supervisora (www.aepd.es) se considerar que o tratamento n\u00e3o est\u00e1 de acordo com a legisla\u00e7\u00e3o aplic\u00e1vel<\/li>\n<\/ul>\n<p><strong>Dados de contacto para exercer os seus direitos:<\/strong><\/p>\n<p>Identidade: MAIO LEGAL, SLP (\u201cMAIO LEGAL\u201d)<\/p>\n<p>Morada: C\/ Alcal\u00e1, 75, 2\u00aa planta, 28009 (Madrid)<\/p>\n<p>Telefone: 91 577 50 20<\/p>\n<p>E-mail: maio@maiolegal.com<\/p>\n<p>&nbsp;<\/p>\n<h2>COOKIES UTILIZADAS NESTE SITE<\/h2>\n<h3><strong>COOKIES CONTROLADAS PELO EDITOR<\/strong><\/h3>\n<h4><strong>T\u00e9cnicas e funcionais<\/strong><\/h4>\n<table width=\"960\">\n<tbody>\n<tr>\n<td width=\"122\">\n<p><strong>Propriedade<\/strong><\/p>\n<\/td>\n<td width=\"109\">\n<p><strong>Cookie<\/strong><\/p>\n<\/td>\n<td width=\"314\">\n<p><strong>Finalidade<\/strong><\/p>\n<\/td>\n<td width=\"96\">\n<p><strong>Prazo<\/strong><\/p>\n<\/td>\n<\/tr>\n<tr>\n<td width=\"122\">\n<p><strong>\u00a0<\/strong><\/p>\n<p>WordPress<\/p>\n<\/td>\n<td width=\"109\">\n<p><strong>\u00a0<\/strong><\/p>\n<p><strong><u>\u00a0\u00a0\u00a0 wp-settings-time-3<\/u><\/strong><\/p>\n<\/td>\n<td width=\"314\">\n<p>O WordPress tamb\u00e9m estabelece algumas cookies de wp-settings-{time}-[UID]. O n\u00famero no final \u00e9 o seu ID de utilizador individual da tabela da base de dados de utilizadores. Estas cookies s\u00e3o usadas para personalizar a sua visualiza\u00e7\u00e3o da interface de administra\u00e7\u00e3o e eventualmente tamb\u00e9m a interface do site principal.<\/p>\n<\/td>\n<td width=\"96\">\n<p>&nbsp;<\/p>\n<p>em 1 ano.<\/p>\n<\/td>\n<\/tr>\n<tr>\n<td width=\"122\">\n<p>Pr\u00f3pria<\/p>\n<\/td>\n<td width=\"109\">\n<p><strong>moove_gdpr_popup<\/strong><\/p>\n<\/td>\n<td width=\"314\">\n<p>Usada para guardar as prefer\u00eancias sobre cookies.<\/p>\n<\/td>\n<td width=\"96\">\n<p>na sess\u00e3o.<\/p>\n<\/td>\n<\/tr>\n<\/tbody>\n<\/table>\n<p>&nbsp;<\/p>\n<h4><strong>Anal\u00edticas<\/strong><\/h4>\n<table width=\"960\">\n<tbody>\n<tr>\n<td width=\"122\">\n<p><strong>Propriedade<\/strong><\/p>\n<\/td>\n<td width=\"109\">\n<p><strong>Cookie<\/strong><\/p>\n<\/td>\n<td width=\"314\">\n<p><strong>Finalidade<\/strong><\/p>\n<\/td>\n<td width=\"96\">\n<p><strong>Prazo<\/strong><\/p>\n<\/td>\n<\/tr>\n<tr>\n<td width=\"122\">\n<p>google.com<\/p>\n<\/td>\n<td width=\"109\">\n<p><strong><u>_gat_gtag_UA_(property-id)<\/u><\/strong><\/p>\n<\/td>\n<td width=\"314\">\n<p>Usada para limitar a percentagem de solicita\u00e7\u00f5es.<\/p>\n<\/td>\n<td width=\"96\">\n<p>em 1 minuto.<\/p>\n<\/td>\n<\/tr>\n<tr>\n<td width=\"122\">\n<p>google.com<\/p>\n<\/td>\n<td width=\"109\">\n<p><strong><u>\u00a0_gid<\/u><\/strong><\/p>\n<\/td>\n<td width=\"314\">\n<p>Usada para distinguir os utilizadores.<\/p>\n<\/td>\n<td width=\"96\">\n<p>em 24 horas.<\/p>\n<\/td>\n<\/tr>\n<tr>\n<td width=\"122\">\n<p>&nbsp;<\/p>\n<p>google.com<\/p>\n<\/td>\n<td width=\"109\">\n<p>&nbsp;<\/p>\n<p><strong><u>_ga<\/u><\/strong><\/p>\n<\/td>\n<td width=\"314\">\n<p>Usada para distinguir os utilizadores.<\/p>\n<\/td>\n<td width=\"96\">\n<p>em 2 anos no browser do utilizador.<\/p>\n<\/td>\n<\/tr>\n<\/tbody>\n<\/table>\n<h3><strong>COOKIES DE TERCEIROS<\/strong><\/h3>\n<p>Os servi\u00e7os de terceiros s\u00e3o alheios ao controlo do editor. Os prestadores podem, a qualquer altura, modificar as suas condi\u00e7\u00f5es de servi\u00e7o, finalidade e utiliza\u00e7\u00e3o das cookies, etc.<\/p>\n<p>&nbsp;<\/p>\n<p><strong>Prestadores externos deste site:<\/strong><\/p>\n<table width=\"960\">\n<tbody>\n<tr>\n<td width=\"352\">\n<p><strong>Editor<\/strong><\/p>\n<\/td>\n<td width=\"608\">\n<p><strong>Pol\u00edtica de Privacidade<\/strong><\/p>\n<\/td>\n<\/tr>\n<\/tbody>\n<\/table>\n<p>&nbsp;<\/p>\n<p><strong>PAINEL DE CONFIGURA\u00c7\u00c3O DE COOKIES<\/strong><\/p>\n<p>Neste painel flutuante poder\u00e1 configurar as cookies que o site pode instalar no seu browser, exceto as cookies t\u00e9cnicas ou funcionais que s\u00e3o necess\u00e1rias para a navega\u00e7\u00e3o e a utiliza\u00e7\u00e3o das diferentes op\u00e7\u00f5es ou servi\u00e7os que s\u00e3o oferecidos.<\/p>\n<p>&nbsp;<\/p>\n<p><strong>COMO GERIR AS COOKIES A PARTIR DO BROWSER<\/strong><\/p>\n<table width=\"960\">\n<tbody>\n<tr>\n<td width=\"192\">\n<p>&nbsp;<\/p>\n<p><strong>Eliminar as cookies do dispositivo<\/strong><\/p>\n<\/td>\n<td width=\"449\">\n<p>As cookies que j\u00e1 est\u00e3o num dispositivo podem ser eliminadas apagando o hist\u00f3rico do browser, o que eliminar\u00e1 as cookies de todos os sites visitados.<\/p>\n<p>No entanto, tamb\u00e9m se pode perder parte da informa\u00e7\u00e3o guardada (por exemplo, os dados de in\u00edcio de sess\u00e3o ou as prefer\u00eancias do site).<\/p>\n<\/td>\n<\/tr>\n<tr>\n<td width=\"192\">\n<p><strong>Gerir as cookies espec\u00edficas do site<\/strong><\/p>\n<\/td>\n<td width=\"449\">\n<p>Para ter um controlo mais preciso das cookies espec\u00edficas de cada site, os utilizadores podem ajustar a sua configura\u00e7\u00e3o de privacidade e cookies no browser.<\/p>\n<\/td>\n<\/tr>\n<tr>\n<td width=\"192\">\n<p>&nbsp;<\/p>\n<p>&nbsp;<\/p>\n<p><strong>Bloquear as cookies<\/strong><\/p>\n<\/td>\n<td width=\"449\">\n<p>Embora a maioria dos browsers modernos possam ser configurados para evitar a instala\u00e7\u00e3o de cookies nos dispositivos, isso pode obrigar ao ajuste manual de determinadas prefer\u00eancias de cada vez que se visita um site ou p\u00e1gina. Al\u00e9m disso, alguns servi\u00e7os e caracter\u00edsticas podem n\u00e3o funcionar corretamente (por exemplo, os in\u00edcios de sess\u00e3o com perfil).<\/p>\n<\/td>\n<\/tr>\n<\/tbody>\n<\/table>\n<p>\u00a0<strong><\/strong><\/p>\n<p>&nbsp;<\/p>\n<p>&nbsp;<\/p>\n<p>&nbsp;<\/p>\n<p>[\/et_pb_text][\/et_pb_column][\/et_pb_row][\/et_pb_section]<\/p>\n","protected":false},"excerpt":{"rendered":"<p>INFORMA\u00c7\u00c3O SOBRE COOKIES Na sequ\u00eancia da entrada em vigor da altera\u00e7\u00e3o \u00e0 \u00abLei de Servi\u00e7os da Sociedade da Informa\u00e7\u00e3o\u00bb (LSSICE) estabelecida pelo Real Decreto 13\/2012, \u00e9 obrigat\u00f3rio obter o consentimento expresso do utilizador de todos os sites que usam\u00a0cookies\u00a0prescind\u00edveis, previamente \u00e0 navega\u00e7\u00e3o do utilizador nesses sites. &nbsp; O QUE S\u00c3O AS COOKIES? As\u00a0cookies\u00a0e outras tecnologias [&hellip;]<\/p>\n","protected":false},"author":1,"featured_media":0,"parent":0,"menu_order":0,"comment_status":"closed","ping_status":"closed","template":"","meta":{"_et_pb_use_builder":"on","_et_pb_old_content":"","_et_gb_content_width":"","footnotes":""},"class_list":["post-14999","page","type-page","status-publish","hentry"],"yoast_head":"<!-- This site is optimized with the Yoast SEO plugin v27.3 - https:\/\/yoast.com\/product\/yoast-seo-wordpress\/ -->\n<title>POL\u00cdTICA DE COOKIES - MAIO Legal<\/title>\n<meta name=\"robots\" content=\"index, follow, max-snippet:-1, max-image-preview:large, max-video-preview:-1\" \/>\n<link rel=\"canonical\" href=\"https:\/\/www.maiolegal.com\/pt-pt\/politica-de-cookies\/\" \/>\n<meta property=\"og:locale\" content=\"pt_PT\" \/>\n<meta property=\"og:type\" content=\"article\" \/>\n<meta property=\"og:title\" content=\"POL\u00cdTICA DE COOKIES - MAIO Legal\" \/>\n<meta property=\"og:description\" content=\"INFORMA\u00c7\u00c3O SOBRE COOKIES Na sequ\u00eancia da entrada em vigor da altera\u00e7\u00e3o \u00e0 \u00abLei de Servi\u00e7os da Sociedade da Informa\u00e7\u00e3o\u00bb (LSSICE) estabelecida pelo Real Decreto 13\/2012, \u00e9 obrigat\u00f3rio obter o consentimento expresso do utilizador de todos os sites que usam\u00a0cookies\u00a0prescind\u00edveis, previamente \u00e0 navega\u00e7\u00e3o do utilizador nesses sites. &nbsp; O QUE S\u00c3O AS COOKIES? As\u00a0cookies\u00a0e outras tecnologias [&hellip;]\" \/>\n<meta property=\"og:url\" content=\"https:\/\/www.maiolegal.com\/pt-pt\/politica-de-cookies\/\" \/>\n<meta property=\"og:site_name\" content=\"MAIO Legal\" \/>\n<meta property=\"article:modified_time\" content=\"2022-03-08T15:44:31+00:00\" \/>\n<meta name=\"twitter:card\" content=\"summary_large_image\" \/>\n<meta name=\"twitter:label1\" content=\"Tempo estimado de leitura\" \/>\n\t<meta name=\"twitter:data1\" content=\"8 minutos\" \/>\n<script type=\"application\/ld+json\" class=\"yoast-schema-graph\">{\"@context\":\"https:\\\/\\\/schema.org\",\"@graph\":[{\"@type\":\"WebPage\",\"@id\":\"https:\\\/\\\/www.maiolegal.com\\\/pt-pt\\\/politica-de-cookies\\\/\",\"url\":\"https:\\\/\\\/www.maiolegal.com\\\/pt-pt\\\/politica-de-cookies\\\/\",\"name\":\"POL\u00cdTICA DE COOKIES - MAIO Legal\",\"isPartOf\":{\"@id\":\"https:\\\/\\\/www.maiolegal.com\\\/pt-pt\\\/#website\"},\"datePublished\":\"2020-09-03T13:37:43+00:00\",\"dateModified\":\"2022-03-08T15:44:31+00:00\",\"breadcrumb\":{\"@id\":\"https:\\\/\\\/www.maiolegal.com\\\/pt-pt\\\/politica-de-cookies\\\/#breadcrumb\"},\"inLanguage\":\"pt-PT\",\"potentialAction\":[{\"@type\":\"ReadAction\",\"target\":[\"https:\\\/\\\/www.maiolegal.com\\\/pt-pt\\\/politica-de-cookies\\\/\"]}]},{\"@type\":\"BreadcrumbList\",\"@id\":\"https:\\\/\\\/www.maiolegal.com\\\/pt-pt\\\/politica-de-cookies\\\/#breadcrumb\",\"itemListElement\":[{\"@type\":\"ListItem\",\"position\":1,\"name\":\"Home\",\"item\":\"https:\\\/\\\/www.maiolegal.com\\\/pt-pt\\\/\"},{\"@type\":\"ListItem\",\"position\":2,\"name\":\"POL\u00cdTICA DE COOKIES\"}]},{\"@type\":\"WebSite\",\"@id\":\"https:\\\/\\\/www.maiolegal.com\\\/pt-pt\\\/#website\",\"url\":\"https:\\\/\\\/www.maiolegal.com\\\/pt-pt\\\/\",\"name\":\"MAIO Legal\",\"description\":\"Asesoramiento legal y tributario\",\"potentialAction\":[{\"@type\":\"SearchAction\",\"target\":{\"@type\":\"EntryPoint\",\"urlTemplate\":\"https:\\\/\\\/www.maiolegal.com\\\/pt-pt\\\/?s={search_term_string}\"},\"query-input\":{\"@type\":\"PropertyValueSpecification\",\"valueRequired\":true,\"valueName\":\"search_term_string\"}}],\"inLanguage\":\"pt-PT\"}]}<\/script>\n<!-- \/ Yoast SEO plugin. -->","yoast_head_json":{"title":"POL\u00cdTICA DE COOKIES - MAIO Legal","robots":{"index":"index","follow":"follow","max-snippet":"max-snippet:-1","max-image-preview":"max-image-preview:large","max-video-preview":"max-video-preview:-1"},"canonical":"https:\/\/www.maiolegal.com\/pt-pt\/politica-de-cookies\/","og_locale":"pt_PT","og_type":"article","og_title":"POL\u00cdTICA DE COOKIES - MAIO Legal","og_description":"INFORMA\u00c7\u00c3O SOBRE COOKIES Na sequ\u00eancia da entrada em vigor da altera\u00e7\u00e3o \u00e0 \u00abLei de Servi\u00e7os da Sociedade da Informa\u00e7\u00e3o\u00bb (LSSICE) estabelecida pelo Real Decreto 13\/2012, \u00e9 obrigat\u00f3rio obter o consentimento expresso do utilizador de todos os sites que usam\u00a0cookies\u00a0prescind\u00edveis, previamente \u00e0 navega\u00e7\u00e3o do utilizador nesses sites. &nbsp; O QUE S\u00c3O AS COOKIES? As\u00a0cookies\u00a0e outras tecnologias [&hellip;]","og_url":"https:\/\/www.maiolegal.com\/pt-pt\/politica-de-cookies\/","og_site_name":"MAIO Legal","article_modified_time":"2022-03-08T15:44:31+00:00","twitter_card":"summary_large_image","twitter_misc":{"Tempo estimado de leitura":"8 minutos"},"schema":{"@context":"https:\/\/schema.org","@graph":[{"@type":"WebPage","@id":"https:\/\/www.maiolegal.com\/pt-pt\/politica-de-cookies\/","url":"https:\/\/www.maiolegal.com\/pt-pt\/politica-de-cookies\/","name":"POL\u00cdTICA DE COOKIES - MAIO Legal","isPartOf":{"@id":"https:\/\/www.maiolegal.com\/pt-pt\/#website"},"datePublished":"2020-09-03T13:37:43+00:00","dateModified":"2022-03-08T15:44:31+00:00","breadcrumb":{"@id":"https:\/\/www.maiolegal.com\/pt-pt\/politica-de-cookies\/#breadcrumb"},"inLanguage":"pt-PT","potentialAction":[{"@type":"ReadAction","target":["https:\/\/www.maiolegal.com\/pt-pt\/politica-de-cookies\/"]}]},{"@type":"BreadcrumbList","@id":"https:\/\/www.maiolegal.com\/pt-pt\/politica-de-cookies\/#breadcrumb","itemListElement":[{"@type":"ListItem","position":1,"name":"Home","item":"https:\/\/www.maiolegal.com\/pt-pt\/"},{"@type":"ListItem","position":2,"name":"POL\u00cdTICA DE COOKIES"}]},{"@type":"WebSite","@id":"https:\/\/www.maiolegal.com\/pt-pt\/#website","url":"https:\/\/www.maiolegal.com\/pt-pt\/","name":"MAIO Legal","description":"Asesoramiento legal y tributario","potentialAction":[{"@type":"SearchAction","target":{"@type":"EntryPoint","urlTemplate":"https:\/\/www.maiolegal.com\/pt-pt\/?s={search_term_string}"},"query-input":{"@type":"PropertyValueSpecification","valueRequired":true,"valueName":"search_term_string"}}],"inLanguage":"pt-PT"}]}},"_links":{"self":[{"href":"https:\/\/www.maiolegal.com\/pt-pt\/wp-json\/wp\/v2\/pages\/14999","targetHints":{"allow":["GET"]}}],"collection":[{"href":"https:\/\/www.maiolegal.com\/pt-pt\/wp-json\/wp\/v2\/pages"}],"about":[{"href":"https:\/\/www.maiolegal.com\/pt-pt\/wp-json\/wp\/v2\/types\/page"}],"author":[{"embeddable":true,"href":"https:\/\/www.maiolegal.com\/pt-pt\/wp-json\/wp\/v2\/users\/1"}],"replies":[{"embeddable":true,"href":"https:\/\/www.maiolegal.com\/pt-pt\/wp-json\/wp\/v2\/comments?post=14999"}],"version-history":[{"count":3,"href":"https:\/\/www.maiolegal.com\/pt-pt\/wp-json\/wp\/v2\/pages\/14999\/revisions"}],"predecessor-version":[{"id":15004,"href":"https:\/\/www.maiolegal.com\/pt-pt\/wp-json\/wp\/v2\/pages\/14999\/revisions\/15004"}],"wp:attachment":[{"href":"https:\/\/www.maiolegal.com\/pt-pt\/wp-json\/wp\/v2\/media?parent=14999"}],"curies":[{"name":"wp","href":"https:\/\/api.w.org\/{rel}","templated":true}]}}