{"id":15022,"date":"2020-09-08T12:02:53","date_gmt":"2020-09-08T10:02:53","guid":{"rendered":"https:\/\/www.maiolegal.com\/canal-etica\/"},"modified":"2022-03-08T17:10:27","modified_gmt":"2022-03-08T16:10:27","slug":"canal-de-etica","status":"publish","type":"page","link":"https:\/\/www.maiolegal.com\/pt-pt\/canal-de-etica\/","title":{"rendered":"Canal de \u00c9tica"},"content":{"rendered":"<p>[et_pb_section fb_built=&#8221;1&#8243; _builder_version=&#8221;4.4.3&#8243; custom_margin=&#8221;||||false|false&#8221; custom_padding=&#8221;1em||2em||false|false&#8221; locked=&#8221;off&#8221;][et_pb_row admin_label=&#8221;Breadcrumbs + Titulo&#8221; _builder_version=&#8221;4.9.4&#8243; custom_margin=&#8221;||0px||false|false&#8221; custom_padding=&#8221;0px||0px||false|false&#8221; saved_tabs=&#8221;all&#8221;][et_pb_column type=&#8221;4_4&#8243; _builder_version=&#8221;3.27.4&#8243;][et_pb_dcsbcm_divi_breadcrumbs_module homebreadcrumbtext=&#8221;Inicio&#8221; separator=&#8221;sep-pipe&#8221; _builder_version=&#8221;4.4.3&#8243; body_font_size=&#8221;0.9em&#8221; body_line_height=&#8221;1em&#8221; custom_margin=&#8221;0px||-15px||false|false&#8221; custom_padding=&#8221;0px||0px||false|false&#8221;][\/et_pb_dcsbcm_divi_breadcrumbs_module][et_pb_post_title meta=&#8221;off&#8221; featured_image=&#8221;off&#8221; admin_label=&#8221;T\u00edtulo de publicaci\u00f3n&#8221; _builder_version=&#8221;4.4.3&#8243; title_font=&#8221;|||on|||||&#8221; title_text_color=&#8221;#afa08e&#8221; title_font_size=&#8221;18px&#8221; custom_margin=&#8221;8px||5px||false|false&#8221; custom_padding=&#8221;0px||0px|22px|false|false&#8221; locked=&#8221;off&#8221;][\/et_pb_post_title][\/et_pb_column][\/et_pb_row][et_pb_row _builder_version=&#8221;4.4.1&#8243; custom_padding=&#8221;4px||3px|||&#8221;][et_pb_column type=&#8221;4_4&#8243; _builder_version=&#8221;3.27.4&#8243;][et_pb_text _builder_version=&#8221;4.9.4&#8243; header_2_font=&#8221;||||||||&#8221; header_2_font_size=&#8221;1.1em&#8221; header_2_line_height=&#8221;1.2em&#8221; background_size=&#8221;initial&#8221; background_position=&#8221;top_left&#8221; background_repeat=&#8221;repeat&#8221; hover_enabled=&#8221;0&#8243; sticky_enabled=&#8221;0&#8243;]<\/p>\n<p>No \u00e2mbito das novas exig\u00eancias reguladoras, no que diz respeito \u00e0 estrutura de conformidade, a MAIO Legal conta com uma Unidade de Conformidade que supervisiona o funcionamento e cumprimento do modelo de preven\u00e7\u00e3o penal do Grupo, promovendo o comportamento \u00e9tico dos seus empregados e vigiando o cumprimento da legisla\u00e7\u00e3o em vigor aplic\u00e1vel \u00e0s atividades do Grupo e das normas internas da organiza\u00e7\u00e3o.<\/p>\n<p>Conta tamb\u00e9m com um Canal de \u00c9tica, Comunica\u00e7\u00e3o e Den\u00fancias, para que qualquer pessoa relacionada com a atividade da MAIO Legal possa informar, comunicar ou denunciar factos, irregularidades, riscos, a\u00e7\u00f5es ou omiss\u00f5es que possam envolver a comiss\u00e3o de delitos, incumprimentos das normas e leis aplic\u00e1veis \u00e0 entidade e condutas contr\u00e1rias aos protocolos e procedimentos adotados para garantir o cumprimento dessas normas, bem como solicitar o exerc\u00edcio dos seus direitos de prote\u00e7\u00e3o de dados e comunicar irregularidades ou riscos nesta mat\u00e9ria, cometidos por empregados ou sociedades.<\/p>\n<p>Trata-se de um canal de comunica\u00e7\u00e3o confidencial entre clientes, fornecedores, empregados, etc. vinculados \u00e0 MAIO Legal com o Administrador e a Dire\u00e7\u00e3o da Sociedade.<\/p>\n<p>Portanto, poder\u00e1 utilizar este canal para:<\/p>\n<ol>\n<li>Qualquer facto, ind\u00edcio, irregularidade, risco ou conhecimento de poss\u00edveis delitos e\/ou incumprimentos legais no \u00e2mbito da atividade da entidade, bem como qualquer atua\u00e7\u00e3o contr\u00e1ria aos protocolos, procedimentos e c\u00f3digos adotados pela entidade.<\/li>\n<li>Qualquer opera\u00e7\u00e3o suspeita, incid\u00eancia ou risco em mat\u00e9ria de branqueamento de capitais e financiamento do terrorismo, bem como qualquer conduta contr\u00e1ria aos protocolos e procedimentos adotados pela entidade nesta mat\u00e9ria.<\/li>\n<li>Qualquer ind\u00edcio, suspeita ou evid\u00eancia de comportamento n\u00e3o \u00e9tico, discriminat\u00f3rio, contr\u00e1rio \u00e0 igualdade das pessoas e poss\u00edvel ass\u00e9dio no local de trabalho e\/ou ass\u00e9dio sexual.<\/li>\n<li>Qualquer facto, ind\u00edcio, irregularidade, risco ou incumprimento da legisla\u00e7\u00e3o em vigor em mat\u00e9ria de prote\u00e7\u00e3o de dados e, com car\u00e1ter especial, as viola\u00e7\u00f5es ou falhas de seguran\u00e7a das quais possa ter conhecimento, bem como qualquer outra conduta contr\u00e1ria aos protocolos e procedimentos adotados pela entidade nesta mat\u00e9ria.<\/li>\n<li>Tamb\u00e9m para efetuar qualquer pedido ou consulta sobre os seus Direitos de Acesso, Retifica\u00e7\u00e3o, Supervis\u00e3o ou Limita\u00e7\u00e3o relativamente aos seus dados de car\u00e1ter pessoal.<\/li>\n<\/ol>\n<p>[\/et_pb_text][et_pb_button button_url=&#8221;@ET-DC@eyJkeW5hbWljIjp0cnVlLCJjb250ZW50IjoicG9zdF9saW5rX3VybF9wYWdlIiwic2V0dGluZ3MiOnsicG9zdF9pZCI6Ijk4NjAifX0=@&#8221; button_text=&#8221;Acesso ao Canal de \u00c9tica&#8221; button_alignment=&#8221;center&#8221; _builder_version=&#8221;4.9.4&#8243; _dynamic_attributes=&#8221;button_url&#8221; custom_button=&#8221;on&#8221; button_text_size=&#8221;17px&#8221; button_text_color=&#8221;#000000&#8243; button_border_width=&#8221;0px&#8221; button_font=&#8221;|700|||||||&#8221; button_icon=&#8221;%%3%%&#8221; custom_padding=&#8221;10px||||false|false&#8221; hover_enabled=&#8221;0&#8243; saved_tabs=&#8221;all&#8221; locked=&#8221;off&#8221; button_text_color__hover_enabled=&#8221;on|desktop&#8221; button_text_color__hover=&#8221;#777777&#8243; button_bg_color__hover_enabled=&#8221;on|desktop&#8221; sticky_enabled=&#8221;0&#8243;][\/et_pb_button][\/et_pb_column][\/et_pb_row][\/et_pb_section]<\/p>\n","protected":false},"excerpt":{"rendered":"<p>No \u00e2mbito das novas exig\u00eancias reguladoras, no que diz respeito \u00e0 estrutura de conformidade, a MAIO Legal conta com uma Unidade de Conformidade que supervisiona o funcionamento e cumprimento do modelo de preven\u00e7\u00e3o penal do Grupo, promovendo o comportamento \u00e9tico dos seus empregados e vigiando o cumprimento da legisla\u00e7\u00e3o em vigor aplic\u00e1vel \u00e0s atividades do [&hellip;]<\/p>\n","protected":false},"author":1,"featured_media":0,"parent":0,"menu_order":0,"comment_status":"closed","ping_status":"closed","template":"","meta":{"_et_pb_use_builder":"on","_et_pb_old_content":"","_et_gb_content_width":"","footnotes":""},"class_list":["post-15022","page","type-page","status-publish","hentry"],"yoast_head":"<!-- This site is optimized with the Yoast SEO plugin v27.3 - https:\/\/yoast.com\/product\/yoast-seo-wordpress\/ -->\n<title>Canal de \u00c9tica - MAIO Legal<\/title>\n<meta name=\"robots\" content=\"index, follow, max-snippet:-1, max-image-preview:large, max-video-preview:-1\" \/>\n<link rel=\"canonical\" href=\"https:\/\/www.maiolegal.com\/pt-pt\/canal-de-etica\/\" \/>\n<meta property=\"og:locale\" content=\"pt_PT\" \/>\n<meta property=\"og:type\" content=\"article\" \/>\n<meta property=\"og:title\" content=\"Canal de \u00c9tica - MAIO Legal\" \/>\n<meta property=\"og:description\" content=\"No \u00e2mbito das novas exig\u00eancias reguladoras, no que diz respeito \u00e0 estrutura de conformidade, a MAIO Legal conta com uma Unidade de Conformidade que supervisiona o funcionamento e cumprimento do modelo de preven\u00e7\u00e3o penal do Grupo, promovendo o comportamento \u00e9tico dos seus empregados e vigiando o cumprimento da legisla\u00e7\u00e3o em vigor aplic\u00e1vel \u00e0s atividades do [&hellip;]\" \/>\n<meta property=\"og:url\" content=\"https:\/\/www.maiolegal.com\/pt-pt\/canal-de-etica\/\" \/>\n<meta property=\"og:site_name\" content=\"MAIO Legal\" \/>\n<meta property=\"article:modified_time\" content=\"2022-03-08T16:10:27+00:00\" \/>\n<meta name=\"twitter:card\" content=\"summary_large_image\" \/>\n<meta name=\"twitter:label1\" content=\"Tempo estimado de leitura\" \/>\n\t<meta name=\"twitter:data1\" content=\"3 minutos\" \/>\n<script type=\"application\/ld+json\" class=\"yoast-schema-graph\">{\"@context\":\"https:\\\/\\\/schema.org\",\"@graph\":[{\"@type\":\"WebPage\",\"@id\":\"https:\\\/\\\/www.maiolegal.com\\\/pt-pt\\\/canal-de-etica\\\/\",\"url\":\"https:\\\/\\\/www.maiolegal.com\\\/pt-pt\\\/canal-de-etica\\\/\",\"name\":\"Canal de \u00c9tica - MAIO Legal\",\"isPartOf\":{\"@id\":\"https:\\\/\\\/www.maiolegal.com\\\/pt-pt\\\/#website\"},\"datePublished\":\"2020-09-08T10:02:53+00:00\",\"dateModified\":\"2022-03-08T16:10:27+00:00\",\"breadcrumb\":{\"@id\":\"https:\\\/\\\/www.maiolegal.com\\\/pt-pt\\\/canal-de-etica\\\/#breadcrumb\"},\"inLanguage\":\"pt-PT\",\"potentialAction\":[{\"@type\":\"ReadAction\",\"target\":[\"https:\\\/\\\/www.maiolegal.com\\\/pt-pt\\\/canal-de-etica\\\/\"]}]},{\"@type\":\"BreadcrumbList\",\"@id\":\"https:\\\/\\\/www.maiolegal.com\\\/pt-pt\\\/canal-de-etica\\\/#breadcrumb\",\"itemListElement\":[{\"@type\":\"ListItem\",\"position\":1,\"name\":\"Home\",\"item\":\"https:\\\/\\\/www.maiolegal.com\\\/pt-pt\\\/\"},{\"@type\":\"ListItem\",\"position\":2,\"name\":\"Canal de \u00c9tica\"}]},{\"@type\":\"WebSite\",\"@id\":\"https:\\\/\\\/www.maiolegal.com\\\/pt-pt\\\/#website\",\"url\":\"https:\\\/\\\/www.maiolegal.com\\\/pt-pt\\\/\",\"name\":\"MAIO Legal\",\"description\":\"Asesoramiento legal y tributario\",\"potentialAction\":[{\"@type\":\"SearchAction\",\"target\":{\"@type\":\"EntryPoint\",\"urlTemplate\":\"https:\\\/\\\/www.maiolegal.com\\\/pt-pt\\\/?s={search_term_string}\"},\"query-input\":{\"@type\":\"PropertyValueSpecification\",\"valueRequired\":true,\"valueName\":\"search_term_string\"}}],\"inLanguage\":\"pt-PT\"}]}<\/script>\n<!-- \/ Yoast SEO plugin. -->","yoast_head_json":{"title":"Canal de \u00c9tica - MAIO Legal","robots":{"index":"index","follow":"follow","max-snippet":"max-snippet:-1","max-image-preview":"max-image-preview:large","max-video-preview":"max-video-preview:-1"},"canonical":"https:\/\/www.maiolegal.com\/pt-pt\/canal-de-etica\/","og_locale":"pt_PT","og_type":"article","og_title":"Canal de \u00c9tica - MAIO Legal","og_description":"No \u00e2mbito das novas exig\u00eancias reguladoras, no que diz respeito \u00e0 estrutura de conformidade, a MAIO Legal conta com uma Unidade de Conformidade que supervisiona o funcionamento e cumprimento do modelo de preven\u00e7\u00e3o penal do Grupo, promovendo o comportamento \u00e9tico dos seus empregados e vigiando o cumprimento da legisla\u00e7\u00e3o em vigor aplic\u00e1vel \u00e0s atividades do [&hellip;]","og_url":"https:\/\/www.maiolegal.com\/pt-pt\/canal-de-etica\/","og_site_name":"MAIO Legal","article_modified_time":"2022-03-08T16:10:27+00:00","twitter_card":"summary_large_image","twitter_misc":{"Tempo estimado de leitura":"3 minutos"},"schema":{"@context":"https:\/\/schema.org","@graph":[{"@type":"WebPage","@id":"https:\/\/www.maiolegal.com\/pt-pt\/canal-de-etica\/","url":"https:\/\/www.maiolegal.com\/pt-pt\/canal-de-etica\/","name":"Canal de \u00c9tica - MAIO Legal","isPartOf":{"@id":"https:\/\/www.maiolegal.com\/pt-pt\/#website"},"datePublished":"2020-09-08T10:02:53+00:00","dateModified":"2022-03-08T16:10:27+00:00","breadcrumb":{"@id":"https:\/\/www.maiolegal.com\/pt-pt\/canal-de-etica\/#breadcrumb"},"inLanguage":"pt-PT","potentialAction":[{"@type":"ReadAction","target":["https:\/\/www.maiolegal.com\/pt-pt\/canal-de-etica\/"]}]},{"@type":"BreadcrumbList","@id":"https:\/\/www.maiolegal.com\/pt-pt\/canal-de-etica\/#breadcrumb","itemListElement":[{"@type":"ListItem","position":1,"name":"Home","item":"https:\/\/www.maiolegal.com\/pt-pt\/"},{"@type":"ListItem","position":2,"name":"Canal de \u00c9tica"}]},{"@type":"WebSite","@id":"https:\/\/www.maiolegal.com\/pt-pt\/#website","url":"https:\/\/www.maiolegal.com\/pt-pt\/","name":"MAIO Legal","description":"Asesoramiento legal y tributario","potentialAction":[{"@type":"SearchAction","target":{"@type":"EntryPoint","urlTemplate":"https:\/\/www.maiolegal.com\/pt-pt\/?s={search_term_string}"},"query-input":{"@type":"PropertyValueSpecification","valueRequired":true,"valueName":"search_term_string"}}],"inLanguage":"pt-PT"}]}},"_links":{"self":[{"href":"https:\/\/www.maiolegal.com\/pt-pt\/wp-json\/wp\/v2\/pages\/15022","targetHints":{"allow":["GET"]}}],"collection":[{"href":"https:\/\/www.maiolegal.com\/pt-pt\/wp-json\/wp\/v2\/pages"}],"about":[{"href":"https:\/\/www.maiolegal.com\/pt-pt\/wp-json\/wp\/v2\/types\/page"}],"author":[{"embeddable":true,"href":"https:\/\/www.maiolegal.com\/pt-pt\/wp-json\/wp\/v2\/users\/1"}],"replies":[{"embeddable":true,"href":"https:\/\/www.maiolegal.com\/pt-pt\/wp-json\/wp\/v2\/comments?post=15022"}],"version-history":[{"count":3,"href":"https:\/\/www.maiolegal.com\/pt-pt\/wp-json\/wp\/v2\/pages\/15022\/revisions"}],"predecessor-version":[{"id":15025,"href":"https:\/\/www.maiolegal.com\/pt-pt\/wp-json\/wp\/v2\/pages\/15022\/revisions\/15025"}],"wp:attachment":[{"href":"https:\/\/www.maiolegal.com\/pt-pt\/wp-json\/wp\/v2\/media?parent=15022"}],"curies":[{"name":"wp","href":"https:\/\/api.w.org\/{rel}","templated":true}]}}