{"id":18137,"date":"2024-04-18T11:19:26","date_gmt":"2024-04-18T09:19:26","guid":{"rendered":"https:\/\/www.maiolegal.com\/ana-martinez-jurado-en-la-competicion-internacional-de-arbitraje-y-derecho-mercantil\/"},"modified":"2024-04-18T11:19:26","modified_gmt":"2024-04-18T09:19:26","slug":"ana-martinez-jurado-en-la-competicion-internacional-de-arbitraje-y-derecho-mercantil","status":"publish","type":"page","link":"https:\/\/www.maiolegal.com\/pt-pt\/ana-martinez-jurado-en-la-competicion-internacional-de-arbitraje-y-derecho-mercantil\/","title":{"rendered":"Ana Mart\u00ednez, jurado en la competici\u00f3n Internacional de Arbitraje y Derecho Mercantil"},"content":{"rendered":"<p><img loading=\"lazy\" decoding=\"async\" class=\"aligncenter size-full wp-image-18132\" src=\"https:\/\/www.maiolegal.com\/wp-content\/uploads\/Ana-Martinez-Moot-2024.png\" alt=\"\" width=\"1912\" height=\"1004\" srcset=\"https:\/\/www.maiolegal.com\/wp-content\/uploads\/Ana-Martinez-Moot-2024.png 1912w, https:\/\/www.maiolegal.com\/wp-content\/uploads\/Ana-Martinez-Moot-2024-1280x672.png 1280w, https:\/\/www.maiolegal.com\/wp-content\/uploads\/Ana-Martinez-Moot-2024-980x515.png 980w, https:\/\/www.maiolegal.com\/wp-content\/uploads\/Ana-Martinez-Moot-2024-480x252.png 480w\" sizes=\"(min-width: 0px) and (max-width: 480px) 480px, (min-width: 481px) and (max-width: 980px) 980px, (min-width: 981px) and (max-width: 1280px) 1280px, (min-width: 1281px) 1912px, 100vw\" \/><\/p>\n<p><a href=\"https:\/\/www.maiolegal.com\/pt-pt\/equipo\/profesional\/ana-martinez\/\">Ana Mart\u00ednez<\/a>, socia procesalista de nuestra oficina en Madrid y vocal de la Corte de Arbitraje del Ilustre Colegio de la Abogac\u00eda de Madrid, ha ejercido como Presidenta del Tribunal Arbitral en la \u00faltima edici\u00f3n de la <a href=\"https:\/\/www.mootmadrid.es\/2024\/\">MOOT<\/a>, junto a sus colegas Ciara Vicente Mampel y Pedro Ruiz Sanchez.<\/p>\n<p>En esta ocasi\u00f3n, la destacada exposici\u00f3n estuvo a cargo de alumnos de la Universidad Pompeu Fabra y de la Universidad Nacional Aut\u00f3noma de M\u00e9xico, quienes participaron activamente en este evento de renombre internacional.<\/p>\n<p>La Competici\u00f3n Internacional de Arbitraje y Derecho Mercantil re\u00fane a \u00e1rbitros y estudiantes de Espa\u00f1a e Iberoam\u00e9rica con el prop\u00f3sito de brindar una formaci\u00f3n integral en temas relacionados con el Derecho Uniforme del Comercio Internacional y promover la resoluci\u00f3n de disputas a trav\u00e9s del arbitraje como un m\u00e9todo alternativo. Adem\u00e1s, esta competici\u00f3n contribuye al fortalecimiento del uso del idioma espa\u00f1ol y fomenta la diversidad cultural dentro de la comunidad hispanohablante.<\/p>\n","protected":false},"excerpt":{"rendered":"<p>Ana Mart\u00ednez, socia procesalista de nuestra oficina en Madrid y vocal de la Corte de Arbitraje del Ilustre Colegio de la Abogac\u00eda de Madrid, ha ejercido como Presidenta del Tribunal Arbitral en la \u00faltima edici\u00f3n de la MOOT, junto a sus colegas Ciara Vicente Mampel y Pedro Ruiz Sanchez. En esta ocasi\u00f3n, la destacada exposici\u00f3n [&hellip;]<\/p>\n","protected":false},"author":4,"featured_media":18134,"parent":0,"menu_order":0,"comment_status":"closed","ping_status":"closed","template":"","meta":{"_et_pb_use_builder":"","_et_pb_old_content":"","_et_gb_content_width":"","footnotes":""},"class_list":["post-18137","page","type-page","status-publish","has-post-thumbnail","hentry"],"yoast_head":"<!-- This site is optimized with the Yoast SEO plugin v27.4 - https:\/\/yoast.com\/product\/yoast-seo-wordpress\/ -->\n<title>Ana Mart\u00ednez, jurado en la competici\u00f3n Internacional de Arbitraje y Derecho Mercantil - MAIO Legal<\/title>\n<meta name=\"robots\" content=\"index, follow, max-snippet:-1, max-image-preview:large, max-video-preview:-1\" \/>\n<link rel=\"canonical\" href=\"https:\/\/www.maiolegal.com\/pt-pt\/ana-martinez-jurado-en-la-competicion-internacional-de-arbitraje-y-derecho-mercantil\/\" \/>\n<meta property=\"og:locale\" content=\"pt_PT\" \/>\n<meta property=\"og:type\" content=\"article\" \/>\n<meta property=\"og:title\" content=\"Ana Mart\u00ednez, jurado en la competici\u00f3n Internacional de Arbitraje y Derecho Mercantil - MAIO Legal\" \/>\n<meta property=\"og:description\" content=\"Ana Mart\u00ednez, socia procesalista de nuestra oficina en Madrid y vocal de la Corte de Arbitraje del Ilustre Colegio de la Abogac\u00eda de Madrid, ha ejercido como Presidenta del Tribunal Arbitral en la \u00faltima edici\u00f3n de la MOOT, junto a sus colegas Ciara Vicente Mampel y Pedro Ruiz Sanchez. En esta ocasi\u00f3n, la destacada exposici\u00f3n [&hellip;]\" \/>\n<meta property=\"og:url\" content=\"https:\/\/www.maiolegal.com\/pt-pt\/ana-martinez-jurado-en-la-competicion-internacional-de-arbitraje-y-derecho-mercantil\/\" \/>\n<meta property=\"og:site_name\" content=\"MAIO Legal\" \/>\n<meta property=\"og:image\" content=\"https:\/\/www.maiolegal.com\/wp-content\/uploads\/Ana-Martinez-Moot-2024.png\" \/>\n<meta name=\"twitter:card\" content=\"summary_large_image\" \/>\n<meta name=\"twitter:label1\" content=\"Tempo estimado de leitura\" \/>\n\t<meta name=\"twitter:data1\" content=\"1 minuto\" \/>\n<script type=\"application\/ld+json\" class=\"yoast-schema-graph\">{\"@context\":\"https:\\\/\\\/schema.org\",\"@graph\":[{\"@type\":\"WebPage\",\"@id\":\"https:\\\/\\\/www.maiolegal.com\\\/pt-pt\\\/ana-martinez-jurado-en-la-competicion-internacional-de-arbitraje-y-derecho-mercantil\\\/\",\"url\":\"https:\\\/\\\/www.maiolegal.com\\\/pt-pt\\\/ana-martinez-jurado-en-la-competicion-internacional-de-arbitraje-y-derecho-mercantil\\\/\",\"name\":\"Ana Mart\u00ednez, jurado en la competici\u00f3n Internacional de Arbitraje y Derecho Mercantil - MAIO Legal\",\"isPartOf\":{\"@id\":\"https:\\\/\\\/www.maiolegal.com\\\/pt-pt\\\/#website\"},\"primaryImageOfPage\":{\"@id\":\"https:\\\/\\\/www.maiolegal.com\\\/pt-pt\\\/ana-martinez-jurado-en-la-competicion-internacional-de-arbitraje-y-derecho-mercantil\\\/#primaryimage\"},\"image\":{\"@id\":\"https:\\\/\\\/www.maiolegal.com\\\/pt-pt\\\/ana-martinez-jurado-en-la-competicion-internacional-de-arbitraje-y-derecho-mercantil\\\/#primaryimage\"},\"thumbnailUrl\":\"https:\\\/\\\/www.maiolegal.com\\\/wp-content\\\/uploads\\\/Ana-Martinez-Moot-2024.png\",\"datePublished\":\"2024-04-18T09:19:26+00:00\",\"breadcrumb\":{\"@id\":\"https:\\\/\\\/www.maiolegal.com\\\/pt-pt\\\/ana-martinez-jurado-en-la-competicion-internacional-de-arbitraje-y-derecho-mercantil\\\/#breadcrumb\"},\"inLanguage\":\"pt-PT\",\"potentialAction\":[{\"@type\":\"ReadAction\",\"target\":[\"https:\\\/\\\/www.maiolegal.com\\\/pt-pt\\\/ana-martinez-jurado-en-la-competicion-internacional-de-arbitraje-y-derecho-mercantil\\\/\"]}]},{\"@type\":\"ImageObject\",\"inLanguage\":\"pt-PT\",\"@id\":\"https:\\\/\\\/www.maiolegal.com\\\/pt-pt\\\/ana-martinez-jurado-en-la-competicion-internacional-de-arbitraje-y-derecho-mercantil\\\/#primaryimage\",\"url\":\"https:\\\/\\\/www.maiolegal.com\\\/wp-content\\\/uploads\\\/Ana-Martinez-Moot-2024.png\",\"contentUrl\":\"https:\\\/\\\/www.maiolegal.com\\\/wp-content\\\/uploads\\\/Ana-Martinez-Moot-2024.png\",\"width\":1912,\"height\":1004},{\"@type\":\"BreadcrumbList\",\"@id\":\"https:\\\/\\\/www.maiolegal.com\\\/pt-pt\\\/ana-martinez-jurado-en-la-competicion-internacional-de-arbitraje-y-derecho-mercantil\\\/#breadcrumb\",\"itemListElement\":[{\"@type\":\"ListItem\",\"position\":1,\"name\":\"Home\",\"item\":\"https:\\\/\\\/www.maiolegal.com\\\/pt-pt\\\/\"},{\"@type\":\"ListItem\",\"position\":2,\"name\":\"Ana Mart\u00ednez, jurado en la competici\u00f3n Internacional de Arbitraje y Derecho Mercantil\"}]},{\"@type\":\"WebSite\",\"@id\":\"https:\\\/\\\/www.maiolegal.com\\\/pt-pt\\\/#website\",\"url\":\"https:\\\/\\\/www.maiolegal.com\\\/pt-pt\\\/\",\"name\":\"MAIO Legal\",\"description\":\"Asesoramiento legal y tributario\",\"potentialAction\":[{\"@type\":\"SearchAction\",\"target\":{\"@type\":\"EntryPoint\",\"urlTemplate\":\"https:\\\/\\\/www.maiolegal.com\\\/pt-pt\\\/?s={search_term_string}\"},\"query-input\":{\"@type\":\"PropertyValueSpecification\",\"valueRequired\":true,\"valueName\":\"search_term_string\"}}],\"inLanguage\":\"pt-PT\"}]}<\/script>\n<!-- \/ Yoast SEO plugin. -->","yoast_head_json":{"title":"Ana Mart\u00ednez, jurado en la competici\u00f3n Internacional de Arbitraje y Derecho Mercantil - MAIO Legal","robots":{"index":"index","follow":"follow","max-snippet":"max-snippet:-1","max-image-preview":"max-image-preview:large","max-video-preview":"max-video-preview:-1"},"canonical":"https:\/\/www.maiolegal.com\/pt-pt\/ana-martinez-jurado-en-la-competicion-internacional-de-arbitraje-y-derecho-mercantil\/","og_locale":"pt_PT","og_type":"article","og_title":"Ana Mart\u00ednez, jurado en la competici\u00f3n Internacional de Arbitraje y Derecho Mercantil - MAIO Legal","og_description":"Ana Mart\u00ednez, socia procesalista de nuestra oficina en Madrid y vocal de la Corte de Arbitraje del Ilustre Colegio de la Abogac\u00eda de Madrid, ha ejercido como Presidenta del Tribunal Arbitral en la \u00faltima edici\u00f3n de la MOOT, junto a sus colegas Ciara Vicente Mampel y Pedro Ruiz Sanchez. En esta ocasi\u00f3n, la destacada exposici\u00f3n [&hellip;]","og_url":"https:\/\/www.maiolegal.com\/pt-pt\/ana-martinez-jurado-en-la-competicion-internacional-de-arbitraje-y-derecho-mercantil\/","og_site_name":"MAIO Legal","og_image":[{"url":"https:\/\/www.maiolegal.com\/wp-content\/uploads\/Ana-Martinez-Moot-2024.png","type":"","width":"","height":""}],"twitter_card":"summary_large_image","twitter_misc":{"Tempo estimado de leitura":"1 minuto"},"schema":{"@context":"https:\/\/schema.org","@graph":[{"@type":"WebPage","@id":"https:\/\/www.maiolegal.com\/pt-pt\/ana-martinez-jurado-en-la-competicion-internacional-de-arbitraje-y-derecho-mercantil\/","url":"https:\/\/www.maiolegal.com\/pt-pt\/ana-martinez-jurado-en-la-competicion-internacional-de-arbitraje-y-derecho-mercantil\/","name":"Ana Mart\u00ednez, jurado en la competici\u00f3n Internacional de Arbitraje y Derecho Mercantil - MAIO Legal","isPartOf":{"@id":"https:\/\/www.maiolegal.com\/pt-pt\/#website"},"primaryImageOfPage":{"@id":"https:\/\/www.maiolegal.com\/pt-pt\/ana-martinez-jurado-en-la-competicion-internacional-de-arbitraje-y-derecho-mercantil\/#primaryimage"},"image":{"@id":"https:\/\/www.maiolegal.com\/pt-pt\/ana-martinez-jurado-en-la-competicion-internacional-de-arbitraje-y-derecho-mercantil\/#primaryimage"},"thumbnailUrl":"https:\/\/www.maiolegal.com\/wp-content\/uploads\/Ana-Martinez-Moot-2024.png","datePublished":"2024-04-18T09:19:26+00:00","breadcrumb":{"@id":"https:\/\/www.maiolegal.com\/pt-pt\/ana-martinez-jurado-en-la-competicion-internacional-de-arbitraje-y-derecho-mercantil\/#breadcrumb"},"inLanguage":"pt-PT","potentialAction":[{"@type":"ReadAction","target":["https:\/\/www.maiolegal.com\/pt-pt\/ana-martinez-jurado-en-la-competicion-internacional-de-arbitraje-y-derecho-mercantil\/"]}]},{"@type":"ImageObject","inLanguage":"pt-PT","@id":"https:\/\/www.maiolegal.com\/pt-pt\/ana-martinez-jurado-en-la-competicion-internacional-de-arbitraje-y-derecho-mercantil\/#primaryimage","url":"https:\/\/www.maiolegal.com\/wp-content\/uploads\/Ana-Martinez-Moot-2024.png","contentUrl":"https:\/\/www.maiolegal.com\/wp-content\/uploads\/Ana-Martinez-Moot-2024.png","width":1912,"height":1004},{"@type":"BreadcrumbList","@id":"https:\/\/www.maiolegal.com\/pt-pt\/ana-martinez-jurado-en-la-competicion-internacional-de-arbitraje-y-derecho-mercantil\/#breadcrumb","itemListElement":[{"@type":"ListItem","position":1,"name":"Home","item":"https:\/\/www.maiolegal.com\/pt-pt\/"},{"@type":"ListItem","position":2,"name":"Ana Mart\u00ednez, jurado en la competici\u00f3n Internacional de Arbitraje y Derecho Mercantil"}]},{"@type":"WebSite","@id":"https:\/\/www.maiolegal.com\/pt-pt\/#website","url":"https:\/\/www.maiolegal.com\/pt-pt\/","name":"MAIO Legal","description":"Asesoramiento legal y tributario","potentialAction":[{"@type":"SearchAction","target":{"@type":"EntryPoint","urlTemplate":"https:\/\/www.maiolegal.com\/pt-pt\/?s={search_term_string}"},"query-input":{"@type":"PropertyValueSpecification","valueRequired":true,"valueName":"search_term_string"}}],"inLanguage":"pt-PT"}]}},"_links":{"self":[{"href":"https:\/\/www.maiolegal.com\/pt-pt\/wp-json\/wp\/v2\/pages\/18137","targetHints":{"allow":["GET"]}}],"collection":[{"href":"https:\/\/www.maiolegal.com\/pt-pt\/wp-json\/wp\/v2\/pages"}],"about":[{"href":"https:\/\/www.maiolegal.com\/pt-pt\/wp-json\/wp\/v2\/types\/page"}],"author":[{"embeddable":true,"href":"https:\/\/www.maiolegal.com\/pt-pt\/wp-json\/wp\/v2\/users\/4"}],"replies":[{"embeddable":true,"href":"https:\/\/www.maiolegal.com\/pt-pt\/wp-json\/wp\/v2\/comments?post=18137"}],"version-history":[{"count":0,"href":"https:\/\/www.maiolegal.com\/pt-pt\/wp-json\/wp\/v2\/pages\/18137\/revisions"}],"wp:featuredmedia":[{"embeddable":true,"href":"https:\/\/www.maiolegal.com\/pt-pt\/wp-json\/wp\/v2\/media\/18134"}],"wp:attachment":[{"href":"https:\/\/www.maiolegal.com\/pt-pt\/wp-json\/wp\/v2\/media?parent=18137"}],"curies":[{"name":"wp","href":"https:\/\/api.w.org\/{rel}","templated":true}]}}